{"id":6377,"date":"2022-03-15T11:18:31","date_gmt":"2022-03-15T10:18:31","guid":{"rendered":"https:\/\/fengchashop.com\/be-fr\/product\/curcuma-bio-240-capsules\/"},"modified":"2026-04-17T11:30:23","modified_gmt":"2026-04-17T09:30:23","slug":"curcuma-bio","status":"publish","type":"product","link":"https:\/\/fengchashop.com\/be-fr\/product\/curcuma-bio\/","title":{"rendered":"Curcuma BIO 240 capsules"},"content":{"rendered":"<h2><span style=\"color: #000000\">Capsules de curcuma BIO<\/span><\/h2>\n<p><span style=\"color: #000000\">Le curcuma est une plante connue en Europe depuis l&rsquo;Antiquit\u00e9 et dans son pays d&rsquo;origine depuis au moins 4000 ans. Utilis\u00e9 \u00e0 l&rsquo;origine comme plante m\u00e9dicinale et comme colorant, il s&rsquo;est impos\u00e9 plus tard comme \u00e9pice. Comme le gingembre, le curcuma est une \u00e9pice extraite de la tige souterraine \u00e9paissie d&rsquo;une plante vivace asiatique. Bien que certains le connaissent aujourd&rsquo;hui comme une \u00e9pice, le curcuma est bien plus qu&rsquo;une \u00e9pice. Outre les min\u00e9raux, les vitamines B6 et B3, l&rsquo;acide folique, le potassium, le fer et le mangan\u00e8se, et les acides gras om\u00e9ga-3, le curcuma contient \u00e9galement la <strong>curcumine, un polyph\u00e9nol<\/strong> qui est un <strong>antioxydant<\/strong> tr\u00e8s <strong>puissant<\/strong> et un<strong> compos\u00e9 anti-inflammatoire<\/strong> efficace. Il a \u00e9t\u00e9 d\u00e9montr\u00e9 que la curcumine a un effet positif sur le foie et les vaisseaux sanguins, qu&rsquo;elle r\u00e9duit l&rsquo;inflammation en cas d&rsquo;arthrite et qu&rsquo;elle diminue les facteurs de risque du diab\u00e8te. Elle a \u00e9galement des <strong>effets positifs sur la sant\u00e9 du cerveau<\/strong> et r\u00e9duit le risque de cancer. La curcumine r\u00e9ussit \u00e0<strong> pr\u00e9venir toute inflammation chronique<\/strong> dans notre corps &#8211; et toutes les maladies commencent en fait par une inflammation. Gr\u00e2ce \u00e0 son action antibact\u00e9rienne, elle <strong>emp\u00eache<\/strong> \u00e9galement <strong>la prolif\u00e9ration de mauvaises<\/strong> bact\u00e9ries dans notre tube digestif, telles que l&rsquo;<strong>heliobacter pylori<\/strong> dans l&rsquo;estomac et le <strong>candida<\/strong> dans la bouche et les intestins.<\/span><\/p>\n<p><span style=\"color: #000000\">Le go\u00fbt du curcuma est l\u00e9g\u00e8rement astringent, \u00e9pic\u00e9 mais doux et rappelle le gingembre, l&rsquo;orange et le poivre.<\/span><\/p>\n<p><span style=\"color: #000000\">Typiquement, le curcuma est consid\u00e9r\u00e9 comme :<\/span><\/p>\n<p><span style=\"color: #000000\"> \ud83d\udc9a anti-inflammatoire, <strong>antifongique<\/strong> et antimicrobien, r\u00e9duisant ainsi l&rsquo;inflammation;<\/span><br \/>\n<span style=\"color: #000000\"> \ud83d\udc9a nettoie le foie, car il a un effet purificateur et <strong>emp\u00eache l&rsquo;accumulation d&rsquo;acides gras dans le foie<\/strong>;<\/span><br \/>\n<span style=\"color: #000000\"> \ud83d\udc9a so <strong>ulage les<\/strong> probl\u00e8mes <strong>menstruels<\/strong> et digestifs;<\/span><br \/>\n<span style=\"color: #000000\">\ud83d\udc9a une consommation r\u00e9guli\u00e8re<strong> pr\u00e9vient le d\u00e9veloppement du diab\u00e8te de type 2 chez les personnes dites pr\u00e9diab\u00e9tiques ;<\/strong><\/span><br \/>\n<span style=\"color: #000000\"> \ud83d\udc9a a<strong>paise les inflammations<\/strong> et les irritations de la peau sous forme de p\u00e2te;<\/span><br \/>\n<span style=\"color: #000000\"> \ud83d\udc9a favorise une digestion plus rapide des graisses, ce qui peut aider \u00e0 la perte de poids;<\/span><br \/>\n<span style=\"color: #000000\"> \ud83d\udc9a aide \u00e0<strong> augmenter l&rsquo;efficacit\u00e9 du cerveau<\/strong> et \u00e0 pr\u00e9venir les maladies associ\u00e9es telles que la maladie d&rsquo;Alzheimer;<\/span><br \/>\n<span style=\"color: #000000\"> \ud83d\udc9a am\u00e9liore l&rsquo;humeur;<\/span><br \/>\n<span style=\"color: #000000\"><strong> \ud83d\udc9a soulage les douleurs musculaires et articulaires<\/strong>;<\/span><br \/>\n<span style=\"color: #000000\">\ud83d\udc9a on lui pr\u00eate \u00e9galement des vertus anticanc\u00e9reuses.<\/span><\/p>\n<p><span style=\"color: #000000\">Les effets curatifs du curcuma dans la m\u00e9decine traditionnelle d&rsquo;Extr\u00eame-Orient sont inestimables. Il est notamment utilis\u00e9 pour nettoyer le sang et le tractus gastro-intestinal, d\u00e9toxifier le foie et la v\u00e9sicule biliaire, en raison de son principal ingr\u00e9dient actif, appel\u00e9 <strong>curcumine<\/strong>, qui favorise l&rsquo;\u00e9limination de la bile, de la bilirubine et du cholest\u00e9rol.<\/span><\/p>\n<p><span style=\"color: #000000\">Il est utilis\u00e9 par de nombreuses personnes pour lutter contre l&rsquo;h\u00e9patite virale et le cancer, pour traiter le psoriasis, la maladie d&rsquo;Alzheimer et la d\u00e9pression, et il est \u00e9galement utilis\u00e9 dans des pr\u00e9parations cosm\u00e9tiques.<\/span><\/p>\n<p><span style=\"color: #000000\">Les effets b\u00e9n\u00e9fiques du curcuma ont<strong> \u00e9galement \u00e9t\u00e9 d\u00e9montr\u00e9s par des scientifiques<\/strong> qui affirment que sa consommation r\u00e9guli\u00e8re peut pr\u00e9venir les effets nocifs des carcinog\u00e8nes alimentaires sur l&rsquo;organisme. En outre, la curcumine emp\u00eacherait l&rsquo;oxydation du cholest\u00e9rol qui, par son action n\u00e9gative, provoque la progression de l&rsquo;ath\u00e9roscl\u00e9rose, une maladie mortelle.<\/span><\/p>\n<p><span style=\"color: #000000\">En tant qu&rsquo;<strong>antioxydant puissant<\/strong>, le curcuma prot\u00e8ge les intestins contre les radicaux libres et \u00e9limine avec succ\u00e8s l&rsquo;acidit\u00e9 dans le corps. Les m\u00e9decins ayurv\u00e9diques l&rsquo;utilisent comme agent antiseptique et antibact\u00e9rien pour d\u00e9sinfecter les plaies et les br\u00fblures. Certaines femmes pensent qu&rsquo;il aide \u00e0 acc\u00e9l\u00e9rer la digestion et \u00e0 r\u00e9guler le m\u00e9tabolisme, et qu&rsquo;il est donc efficace pour faire fondre les kilos superflus.<\/span><\/p>\n<h2><span style=\"color: #000000\">Stockage et avertissements<\/span><\/h2>\n<p><span style=\"color: #000000\">Conserver dans un endroit frais et sec \u00e0 une temp\u00e9rature maximale de 25 \u00b0C. Tenir le compl\u00e9ment alimentaire hors de port\u00e9e des enfants !<\/span><\/p>\n<p><span style=\"color: #000000\">N&rsquo;oubliez pas l&rsquo;importance d&rsquo;une alimentation vari\u00e9e et d&rsquo;un mode de vie sain. Un compl\u00e9ment alimentaire ne peut donc pas se substituer \u00e0 une alimentation \u00e9quilibr\u00e9e et vari\u00e9e. La quantit\u00e9 ou la dose journali\u00e8re recommand\u00e9e ne doit pas \u00eatre d\u00e9pass\u00e9e. Il est toujours conseill\u00e9 aux femmes enceintes et \u00e0 celles qui allaitent de consulter un m\u00e9decin avant d&rsquo;utiliser ce produit.<\/span><\/p>\n<h2><span style=\"color: #000000\">Conditionnement<\/span><\/h2>\n<p><span style=\"color: #000000\">Le produit est emball\u00e9 dans un r\u00e9cipient en verre soign\u00e9, recouvert d&rsquo;une feuille d&rsquo;aluminium noire r\u00e9sistante \u00e0 la lumi\u00e8re. Le bouchon assure une fermeture \u00e9tanche, ce qui signifie que les odeurs ext\u00e9rieures ne peuvent pas affecter le contenu du flacon. Par ailleurs, le verre lui-m\u00eame est \u00e9galement imperm\u00e9able, inodore et n&rsquo;affecte en rien le go\u00fbt du contenu. Ce type d&#8217;emballage est \u00e9galement d\u00e9pourvu de plastiques nuisibles \u00e0 l&rsquo;environnement et est plus \u00e9cologique et durable. En fait, il s&rsquo;agit de l&#8217;emballage id\u00e9al, fabriqu\u00e9 \u00e0 partir d&rsquo;ingr\u00e9dients naturels et durables, qui symbolise la qualit\u00e9 sup\u00e9rieure.<\/span><\/p>\n<p><span style=\"color: #000000\">Dans le cas des grands emballages (rinfusa), le produit est contenu dans un sachet herm\u00e9tique \u00e0 fermeture \u00e9clair, o\u00f9 il conserve toute sa fra\u00eecheur et son ar\u00f4me. L&#8217;emballage prot\u00e8ge le produit de la lumi\u00e8re et de l&rsquo;air, car il est constitu\u00e9 de plusieurs couches de protection qui pr\u00e9servent les propri\u00e9t\u00e9s du contenu.<\/span><\/p>\n<p><span style=\"color: #000000\">Les deux emballages prot\u00e8gent le contenu de la lumi\u00e8re et de l&rsquo;air, sont tr\u00e8s pratiques et recyclables.<\/span><\/p>\n<h2><span style=\"color: #000000\">Origine des produits<\/span><\/h2>\n<p><span style=\"color: #000000\">Inde<\/span><\/p>\n","protected":false},"excerpt":{"rendered":"<p align=\"JUSTIFY\">Le curcuma est une plante connue en Europe depuis l&rsquo;Antiquit\u00e9 et dans son pays d&rsquo;origine depuis au moins 4000 ans. Outre les min\u00e9raux, les vitamines B6 et B3, l&rsquo;acide folique, le potassium, le fer et le mangan\u00e8se, et les acides gras om\u00e9ga-3, le curcuma contient \u00e9galement la curcumine, un polyph\u00e9nol, qui est un antioxydant tr\u00e8s puissant et un compos\u00e9 anti-inflammatoire efficace. Typiquement, le curcuma est cens\u00e9 :<\/p>\n<p>\ud83d\udc9a il est anti-inflammatoire, antifongique et antimicrobien, r\u00e9duisant ainsi l&rsquo;inflammation,<br \/>\n\ud83d\udc9a il nettoie le foie, car il a un effet purificateur et emp\u00eache l&rsquo;accumulation d&rsquo;acides gras dans le foie,<br \/>\n\ud83d\udc9a soulage les probl\u00e8mes menstruels et digestifs,<br \/>\n\ud83d\udc9a une consommation r\u00e9guli\u00e8re pr\u00e9vient le d\u00e9veloppement du diab\u00e8te de type 2 chez les personnes dites pr\u00e9diab\u00e9tiques,<br \/>\n\ud83d\udc9a contribue \u00e0 augmenter l&rsquo;efficacit\u00e9 du cerveau et \u00e0 pr\u00e9venir les maladies connexes telles que la maladie d&rsquo;Alzheimer.<\/p>\n<p align=\"JUSTIFY\">\n","protected":false},"featured_media":6378,"comment_status":"open","ping_status":"closed","template":"","meta":{"_acf_changed":false},"product_brand":[],"product_cat":[15,194,224,236,225],"product_tag":[],"class_list":{"0":"post-6377","1":"product","2":"type-product","3":"status-publish","4":"has-post-thumbnail","6":"product_cat-uncategorized","7":"product_cat-ayurveda","8":"product_cat-offre","9":"product_cat-the-nourriture-et-epices","10":"product_cat-tous-les-produits","12":"first","13":"instock","14":"sale","15":"taxable","16":"shipping-taxable","17":"purchasable","18":"product-type-simple"},"acf":[],"_links":{"self":[{"href":"https:\/\/fengchashop.com\/be-fr\/wp-json\/wp\/v2\/product\/6377","targetHints":{"allow":["GET"]}}],"collection":[{"href":"https:\/\/fengchashop.com\/be-fr\/wp-json\/wp\/v2\/product"}],"about":[{"href":"https:\/\/fengchashop.com\/be-fr\/wp-json\/wp\/v2\/types\/product"}],"replies":[{"embeddable":true,"href":"https:\/\/fengchashop.com\/be-fr\/wp-json\/wp\/v2\/comments?post=6377"}],"wp:featuredmedia":[{"embeddable":true,"href":"https:\/\/fengchashop.com\/be-fr\/wp-json\/wp\/v2\/media\/6378"}],"wp:attachment":[{"href":"https:\/\/fengchashop.com\/be-fr\/wp-json\/wp\/v2\/media?parent=6377"}],"wp:term":[{"taxonomy":"product_brand","embeddable":true,"href":"https:\/\/fengchashop.com\/be-fr\/wp-json\/wp\/v2\/product_brand?post=6377"},{"taxonomy":"product_cat","embeddable":true,"href":"https:\/\/fengchashop.com\/be-fr\/wp-json\/wp\/v2\/product_cat?post=6377"},{"taxonomy":"product_tag","embeddable":true,"href":"https:\/\/fengchashop.com\/be-fr\/wp-json\/wp\/v2\/product_tag?post=6377"}],"curies":[{"name":"wp","href":"https:\/\/api.w.org\/{rel}","templated":true}]}}