{"id":6343,"date":"2022-03-11T10:03:16","date_gmt":"2022-03-11T09:03:16","guid":{"rendered":"https:\/\/fengchashop.com\/be-fr\/product\/magnesium-chlorure-en-poudre-500-g\/"},"modified":"2026-04-15T10:19:48","modified_gmt":"2026-04-15T08:19:48","slug":"magnesium-chlorure-en-poudre","status":"publish","type":"product","link":"https:\/\/fengchashop.com\/be-fr\/product\/magnesium-chlorure-en-poudre\/","title":{"rendered":"Magn\u00e9sium chlorure en poudre 500 g"},"content":{"rendered":"<h2>Magn\u00e9sium chlorure<\/h2>\n<p><span style=\"color: #000000\">Le magn\u00e9sium est un <strong>min\u00e9ral<\/strong> tr\u00e8s <strong>important,<\/strong> responsable de plus de 300 r\u00e9actions m\u00e9taboliques dans le corps humain. Il est souvent d\u00e9sign\u00e9 par les experts comme le \u00ab\u00a0roi des min\u00e9raux\u00a0\u00bb. Il joue un r\u00f4le tr\u00e8s important dans le<strong> bon fonctionnement des os, des muscles et du syst\u00e8me nerveux.<\/strong> Il est souvent consomm\u00e9 <strong>pour pr\u00e9venir les crampes (dans les mollets), la fatigue, l&rsquo;\u00e9puisement et pour un fonctionnement mental normal<\/strong>. Le magn\u00e9sium \u00e9quilibre le rapport avec le calcium et pr\u00e9vient ainsi l&rsquo;acidification de l&rsquo;organisme et les \u00a0\u00bbcraquements\u00a0\u00bb des articulations provoqu\u00e9s par le calcaire. Le mode de vie moderne &#8211; manque de sommeil, stress, alimentation &#8211; nous am\u00e8ne souvent \u00e0 prendre des suppl\u00e9ments de magn\u00e9sium. Or, bien que nous en trouvions beaucoup dans les l\u00e9gumes verts, le poisson, les graines de tournesol et de citrouille, les fruits et les noix, nous en consommons tout simplement plus que nous n&rsquo;en mangeons. Les sportifs et les personnes tr\u00e8s actives, les femmes enceintes et les personnes \u00e2g\u00e9es ont un besoin accru de magn\u00e9sium. Dans la nature, le magn\u00e9sium est toujours li\u00e9 \u00e0 un autre compos\u00e9, ce qui lui conf\u00e8re des propri\u00e9t\u00e9s sp\u00e9cifiques, notamment en termes d&rsquo;absorption et d&rsquo;effets additionnels. Il est donc important de choisir le magn\u00e9sium adapt\u00e9 \u00e0 nos besoins.<\/span><\/p>\n<p><span style=\"color: #000000\">Le magn\u00e9sium sous forme de<strong> chlorure de magn\u00e9sium<\/strong> est l&rsquo;une des formes de magn\u00e9sium les plus courantes sur notre march\u00e9. Il existe plus d&rsquo;une douzaine de formes diff\u00e9rentes de magn\u00e9sium, et certaines formes sont m\u00eame d\u00e9conseill\u00e9es (par exemple l&rsquo;aspartate de magn\u00e9sium et le glutamate de magn\u00e9sium). Ainsi, tous les magn\u00e9siums ne r\u00e9pondent pas \u00e0 nos besoins. Choisissez des formes de magn\u00e9sium de bonne qualit\u00e9 et, surtout, qui vous conviennent.<\/span><\/p>\n<p><span style=\"color: #000000\">Une carence en magn\u00e9sium a \u00e9t\u00e9 associ\u00e9e \u00e0 un certain nombre de maladies, notamment la migraine, la fatigue chronique, l&rsquo;hypertension art\u00e9rielle, l&rsquo;anxi\u00e9t\u00e9 et d&rsquo;autres troubles mentaux. Le magn\u00e9sium r\u00e9pare indirectement les cellules endommag\u00e9es, ce qui pr\u00e9vient le d\u00e9veloppement de maladies associ\u00e9es \u00e0 des<strong> l\u00e9sions cellulaires<\/strong>, comme le cancer par exemple. Par ailleurs, une carence en magn\u00e9sium r\u00e9duit l&rsquo;effet de l&rsquo;importante vitamine D.<\/span><\/p>\n<p><span style=\"color: #000000\">Notre chlorure de magn\u00e9sium est de premi\u00e8re qualit\u00e9.<\/span><\/p>\n<h2><span style=\"color: #000000\">Pourquoi choisir le chlorure de magn\u00e9sium ?<\/span><\/h2>\n<p><span style=\"color: #000000\">Il est int\u00e9ressant de noter que le corps peut \u00e9galement<strong> absorber le<\/strong> magn\u00e9sium<strong> par la peau.<\/strong> Les<strong> bains<\/strong> sont donc \u00e9galement bienvenus en cas de carence en magn\u00e9sium. Ils sont particuli\u00e8rement b\u00e9n\u00e9fiques pour les muscles fatigu\u00e9s et le magn\u00e9sium p\u00e9n\u00e8tre \u00e9galement dans la circulation sanguine par la peau pour alimenter les organes internes. La forme de magn\u00e9sium la plus appropri\u00e9e pour les bains est le chlorure de magn\u00e9sium. La poudre peut \u00e9galement \u00eatre utilis\u00e9e pour fabriquer ce que l&rsquo;on appelle l&rsquo;<strong>huile de magn\u00e9sium<\/strong>. Cette huile est tr\u00e8s appr\u00e9ci\u00e9e pour la r\u00e9cup\u00e9ration rapide et efficace des muscles fatigu\u00e9s et endoloris lors d&rsquo;un effort physique important. Elle est absorb\u00e9e par l&rsquo;organisme et couvre les besoins quotidiens en magn\u00e9sium. Le chlorure de magn\u00e9sium peut \u00e9galement \u00eatre pris par voie orale sous forme de compl\u00e9ment alimentaire.<\/span><\/p>\n<p><span style=\"color: #000000\">Cette forme de magn\u00e9sium est la mieux adapt\u00e9e pour apporter rapidement du magn\u00e9sium aux muscles fatigu\u00e9s et pour d\u00e9sagr\u00e9ger les articulations \u00e0 l&rsquo;aide de bains et d&rsquo;huile de magn\u00e9sium. En outre, le magn\u00e9sium ainsi introduit n&rsquo;a qu&rsquo;un effet minime sur la digestion et l&rsquo;apparition de diarrh\u00e9es qui en d\u00e9coule. Il convient donc particuli\u00e8rement aux personnes plus sensibles \u00e0 l&rsquo;apport de magn\u00e9sium.<\/span><\/p>\n<p><span style=\"color: #000000\">Le magn\u00e9sium sous forme de chlorure de magn\u00e9sium est moins bien et plus lentement absorb\u00e9 que, par exemple, le bisglycinate de magn\u00e9sium. Il pr\u00e9sente toutefois l&rsquo;avantage de pouvoir \u00eatre absorb\u00e9 par la peau sous forme de spray ou de bain.<\/span><\/p>\n<h2><span style=\"color: #000000\">Quels sont les effets de la consommation de magn\u00e9sium sur l&rsquo;organisme ?<\/span><\/h2>\n<p><span style=\"color: #000000\">La consommation de magn\u00e9sium, ou la r\u00e9alisation d&rsquo;huile et de bains de magn\u00e9sium, a sur nous les effets positifs suivants, \u00e9galement reconnus par la profession :<\/span><\/p>\n<p><span style=\"color: #000000\"> \ud83d\udc9a il contribue \u00e0 <strong>r\u00e9duire la fatigue et l&rsquo;\u00e9puisement,<\/strong><\/span><br \/>\n<span style=\"color: #000000\"> \ud83d\udc9a il<strong> favorise l&rsquo;\u00e9quilibre des \u00e9lectrolytes<\/strong>, qui sont n\u00e9cessaires surtout pendant l&rsquo;effort physique,<\/span><br \/>\n<span style=\"color: #000000\"> \ud83d\udc9a il contribue \u00e0 la <strong>lib\u00e9ration de l&rsquo;\u00e9nergie m\u00e9tabolique,<\/strong><\/span><br \/>\n<span style=\"color: #000000\">\ud83d\udc9a a un effet b\u00e9n\u00e9fique sur le <strong>syst\u00e8me nerveux,<\/strong><\/span><br \/>\n<span style=\"color: #000000\">\ud83d\udc9a contribue \u00e0 une<strong> fonction musculaire normale, \u00e0 des fonctions psychologiques normales,<\/strong><\/span><br \/>\n<span style=\"color: #000000\">\ud83d\udc9a joue un r\u00f4le dans la<strong> synth\u00e8se des prot\u00e9ines,<\/strong><\/span><br \/>\n<span style=\"color: #000000\">\ud83d\udc9a maintient la<strong> sant\u00e9 des os et des dents,<\/strong><\/span><br \/>\n<span style=\"color: #000000\">\ud83d\udc9a joue un r\u00f4le dans la division cellulaire.<\/span><\/p>\n<h2><span style=\"color: #000000\">Conditionnement<\/span><\/h2>\n<p><span style=\"color: #000000\">Sachet zip-lock imperm\u00e9able dans lequel le produit conserve toute sa fra\u00eecheur et son ar\u00f4me. L&#8217;emballage prot\u00e8ge de la lumi\u00e8re et de l&rsquo;air et se compose de plusieurs couches de protection afin de pr\u00e9server les propri\u00e9t\u00e9s du contenu.<\/span><\/p>\n<p><span style=\"color: #000000\">L&#8217;emballage est tr\u00e8s pratique et recyclable.<\/span><\/p>\n<h2><span style=\"color: #000000\">Stockage et avertissements<\/span><\/h2>\n<p><span style=\"color: #000000\">Conserver dans un endroit frais et sec, \u00e0 une temp\u00e9rature maximale de 25 \u00b0C. Tenir le compl\u00e9ment alimentaire hors de port\u00e9e des enfants !<\/span><\/p>\n<p><span style=\"color: #000000\">Consultez votre m\u00e9decin si vous prenez en m\u00eame temps des antibiotiques, des m\u00e9dicaments contre l&rsquo;ost\u00e9oporose ou l&rsquo;hypertension, car le magn\u00e9sium peut influencer leur action.<\/span><\/p>\n<p><span style=\"color: #000000\">N&rsquo;oubliez pas l&rsquo;importance d&rsquo;une alimentation vari\u00e9e et d&rsquo;un mode de vie sain, un compl\u00e9ment alimentaire ne peut se substituer \u00e0 une alimentation \u00e9quilibr\u00e9e et vari\u00e9e. La quantit\u00e9 ou la dose journali\u00e8re recommand\u00e9e ne doit pas \u00eatre d\u00e9pass\u00e9e. Il est toujours conseill\u00e9 aux femmes enceintes et \u00e0 celles qui allaitent de consulter un m\u00e9decin avant d&rsquo;utiliser ce produit. Ne convient pas aux enfants.<\/span><\/p>\n<h2><span style=\"color: #000000\">Origine du produit<\/span><\/h2>\n<p><span style=\"color: #000000\">R\u00e9publique Tch\u00e8que<\/span><\/p>\n","protected":false},"excerpt":{"rendered":"<p align=\"JUSTIFY\">Le magn\u00e9sium est un min\u00e9ral tr\u00e8s important, responsable de plus de 300 r\u00e9actions m\u00e9taboliques dans le corps humain. Il est souvent d\u00e9sign\u00e9 par les experts comme le \u00ab\u00a0roi des min\u00e9raux\u00a0\u00bb. Il joue un r\u00f4le tr\u00e8s important dans le bon fonctionnement des os, des muscles et du syst\u00e8me nerveux. Il est souvent consomm\u00e9 pour pr\u00e9venir les crampes (dans les mollets), la fatigue, l&rsquo;\u00e9puisement et pour un fonctionnement mental normal. Le magn\u00e9sium \u00e9quilibre le rapport avec le calcium et pr\u00e9vient ainsi l&rsquo;acidification de l&rsquo;organisme et les \u00a0\u00bbcraquements\u00a0\u00bb des articulations provoqu\u00e9s par le calcaire.<\/p>\n<p>\ud83d\udc9a Il contribue \u00e0 r\u00e9duire la fatigue et l&rsquo;\u00e9puisement.<br \/>\n\ud83d\udc9a Favorise l&rsquo;\u00e9quilibre \u00e9lectrolytique, n\u00e9cessaire notamment lors d&rsquo;un effort physique.<br \/>\n\ud83d\udc9a Contribue \u00e0 la lib\u00e9ration de l&rsquo;\u00e9nergie m\u00e9tabolique.<br \/>\n\ud83d\udc9a Effet b\u00e9n\u00e9fique sur le syst\u00e8me nerveux.<br \/>\n\ud83d\udc9a Contribue \u00e0 une fonction musculaire normale, \u00e0 des fonctions psychologiques normales.<\/p>\n","protected":false},"featured_media":6344,"comment_status":"open","ping_status":"closed","template":"","meta":{"_acf_changed":false},"product_brand":[],"product_cat":[15,230],"product_tag":[],"class_list":{"0":"post-6343","1":"product","2":"type-product","3":"status-publish","4":"has-post-thumbnail","6":"product_cat-uncategorized","7":"product_cat-mineraux-vitamines","9":"first","10":"instock","11":"sale","12":"taxable","13":"shipping-taxable","14":"purchasable","15":"product-type-simple"},"acf":[],"_links":{"self":[{"href":"https:\/\/fengchashop.com\/be-fr\/wp-json\/wp\/v2\/product\/6343","targetHints":{"allow":["GET"]}}],"collection":[{"href":"https:\/\/fengchashop.com\/be-fr\/wp-json\/wp\/v2\/product"}],"about":[{"href":"https:\/\/fengchashop.com\/be-fr\/wp-json\/wp\/v2\/types\/product"}],"replies":[{"embeddable":true,"href":"https:\/\/fengchashop.com\/be-fr\/wp-json\/wp\/v2\/comments?post=6343"}],"wp:featuredmedia":[{"embeddable":true,"href":"https:\/\/fengchashop.com\/be-fr\/wp-json\/wp\/v2\/media\/6344"}],"wp:attachment":[{"href":"https:\/\/fengchashop.com\/be-fr\/wp-json\/wp\/v2\/media?parent=6343"}],"wp:term":[{"taxonomy":"product_brand","embeddable":true,"href":"https:\/\/fengchashop.com\/be-fr\/wp-json\/wp\/v2\/product_brand?post=6343"},{"taxonomy":"product_cat","embeddable":true,"href":"https:\/\/fengchashop.com\/be-fr\/wp-json\/wp\/v2\/product_cat?post=6343"},{"taxonomy":"product_tag","embeddable":true,"href":"https:\/\/fengchashop.com\/be-fr\/wp-json\/wp\/v2\/product_tag?post=6343"}],"curies":[{"name":"wp","href":"https:\/\/api.w.org\/{rel}","templated":true}]}}