{"id":6331,"date":"2022-03-10T18:14:36","date_gmt":"2022-03-10T17:14:36","guid":{"rendered":"https:\/\/fengchashop.com\/be-fr\/product\/tulsi-en-poudre-bio-250-g\/"},"modified":"2026-04-30T16:47:45","modified_gmt":"2026-04-30T14:47:45","slug":"tulsi-en-poudre-bio","status":"publish","type":"product","link":"https:\/\/fengchashop.com\/be-fr\/product\/tulsi-en-poudre-bio\/","title":{"rendered":"Tulsi en poudre BIO 250 g"},"content":{"rendered":"<h2><span style=\"color: #000000\">Tulsi en poudre BIO<\/span><\/h2>\n<p><span style=\"color: #000000\">Le Tulsi est \u00e9galement connu sous le nom de <strong>basilic sauvage ou saint<\/strong>. Son nom latin est Ocimum Sanctum. C&rsquo;est une plante tr\u00e8s v\u00e9n\u00e9r\u00e9e dans l&rsquo;Ayurveda, v\u00e9n\u00e9r\u00e9e par les Hindous lors de c\u00e9r\u00e9monies sp\u00e9ciales et utilis\u00e9e depuis plus de 5 000 ans comme<strong> baume de gu\u00e9rison pour le corps, l&rsquo;esprit et l&rsquo;\u00e2me<\/strong>. On l&rsquo;utilise le plus souvent pour faire du th\u00e9. Cependant, il est aussi souvent utilis\u00e9 comme condiment (\u00e9pice) dans une vari\u00e9t\u00e9 de plats. Il est \u00e9galement utilis\u00e9 dans les produits cosm\u00e9tiques pour la peau et les cheveux, car il nettoie la peau et est un antiseptique naturel, ce qui signifie qu&rsquo;il d\u00e9truit et emp\u00eache naturellement le d\u00e9veloppement de micro-organismes sur la peau. Cela permet de limiter et de pr\u00e9venir les infections. Comme elle est enti\u00e8rement naturelle, elle peut \u00e9galement \u00eatre utilis\u00e9e sur les peaux atteintes de teigne, d&rsquo;ecz\u00e9ma, de boutons, de plaies superficielles, etc.<\/span><\/p>\n<p><span style=\"color: #000000\">La poudre de tulsi a un ar\u00f4me tr\u00e8s fort, un go\u00fbt piquant et amer et une couleur vert clair.<\/span><\/p>\n<p><strong><span style=\"color: #000000\">Les principaux constituants du basilic sacr\u00e9 agissent efficacement :<\/span><\/strong><\/p>\n<p><span style=\"color: #000000\"> \ud83d\udc9a Anti-inflammatoire,<\/span><br \/>\n<span style=\"color: #000000\"> \ud83d\udc9a antipyr\u00e9tique (antipyr\u00e9tique)<\/span><br \/>\n<span style=\"color: #000000\"> \ud83d\udc9a analg\u00e9sique (qui soulage la douleur),<\/span><br \/>\n<span style=\"color: #000000\"> \ud83d\udc9a antimicrobien,<\/span><br \/>\n<span style=\"color: #000000\"> \ud83d\udc9a antifongique,<\/span><br \/>\n<span style=\"color: #000000\"> \ud83d\udc9a diaphor\u00e9tique (augmentation de la transpiration).<\/span><\/p>\n<h2><span style=\"color: #000000\">Quels sont les effets les plus importants de la plante reine Tulsi sur la sant\u00e9 de l&rsquo;organisme humain ?<\/span><\/h2>\n<p><span style=\"color: #000000\">Le Tulsi a la capacit\u00e9 d&rsquo;<strong>augmenter l&rsquo;\u00e9nergie vitale et la force<\/strong> gr\u00e2ce \u00e0 ses<strong> propri\u00e9t\u00e9s adaptog\u00e8nes<\/strong> <strong>,<\/strong> car il combat avec succ\u00e8s le stress, les traumatismes, l&rsquo;anxi\u00e9t\u00e9, la d\u00e9pression et la fatigue physique. Il \u00e9limine l&rsquo;exc\u00e8s d&rsquo;air dans les intestins, <strong>supprime les probl\u00e8mes d&rsquo;estomac, am\u00e9liore la digestion<\/strong> et permet une meilleure absorption des nutriments. Elle augmente l&rsquo;<strong> endurance, la vitalit\u00e9 et renforce le syst\u00e8me nerveux<\/strong>. Excellent pour les maux de t\u00eate, l&rsquo;arthrite et les rhumatismes.<\/span><\/p>\n<p><span style=\"color: #000000\">Le Tulsi est une<strong> riche source d&rsquo;antioxydants<\/strong>, qui prot\u00e8gent le corps contre les radicaux libres et l&rsquo;oxydation. Il contient \u00e9galement des formes organiques de cuivre, qui sont essentielles \u00e0 l&rsquo;absorption du fer par l&rsquo;organisme. Le tulsi est g\u00e9n\u00e9ralement consid\u00e9r\u00e9 comme une plante m\u00e9dicinale s\u00fbre.<\/span><\/p>\n<p><span style=\"color: #000000\">La<strong>\u00ab\u00a0m\u00e8re de toutes les m\u00e9decines naturelles<\/strong>\u00ab\u00a0, comme on l&rsquo;appelle souvent, a \u00e9galement un effet positif sur notre syst\u00e8me immunitaire, en aidant \u00e0 lutter contre les infections respiratoires, en purifiant le sang et en acc\u00e9l\u00e9rant la cicatrisation des plaies. Elle aide \u00e0 perdre du poids et \u00e0 le maintenir en stimulant le m\u00e9tabolisme. Elle am\u00e9liore la m\u00e9moire, la concentration et la sant\u00e9 du cerveau. Elle pr\u00e9vient \u00e9galement la chute des cheveux et permet de conserver une belle chevelure.<\/span><\/p>\n<h2><span style=\"color: #000000\">Stockage et avertissements<\/span><\/h2>\n<p><span style=\"color: #000000\">Conserver dans un endroit frais et sec \u00e0 une temp\u00e9rature maximale de 25 \u00b0C. Tenir le compl\u00e9ment alimentaire hors de port\u00e9e des enfants !<\/span><\/p>\n<p><span style=\"color: #000000\">N&rsquo;oubliez pas l&rsquo;importance d&rsquo;une alimentation vari\u00e9e et d&rsquo;un mode de vie sain. Un compl\u00e9ment alimentaire ne peut donc pas se substituer \u00e0 une alimentation \u00e9quilibr\u00e9e et vari\u00e9e. La quantit\u00e9 ou la dose journali\u00e8re recommand\u00e9e ne doit pas \u00eatre d\u00e9pass\u00e9e. Il est toujours conseill\u00e9 aux femmes enceintes et \u00e0 celles qui allaitent de consulter un m\u00e9decin avant d&rsquo;utiliser ce produit.<\/span><\/p>\n<h2><span style=\"color: #000000\">Conditionnement<\/span><\/h2>\n<p><span style=\"color: #000000\">Sachet zip-lock non perm\u00e9able o\u00f9 le produit conserve toute sa fra\u00eecheur et son ar\u00f4me. L&#8217;emballage prot\u00e8ge le produit de la lumi\u00e8re et de l&rsquo;air, car il est compos\u00e9 de plusieurs couches de protection pour pr\u00e9server les propri\u00e9t\u00e9s du contenu.<\/span><\/p>\n<p><span style=\"color: #000000\">L&#8217;emballage est tr\u00e8s pratique et recyclable.<\/span><\/p>\n<h2><span style=\"color: #000000\">L&rsquo;origine<\/span><\/h2>\n<p><span style=\"color: #000000\">Inde<\/span><\/p>\n","protected":false},"excerpt":{"rendered":"<p>Le Tulsi est \u00e9galement connu sous le nom de basilique sauvage ou sainte. Son nom latin est Ocimum Sanctum. Il s&rsquo;agit d&rsquo;une plante tr\u00e8s v\u00e9n\u00e9r\u00e9e dans l&rsquo;Ayurveda, v\u00e9n\u00e9r\u00e9e par les Hindous lors de c\u00e9r\u00e9monies sp\u00e9ciales et utilis\u00e9e depuis plus de 5 000 ans comme baume de gu\u00e9rison pour le corps, l&rsquo;esprit et l&rsquo;\u00e2me. Les principaux composants du basilic sacr\u00e9 agissent efficacement :<\/p>\n<p>\ud83d\udc9a Anti-inflammatoire,<br \/>\n\ud83d\udc9a antipyr\u00e9tique (antipyr\u00e9tique)<br \/>\n\ud83d\udc9a analg\u00e9sique (anti-douleur),<br \/>\n\ud83d\udc9a antimicrobien,<br \/>\n\ud83d\udc9a antifongique,<br \/>\n\ud83d\udc9a diaphor\u00e9tique (augmentation de la transpiration).<\/p>\n","protected":false},"featured_media":6332,"comment_status":"open","ping_status":"closed","template":"","meta":{"_acf_changed":false},"product_brand":[],"product_cat":[15,194,224,231,225],"product_tag":[],"class_list":{"0":"post-6331","1":"product","2":"type-product","3":"status-publish","4":"has-post-thumbnail","6":"product_cat-uncategorized","7":"product_cat-ayurveda","8":"product_cat-offre","9":"product_cat-superaliments","10":"product_cat-tous-les-produits","12":"first","13":"instock","14":"sale","15":"taxable","16":"shipping-taxable","17":"purchasable","18":"product-type-simple"},"acf":[],"_links":{"self":[{"href":"https:\/\/fengchashop.com\/be-fr\/wp-json\/wp\/v2\/product\/6331","targetHints":{"allow":["GET"]}}],"collection":[{"href":"https:\/\/fengchashop.com\/be-fr\/wp-json\/wp\/v2\/product"}],"about":[{"href":"https:\/\/fengchashop.com\/be-fr\/wp-json\/wp\/v2\/types\/product"}],"replies":[{"embeddable":true,"href":"https:\/\/fengchashop.com\/be-fr\/wp-json\/wp\/v2\/comments?post=6331"}],"wp:featuredmedia":[{"embeddable":true,"href":"https:\/\/fengchashop.com\/be-fr\/wp-json\/wp\/v2\/media\/6332"}],"wp:attachment":[{"href":"https:\/\/fengchashop.com\/be-fr\/wp-json\/wp\/v2\/media?parent=6331"}],"wp:term":[{"taxonomy":"product_brand","embeddable":true,"href":"https:\/\/fengchashop.com\/be-fr\/wp-json\/wp\/v2\/product_brand?post=6331"},{"taxonomy":"product_cat","embeddable":true,"href":"https:\/\/fengchashop.com\/be-fr\/wp-json\/wp\/v2\/product_cat?post=6331"},{"taxonomy":"product_tag","embeddable":true,"href":"https:\/\/fengchashop.com\/be-fr\/wp-json\/wp\/v2\/product_tag?post=6331"}],"curies":[{"name":"wp","href":"https:\/\/api.w.org\/{rel}","templated":true}]}}