{"id":6313,"date":"2022-03-10T10:15:47","date_gmt":"2022-03-10T09:15:47","guid":{"rendered":"https:\/\/fengchashop.com\/be-fr\/product\/baies-de-goji-bio-500-g\/"},"modified":"2026-04-13T20:45:05","modified_gmt":"2026-04-13T18:45:05","slug":"baies-de-goji-bio","status":"publish","type":"product","link":"https:\/\/fengchashop.com\/be-fr\/product\/baies-de-goji-bio\/","title":{"rendered":"Baies de Goji BIO 500 g"},"content":{"rendered":"<h2><span style=\"color: #000000\">Baies de Goji BIO<\/span><\/h2>\n<p><span style=\"color: #000000\">Les baies de Goji, parfois appel\u00e9es baies de loup, diamants rouges ou vin de mariage, sont des super baies qui poussent sur un grand buisson chinois. Leur forme ressemble beaucoup \u00e0 celle d&rsquo;une grenade. Autrefois, elles \u00e9taient consid\u00e9r\u00e9es comme un fruit surpuissant en Chine et \u00e9taient utilis\u00e9es pour gu\u00e9rir les rois et nourrir les guerriers avant les batailles. Dans la<strong> m\u00e9decine traditionnelle chinoise, o\u00f9 elles sont utilis\u00e9es depuis plus de 2 500 ans<\/strong>, on pense qu&rsquo;elles soignent le diab\u00e8te, l&rsquo;hypertension art\u00e9rielle et les maladies du foie et des reins. Elles sont \u00e9galement utilis\u00e9es pour stimuler l&rsquo;\u00e9nergie et la libido. D&rsquo;autres parties de la plante, comme les graines, les fleurs, les racines et les feuilles, sont \u00e9galement utilis\u00e9es \u00e0 des fins m\u00e9dicinales.<\/span><\/p>\n<p><span style=\"color: #000000\">On dit que <strong>Li Quing Yuen<\/strong> consommait r\u00e9guli\u00e8rement des baies de Goji sous forme de th\u00e9, en plus du ginseng et des champignons reishi. Exemple de long\u00e9vit\u00e9 le mieux document\u00e9 de toute l&rsquo;histoire, un Chinois aurait v\u00e9cu 256 ans.<\/span><\/p>\n<p><span style=\"color: #000000\">Les<strong>recherches modernes montrent que les baies de goji sont tr\u00e8s b\u00e9n\u00e9fiques pour renforcer l&rsquo;ensemble du corps<\/strong> et qu&rsquo;elles sont \u00e9galement bonnes pour notre sant\u00e9. Elles sont extr\u00eamement<strong> riches en antioxydants<\/strong>, dont il a \u00e9t\u00e9 d\u00e9montr\u00e9 qu&rsquo;ils ont un effet positif sur nous en nous prot\u00e9geant du stress oxydatif, qui est souvent \u00e0 l&rsquo;origine des maladies modernes.<\/span><\/p>\n<p><span style=\"color: #000000\">On dit qu&rsquo;elles contiennent beaucoup plus de b\u00eata-carot\u00e8ne (une provitamine de la vitamine A) que n&rsquo;importe quelle autre plante d\u00e9couverte ou \u00e9tudi\u00e9e \u00e0 ce jour. Il est synth\u00e9tis\u00e9 par l&rsquo;organisme en vitamine A (r\u00e9thionol), qui est responsable d&rsquo;une croissance normale, d&rsquo;une vision normale, du m\u00e9tabolisme du fer et d&rsquo;une fonction immunitaire normale. Elle est \u00e9galement importante pendant et avant la grossesse, car elle favorise la reproduction et influence le d\u00e9veloppement des cellules et des tissus. Les recherches montrent qu&rsquo;il est plus b\u00e9n\u00e9fique et b\u00e9n\u00e9fique pour l&rsquo;organisme de prendre des b\u00eata-carot\u00e8nes (surtout par le biais de l&rsquo;alimentation), qui sont transform\u00e9s par l&rsquo;organisme en r\u00e9tinol, que de prendre uniquement du r\u00e9tinol, qui est de la vitamine A d&rsquo;origine animale. Elles contiennent \u00e9galement au moins trois fois plus d&rsquo;antioxydants que les myrtilles.<\/span><\/p>\n<p><strong><span style=\"color: #000000\">Les petits fruits rouges contiennent ainsi :<\/span><\/strong><\/p>\n<p><span style=\"color: #000000\"> \ud83d\udc9a d&rsquo;incroyables principes actifs naturels,<\/span><br \/>\n<span style=\"color: #000000\"> \ud83d\udc9a des carot\u00e9no\u00efdes, des polyph\u00e9nols, des prot\u00e9ines,<\/span><br \/>\n<span style=\"color: #000000\"> \ud83d\udc9a des polysaccharides qui renforcent le syst\u00e8me immunitaire, augmentent l&rsquo;absorption des min\u00e9raux et la vitalit\u00e9 de l&rsquo;organisme,<\/span><br \/>\n<span style=\"color: #000000\"> \ud83d\udc9a vitamines C, B et E,<\/span><br \/>\n<span style=\"color: #000000\"> \ud83d\udc9a la lut\u00e9ine et la z\u00e9axanthine, qui renforcent la vision et pr\u00e9viennent sa d\u00e9t\u00e9rioration,<\/span><br \/>\n<span style=\"color: #000000\"> \ud83d\udc9a des antioxydants pour une bonne sant\u00e9 et une apparence jeune,<\/span><br \/>\n<span style=\"color: #000000\"> \ud83d\udc9a d&rsquo;autres vitamines qui luttent contre de nombreuses maladies.<\/span><\/p>\n<p><span style=\"color: #000000\">Il a <strong>\u00e9t\u00e9 d\u00e9montr\u00e9 que<\/strong> les baies de Goji <strong>renforcent le syst\u00e8me immunitaire<\/strong>. Elles ont \u00e9galement un effet <strong>positif sur la libido et la puissance sexuelle<\/strong>. De plus en plus, elles sont \u00e9galement associ\u00e9es \u00e0 un <strong>m\u00e9tabolisme rapide, \u00e0 une am\u00e9lioration du bien-\u00eatre, \u00e0 une diminution de la fatigue g\u00e9n\u00e9rale et \u00e0 une vitalit\u00e9 accrue<\/strong>.<\/span><\/p>\n<p><span style=\"color: #000000\">Nos baies de goji sont issues de <strong>l&rsquo;agriculture biologique.<\/strong> Les fruits secs sont l\u00e9g\u00e8rement humides &#8211; texture douce et moelleuse, ce qui en fait un aliment de premi\u00e8re qualit\u00e9. Les fraises sont tr\u00e8s savoureuses. Elles sont plus grosses et ont un go\u00fbt plus sucr\u00e9. Elles am\u00e9liorent la valeur nutritionnelle des plats et apportent une touche sucr\u00e9e. Leur saveur n&rsquo;est pas trop intense, ce qui permet de les inclure facilement dans les repas de tous les jours.<\/span><\/p>\n<h2><span style=\"color: #000000\">\u00c0 qui s&rsquo;adressent-ils ?<\/span><\/h2>\n<p><span style=\"color: #000000\">Les baies de Goji peuvent \u00eatre consomm\u00e9es en collation ou dans le cadre d&rsquo;une alimentation saine et vari\u00e9e. Leurs nombreux effets positifs et leurs principes actifs ne cessent d&rsquo;\u00e9tonner les chercheurs, qui leur consacrent une attention constante. D&rsquo;o\u00f9 la culture des fraises :<\/span><\/p>\n<p><span style=\"color: #000000\"> \ud83d\udc9a r\u00e9guler les probl\u00e8mes d&rsquo;<strong>hypertension art\u00e9rielle et de mauvais cholest\u00e9rol<\/strong>;<\/span><br \/>\n<span style=\"color: #000000\"> \ud83d\udc9a <strong>r\u00e9guler la digestion, avoir un effet alcalin<\/strong> et influencer la perte de poids ;<\/span><br \/>\n<span style=\"color: #000000\"> <strong> \ud83d\udc9a hydratent<\/strong> le corps ;<\/span><br \/>\n<span style=\"color: #000000\"> \ud83d\udc9a am\u00e9liorer l&rsquo;<strong> \u00e9tat de la peau<\/strong>;<\/span><br \/>\n<span style=\"color: #000000\">\ud83d\udc9a renforcer le<strong> syst\u00e8me immunitaire<\/strong>;<\/span><br \/>\n<span style=\"color: #000000\"> \ud83d\udc9a ont un effet<strong> adaptog\u00e8ne<\/strong>;<\/span><br \/>\n<span style=\"color: #000000\"><strong> \ud83d\udc9a r\u00e9guler le taux de sucre dans le sang<\/strong>.<\/span><\/p>\n<h2><span style=\"color: #000000\">Stockage<\/span><\/h2>\n<p><span style=\"color: #000000\">Conserver dans un endroit frais et sec \u00e0 une temp\u00e9rature maximale de 25 \u00b0C. Tenir le compl\u00e9ment alimentaire hors de port\u00e9e des enfants !<\/span><\/p>\n<p><span style=\"color: #000000\">N&rsquo;oubliez pas l&rsquo;importance d&rsquo;une alimentation vari\u00e9e et d&rsquo;un mode de vie sain. Un compl\u00e9ment alimentaire ne peut donc pas se substituer \u00e0 une alimentation \u00e9quilibr\u00e9e et vari\u00e9e. La quantit\u00e9 ou la dose journali\u00e8re recommand\u00e9e ne doit pas \u00eatre d\u00e9pass\u00e9e.<\/span><\/p>\n<h2><span style=\"color: #000000\">Emballage<\/span><\/h2>\n<p><span style=\"color: #000000\">Sachet zip-lock non perm\u00e9able o\u00f9 le produit conserve toute sa fra\u00eecheur et son ar\u00f4me. L&#8217;emballage prot\u00e8ge de la lumi\u00e8re et de l&rsquo;air, car il est compos\u00e9 de plusieurs couches de protection qui pr\u00e9servent les propri\u00e9t\u00e9s du contenu.<\/span><\/p>\n<p><span style=\"color: #000000\">L&#8217;emballage est tr\u00e8s pratique et recyclable.<\/span><\/p>\n<h2><span style=\"color: #000000\">L&rsquo;origine<\/span><\/h2>\n<p><span style=\"color: #000000\">Chine. Nous avons des fournisseurs tr\u00e8s fiables qui nous envoient une analyse chimique d\u00e9taill\u00e9e des aliments pour chaque lot. En plus de dix ans, nous n&rsquo;avons eu aucun rappel ou autre probl\u00e8me avec ce produit, ni avec d&rsquo;autres produits du m\u00eame fournisseur. L&rsquo;article est certifi\u00e9 biologique \u00e0 100 %.<\/span><\/p>\n","protected":false},"excerpt":{"rendered":"<p>Les baies de Goji, parfois appel\u00e9es baies de loup, diamants rouges ou vin de mariage, sont des super baies qui poussent sur un grand buisson chinois. Autrefois, elles \u00e9taient consid\u00e9r\u00e9es comme un fruit surpuissant en Chine et \u00e9taient utilis\u00e9es pour gu\u00e9rir les rois et nourrir les guerriers avant les batailles. Dans la m\u00e9decine traditionnelle chinoise, o\u00f9 ils sont utilis\u00e9s depuis plus de 2 500 ans, on pense qu&rsquo;ils soignent le diab\u00e8te, l&rsquo;hypertension art\u00e9rielle et les maladies du foie et des reins. Ils sont \u00e9galement utilis\u00e9s pour stimuler l&rsquo;\u00e9nergie et la libido.<\/p>\n<p>\ud83d\udc9a Elles g\u00e8rent les probl\u00e8mes d&rsquo;hypertension art\u00e9rielle et de mauvais cholest\u00e9rol.<br \/>\n\ud83d\udc9a Elles r\u00e9gulent la digestion, sont alcalines et ont un effet sur la perte de poids.<br \/>\n\ud83d\udc9a Ils hydratent l&rsquo;organisme.<br \/>\n\ud83d\udc9a Ils am\u00e9liorent l&rsquo;\u00e9tat de la peau.<br \/>\n\ud83d\udc9a Ils renforcent le syst\u00e8me immunitaire.<\/p>\n","protected":false},"featured_media":6314,"comment_status":"open","ping_status":"closed","template":"","meta":{"_acf_changed":false},"product_brand":[],"product_cat":[15,224,231,225],"product_tag":[],"class_list":{"0":"post-6313","1":"product","2":"type-product","3":"status-publish","4":"has-post-thumbnail","6":"product_cat-uncategorized","7":"product_cat-offre","8":"product_cat-superaliments","9":"product_cat-tous-les-produits","11":"first","12":"instock","13":"taxable","14":"shipping-taxable","15":"purchasable","16":"product-type-simple"},"acf":[],"_links":{"self":[{"href":"https:\/\/fengchashop.com\/be-fr\/wp-json\/wp\/v2\/product\/6313","targetHints":{"allow":["GET"]}}],"collection":[{"href":"https:\/\/fengchashop.com\/be-fr\/wp-json\/wp\/v2\/product"}],"about":[{"href":"https:\/\/fengchashop.com\/be-fr\/wp-json\/wp\/v2\/types\/product"}],"replies":[{"embeddable":true,"href":"https:\/\/fengchashop.com\/be-fr\/wp-json\/wp\/v2\/comments?post=6313"}],"wp:featuredmedia":[{"embeddable":true,"href":"https:\/\/fengchashop.com\/be-fr\/wp-json\/wp\/v2\/media\/6314"}],"wp:attachment":[{"href":"https:\/\/fengchashop.com\/be-fr\/wp-json\/wp\/v2\/media?parent=6313"}],"wp:term":[{"taxonomy":"product_brand","embeddable":true,"href":"https:\/\/fengchashop.com\/be-fr\/wp-json\/wp\/v2\/product_brand?post=6313"},{"taxonomy":"product_cat","embeddable":true,"href":"https:\/\/fengchashop.com\/be-fr\/wp-json\/wp\/v2\/product_cat?post=6313"},{"taxonomy":"product_tag","embeddable":true,"href":"https:\/\/fengchashop.com\/be-fr\/wp-json\/wp\/v2\/product_tag?post=6313"}],"curies":[{"name":"wp","href":"https:\/\/api.w.org\/{rel}","templated":true}]}}