{"id":6302,"date":"2022-03-10T08:38:09","date_gmt":"2022-03-10T07:38:09","guid":{"rendered":"https:\/\/fengchashop.com\/be-fr\/product\/poudre-de-brahmi-bio-250-g\/"},"modified":"2026-04-29T11:43:29","modified_gmt":"2026-04-29T09:43:29","slug":"poudre-de-brahmi-bio","status":"publish","type":"product","link":"https:\/\/fengchashop.com\/be-fr\/product\/poudre-de-brahmi-bio\/","title":{"rendered":"Poudre de Brahmi BIO 250 g"},"content":{"rendered":"<h2><span style=\"color: #000000\">Qu&rsquo;est-ce que le brahmi et d&rsquo;o\u00f9 vient-il ?<\/span><\/h2>\n<p style=\"text-align: justify\"><span style=\"color: #000000\">Le brahmi est l&rsquo;une des plantes m\u00e9dicinales ayurv\u00e9diques les plus v\u00e9n\u00e9r\u00e9es, utilis\u00e9e depuis <strong>plus de 3 000 ans<\/strong>. Il est originaire des marais d&rsquo;Asie, mais il pousse aujourd&rsquo;hui dans de nombreuses r\u00e9gions du monde. Le brahmi est reconnaissable \u00e0 ses feuilles vertes charnues et \u00e0 ses fleurs blanches bleut\u00e9es. Le brahmi est utilis\u00e9 pour soutenir le <strong>syst\u00e8me nerveux, le fonctionnement de l&rsquo;esprit et la m\u00e9moire<\/strong>. Il s&rsquo;agit d&rsquo;une<strong>plante<\/strong> m\u00e9dicinale pr\u00e9par\u00e9e \u00e0 partir des <strong>feuilles, de la tige et de la racine<\/strong>, et qui est \u00e9galement appel\u00e9e<strong>\u00ab\u00a0l&rsquo;herbe de toutes les herbes<\/strong>\u00a0\u00bb dans la m\u00e9decine traditionnelle orientale.<\/span><\/p>\n<h2><span style=\"color: #000000\">Pourquoi le brahmi est-il si sp\u00e9cial et si diff\u00e9rent ?<\/span><\/h2>\n<p style=\"text-align: justify\"><span style=\"color: #000000\">Le brahmi est connu pour ses <strong>effets b\u00e9n\u00e9fiques<\/strong> sur l&rsquo;organisme humain. Il est tr\u00e8s b\u00e9n\u00e9fique pour la <strong>croissance des cheveux<\/strong>, les renfor\u00e7ant et pr\u00e9venant le grisonnement et la chute des cheveux. Il a un effet b\u00e9n\u00e9fique sur la r\u00e9duction de l&rsquo;<strong>anxi\u00e9t\u00e9<\/strong> et de la tension dans les situations de stress et de d\u00e9pression en r\u00e9duisant les niveaux de cortisol, l&rsquo;hormone du stress. Elle aide \u00e0 r\u00e9tablir l&rsquo;\u00e9quilibre mental dans diverses <strong>maladies du syst\u00e8me nerveux<\/strong>, l&rsquo;<strong>insomnie<\/strong> et d&rsquo;autres sympt\u00f4mes de vieillissement pr\u00e9matur\u00e9 en calmant et en <strong>renfor\u00e7ant le tissu nerveux<\/strong>, en am\u00e9liorant la circulation sanguine, en \u00e9liminant les blocages et en apportant des \u00e9l\u00e9ments essentiels. Il a \u00e9galement un effet apaisant sur les <strong>maladies de la peau<\/strong> et les peaux irrit\u00e9es, et permet aux blessures de cicatriser plus rapidement. En raison de ses effets positifs, le brahmi a \u00e9t\u00e9 surnomm\u00e9<strong>\u00ab\u00a0l&rsquo;\u00e9lixir miracle de la jeunesse\u00a0\u00bb<\/strong>.<\/span><\/p>\n<h2><span style=\"color: #000000\">Effets b\u00e9n\u00e9fiques sur la sant\u00e9 et le corps<\/span><\/h2>\n<p><span style=\"color: #000000\">\ud83d\udc9a Renforce le <strong>syst\u00e8me immunitaire<\/strong>,<\/span><br \/>\n<span style=\"color: #000000\"><span style=\"text-align: justify\"> \ud83d\udc9a stimule <\/span><strong style=\"text-align: justify\">la digestion et d\u00e9toxifie le corps<\/strong><span style=\"text-align: justify\">,<\/span><\/span><br \/>\n<span style=\"color: #000000\"> \ud83d\udc9a favorise le <strong>fonctionnement<\/strong> optimal <strong>du cerveau<\/strong> en tant que tonique c\u00e9r\u00e9bral,<\/span><br \/>\n<span style=\"color: #000000\"> \ud83d\udc9a agit efficacement comme <strong>tonique nerveux<\/strong> en favorisant une fonction nerveuse saine,<\/span><br \/>\n<span style=\"color: #000000\"> \ud83d\udc9a stimule les <strong>fonctions mentales<\/strong> et am\u00e9liore la <strong>m\u00e9moire et la concentration<\/strong>,<\/span><br \/>\n<span style=\"color: #000000\"> \ud83d\udc9a il est utile pour les personnes \u00e2g\u00e9es atteintes de <strong>d\u00e9mence<\/strong>,<\/span><br \/>\n<span style=\"color: #000000\">\ud83d\udc9a aide \u00e0 am\u00e9liorer la <strong>m\u00e9moire \u00e0 court et \u00e0 long terme<\/strong>,<\/span><br \/>\n<span style=\"color: #000000\"> \ud83d\udc9a pour le traitement des maladies de <strong>Parkinson et d&rsquo;Alzheimer, du TDAH, de l&rsquo;autisme et de la d\u00e9pression<\/strong>,<\/span><br \/>\n<span style=\"color: #000000\"> \ud83d\udc9a a <strong>nti-tumorale<\/strong>,<\/span><br \/>\n<span style=\"color: #000000\"> \ud83d\udc9a calmant et <strong>r\u00e9duisant l&rsquo;anxi\u00e9t\u00e9<\/strong>,<\/span><br \/>\n<span style=\"color: #000000\">\ud83d\udc9a soulage les <strong>crampes menstruelles<\/strong>,<\/span><br \/>\n<span style=\"color: #000000\">\ud83d\udc9a aide en cas de <strong>constipation due au stress<\/strong>,<\/span><br \/>\n<span style=\"color: #000000\">\ud83d\udc9a aide \u00e0 lutter contre l&rsquo;<strong>insomnie<\/strong>,<\/span><br \/>\n<span style=\"color: #000000\">\ud83d\udc9aa un effet <strong>rajeunissant<\/strong> et ralentit le vieillissement,<\/span><br \/>\n<span style=\"color: #000000\"> \ud83d\udc9a gu\u00e9rit les <strong>maladies de la peau<\/strong>,<\/span><br \/>\n<span style=\"color: #000000\">\ud83d\udc9a aide \u00e0 surmonter la <strong>d\u00e9pendance \u00e0 la cigarette, au sucre et \u00e0 l&rsquo;alcool<\/strong>.<\/span><\/p>\n<p style=\"text-align: justify\"><span style=\"color: #000000\">Brahmi peut \u00eatre utilis\u00e9 par toute personne ayant subi une l\u00e9sion c\u00e9r\u00e9brale ou se remettant d&rsquo;une attaque c\u00e9r\u00e9brale. Ne convient pas aux enfants !<\/span><\/p>\n<h2><span style=\"color: #000000\">Stockage et avertissements<\/span><\/h2>\n<p style=\"text-align: justify\"><span style=\"color: #000000\">Conserver dans un endroit frais et sec. Tenir le compl\u00e9ment alimentaire hors de port\u00e9e des enfants !<\/span><\/p>\n<p style=\"text-align: justify\"><span style=\"color: #000000\">N&rsquo;oubliez pas l&rsquo;importance d&rsquo;une alimentation vari\u00e9e et d&rsquo;un mode de vie sain, un compl\u00e9ment alimentaire ne peut donc pas se substituer \u00e0 une alimentation \u00e9quilibr\u00e9e et vari\u00e9e. La quantit\u00e9 ou la dose journali\u00e8re recommand\u00e9e ne doit pas \u00eatre d\u00e9pass\u00e9e. Il est toujours conseill\u00e9 aux femmes enceintes, aux m\u00e8res qui allaitent et aux personnes qui prennent des m\u00e9dicaments de consulter un m\u00e9decin avant d&rsquo;utiliser ce produit. Ne convient pas aux enfants.<\/span><\/p>\n<h2><span style=\"color: #000000\">Conditionnement<\/span><\/h2>\n<p style=\"text-align: justify\"><span style=\"color: #000000\">Sachet ou bo\u00eete \u00e0 fermeture \u00e9clair non perm\u00e9able, o\u00f9 le produit conserve toute sa fra\u00eecheur et son ar\u00f4me. L&#8217;emballage prot\u00e8ge de la lumi\u00e8re et de l&rsquo;air. Il se compose de plusieurs couches de protection afin de pr\u00e9server les propri\u00e9t\u00e9s du produit.<\/span><\/p>\n<p><span style=\"color: #000000\">L&#8217;emballage est tr\u00e8s pratique et recyclable.<\/span><\/p>\n<h2><span style=\"color: #000000\">L&rsquo;origine<\/span><\/h2>\n<p><span style=\"color: #000000\">Inde<\/span><\/p>\n","protected":false},"excerpt":{"rendered":"<p>Le brahmi est l&rsquo;une des herbes m\u00e9dicinales ayurv\u00e9diques les plus v\u00e9n\u00e9r\u00e9es, utilis\u00e9e depuis plus de 3 000 ans. Originaire des marais d&rsquo;Asie, elle pousse aujourd&rsquo;hui dans de nombreuses r\u00e9gions du monde. Le brahmi est reconnaissable \u00e0 ses feuilles vertes charnues et \u00e0 ses fleurs blanches bleut\u00e9es. Les plantes m\u00e9dicinales pr\u00e9par\u00e9es \u00e0 partir des feuilles, de la tige et de la racine de la plante Brahmi ont les effets \u00e9tonnants suivants :<\/p>\n<p>\ud83d\udc9a acc\u00e9l\u00e9ration de la digestion et d\u00e9sintoxication de l&rsquo;organisme,<br \/>\n\ud83d\udc9a favorise le fonctionnement optimal du cerveau en tant que tonique c\u00e9r\u00e9bral,<br \/>\n\ud83d\udc9a Il est efficace comme tonique nerveux, favorisant une fonction nerveuse saine,<br \/>\n\ud83d\udc9a stimule les fonctions mentales et am\u00e9liore la m\u00e9moire et la concentration,<br \/>\n\ud83d\udc9a a un effet b\u00e9n\u00e9fique sur la croissance des cheveux.<\/p>\n","protected":false},"featured_media":6303,"comment_status":"open","ping_status":"closed","template":"","meta":{"_acf_changed":false},"product_brand":[],"product_cat":[15,194],"product_tag":[],"class_list":{"0":"post-6302","1":"product","2":"type-product","3":"status-publish","4":"has-post-thumbnail","6":"product_cat-uncategorized","7":"product_cat-ayurveda","9":"first","10":"instock","11":"sale","12":"taxable","13":"shipping-taxable","14":"purchasable","15":"product-type-simple"},"acf":[],"_links":{"self":[{"href":"https:\/\/fengchashop.com\/be-fr\/wp-json\/wp\/v2\/product\/6302","targetHints":{"allow":["GET"]}}],"collection":[{"href":"https:\/\/fengchashop.com\/be-fr\/wp-json\/wp\/v2\/product"}],"about":[{"href":"https:\/\/fengchashop.com\/be-fr\/wp-json\/wp\/v2\/types\/product"}],"replies":[{"embeddable":true,"href":"https:\/\/fengchashop.com\/be-fr\/wp-json\/wp\/v2\/comments?post=6302"}],"wp:featuredmedia":[{"embeddable":true,"href":"https:\/\/fengchashop.com\/be-fr\/wp-json\/wp\/v2\/media\/6303"}],"wp:attachment":[{"href":"https:\/\/fengchashop.com\/be-fr\/wp-json\/wp\/v2\/media?parent=6302"}],"wp:term":[{"taxonomy":"product_brand","embeddable":true,"href":"https:\/\/fengchashop.com\/be-fr\/wp-json\/wp\/v2\/product_brand?post=6302"},{"taxonomy":"product_cat","embeddable":true,"href":"https:\/\/fengchashop.com\/be-fr\/wp-json\/wp\/v2\/product_cat?post=6302"},{"taxonomy":"product_tag","embeddable":true,"href":"https:\/\/fengchashop.com\/be-fr\/wp-json\/wp\/v2\/product_tag?post=6302"}],"curies":[{"name":"wp","href":"https:\/\/api.w.org\/{rel}","templated":true}]}}