{"id":6292,"date":"2022-03-04T10:07:28","date_gmt":"2022-03-04T09:07:28","guid":{"rendered":"https:\/\/fengchashop.com\/be-fr\/product\/betterave-rouge-en-poudre-bio-250-g\/"},"modified":"2026-03-31T22:13:31","modified_gmt":"2026-03-31T20:13:31","slug":"betterave-rouge-en-poudre-bio","status":"publish","type":"product","link":"https:\/\/fengchashop.com\/be-fr\/product\/betterave-rouge-en-poudre-bio\/","title":{"rendered":"Betterave rouge en poudre BIO 250 g"},"content":{"rendered":"<h2>Betterave rouge en poudre BIO<\/h2>\n<p><span style=\"color: #000000\">La betterave (Beta vulgaris) est un l\u00e9gume pauvre en calories, mais elle contient un pourcentage plus \u00e9lev\u00e9 d&rsquo;hydrates de carbone et de sucre que les autres l\u00e9gumes. Elle est riche en<strong> vitamine C, en niacine et en acide folique<\/strong>. Les min\u00e9raux sont principalement le<strong> magn\u00e9sium, le fer, le phosphore et le potassium<\/strong>. Il contient \u00e9galement des<strong> b\u00e9tala\u00efnes, qui sont de puissants antioxydants<\/strong> et lui conf\u00e8rent sa couleur rouge intense.<\/span><\/p>\n<p><span style=\"color: #000000\">Notre poudre de betterave est issue de l&rsquo;agriculture biologique.<\/span><\/p>\n<h2><span style=\"color: #000000\">Quels sont les bienfaits de la consommation de poudre de betterave ?<\/span><\/h2>\n<p><span style=\"color: #000000\">La poudre de betterave est un bon substitut \u00e0 la betterave ordinaire car elle contient la plupart des nutriments de la betterave fra\u00eeche. Elle ajoute une valeur nutritionnelle aux plats et convient donc particuli\u00e8rement aux personnes qui mangent peu de l\u00e9gumes, car elle est plus facile \u00e0 dissimuler dans un plat. La betterave est surtout une source riche en acide folique, en potassium et en fer, qui contribuent \u00e0 la bonne sant\u00e9 du sang. La croyance populaire selon laquelle la betterave est<strong> bonne pour le sang<\/strong> a \u00e9galement \u00e9t\u00e9 confirm\u00e9e scientifiquement, gr\u00e2ce \u00e0 sa teneur \u00e9lev\u00e9e en fer, en potassium et en acide folique (ou vitamine B9). La betterave <strong>contribue<\/strong> ainsi <strong>\u00e0 pr\u00e9venir l&rsquo;an\u00e9mie et, par cons\u00e9quent, \u00e0 augmenter l&rsquo;\u00e9nergie, l&rsquo;humeur et le bien-\u00eatre en g\u00e9n\u00e9ral<\/strong>. En raison de sa richesse en nutriments, il suffit d&rsquo;en consommer de petites quantit\u00e9s chaque jour ou plusieurs fois par semaine. <strong>Il est \u00e9galement bon pour la sant\u00e9 du tube digestif gr\u00e2ce \u00e0 sa teneur en fibres alimentaires<\/strong>. Il <strong>stimule \u00e9galement la fonction h\u00e9patique<\/strong>, ce qui permet d&rsquo;\u00e9liminer les toxines et les d\u00e9chets de l&rsquo;organisme.<\/span><\/p>\n<h2><span style=\"color: #000000\">Stockage et avertissements<\/span><\/h2>\n<p><span style=\"color: #000000\">Conserver dans un endroit frais et sec \u00e0 une temp\u00e9rature maximale de 25 \u00b0C. Tenir le compl\u00e9ment alimentaire hors de port\u00e9e des enfants !<\/span><\/p>\n<p><span style=\"color: #000000\">N&rsquo;oubliez pas l&rsquo;importance d&rsquo;une alimentation vari\u00e9e et d&rsquo;un mode de vie sain. Un compl\u00e9ment alimentaire ne peut donc pas se substituer \u00e0 une alimentation \u00e9quilibr\u00e9e et vari\u00e9e. La quantit\u00e9 ou la dose journali\u00e8re recommand\u00e9e ne doit pas \u00eatre d\u00e9pass\u00e9e. Il est toujours conseill\u00e9 aux femmes enceintes et \u00e0 celles qui allaitent de consulter un m\u00e9decin avant toute utilisation. La betterave est un l\u00e9gume \u00e0 indice glyc\u00e9mique moyennement \u00e9lev\u00e9 et ne convient donc pas aux diab\u00e9tiques.<\/span><\/p>\n<h2><span style=\"color: #000000\">Emballage<\/span><\/h2>\n<p><span style=\"color: #000000\">Sachet zipp\u00e9 non perm\u00e9able, dans lequel le produit conserve toute sa fra\u00eecheur et son ar\u00f4me. L&#8217;emballage prot\u00e8ge le produit de la lumi\u00e8re et de l&rsquo;air, car il est compos\u00e9 de plusieurs couches de protection qui pr\u00e9servent les propri\u00e9t\u00e9s du contenu.<\/span><\/p>\n<p><span style=\"color: #000000\">L&#8217;emballage est tr\u00e8s pratique et recyclable.<\/span><\/p>\n<h2><span style=\"color: #000000\">Origine du produit<\/span><\/h2>\n<p><span style=\"color: #000000\">Chine. <\/span>Nous avons des fournisseurs tr\u00e8s fiables qui nous envoient une analyse chimique d\u00e9taill\u00e9e du produit pour chaque lot. En plus de 10 ans, nous n&rsquo;avons jamais eu de rappel de produit ou autre probl\u00e8me avec ce produit ou tout autre produit du m\u00eame fournisseur.<\/p>\n<p>Ce produit est 100% certifi\u00e9 biologique.<\/p>\n","protected":false},"excerpt":{"rendered":"<p>La betterave (Beta vulgaris) est un l\u00e9gume peu calorique, mais elle contient un pourcentage plus \u00e9lev\u00e9 d&rsquo;hydrates de carbone et de sucre que les autres l\u00e9gumes. Elle est riche en <strong>vitamine C<\/strong>, en <strong>niacine<\/strong> et en<strong> acide folique<\/strong>. Les min\u00e9raux sont principalement le <strong>magn\u00e9sium<\/strong>, le <strong>fer<\/strong>, le <strong>phosphore<\/strong> et le <strong>potassium<\/strong>. Il contient \u00e9galement des <strong>b\u00e9tala\u00efnes<\/strong>, qui sont de puissants antioxydants et lui conf\u00e8rent sa couleur rouge intense.<\/p>\n<p align=\"JUSTIFY\">\ud83d\udc9a Il contribue \u00e0 la pr\u00e9vention de l&rsquo;an\u00e9mie,<br \/>\n\ud83d\udc9a Il est \u00e9galement bon pour la sant\u00e9 du tube digestif,<br \/>\n\ud83d\udc9a il a un effet b\u00e9n\u00e9fique sur le bien-\u00eatre g\u00e9n\u00e9ral,<br \/>\n\ud83d\udc9a stimule les niveaux d&rsquo;\u00e9nergie.<\/p>\n","protected":false},"featured_media":6293,"comment_status":"open","ping_status":"closed","template":"","meta":{"_acf_changed":false},"product_brand":[],"product_cat":[15,224,231,225],"product_tag":[],"class_list":{"0":"post-6292","1":"product","2":"type-product","3":"status-publish","4":"has-post-thumbnail","6":"product_cat-uncategorized","7":"product_cat-offre","8":"product_cat-superaliments","9":"product_cat-tous-les-produits","11":"first","12":"instock","13":"taxable","14":"shipping-taxable","15":"purchasable","16":"product-type-simple"},"acf":[],"_links":{"self":[{"href":"https:\/\/fengchashop.com\/be-fr\/wp-json\/wp\/v2\/product\/6292","targetHints":{"allow":["GET"]}}],"collection":[{"href":"https:\/\/fengchashop.com\/be-fr\/wp-json\/wp\/v2\/product"}],"about":[{"href":"https:\/\/fengchashop.com\/be-fr\/wp-json\/wp\/v2\/types\/product"}],"replies":[{"embeddable":true,"href":"https:\/\/fengchashop.com\/be-fr\/wp-json\/wp\/v2\/comments?post=6292"}],"wp:featuredmedia":[{"embeddable":true,"href":"https:\/\/fengchashop.com\/be-fr\/wp-json\/wp\/v2\/media\/6293"}],"wp:attachment":[{"href":"https:\/\/fengchashop.com\/be-fr\/wp-json\/wp\/v2\/media?parent=6292"}],"wp:term":[{"taxonomy":"product_brand","embeddable":true,"href":"https:\/\/fengchashop.com\/be-fr\/wp-json\/wp\/v2\/product_brand?post=6292"},{"taxonomy":"product_cat","embeddable":true,"href":"https:\/\/fengchashop.com\/be-fr\/wp-json\/wp\/v2\/product_cat?post=6292"},{"taxonomy":"product_tag","embeddable":true,"href":"https:\/\/fengchashop.com\/be-fr\/wp-json\/wp\/v2\/product_tag?post=6292"}],"curies":[{"name":"wp","href":"https:\/\/api.w.org\/{rel}","templated":true}]}}