{"id":6288,"date":"2022-03-04T09:49:00","date_gmt":"2022-03-04T08:49:00","guid":{"rendered":"https:\/\/fengchashop.com\/be-fr\/product\/shisandra-en-poudre-bio-250-g\/"},"modified":"2026-04-13T13:06:58","modified_gmt":"2026-04-13T11:06:58","slug":"shisandra-en-poudre-bio","status":"publish","type":"product","link":"https:\/\/fengchashop.com\/be-fr\/product\/shisandra-en-poudre-bio\/","title":{"rendered":"Shisandra en poudre BIO 250 g"},"content":{"rendered":"<h2>Shisandra en poudre BIO<\/h2>\n<p><span style=\"color: #000000\">Le shisandra est un petit arbre ou une vigne qui produit de minuscules baies rouges tr\u00e8s appr\u00e9ci\u00e9es dans la m\u00e9decine traditionnelle chinoise pour leurs propri\u00e9t\u00e9s actives. Le shisandra est connu sous le nom de <strong>wu wei zi, ce qui signifie \u00ab\u00a0fruit des cinq go\u00fbts\u00a0\u00bb en chinois, car les petites baies rouges ont des saveurs sucr\u00e9es, acides, sal\u00e9es, am\u00e8res et \u00e9pic\u00e9es<\/strong>. Ces saveurs correspondent aux cinq \u00e9nergies de base : la terre, le bois, l&rsquo;eau, le m\u00e9tal et le feu, et affectent les cinq organes les plus importants du corps humain : le c\u0153ur, le foie, les poumons, la rate et les reins.<\/span><\/p>\n<p><span style=\"color: #000000\">Shishandra est l&rsquo;une des 50 herbes chinoises traditionnelles utilis\u00e9es depuis<strong> plus de 2000 ans<\/strong>:<\/span><\/p>\n<p><span style=\"color: #000000\"> \ud83d\udc9a Il est consid\u00e9r\u00e9 comme un stimulant de la<strong> vitalit\u00e9,<\/strong><\/span><br \/>\n<span style=\"color: #000000\"> \ud83d\udc9a il am\u00e9liore et renforce le<strong> syst\u00e8me immunitaire,<\/strong><\/span><br \/>\n<span style=\"color: #000000\"> \ud83d\udc9a il pr\u00e9serve la<strong> jeunesse de la peau,<\/strong><\/span><br \/>\n<span style=\"color: #000000\">\ud83d\udc9a aide \u00e0 lutter contre l <strong>&lsquo;insomnie, les maux de t\u00eate et les vertiges,<\/strong><\/span><br \/>\n<span style=\"color: #000000\">\ud83d\udc9a stimule les fonctions c\u00e9r\u00e9brales,<\/span><br \/>\n<span style=\"color: #000000\">\ud83d\udc9a surmonte la<strong> fatigue et l&rsquo;\u00e9puisement d\u00fb au stress.<\/strong><\/span><\/p>\n<p><span style=\"color: #000000\">En tant que compl\u00e9ment alimentaire, il est pr\u00e9f\u00e9rable de le consommer sous forme de poudre.<\/span><\/p>\n<h2><span style=\"color: #000000\">Pourquoi le shishandra est-il une \u00e9pice de plus en plus connue et populaire ?<\/span><\/h2>\n<p><span style=\"color: #000000\">Le shishandra contient de nombreuses<strong> substances actives telles que des shishandrines, des huiles essentielles et des vitamines A, C et E<\/strong>, qui interviennent dans de nombreux processus de l&rsquo;organisme humain. Gr\u00e2ce \u00e0 ces ingr\u00e9dients, il a \u00e9galement \u00e9t\u00e9 d\u00e9montr\u00e9 qu&rsquo;il poss\u00e8de des propri\u00e9t\u00e9s <strong>anti-inflammatoires, antioxydantes et d\u00e9toxifiantes<\/strong>. En raison de ses effets positifs sur plusieurs syst\u00e8mes du corps humain, il a \u00e9t\u00e9 examin\u00e9 par de nombreux chercheurs et s&rsquo;est av\u00e9r\u00e9 b\u00e9n\u00e9fique pour une grande vari\u00e9t\u00e9 de probl\u00e8mes de sant\u00e9. Le shisandra agit comme un<strong> adaptog\u00e8ne<\/strong>, c&rsquo;est-\u00e0-dire qu&rsquo;il trouve le point le plus faible de l&rsquo;organisme et agit sur lui pour r\u00e9tablir l&rsquo;\u00e9quilibre. Il a un effet <strong>calmant<\/strong> et anti-douleur, mais favorise \u00e9galement la concentration et la vigilance. 100 jours de Shishandra am\u00e9liorent le sang, aiguisent l&rsquo;esprit et la m\u00e9moire, am\u00e9liorent l&rsquo;\u00e9nergie sexuelle, renforcent les poumons et les reins, et embellissent la peau. Parce qu&rsquo;il r\u00e9gule les glandes surr\u00e9nales, il<strong> r\u00e9duit les effets n\u00e9gatifs du cortisol<\/strong>. Or, une augmentation du taux de cortisol, qui r\u00e9sulte le plus souvent du stress, a un effet n\u00e9gatif sur de nombreux processus de l&rsquo;organisme, de la digestion au syst\u00e8me immunitaire.<\/span><\/p>\n<h2><span style=\"color: #000000\">Stockage et avertissements<\/span><\/h2>\n<p><span style=\"color: #000000\">Conserver dans un endroit frais et sec. Tenir le compl\u00e9ment alimentaire hors de port\u00e9e des enfants !<\/span><\/p>\n<p><span style=\"color: #000000\">N&rsquo;oubliez pas l&rsquo;importance d&rsquo;une alimentation vari\u00e9e et d&rsquo;un mode de vie sain, un compl\u00e9ment alimentaire ne peut donc pas se substituer \u00e0 une alimentation \u00e9quilibr\u00e9e et vari\u00e9e. La quantit\u00e9 ou la dose journali\u00e8re recommand\u00e9e ne doit pas \u00eatre d\u00e9pass\u00e9e. Il est d\u00e9conseill\u00e9 aux enfants, aux femmes enceintes et aux m\u00e8res allaitantes d&rsquo;utiliser ce produit. Toutefois, les personnes qui prennent des m\u00e9dicaments sont invit\u00e9es \u00e0 consulter un m\u00e9decin avant de l&rsquo;utiliser.<\/span><\/p>\n<h2><span style=\"color: #000000\">Emballage<\/span><\/h2>\n<p><span style=\"color: #000000\">Sachet zipp\u00e9 non perm\u00e9able, dans lequel le produit conserve toute sa fra\u00eecheur et son ar\u00f4me. L&#8217;emballage prot\u00e8ge le produit de la lumi\u00e8re et de l&rsquo;air, car il est constitu\u00e9 de plusieurs couches de protection afin de pr\u00e9server les propri\u00e9t\u00e9s du contenu.<\/span><\/p>\n<p><span style=\"color: #000000\">L&#8217;emballage est tr\u00e8s pratique et recyclable.<\/span><\/p>\n<h2><span style=\"color: #000000\">Origine du produit<\/span><\/h2>\n<p><span style=\"color: #000000\">Chine. Nous avons des fournisseurs tr\u00e8s fiables qui nous envoient une analyse chimique d\u00e9taill\u00e9e des aliments pour chaque lot. En plus de dix ans, nous n&rsquo;avons eu aucun rappel ou autre probl\u00e8me avec ce produit, ni avec d&rsquo;autres produits du m\u00eame fournisseur. L&rsquo;article est certifi\u00e9 biologique \u00e0 100 %.<\/span><\/p>\n","protected":false},"excerpt":{"rendered":"<p>Le shisandra est un petit arbre ou une vigne qui produit de minuscules baies rouges, tr\u00e8s appr\u00e9ci\u00e9es dans la m\u00e9decine traditionnelle chinoise pour leurs propri\u00e9t\u00e9s actives. Le shisandra est connu sous le nom de wu wei zi, qui signifie \u00ab\u00a0fruit des cinq saveurs\u00a0\u00bb en chinois, car les petites baies rouges ont des saveurs sucr\u00e9es, acides, sal\u00e9es, am\u00e8res et \u00e9pic\u00e9es. Le shisandra est l&rsquo;une des 50 herbes chinoises traditionnelles utilis\u00e9es depuis plus de 2000 ans, car :<\/p>\n<p align=\"JUSTIFY\">\ud83d\udc9a am\u00e9liore et renforce le syst\u00e8me immunitaire,<br \/>\n\ud83d\udc9a maintient la jeunesse de la peau,<br \/>\n\ud83d\udc9a augmente la vitalit\u00e9,<br \/>\n\ud83d\udc9a surmonte la fatigue et l&rsquo;\u00e9puisement d\u00fb au stress.<\/p>\n","protected":false},"featured_media":6289,"comment_status":"open","ping_status":"closed","template":"","meta":{"_acf_changed":false},"product_brand":[],"product_cat":[15,224,231,225],"product_tag":[],"class_list":{"0":"post-6288","1":"product","2":"type-product","3":"status-publish","4":"has-post-thumbnail","6":"product_cat-uncategorized","7":"product_cat-offre","8":"product_cat-superaliments","9":"product_cat-tous-les-produits","11":"first","12":"instock","13":"taxable","14":"shipping-taxable","15":"purchasable","16":"product-type-simple"},"acf":[],"_links":{"self":[{"href":"https:\/\/fengchashop.com\/be-fr\/wp-json\/wp\/v2\/product\/6288","targetHints":{"allow":["GET"]}}],"collection":[{"href":"https:\/\/fengchashop.com\/be-fr\/wp-json\/wp\/v2\/product"}],"about":[{"href":"https:\/\/fengchashop.com\/be-fr\/wp-json\/wp\/v2\/types\/product"}],"replies":[{"embeddable":true,"href":"https:\/\/fengchashop.com\/be-fr\/wp-json\/wp\/v2\/comments?post=6288"}],"wp:featuredmedia":[{"embeddable":true,"href":"https:\/\/fengchashop.com\/be-fr\/wp-json\/wp\/v2\/media\/6289"}],"wp:attachment":[{"href":"https:\/\/fengchashop.com\/be-fr\/wp-json\/wp\/v2\/media?parent=6288"}],"wp:term":[{"taxonomy":"product_brand","embeddable":true,"href":"https:\/\/fengchashop.com\/be-fr\/wp-json\/wp\/v2\/product_brand?post=6288"},{"taxonomy":"product_cat","embeddable":true,"href":"https:\/\/fengchashop.com\/be-fr\/wp-json\/wp\/v2\/product_cat?post=6288"},{"taxonomy":"product_tag","embeddable":true,"href":"https:\/\/fengchashop.com\/be-fr\/wp-json\/wp\/v2\/product_tag?post=6288"}],"curies":[{"name":"wp","href":"https:\/\/api.w.org\/{rel}","templated":true}]}}