{"id":6284,"date":"2022-03-04T09:36:13","date_gmt":"2022-03-04T08:36:13","guid":{"rendered":"https:\/\/fengchashop.com\/be-fr\/product\/macji-krempelj-v-prahu-125-g\/"},"modified":"2026-04-14T19:29:39","modified_gmt":"2026-04-14T17:29:39","slug":"griffe-de-chat","status":"publish","type":"product","link":"https:\/\/fengchashop.com\/be-fr\/product\/griffe-de-chat\/","title":{"rendered":"Griffe de chat 125 g"},"content":{"rendered":"<h2><span style=\"color: #000000\">Poudre de griffe de chat<\/span><\/h2>\n<p><span style=\"color: #000000\">Cette plante grimpante tropicale d&rsquo;Amazonie poss\u00e8de deux \u00e9pines incurv\u00e9es \u00e0 la base de chaque feuille, d&rsquo;o\u00f9 son nom de griffe de chat.<\/span><\/p>\n<p><span style=\"color: #000000\">La griffe de chat est particuli\u00e8rement appr\u00e9ci\u00e9e pour ses effets b\u00e9n\u00e9fiques sur le corps humain :<\/span><\/p>\n<p><span style=\"color: #000000\"> \ud83d\udc9a elle renforce le<strong> syst\u00e8me immunitaire,<\/strong><\/span><br \/>\n<span style=\"color: #000000\"> <strong> \ud83d\udc9a apaise et inhibe les inflammations,<\/strong><\/span><br \/>\n<span style=\"color: #000000\"><strong>\ud83d\udc9a soulage la douleur caus\u00e9e par les infections,<\/strong><\/span><br \/>\n<span style=\"color: #000000\"><strong>\ud83d\udc9a soulage les probl\u00e8mes li\u00e9s aux maladies chroniques<\/strong>.<\/span><\/p>\n<h2><span style=\"color: #000000\">Comment la griffe de chat agit-elle ?<\/span><\/h2>\n<p><span style=\"color: #000000\">La griffe de chat est fondamentalement consid\u00e9r\u00e9e comme un<strong> antibiotique naturel<\/strong>, car elle combat avec succ\u00e8s tous les types de germes et pr\u00e9vient les infections et les inflammations. De nombreuses \u00e9tudes ont montr\u00e9 qu&rsquo;elle a plusieurs <strong>effets b\u00e9n\u00e9fiques sur le corps humain<\/strong>, notamment en <strong>stimulant le syst\u00e8me immunitaire gr\u00e2ce \u00e0 sa teneur en alcalo\u00efdes oxynoliques<\/strong>, qui parviennent \u00e0 neutraliser les radicaux libres nocifs dans l&rsquo;organisme. Un certain nombre d&rsquo;autres alcalo\u00efdes de la griffe de chat sont \u00e9galement b\u00e9n\u00e9fiques pour la<strong> m\u00e9moire et la r\u00e9gulation de la tension art\u00e9rielle<\/strong>. Comme la griffe de chat <strong>contr\u00f4le efficacement les infections et les inflammations, elle a \u00e9galement un effet b\u00e9n\u00e9fique sur la douleur dans les maladies chroniques telles que les rhumatismes ou l&rsquo;arthrite<\/strong>.<\/span><\/p>\n<h2><span style=\"color: #000000\">Stockage et avertissements<\/span><\/h2>\n<p><span style=\"color: #000000\">Conserver dans un endroit frais et sec. Tenir le compl\u00e9ment alimentaire hors de port\u00e9e des enfants !<\/span><\/p>\n<p><span style=\"color: #000000\">N&rsquo;oubliez pas l&rsquo;importance d&rsquo;une alimentation vari\u00e9e et d&rsquo;un mode de vie sain, un compl\u00e9ment alimentaire ne peut donc pas se substituer \u00e0 une alimentation \u00e9quilibr\u00e9e et vari\u00e9e. La quantit\u00e9 ou la dose journali\u00e8re recommand\u00e9e ne doit pas \u00eatre d\u00e9pass\u00e9e. Il est toujours conseill\u00e9 aux femmes enceintes, aux m\u00e8res qui allaitent et aux personnes qui prennent des m\u00e9dicaments de consulter un m\u00e9decin avant d&rsquo;utiliser ce produit. Ne convient pas aux enfants.<\/span><\/p>\n<h2><span style=\"color: #000000\">Conditionnement<\/span><\/h2>\n<p><span style=\"color: #000000\">Sachet ou bo\u00eete \u00e0 fermeture \u00e9clair non perm\u00e9able, o\u00f9 le produit conserve toute sa fra\u00eecheur et son ar\u00f4me. L&#8217;emballage prot\u00e8ge de la lumi\u00e8re et de l&rsquo;air. Il se compose de plusieurs couches de protection afin de pr\u00e9server les propri\u00e9t\u00e9s du produit.<\/span><\/p>\n<p><span style=\"color: #000000\">L&#8217;emballage est tr\u00e8s pratique et recyclable.<\/span><\/p>\n<h2><span style=\"color: #000000\">Origine des produits<\/span><\/h2>\n<p><span style=\"color: #000000\">Am\u00e9rique du Sud<\/span><\/p>\n","protected":false},"excerpt":{"rendered":"<p align=\"JUSTIFY\">Cette plante grimpante tropicale d&rsquo;Amazonie poss\u00e8de deux \u00e9pines incurv\u00e9es \u00e0 la base de chaque feuille, d&rsquo;o\u00f9 son nom de griffe de chat. La griffe de chat est consid\u00e9r\u00e9e comme un antibiotique naturel, car elle combat avec succ\u00e8s toutes sortes de microbes et pr\u00e9vient les infections et les inflammations. La griffe de chat est particuli\u00e8rement appr\u00e9ci\u00e9e pour ses effets b\u00e9n\u00e9fiques sur le corps humain:<\/p>\n<p align=\"JUSTIFY\"><span style=\"color: #000000\">\ud83d\udc9a <\/span>elle renforce le syst\u00e8me immunitaire,<br \/>\n<span style=\"color: #000000\">\ud83d\udc9a e<\/span>lle apaise et inhibe les inflammations,<br \/>\n<span style=\"color: #000000\">\ud83d\udc9a <\/span>soulage la douleur caus\u00e9e par les infections,<br \/>\n<span style=\"color: #000000\">\ud83d\udc9a <\/span>att\u00e9nue les probl\u00e8mes li\u00e9s aux maladies chroniques.<\/p>\n","protected":false},"featured_media":6285,"comment_status":"open","ping_status":"closed","template":"","meta":{"_acf_changed":false},"product_brand":[],"product_cat":[15,224,231,225],"product_tag":[],"class_list":{"0":"post-6284","1":"product","2":"type-product","3":"status-publish","4":"has-post-thumbnail","6":"product_cat-uncategorized","7":"product_cat-offre","8":"product_cat-superaliments","9":"product_cat-tous-les-produits","11":"first","12":"instock","13":"sale","14":"taxable","15":"shipping-taxable","16":"purchasable","17":"product-type-simple"},"acf":[],"_links":{"self":[{"href":"https:\/\/fengchashop.com\/be-fr\/wp-json\/wp\/v2\/product\/6284","targetHints":{"allow":["GET"]}}],"collection":[{"href":"https:\/\/fengchashop.com\/be-fr\/wp-json\/wp\/v2\/product"}],"about":[{"href":"https:\/\/fengchashop.com\/be-fr\/wp-json\/wp\/v2\/types\/product"}],"replies":[{"embeddable":true,"href":"https:\/\/fengchashop.com\/be-fr\/wp-json\/wp\/v2\/comments?post=6284"}],"wp:featuredmedia":[{"embeddable":true,"href":"https:\/\/fengchashop.com\/be-fr\/wp-json\/wp\/v2\/media\/6285"}],"wp:attachment":[{"href":"https:\/\/fengchashop.com\/be-fr\/wp-json\/wp\/v2\/media?parent=6284"}],"wp:term":[{"taxonomy":"product_brand","embeddable":true,"href":"https:\/\/fengchashop.com\/be-fr\/wp-json\/wp\/v2\/product_brand?post=6284"},{"taxonomy":"product_cat","embeddable":true,"href":"https:\/\/fengchashop.com\/be-fr\/wp-json\/wp\/v2\/product_cat?post=6284"},{"taxonomy":"product_tag","embeddable":true,"href":"https:\/\/fengchashop.com\/be-fr\/wp-json\/wp\/v2\/product_tag?post=6284"}],"curies":[{"name":"wp","href":"https:\/\/api.w.org\/{rel}","templated":true}]}}