{"id":6280,"date":"2025-12-03T10:22:14","date_gmt":"2025-12-03T09:22:14","guid":{"rendered":"https:\/\/fengchashop.com\/be-fr\/product\/neem-bio-250-g\/"},"modified":"2025-12-19T19:45:46","modified_gmt":"2025-12-19T18:45:46","slug":"neem-bio","status":"publish","type":"product","link":"https:\/\/fengchashop.com\/be-fr\/product\/neem-bio\/","title":{"rendered":"Neem BIO 500 g"},"content":{"rendered":"<h2><span style=\"color: #000000\">Neem Poudre biologique<\/span><\/h2>\n<p><span style=\"color: #000000\">Le neem est un arbre extr\u00eamement persistant et hirsute originaire de l&rsquo;Inde (Azadirachta Indica). En slov\u00e8ne, il est connu sous le nom de<strong> muguet indien<\/strong>. Toutes les parties de cet arbre \u00e0 feuilles persistantes sont utiles : l&rsquo;\u00e9corce, les racines, les graines, les fruits, les feuilles et les fleurs. C&rsquo;est la plante la plus utilis\u00e9e dans la m\u00e9decine populaire ayurv\u00e9dique et elle est utilis\u00e9e \u00e0 des fins m\u00e9dicinales depuis plus de 2000 ans.<\/span><\/p>\n<p><strong><span style=\"color: #000000\">Le neem est r\u00e9put\u00e9 avoir un effet b\u00e9n\u00e9fique sur plus de 100 affections diff\u00e9rentes, telles que :<\/span><\/strong><\/p>\n<p><span style=\"color: #000000\"> \ud83d\udc9a il stimule l&rsquo;immunit\u00e9 du corps et a un effet positif sur le syst\u00e8me immunitaire,<\/span><br \/>\n<span style=\"color: #000000\"> \ud83d\udc9a purifie le sang et d\u00e9toxifie l&rsquo;organisme,<\/span><br \/>\n<span style=\"color: #000000\">\ud83d\udc9a a un effet b\u00e9n\u00e9fique sur la peau, les cheveux et les ongles,<\/span><br \/>\n<span style=\"color: #000000\">\ud83d\udc9a Il soulage les probl\u00e8mes de peau tels que les allergies, le psoriasis, l&rsquo;ecz\u00e9ma, l&rsquo;acn\u00e9, les plaies ouvertes,<\/span><br \/>\n<span style=\"color: #000000\">\ud83d\udc9a Elle est anti-inflammatoire, antifongique et analg\u00e9sique,<\/span><br \/>\n<span style=\"color: #000000\">\ud83d\udc9a soulage et \u00e9limine les probl\u00e8mes digestifs,<\/span><br \/>\n<span style=\"color: #000000\">\ud83d\udc9a agit comme un d\u00e9sinfectant naturel.<\/span><\/p>\n<p><span style=\"color: #000000\">Le neem est \u00e9galement connu depuis peu comme un <strong>r\u00e9pulsif naturel<\/strong> contre les insectes et autres nuisibles.<\/span><\/p>\n<p><span style=\"color: #000000\">Notre poudre de neem est issue de l&rsquo;agriculture biologique, finement moulue et fabriqu\u00e9e \u00e0 partir des meilleurs ingr\u00e9dients.<\/span><\/p>\n<h2><span style=\"color: #000000\">Comment le neem agit-il et quels sont les probl\u00e8mes qu&rsquo;il aide \u00e0 r\u00e9soudre ?<\/span><\/h2>\n<p><span style=\"color: #000000\">Les gu\u00e9risseurs ayurv\u00e9diques ont reconnu que le neem est un tr\u00e9sor d&rsquo;ingr\u00e9dients efficaces pour un large \u00e9ventail de probl\u00e8mes de sant\u00e9, tout en ne provoquant aucun effet secondaire. C&rsquo;est pourquoi il est l&rsquo;une des <strong>plantes ayurv\u00e9diques indiennes les plus utilis\u00e9es<\/strong> et fait de plus en plus l&rsquo;objet de recherches scientifiques. Il a \u00e9t\u00e9 d\u00e9montr\u00e9 qu&rsquo;il peut avoir un effet b\u00e9n\u00e9fique sur de nombreuses maladies. Des compos\u00e9s sp\u00e9cifiques ont \u00e9t\u00e9 d\u00e9couverts dans l&rsquo;huile de neem qui ont un effet b\u00e9n\u00e9fique sur divers sympt\u00f4mes de sant\u00e9. L&rsquo;huile de neem est <strong>anti-inflammatoire<\/strong> contre tous les types de microbes et aide donc le syst\u00e8me immunitaire <strong>\u00e0 se d\u00e9fendre contre les infections virales et bact\u00e9riennes<\/strong>. Parce qu&rsquo;elle contr\u00f4le efficacement l&rsquo;inflammation, elle soulage \u00e9galement les douleurs associ\u00e9es \u00e0 l&rsquo;inflammation (y compris les maladies chroniques telles que les rhumatismes ou l&rsquo;arthrite). Elle poss\u00e8de un tr\u00e8s large spectre d&rsquo;<strong>activit\u00e9 antifongique<\/strong> et aide \u00e9galement \u00e0 lutter contre le<strong> candida<\/strong>.<\/span><\/p>\n<h2><span style=\"color: #000000\">Conditionnement<\/span><\/h2>\n<p><span style=\"color: #000000\">Sachet zip-lock non perm\u00e9able o\u00f9 le produit conserve toute sa fra\u00eecheur et son ar\u00f4me. L&#8217;emballage prot\u00e8ge de la lumi\u00e8re et de l&rsquo;air, car il est compos\u00e9 de plusieurs couches de protection qui pr\u00e9servent les propri\u00e9t\u00e9s du contenu.<\/span><\/p>\n<p><span style=\"color: #000000\">L&#8217;emballage est tr\u00e8s pratique et recyclable.<\/span><\/p>\n<h2><span style=\"color: #000000\">Stockage et avertissements<\/span><\/h2>\n<p><span style=\"color: #000000\">Conserver dans un endroit frais et sec. Tenir hors de port\u00e9e des enfants.<\/span><\/p>\n<p><span style=\"color: #000000\">N&rsquo;oubliez pas l&rsquo;importance d&rsquo;une alimentation vari\u00e9e et d&rsquo;un mode de vie sain, un compl\u00e9ment alimentaire ne peut donc pas se substituer \u00e0 une alimentation \u00e9quilibr\u00e9e et vari\u00e9e. La quantit\u00e9 ou la dose journali\u00e8re recommand\u00e9e ne doit pas \u00eatre d\u00e9pass\u00e9e. L&rsquo;utilisation par les femmes enceintes et allaitantes, les hommes et les femmes ayant un projet de grossesse est d\u00e9conseill\u00e9e car il agit comme contraceptif pour les femmes et les hommes.<\/span><\/p>\n<h2><span style=\"color: #000000\">Bon \u00e0 savoir<\/span><\/h2>\n<p><span style=\"color: #000000\">Le produit convient \u00e9galement aux animaux. Veuillez consulter votre v\u00e9t\u00e9rinaire avant l&rsquo;utilisation pour conna\u00eetre l&rsquo;opportunit\u00e9 de la prise et la dose journali\u00e8re recommand\u00e9e.<\/span><\/p>\n<h2><span style=\"color: #000000\">Origine du produit<\/span><\/h2>\n<p><span style=\"color: #000000\">Inde<\/span><\/p>\n","protected":false},"excerpt":{"rendered":"<p align=\"JUSTIFY\">Le margousier est un arbre \u00e0 feuilles persistantes, tr\u00e8s voyant, originaire de l&rsquo;Inde (Azadirachta Indica). En slov\u00e8ne, il est connu sous le nom de muguet indien. Toutes les parties de cet arbre \u00e0 feuilles persistantes sont utiles : l&rsquo;\u00e9corce, les racines, les graines, les fruits, les feuilles et les fleurs. C&rsquo;est l&rsquo;herbe la plus utilis\u00e9e dans la m\u00e9decine populaire ayurv\u00e9dique et elle est utilis\u00e9e \u00e0 des fins m\u00e9dicinales depuis plus de 2000 ans.<\/p>\n<p align=\"JUSTIFY\">\ud83d\udc9a Elle stimule l&rsquo;immunit\u00e9 du corps et a un effet positif sur le syst\u00e8me immunitaire.<br \/>\n\ud83d\udc9a Elle purifie le sang et d\u00e9sintoxique l&rsquo;organisme.<br \/>\n\ud83d\udc9a Elle a un effet b\u00e9n\u00e9fique sur la peau, les cheveux et les ongles.<br \/>\n\ud83d\udc9a Elle est anti-inflammatoire, antifongique et analg\u00e9sique.<br \/>\n\ud83d\udc9a Elle soulage et \u00e9limine les probl\u00e8mes digestifs.<\/p>\n","protected":false},"featured_media":6281,"comment_status":"open","ping_status":"closed","template":"","meta":{"_acf_changed":false},"product_brand":[],"product_cat":[15,194,226,224,231,225],"product_tag":[],"class_list":{"0":"post-6280","1":"product","2":"type-product","3":"status-publish","4":"has-post-thumbnail","6":"product_cat-uncategorized","7":"product_cat-ayurveda","8":"product_cat-meilleures-ventes","9":"product_cat-offre","10":"product_cat-superaliments","11":"product_cat-tous-les-produits","13":"first","14":"instock","15":"sale","16":"taxable","17":"shipping-taxable","18":"purchasable","19":"product-type-simple"},"acf":[],"_links":{"self":[{"href":"https:\/\/fengchashop.com\/be-fr\/wp-json\/wp\/v2\/product\/6280","targetHints":{"allow":["GET"]}}],"collection":[{"href":"https:\/\/fengchashop.com\/be-fr\/wp-json\/wp\/v2\/product"}],"about":[{"href":"https:\/\/fengchashop.com\/be-fr\/wp-json\/wp\/v2\/types\/product"}],"replies":[{"embeddable":true,"href":"https:\/\/fengchashop.com\/be-fr\/wp-json\/wp\/v2\/comments?post=6280"}],"wp:featuredmedia":[{"embeddable":true,"href":"https:\/\/fengchashop.com\/be-fr\/wp-json\/wp\/v2\/media\/6281"}],"wp:attachment":[{"href":"https:\/\/fengchashop.com\/be-fr\/wp-json\/wp\/v2\/media?parent=6280"}],"wp:term":[{"taxonomy":"product_brand","embeddable":true,"href":"https:\/\/fengchashop.com\/be-fr\/wp-json\/wp\/v2\/product_brand?post=6280"},{"taxonomy":"product_cat","embeddable":true,"href":"https:\/\/fengchashop.com\/be-fr\/wp-json\/wp\/v2\/product_cat?post=6280"},{"taxonomy":"product_tag","embeddable":true,"href":"https:\/\/fengchashop.com\/be-fr\/wp-json\/wp\/v2\/product_tag?post=6280"}],"curies":[{"name":"wp","href":"https:\/\/api.w.org\/{rel}","templated":true}]}}