{"id":6256,"date":"2024-07-04T08:40:00","date_gmt":"2024-07-04T06:40:00","guid":{"rendered":"https:\/\/fengchashop.com\/be-fr\/product\/kelp-bio-250-g\/"},"modified":"2025-09-10T12:43:18","modified_gmt":"2025-09-10T10:43:18","slug":"kelp-bio","status":"publish","type":"product","link":"https:\/\/fengchashop.com\/be-fr\/product\/kelp-bio\/","title":{"rendered":"Kelp BIO 250 g"},"content":{"rendered":"<h2><span style=\"color: #000000;\">Poudre de varech BIO<\/span><\/h2>\n<p><span style=\"color: #000000;\">Une<strong> algue brune<\/strong> appel\u00e9e varech prosp\u00e8re dans les mers les plus froides du monde. Elle est particuli\u00e8rement riche en min\u00e9raux, qu&rsquo;elle absorbe dans l&rsquo;eau de mer propre de la mer de Norv\u00e8ge la plus froide. Ces min\u00e9raux sont extr\u00eamement importants pour notre corps et il a \u00e9t\u00e9 prouv\u00e9 \u00e0 maintes reprises que, s&rsquo;ils ne sont pas en quantit\u00e9 suffisante, notre corps ne fonctionne pas comme il le devrait, ce qui entra\u00eene diverses maladies, tant physiques que mentales.<\/span><\/p>\n<p><span style=\"color: #000000;\">Le varech est un tr\u00e9sor de min\u00e9raux, de nutriments et de substances actives qui ont un effet positif sur notre organisme :<\/span><\/p>\n<p><span style=\"color: #000000;\">\ud83d\udc9a il \u00e9limine les <strong>\u00e9l\u00e9ments radioactifs et les m\u00e9taux nocifs<\/strong> de l&rsquo;organisme gr\u00e2ce aux substances phytochimiques, qui constituent un probl\u00e8me croissant dans l&rsquo;environnement pollu\u00e9 dans lequel nous vivons,<\/span><br \/>\n<span style=\"color: #000000;\"> \ud83d\udc9a il est l&rsquo;une des<strong> sources<\/strong> les plus riches<strong> en iode, qui r\u00e9gule la glande thyro\u00efde,<\/strong> am\u00e9liore le m\u00e9tabolisme et aide \u00e0 lutter contre l&rsquo;exc\u00e8s de poids,<\/span><br \/>\n<span style=\"color: #000000;\"> \ud83d\udc9a les min\u00e9raux du varech<strong> am\u00e9liorent le fonctionnement des organes,<\/strong> en particulier l&rsquo;effet b\u00e9n\u00e9fique du m\u00e9lange de min\u00e9raux du varech sur le syst\u00e8me cardiovasculaire,<\/span><br \/>\n<span style=\"color: #000000;\"> \ud83d\udc9a c&rsquo;est un excellent <strong>pr\u00e9biotique,<\/strong> nourriture pour nos bact\u00e9ries intestinales b\u00e9n\u00e9fiques,<\/span><br \/>\n<span style=\"color: #000000;\"> \ud83d\udc9a son polysaccharide xylose <strong>neutralise les bact\u00e9ries et les champignons,,<\/strong><\/span><br \/>\n<span style=\"color: #000000;\"> \ud83d\udc9a son alcalinit\u00e9 le rend tr\u00e8s utile pour le probl\u00e8me courant de l&rsquo;<strong>acidit\u00e9,<\/strong> qui entra\u00eene un malaise g\u00e9n\u00e9ral,<\/span><br \/>\n<span style=\"color: #000000;\"> \ud83d\udc9a est un <strong>puissant antioxydant,<\/strong><\/span><br \/>\n<span style=\"color: #000000;\"> \ud83d\udc9a le galactose est bon pour la <strong>m\u00e9moire<\/strong> et la<strong> cicatrisation des<\/strong> plaies, et pour les os gr\u00e2ce \u00e0 une meilleure absorption du calcium.<\/span><\/p>\n<h2><span style=\"color: #000000;\">Que contient r\u00e9ellement le varech pour avoir un effet aussi positif sur plusieurs syst\u00e8mes de notre organisme ?<\/span><\/h2>\n<p><span style=\"color: #000000;\">Le varech est une algue brune traditionnellement utilis\u00e9e \u00e0 des fins nutritionnelles dans certains endroits, mais il a \u00e9galement trouv\u00e9 sa place dans de nombreux manuels de sant\u00e9 en raison du fait qu&rsquo;il est tr\u00e8s<strong> riche en min\u00e9raux, en acides amin\u00e9s, en nutriments et en substances actives<\/strong>. Parmi les min\u00e9raux, le calcium et le magn\u00e9sium se distinguent certainement, mais le varech contient \u00e9galement du potassium, de l&rsquo;iode, du fer, de la riboflavine, de la vitamine B6 et beaucoup de fibres, en fait 46 min\u00e9raux diff\u00e9rents, 16 acides amin\u00e9s et 11 vitamines en tout. Il n&rsquo;est donc pas \u00e9tonnant que les algues, dont le varech, aient fait l&rsquo;objet de nombreuses recherches scientifiques au cours des derni\u00e8res d\u00e9cennies. Le varech contient \u00e9galement de l&rsquo;<strong> acide glutamique, qui<\/strong> adoucit les aliments riches en fibres et rehausse le go\u00fbt des aliments que nous mangeons. Les<strong> substances phytochimiques<\/strong> contribuent \u00e0 l&rsquo;\u00e9limination des substances radioactives et des m\u00e9taux lourds<strong>,<\/strong> raison pour laquelle la consommation de varech est recommand\u00e9e apr\u00e8s une radioth\u00e9rapie ou une chimioth\u00e9rapie. Les substances phytochimiques ne sont pas des min\u00e9raux ou des acides amin\u00e9s, mais des substances actives qui pr\u00e9viennent les maladies, comme l&rsquo;allicine de l&rsquo;ail, qui est consid\u00e9r\u00e9e comme un antibiotique naturel. Les algues brunes contiennent \u00e9galement deux substances importantes, le <strong>fuco\u00efdan et la fucoxanthine<\/strong>. La premi\u00e8re est consid\u00e9r\u00e9e comme une bonne mesure pr\u00e9ventive dans la lutte contre le cancer, la seconde dans la lutte contre le surpoids et pour un meilleur m\u00e9tabolisme et une meilleure combustion des graisses.<\/span><\/p>\n<p><span style=\"color: #000000;\">Le min\u00e9ral le mieux repr\u00e9sent\u00e9 dans le varech est l&rsquo;<strong> iode<\/strong>, un min\u00e9ral dont de nombreuses femmes (surtout) souffrent d&rsquo;une carence. L&rsquo;iode r\u00e9gule le m\u00e9tabolisme et la fonction thyro\u00efdienne, il nous aidera donc \u00e0 am\u00e9liorer notre m\u00e9tabolisme et \u00e0 contr\u00f4ler notre poids, en particulier ceux caus\u00e9s par des probl\u00e8mes thyro\u00efdiens. N&rsquo;oublions pas que la glande thyro\u00efde s\u00e9cr\u00e8te des hormones qui contr\u00f4lent le rythme des processus m\u00e9taboliques, et qu&rsquo;elle influence indirectement presque toutes les fonctions de l&rsquo;organisme. Il s&rsquo;agit donc de l&rsquo;un des organes les plus importants de notre corps, et il est essentiel de veiller \u00e0 son fonctionnement normal et ad\u00e9quat. Parfois, un apport suffisant en iode suffit, ce qui peut \u00eatre obtenu en prenant r\u00e9guli\u00e8rement un compl\u00e9ment alimentaire naturel, le varech. Si vous avez des probl\u00e8mes de thyro\u00efde, consultez votre m\u00e9decin avant de prendre du varech. Le varech, riche en min\u00e9raux, influence \u00e9galement le fonctionnement d&rsquo;autres organes internes, qui sont essentiels pour lutter efficacement contre les toxines et les radicaux libres et qui ont donc \u00e9galement un effet rajeunissant.<\/span><\/p>\n<h2>Stockage et avertissements<\/h2>\n<p>Conserver dans un endroit frais et sec \u00e0 une temp\u00e9rature maximale de 25 \u00b0C. Tenir le compl\u00e9ment alimentaire hors de port\u00e9e des enfants !<\/p>\n<p>N&rsquo;oubliez pas l&rsquo;importance d&rsquo;une alimentation vari\u00e9e et d&rsquo;un mode de vie sain. Un compl\u00e9ment alimentaire ne peut donc pas se substituer \u00e0 une alimentation \u00e9quilibr\u00e9e et vari\u00e9e. La quantit\u00e9 ou la dose journali\u00e8re recommand\u00e9e ne doit pas \u00eatre d\u00e9pass\u00e9e. Il est toujours conseill\u00e9 aux femmes enceintes et \u00e0 celles qui allaitent de consulter un m\u00e9decin avant d&rsquo;utiliser ce produit.<\/p>\n<h2><span style=\"color: #000000;\">Emballage<\/span><\/h2>\n<p><span style=\"color: #000000;\">Sachet zip-lock imperm\u00e9able, dans lequel le produit conserve toute sa fra\u00eecheur et son ar\u00f4me. L&#8217;emballage prot\u00e8ge le produit de la lumi\u00e8re et de l&rsquo;air, car il est constitu\u00e9 de plusieurs couches de protection afin de pr\u00e9server les propri\u00e9t\u00e9s du contenu.<\/span><\/p>\n<p><span style=\"color: #000000;\">L&#8217;emballage est tr\u00e8s pratique et recyclable.<\/span><\/p>\n<h2><span style=\"color: #000000;\">Origine du produit<\/span><\/h2>\n<p><span style=\"color: #000000;\">Norv\u00e8ge ou Canada<\/span><\/p>\n","protected":false},"excerpt":{"rendered":"<p align=\"JUSTIFY\">Une <strong>algue brune<\/strong> appel\u00e9e <strong>varech<\/strong> prosp\u00e8re dans les mers les plus froides du monde. Elle est particuli\u00e8rement riche en min\u00e9raux, qu&rsquo;elle absorbe dans l&rsquo;eau de mer propre de la mer de Norv\u00e8ge, la plus froide. Ces min\u00e9raux sont extr\u00eamement importants pour notre corps, et il a \u00e9t\u00e9 prouv\u00e9 \u00e0 maintes reprises que s&rsquo;ils ne sont pas en quantit\u00e9 suffisante, notre corps ne fonctionne pas comme il le devrait, ce qui entra\u00eene l&rsquo;apparition de diverses maladies, tant physiques que mentales.<\/p>\n<p align=\"JUSTIFY\"><span style=\"color: #000000;\">\ud83d\udc9a Il \u00e9limine les <strong>\u00e9l\u00e9ments radioactifs<\/strong> et les<strong> m\u00e9taux nocifs<\/strong> de l&rsquo;organisme \u00e0 l&rsquo;aide de substances phytochimiques.<\/span><br \/>\n<span style=\"color: #000000;\">\ud83d\udc9a C&rsquo;est l&rsquo;une des <strong>sources<\/strong> les plus riches <strong>en iode<\/strong>, qui <strong>r\u00e9gule la glande thyro\u00efde<\/strong>.<\/span><br \/>\n<span style=\"color: #000000;\"> \ud83d\udc9a C&rsquo;est un excellent <strong>pr\u00e9biotique<\/strong>, un aliment pour nos bact\u00e9ries intestinales b\u00e9n\u00e9fiques.<\/span><br \/>\n<span style=\"color: #000000;\">\ud83d\udc9a C&rsquo;est une riche source de prot\u00e9ines v\u00e9g\u00e9tales.<\/span><\/p>\n<p align=\"JUSTIFY\">\n","protected":false},"featured_media":6257,"comment_status":"open","ping_status":"closed","template":"","meta":{"_acf_changed":false},"product_brand":[],"product_cat":[15,237,224,231,225],"product_tag":[],"class_list":{"0":"post-6256","1":"product","2":"type-product","3":"status-publish","4":"has-post-thumbnail","6":"product_cat-uncategorized","7":"product_cat-algues-et-graminees","8":"product_cat-offre","9":"product_cat-superaliments","10":"product_cat-tous-les-produits","12":"first","13":"instock","14":"taxable","15":"shipping-taxable","16":"purchasable","17":"product-type-simple"},"acf":[],"_links":{"self":[{"href":"https:\/\/fengchashop.com\/be-fr\/wp-json\/wp\/v2\/product\/6256","targetHints":{"allow":["GET"]}}],"collection":[{"href":"https:\/\/fengchashop.com\/be-fr\/wp-json\/wp\/v2\/product"}],"about":[{"href":"https:\/\/fengchashop.com\/be-fr\/wp-json\/wp\/v2\/types\/product"}],"replies":[{"embeddable":true,"href":"https:\/\/fengchashop.com\/be-fr\/wp-json\/wp\/v2\/comments?post=6256"}],"wp:featuredmedia":[{"embeddable":true,"href":"https:\/\/fengchashop.com\/be-fr\/wp-json\/wp\/v2\/media\/6257"}],"wp:attachment":[{"href":"https:\/\/fengchashop.com\/be-fr\/wp-json\/wp\/v2\/media?parent=6256"}],"wp:term":[{"taxonomy":"product_brand","embeddable":true,"href":"https:\/\/fengchashop.com\/be-fr\/wp-json\/wp\/v2\/product_brand?post=6256"},{"taxonomy":"product_cat","embeddable":true,"href":"https:\/\/fengchashop.com\/be-fr\/wp-json\/wp\/v2\/product_cat?post=6256"},{"taxonomy":"product_tag","embeddable":true,"href":"https:\/\/fengchashop.com\/be-fr\/wp-json\/wp\/v2\/product_tag?post=6256"}],"curies":[{"name":"wp","href":"https:\/\/api.w.org\/{rel}","templated":true}]}}