{"id":6246,"date":"2022-03-03T20:19:46","date_gmt":"2022-03-03T19:19:46","guid":{"rendered":"https:\/\/fengchashop.com\/be-fr\/product\/chlorelle-en-poudre-bio-250-g\/"},"modified":"2025-12-09T16:19:54","modified_gmt":"2025-12-09T15:19:54","slug":"chlorelle-en-poudre-bio","status":"publish","type":"product","link":"https:\/\/fengchashop.com\/be-fr\/product\/chlorelle-en-poudre-bio\/","title":{"rendered":"Chlorelle en poudre BIO 250 g"},"content":{"rendered":"<h2><span style=\"color: #000000\">Chlorella en poudre BIO<\/span><\/h2>\n<p><span style=\"color: #000000\">La chlorelle est la plante la plus riche en chlorophylle qui pousse dans les eaux douces du monde entier. La chlorelle pr\u00e9sente de nombreux avantages pour la sant\u00e9. Elle se distingue par sa couleur vert vif et ses nombreux bienfaits pour la sant\u00e9. Elle est surtout connue comme une algue <strong>extr\u00eamement riche en prot\u00e9ines<\/strong> et dot\u00e9e d&rsquo;une structure id\u00e9ale riche et surtout \u00e9quilibr\u00e9e. Elle est \u00e9galement consid\u00e9r\u00e9e comme un <strong>excellent d\u00e9toxifiant<\/strong> gr\u00e2ce \u00e0 sa teneur en b\u00eata-carot\u00e8ne. <strong>Elle nous d\u00e9barrasse des substances nocives provenant de l&rsquo;environnement pollu\u00e9 et des aliments<\/strong> que nous consommons (pesticides, herbicides, m\u00e9taux lourds).<\/span><\/p>\n<p><span style=\"color: #000000\">C&rsquo;est une algue verte de taille microscopique qui pr\u00e9sente une structure \u00e9quilibr\u00e9e et donc plusieurs avantages :<\/span><\/p>\n<p><span style=\"color: #000000\"> \ud83d\udc9a La <strong>grande quantit\u00e9 de chlorophylle<\/strong> joue un r\u00f4le important dans la d\u00e9toxification de l&rsquo;organisme,<\/span><br \/>\n<span style=\"color: #000000\"> \ud83d\udc9a elle produit la <strong>prot\u00e9ine interf\u00e9ron, importante pour le fonctionnement optimal du syst\u00e8me immunitaire<\/strong>,<\/span><br \/>\n<span style=\"color: #000000\"> \ud83d\udc9a elle a une<strong> teneur \u00e9lev\u00e9e en prot\u00e9ines, de<\/strong> l&rsquo;ordre de 55 %,<\/span><br \/>\n<span style=\"color: #000000\">\ud83d\udc9a Elle contient des <strong>glucides, des prot\u00e9ines, des enzymes, des min\u00e9raux et des vitamines<\/strong> essentiels.<\/span><\/p>\n<p><span style=\"color: #000000\">La chlorelle et les autres algues sont le plus souvent consomm\u00e9es sous forme de poudre. Cependant, nous proposons \u00e9galement la chlorelle sous forme de comprim\u00e9s.<\/span><\/p>\n<p><span style=\"color: #000000\">Notre chlorelle est issue de <strong>l&rsquo;agriculture biologique<\/strong>.<\/span><\/p>\n<h2><span style=\"color: #000000\">Pourquoi la chlorelle est-elle si bonne pour le corps humain ?<\/span><\/h2>\n<p><span style=\"color: #000000\">La chlorelle est riche en <strong>antioxydants et en chlorophylle, qui<\/strong> lient les toxines dans le corps et jouent un r\u00f4le extr\u00eamement purifiant et d\u00e9toxifiant dans le corps humain. Elle nettoie le sang, le foie et l&rsquo;ensemble de l&rsquo;appareil digestif. Elle am\u00e9liore \u00e9galement la digestion et est aid\u00e9e par l&rsquo;enzyme digestive pepsine, qui est produite dans la chlorelle et intervient dans le syst\u00e8me digestif. La chlorelle contient 18 acides amin\u00e9s, dont 8 sont essentiels, ce qui lui conf\u00e8re une composition prot\u00e9ique id\u00e9ale. Elle est \u00e9galement riche en vitamines et min\u00e9raux tels que les vitamines B, les vitamines C, E et K, ainsi que le fer, le calcium, le magn\u00e9sium, le phosphore et, bien s\u00fbr, l&rsquo;iode.<\/span><\/p>\n<p><span style=\"color: #000000\">Elle est \u00e9galement connue comme une algue <strong>digestive<\/strong>, car elle contribue \u00e0 la croissance des bonnes bact\u00e9ries dans les intestins et \u00e0 une bonne flore intestinale. Gr\u00e2ce \u00e0 sa forte teneur en chlorophylle, <strong>elle nettoie les intestins, le foie et le sang<\/strong>. Il d\u00e9toxifie \u00e9galement l&rsquo;ensemble du corps et aide \u00e0 lutter contre la constipation. Un sang propre et une bonne digestion ont \u00e9galement un effet positif sur l&rsquo;aspect et la sant\u00e9 de notre peau &#8211; notre plus grand organe. La chlorelle peut \u00e9galement aider \u00e0 lutter contre la <strong>candidose<\/strong>.<\/span><\/p>\n<p><span style=\"color: #000000\">La chlorelle contient <strong>beaucoup de fer, qui<\/strong> est rapidement absorb\u00e9 par le corps et utilis\u00e9 pour les globules rouges. Elle a donc un effet positif sur les probl\u00e8mes d&rsquo;an\u00e9mie, de fatigue, de surmenage et de malaise. Elle a \u00e9galement un effet b\u00e9n\u00e9fique sur les personnes qui se remettent d&rsquo;une maladie de longue dur\u00e9e.<\/span><\/p>\n<p><span style=\"color: #000000\">Le facteur de croissance de la chlorelle<strong> favorise la r\u00e9g\u00e9n\u00e9ration cellulaire,<\/strong> de sorte que les blessures cicatrisent plus rapidement, que vous \u00eates plus r\u00e9sistant aux infections et que vous avez plus d&rsquo;\u00e9nergie.<\/span><\/p>\n<h2><span style=\"color: #000000\">A qui s&rsquo;adresse la chlorelle ?<\/span><\/h2>\n<p><span style=\"color: #000000\">Comme la spiruline, la chlorelle est un excellent compl\u00e9ment nutritionnel pour tout le monde, mais elle est particuli\u00e8rement utile pour les personnes qui ne mangent pas de viande ou de produits \u00e0 base de viande, pour les personnes souffrant de malnutrition, pour les personnes \u00e2g\u00e9es et pour les malades. Elle convient \u00e9galement aux personnes qui ne consomment pas suffisamment de l\u00e9gumes verts frais de qualit\u00e9. Il convient \u00e9galement aux femmes enceintes et aux m\u00e8res qui allaitent et qui ont souvent un sang pauvre ou un faible taux de fer dans le sang. Il convient \u00e9galement aux sportifs, car il facilite l&rsquo;absorption des nutriments.<\/span><\/p>\n<p><span style=\"color: #000000\">Il convient \u00e9galement aux personnes qui sont expos\u00e9es \u00e0 un stress excessif et qui ont donc des difficult\u00e9s \u00e0 se concentrer.<\/span><\/p>\n<p><span style=\"color: #000000\">Elle convient aux personnes qui veulent maintenir leur poids ou perdre du poids, et la chlorelle est un excellent compagnon pour les diff\u00e9rents r\u00e9gimes (amaigrissants). Elle r\u00e9gule la digestion et nous <strong>apporte des nutriments importants<\/strong>.<\/span><\/p>\n<h2><span style=\"color: #000000\">Stockage et avertissements<\/span><\/h2>\n<p><span style=\"color: #000000\">Conserver dans un endroit frais et sec \u00e0 une temp\u00e9rature maximale de 25 \u00b0C. Tenir le compl\u00e9ment alimentaire hors de port\u00e9e des enfants !<\/span><\/p>\n<p><span style=\"color: #000000\">N&rsquo;oubliez pas l&rsquo;importance d&rsquo;une alimentation vari\u00e9e et d&rsquo;un mode de vie sain, un compl\u00e9ment alimentaire ne peut donc pas se substituer \u00e0 une alimentation \u00e9quilibr\u00e9e et vari\u00e9e. La quantit\u00e9 ou la dose journali\u00e8re recommand\u00e9e ne doit pas \u00eatre d\u00e9pass\u00e9e. Il est toujours conseill\u00e9 aux femmes enceintes et \u00e0 celles qui allaitent de consulter un m\u00e9decin avant d&rsquo;utiliser ce produit.<\/span><\/p>\n<p><span style=\"color: #000000\">La chlorelle peut contenir des sulfites, naturellement pr\u00e9sents dans les algues.<\/span><\/p>\n<h2><span style=\"color: #000000\">Conditionnement<\/span><\/h2>\n<p><span style=\"color: #000000\">Sachet zip-lock non perm\u00e9able, dans lequel le produit conserve toute sa fra\u00eecheur et son ar\u00f4me. L&#8217;emballage prot\u00e8ge de la lumi\u00e8re et de l&rsquo;air, car il est compos\u00e9 de plusieurs couches de protection qui pr\u00e9servent les propri\u00e9t\u00e9s du contenu.<\/span><\/p>\n<p><span style=\"color: #000000\">L&#8217;emballage est tr\u00e8s pratique et recyclable.<\/span><\/p>\n<h2><span style=\"color: #000000\">Origine<\/span><\/h2>\n<p><span style=\"color: #000000\">Chine.<\/span><\/p>\n<p><span style=\"color: #000000\">Nous avons des fournisseurs tr\u00e8s fiables qui nous envoient une analyse chimique d\u00e9taill\u00e9e de la denr\u00e9e alimentaire pour chaque lot. En plus de dix ans, nous n&rsquo;avons eu aucun rappel ou autre probl\u00e8me avec cet article, ni avec d&rsquo;autres articles du m\u00eame fournisseur.<\/span><\/p>\n<p><span style=\"color: #000000\">L&rsquo;article est certifi\u00e9 biologique \u00e0 100 %.<\/span><\/p>\n","protected":false},"excerpt":{"rendered":"<p align=\"JUSTIFY\">La chlorelle est la plante la plus riche en chlorophylle qui pousse dans les eaux douces du monde entier. La chlorelle pr\u00e9sente de nombreux avantages pour la sant\u00e9. Elle est avant tout connue comme une algue extr\u00eamement riche en prot\u00e9ines et dot\u00e9e d&rsquo;une structure id\u00e9ale riche et surtout \u00e9quilibr\u00e9e. Elle est \u00e9galement consid\u00e9r\u00e9e comme un excellent d\u00e9toxifiant gr\u00e2ce \u00e0 sa teneur en b\u00eata-carot\u00e8ne. Elle nous d\u00e9barrasse des substances nocives issues de l&rsquo;environnement pollu\u00e9 et de notre alimentation (pesticides, herbicides, m\u00e9taux lourds).<\/p>\n<p align=\"JUSTIFY\"><span style=\"color: #000000\">\ud83d\udc9a Il contribue \u00e0 la d\u00e9toxification de l&rsquo;organisme.<\/span><br \/>\n<span style=\"color: #000000\">\ud83d\udc9a Elle a une forte teneur en antioxydants et en chlorophylle.<\/span><br \/>\n<span style=\"color: #000000\"> \ud83d\udc9a Il nettoie les intestins, le foie et le sang.<\/span><br \/>\n<span style=\"color: #000000\">\ud83d\udc9a C&rsquo;est une riche source de prot\u00e9ines v\u00e9g\u00e9tales.<\/span><\/p>\n<p align=\"JUSTIFY\">\n","protected":false},"featured_media":6247,"comment_status":"open","ping_status":"closed","template":"","meta":{"_acf_changed":false},"product_brand":[],"product_cat":[15,237,224,231,225],"product_tag":[],"class_list":{"0":"post-6246","1":"product","2":"type-product","3":"status-publish","4":"has-post-thumbnail","6":"product_cat-uncategorized","7":"product_cat-algues-et-graminees","8":"product_cat-offre","9":"product_cat-superaliments","10":"product_cat-tous-les-produits","12":"first","13":"instock","14":"sale","15":"taxable","16":"shipping-taxable","17":"purchasable","18":"product-type-simple"},"acf":[],"_links":{"self":[{"href":"https:\/\/fengchashop.com\/be-fr\/wp-json\/wp\/v2\/product\/6246","targetHints":{"allow":["GET"]}}],"collection":[{"href":"https:\/\/fengchashop.com\/be-fr\/wp-json\/wp\/v2\/product"}],"about":[{"href":"https:\/\/fengchashop.com\/be-fr\/wp-json\/wp\/v2\/types\/product"}],"replies":[{"embeddable":true,"href":"https:\/\/fengchashop.com\/be-fr\/wp-json\/wp\/v2\/comments?post=6246"}],"wp:featuredmedia":[{"embeddable":true,"href":"https:\/\/fengchashop.com\/be-fr\/wp-json\/wp\/v2\/media\/6247"}],"wp:attachment":[{"href":"https:\/\/fengchashop.com\/be-fr\/wp-json\/wp\/v2\/media?parent=6246"}],"wp:term":[{"taxonomy":"product_brand","embeddable":true,"href":"https:\/\/fengchashop.com\/be-fr\/wp-json\/wp\/v2\/product_brand?post=6246"},{"taxonomy":"product_cat","embeddable":true,"href":"https:\/\/fengchashop.com\/be-fr\/wp-json\/wp\/v2\/product_cat?post=6246"},{"taxonomy":"product_tag","embeddable":true,"href":"https:\/\/fengchashop.com\/be-fr\/wp-json\/wp\/v2\/product_tag?post=6246"}],"curies":[{"name":"wp","href":"https:\/\/api.w.org\/{rel}","templated":true}]}}