{"id":6242,"date":"2022-03-03T20:05:37","date_gmt":"2022-03-03T19:05:37","guid":{"rendered":"https:\/\/fengchashop.com\/be-fr\/product\/maca-en-poudre-bio-500-g\/"},"modified":"2026-04-30T17:24:17","modified_gmt":"2026-04-30T15:24:17","slug":"mac-en-poudre-bio","status":"publish","type":"product","link":"https:\/\/fengchashop.com\/be-fr\/product\/mac-en-poudre-bio\/","title":{"rendered":"Maca en poudre BIO 500 g"},"content":{"rendered":"<h2>Maca en poudre BIO<\/h2>\n<p><span style=\"color: #000000\">La maca est une plante-racine qui pousse sur les hauts plateaux p\u00e9ruviens et andins, expos\u00e9s \u00e0 des conditions climatiques extr\u00eames et \u00e0 de grandes diff\u00e9rences de temp\u00e9rature entre le jour et la nuit. Elle est \u00e9galement appel\u00e9e <strong>ginseng p\u00e9ruvien<\/strong>. Comme elle est pratiquement invincible en termes de survie, les anciens Incas ont exploit\u00e9 ses principes actifs, qui sont particuli\u00e8rement bons pour la puissance sexuelle masculine et ont un effet b\u00e9n\u00e9fique sur la sant\u00e9 en g\u00e9n\u00e9ral. C&rsquo;est pour cette derni\u00e8re raison qu&rsquo;il est consid\u00e9r\u00e9 comme un superaliment extr\u00eamement pr\u00e9cieux.<\/span><\/p>\n<p><span style=\"color: #000000\">La partie m\u00e9dicinale du macis est le tubercule, qui<strong> contient de nombreuses vitamines, min\u00e9raux et acides amin\u00e9s<\/strong>. Gr\u00e2ce \u00e0 ses propri\u00e9t\u00e9s hormonales, il r\u00e9gule les niveaux d&rsquo;\u0153strog\u00e8ne et de progest\u00e9rone, ou de testost\u00e9rone, qui ont un effet b\u00e9n\u00e9fique sur notre bien-\u00eatre et nous donnent de la force et de l&rsquo;endurance. Sa teneur en vitamines importantes telles que les vitamines B1, B12, C et E, ainsi qu&rsquo;en acides gras, min\u00e9raux et acides amin\u00e9s (dont 7 essentiels &#8211; ceux dont notre corps a besoin), fait de la maca l&rsquo;un des super-aliments naturels les plus efficaces, d\u00e9sirables et recommand\u00e9s, dont la tradition remonte \u00e0 des milliers d&rsquo;ann\u00e9es.<\/span><\/p>\n<p><span style=\"color: #000000\">C&rsquo;est une<strong> plante adaptog\u00e8ne<\/strong> qui <strong>augmente l&rsquo;\u00e9nergie, l&rsquo;endurance, la vitalit\u00e9 et la force physique.<\/strong> C&rsquo;est dans les Andes du centre du P\u00e9rou qu&rsquo;elle est la plus abondante, dans des conditions difficiles et \u00e0 tr\u00e8s haute altitude &#8211; plus de 4000 m\u00e8tres. C&rsquo;est un l\u00e9gume crucif\u00e8re comme le brocoli, le chou-fleur, le navet, le chou, le chou fris\u00e9 et le radis. La partie la plus comestible de la plante est la racine ou le tubercule. Elle se pr\u00e9sente sous plusieurs couleurs, du blanc au noir. Les couleurs les plus populaires sont le <strong>jaune, le rouge et le noir.<\/strong> La maca jaune ordinaire est utilis\u00e9e pour la consommation quotidienne et \u00e0 long terme. La maca rouge et la maca noire sont consid\u00e9r\u00e9es comme des vari\u00e9t\u00e9s sacr\u00e9es et sont utilis\u00e9es pour des probl\u00e8mes th\u00e9rapeutiques chroniques.<\/span><\/p>\n<p><span style=\"color: #000000\">Elle a un go\u00fbt tr\u00e8s doux et un large \u00e9ventail d&rsquo;utilisations.<\/span><\/p>\n<p><span style=\"color: #000000\">Notre maca est<strong> 100% biologique<\/strong>.<\/span><\/p>\n<h2><span style=\"color: #000000\">Quelles sont les principales propri\u00e9t\u00e9s de la maca ?<\/span><\/h2>\n<p><strong><span style=\"color: #000000\">Elle est tr\u00e8s nutritive<\/span><\/strong><\/p>\n<p><span style=\"color: #000000\">La maca est une excellente source de plusieurs vitamines et min\u00e9raux importants tels que les vitamines C, A, E, B2, B6, B12, le cuivre, le magn\u00e9sium, le s\u00e9l\u00e9nium, le calcium, le potassium, le sodium, le phosphore, le mangan\u00e8se et le fer. C&rsquo;est une bonne source d&rsquo;hydrates de carbone, d&rsquo;acides amin\u00e9s et de graisses, et elle contient une quantit\u00e9 importante de fibres et d&rsquo;autres phytonutriments. Il contient \u00e9galement divers compos\u00e9s v\u00e9g\u00e9taux tels que les glucosinolates, les polyph\u00e9nols et les phytost\u00e9rols, qui inhibent l&rsquo;absorption du cholest\u00e9rol et peuvent m\u00eame en r\u00e9duire le taux dans le sang.<\/span><\/p>\n<p><strong><span style=\"color: #000000\">Augmente la libido<\/span><\/strong><\/p>\n<p><span style=\"color: #000000\">Augmente la libido chez les hommes et les femmes. C&rsquo;est un aphrodisiaque naturel. \u00c9limine les troubles de l&rsquo;\u00e9rection. La maca est efficace pour am\u00e9liorer le d\u00e9sir sexuel et cette affirmation est \u00e9tay\u00e9e par diverses \u00e9tudes. Une \u00e9tude de 2010 impliquant quatre \u00e9tudes cliniques avec un total de 131 participants a montr\u00e9 que la maca am\u00e9liore le d\u00e9sir sexuel apr\u00e8s au moins six semaines de consommation. Une autre \u00e9tude a montr\u00e9 que la maca r\u00e9duit la dysfonction sexuelle caus\u00e9e par les m\u00e9dicaments utilis\u00e9s pour traiter la d\u00e9pression.<\/span><\/p>\n<p><strong><span style=\"color: #000000\">Augmentation de la fertilit\u00e9<\/span><\/strong><\/p>\n<p><span style=\"color: #000000\">La maca augmente la fertilit\u00e9 chez les hommes et les femmes. Une analyse de cinq petites \u00e9tudes a montr\u00e9 que la maca augmente la production de spermatozo\u00efdes et am\u00e9liore la qualit\u00e9 du sperme chez des hommes infertiles mais par ailleurs en bonne sant\u00e9. Apr\u00e8s quatre mois de consommation de maca, le volume, le nombre et le mouvement des spermatozo\u00efdes ont augment\u00e9. Chez les femmes, la maca r\u00e9gule le cycle menstruel et soulage les sympt\u00f4mes du syndrome pr\u00e9menstruel et les douleurs menstruelles.<\/span><\/p>\n<p><strong><span style=\"color: #000000\">R\u00e9duire la taille de la prostate<\/span><\/strong><\/p>\n<p><span style=\"color: #000000\">Certaines \u00e9tudes ont montr\u00e9 que la maca rouge r\u00e9duit la taille de la prostate car elle contient une grande quantit\u00e9 de glucosinolates. Ces glucosinolates sont \u00e9galement associ\u00e9s \u00e0 un risque plus faible de cancer de la prostate et \u00e0 une prostate plus saine.<\/span><\/p>\n<p><strong><span style=\"color: #000000\">\u00c9quilibre hormonal<\/span><\/strong><\/p>\n<p><span style=\"color: #000000\">Soutient le syst\u00e8me endocrinien qui, entre autres, transporte l&rsquo;oxyg\u00e8ne dans le corps. Il stimule le bon fonctionnement des glandes (hypothalamus, hypophyse, glandes surr\u00e9nales, thyro\u00efde) et donc la production d&rsquo;hormones (progest\u00e9rone, testost\u00e9rone, DHEA) et r\u00e9gule le fonctionnement de l&rsquo;ensemble du syst\u00e8me hormonal. Le bon fonctionnement du syst\u00e8me endocrinien est \u00e9galement li\u00e9 au bon fonctionnement du syst\u00e8me immunitaire. Si l&rsquo;\u00e9quilibre du syst\u00e8me endocrinien est perturb\u00e9, la capacit\u00e9 de notre m\u00e9canisme de d\u00e9fense est r\u00e9duite.<\/span><\/p>\n<p><strong><span style=\"color: #000000\">Soulage les sympt\u00f4mes de la m\u00e9nopause et de l&rsquo;andropause (m\u00e9nopause masculine)<\/span><\/strong><\/p>\n<p><span style=\"color: #000000\">La baisse naturelle des \u0153strog\u00e8nes qui survient pendant la m\u00e9nopause peut provoquer toute une s\u00e9rie de sympt\u00f4mes d\u00e9sagr\u00e9ables tels que bouff\u00e9es de chaleur, s\u00e9cheresse vaginale, sautes d&rsquo;humeur, troubles du sommeil et irritabilit\u00e9. Une \u00e9tude men\u00e9e aupr\u00e8s de femmes m\u00e9nopaus\u00e9es a montr\u00e9 que la maca contribuait \u00e0 soulager les sympt\u00f4mes de la m\u00e9nopause, notamment les bouff\u00e9es de chaleur et les troubles du sommeil. La maca contribue \u00e9galement \u00e0 prot\u00e9ger la sant\u00e9 des os et \u00e0 r\u00e9duire le risque d&rsquo;ost\u00e9oporose. Elle ralentit le processus de vieillissement.<\/span><\/p>\n<p><strong><span style=\"color: #000000\">Am\u00e9lioration de l&rsquo;humeur<\/span><\/strong><\/p>\n<p><span style=\"color: #000000\">Plusieurs \u00e9tudes ont d\u00e9j\u00e0 montr\u00e9 que la maca peut am\u00e9liorer l&rsquo;humeur et le bien-\u00eatre mental, car elle contient des flavonides. Elle r\u00e9duit \u00e9galement l&rsquo;anxi\u00e9t\u00e9 et les sympt\u00f4mes de d\u00e9pression, en particulier chez les femmes m\u00e9nopaus\u00e9es. Elle aide \u00e0 r\u00e9duire le stress et la tension nerveuse en augmentant la quantit\u00e9 d&rsquo;oxyg\u00e8ne dans le sang.<\/span><\/p>\n<p><strong><span style=\"color: #000000\">Augmente l&rsquo;\u00e9nergie et les performances sportives<\/span><\/strong><\/p>\n<p><span style=\"color: #000000\">La maca est \u00e9galement utilis\u00e9e par les sportifs. Elle nous aide \u00e0 gagner de la masse musculaire, \u00e0 augmenter la force, l&rsquo;\u00e9nergie, l&rsquo;endurance et \u00e0 am\u00e9liorer les performances sportives. La consommation de maca peut am\u00e9liorer les performances sportives, en particulier lors d&rsquo;un entra\u00eenement d&rsquo;endurance. Elle aide \u00e0 lutter contre la fatigue chronique. Elle augmente la vitalit\u00e9 du corps et l&rsquo;\u00e9nergie mentale et physique.<\/span><\/p>\n<p><strong><span style=\"color: #000000\">Effet b\u00e9n\u00e9fique sur l&rsquo;apprentissage et la m\u00e9moire<\/span><\/strong><\/p>\n<p><span style=\"color: #000000\">La maca peut am\u00e9liorer les fonctions c\u00e9r\u00e9brales et a un effet b\u00e9n\u00e9fique sur l&rsquo;apprentissage, la concentration et la m\u00e9moire. Traditionnellement, elle est utilis\u00e9e par les populations indig\u00e8nes du P\u00e9rou pour am\u00e9liorer les performances scolaires des enfants. Dans ce cas, la maca noire s&rsquo;est av\u00e9r\u00e9e la plus efficace.<\/span><\/p>\n<h2><span style=\"color: #000000\">Quels sont les probl\u00e8mes qu&rsquo;elle aide \u00e0 r\u00e9soudre, ou \u00e0 qui est-elle recommand\u00e9e ?<\/span><\/h2>\n<p><span style=\"color: #000000\">La maca est une plante adaptog\u00e8ne, c&rsquo;est-\u00e0-dire qu&rsquo;elle s&rsquo;adapte aux besoins de l&rsquo;individu. Les adaptog\u00e8nes renforcent les syst\u00e8mes organiques (respiratoire, digestif, urinaire, etc.) mais ne les surstimulent pas et n&rsquo;interf\u00e8rent pas avec leur fonctionnement. Les adaptog\u00e8nes sont recommand\u00e9s aux personnes qui ont besoin d&rsquo;aide pour :<\/span><\/p>\n<p><span style=\"color: #000000\"> surmonter les probl\u00e8mes li\u00e9s aux <strong>sautes d&rsquo;humeur,<\/strong><\/span><br \/>\n<span style=\"color: #000000\"> l&rsquo;infertilit\u00e9 et les probl\u00e8mes li\u00e9s \u00e0 la<strong> m\u00e9nopause,<\/strong><\/span><br \/>\n<span style=\"color: #000000\"> obtenir de meilleures <strong>performances mentales et physiques,<\/strong><\/span><br \/>\n<span style=\"color: #000000\">l&rsquo;augmentation de la <strong>puissance sexuelle,<\/strong><\/span><br \/>\n<span style=\"color: #000000\">de nombreux autres probl\u00e8mes de sant\u00e9.<\/span><\/p>\n<h2><span style=\"color: #000000\">Pourquoi commander notre maca ?<\/span><\/h2>\n<p><span style=\"color: #000000\">Notre poudre de maca est issue d&rsquo;une <strong>production biologique contr\u00f4l\u00e9e,<\/strong> soigneusement s\u00e9ch\u00e9e et moulue en une poudre semblable \u00e0 de la farine. En outre, nous veillons r\u00e9guli\u00e8rement \u00e0 ce que nos stocks de maca soient toujours <strong>frais !<\/strong> C&rsquo;est \u00e9galement pour cette raison que nous pr\u00e9parons soigneusement le m\u00e9lange nous-m\u00eames, car c&rsquo;est la seule fa\u00e7on de garantir son int\u00e9grit\u00e9 avec des ingr\u00e9dients frais dans les bonnes proportions.<\/span><\/p>\n<p><span style=\"color: #000000\">La maca provient de<strong> fermes biologiques de<\/strong> haute montagne du P\u00e9rou<strong> et<\/strong> nous avons analys\u00e9 et valid\u00e9 chaque lot.<\/span><\/p>\n<h2><span style=\"color: #000000\">Stockage et avertissements<\/span><\/h2>\n<p><span style=\"color: #000000\">Conserver dans un endroit frais et sec \u00e0 une temp\u00e9rature maximale de 25 \u00b0C. Tenir le compl\u00e9ment alimentaire hors de port\u00e9e des enfants !<\/span><\/p>\n<p><span style=\"color: #000000\">N&rsquo;oubliez pas l&rsquo;importance d&rsquo;une alimentation vari\u00e9e et d&rsquo;un mode de vie sain. Un compl\u00e9ment alimentaire ne peut donc pas se substituer \u00e0 une alimentation \u00e9quilibr\u00e9e et vari\u00e9e. La quantit\u00e9 ou la dose journali\u00e8re recommand\u00e9e ne doit pas \u00eatre d\u00e9pass\u00e9e. Il est toujours conseill\u00e9 aux femmes enceintes et \u00e0 celles qui allaitent de consulter un m\u00e9decin avant d&rsquo;utiliser ce produit.<\/span><\/p>\n<h2><span style=\"color: #000000\">Conditionnement<\/span><\/h2>\n<p><span style=\"color: #000000\">Sachet zip-lock non perm\u00e9able o\u00f9 le produit conserve toute sa fra\u00eecheur et son ar\u00f4me. L&#8217;emballage prot\u00e8ge le produit de la lumi\u00e8re et de l&rsquo;air, car il se compose de plusieurs couches de protection pour pr\u00e9server les propri\u00e9t\u00e9s du contenu.<\/span><\/p>\n<p><span style=\"color: #000000\">L&#8217;emballage est tr\u00e8s pratique et recyclable.<\/span><\/p>\n<h2><span style=\"color: #000000\">Origine du produit<\/span><\/h2>\n<p><span style=\"color: #000000\">P\u00e9rou<\/span><\/p>\n","protected":false},"excerpt":{"rendered":"<p align=\"JUSTIFY\">La maca est une plante-racine qui pousse sur les hauts plateaux des Andes p\u00e9ruviennes, expos\u00e9s \u00e0 des<strong> conditions climatiques extr\u00eames<\/strong> et \u00e0 de grandes diff\u00e9rences de temp\u00e9rature entre le jour et la nuit. La partie m\u00e9dicinale de la maca est le tubercule, qui contient de nombreuses<strong> vitamines, min\u00e9raux et acides amin\u00e9s<\/strong>. Contenant des vitamines importantes telles que les vitamines B1, B12, C et E, ainsi que des acides gras, des min\u00e9raux et des acides amin\u00e9s, la maca est l&rsquo;un des super-aliments naturels les plus efficaces, les plus d\u00e9sirables et les plus recommand\u00e9s, dont la tradition remonte \u00e0 des milliers d&rsquo;ann\u00e9es.<\/p>\n<p>\ud83d\udc9aAugmenter la force physique et l&rsquo;endurance<\/p>\n<p align=\"JUSTIFY\">\ud83d\udc9a Augmente la libido.<br \/>\n\ud83d\udc9a Soulage les sympt\u00f4mes de la m\u00e9nopause et de l&rsquo;andropause.<br \/>\n\ud83d\udc9a Am\u00e9liore l&rsquo;humeur, \u00e9loigne le stress et l&rsquo;anxi\u00e9t\u00e9.<br \/>\n\ud83d\udc9a Augmente l&rsquo;\u00e9nergie.<\/p>\n","protected":false},"featured_media":6243,"comment_status":"open","ping_status":"closed","template":"","meta":{"_acf_changed":false},"product_brand":[],"product_cat":[15,224,231,225],"product_tag":[],"class_list":{"0":"post-6242","1":"product","2":"type-product","3":"status-publish","4":"has-post-thumbnail","6":"product_cat-uncategorized","7":"product_cat-offre","8":"product_cat-superaliments","9":"product_cat-tous-les-produits","11":"first","12":"instock","13":"sale","14":"taxable","15":"shipping-taxable","16":"purchasable","17":"product-type-simple"},"acf":[],"_links":{"self":[{"href":"https:\/\/fengchashop.com\/be-fr\/wp-json\/wp\/v2\/product\/6242","targetHints":{"allow":["GET"]}}],"collection":[{"href":"https:\/\/fengchashop.com\/be-fr\/wp-json\/wp\/v2\/product"}],"about":[{"href":"https:\/\/fengchashop.com\/be-fr\/wp-json\/wp\/v2\/types\/product"}],"replies":[{"embeddable":true,"href":"https:\/\/fengchashop.com\/be-fr\/wp-json\/wp\/v2\/comments?post=6242"}],"wp:featuredmedia":[{"embeddable":true,"href":"https:\/\/fengchashop.com\/be-fr\/wp-json\/wp\/v2\/media\/6243"}],"wp:attachment":[{"href":"https:\/\/fengchashop.com\/be-fr\/wp-json\/wp\/v2\/media?parent=6242"}],"wp:term":[{"taxonomy":"product_brand","embeddable":true,"href":"https:\/\/fengchashop.com\/be-fr\/wp-json\/wp\/v2\/product_brand?post=6242"},{"taxonomy":"product_cat","embeddable":true,"href":"https:\/\/fengchashop.com\/be-fr\/wp-json\/wp\/v2\/product_cat?post=6242"},{"taxonomy":"product_tag","embeddable":true,"href":"https:\/\/fengchashop.com\/be-fr\/wp-json\/wp\/v2\/product_tag?post=6242"}],"curies":[{"name":"wp","href":"https:\/\/api.w.org\/{rel}","templated":true}]}}