{"id":6224,"date":"2022-03-03T10:14:54","date_gmt":"2022-03-03T09:14:54","guid":{"rendered":"https:\/\/fengchashop.com\/be-fr\/product\/chardon-marie-en-poudre-bio-250-g\/"},"modified":"2025-12-18T10:00:04","modified_gmt":"2025-12-18T09:00:04","slug":"chardon-marie-en-poudre-bio","status":"publish","type":"product","link":"https:\/\/fengchashop.com\/be-fr\/product\/chardon-marie-en-poudre-bio\/","title":{"rendered":"Chardon Marie en poudre BIO 250 g"},"content":{"rendered":"<h2>Chardon Marie BIO<\/h2>\n<p><span style=\"color: #000000\">La poudre de chardon tachet\u00e9 (Silybum marianum) est issue de l&rsquo;agriculture biologique et est de premi\u00e8re qualit\u00e9.<\/span><\/p>\n<p><span style=\"color: #000000\">Parfois \u00e9galement appel\u00e9e chardon de Sainte-Marie, c&rsquo;est l&rsquo;herbe la plus connue<strong> pour traiter les maladies du foie<\/strong>. Elle est cultiv\u00e9e depuis la Gr\u00e8ce et la Rome antiques. Elle pousse dans de nombreuses r\u00e9gions d&rsquo;Europe et d&rsquo;Asie.<\/span><\/p>\n<p><span style=\"color: #000000\">La centaur\u00e9e tachet\u00e9e peut \u00eatre consomm\u00e9e par toute personne souhaitant prot\u00e9ger son foie, ayant une alimentation d\u00e9s\u00e9quilibr\u00e9e, des br\u00fblures d&rsquo;estomac, d&rsquo;autres probl\u00e8mes digestifs ou \u00e9tant constamment stress\u00e9e. Rappelons que tout ce que nous mangeons et buvons passe \u00e9galement par le foie. En tant que filtre, il \u00e9limine les substances toxiques de l&rsquo;organisme.<\/span><\/p>\n<p><span style=\"color: #000000\">La centaur\u00e9e macul\u00e9e, en particulier, prot\u00e8ge le foie des toxines et <strong>aide \u00e0 la d\u00e9sintoxication<\/strong>. Elle aide \u00e9galement \u00e0 lutter contre les l\u00e9sions h\u00e9patiques caus\u00e9es par les traitements anticanc\u00e9reux. La substance cl\u00e9 est la <strong>silymarine.<\/strong> Elle prot\u00e8ge la paroi cellulaire en emp\u00eachant la p\u00e9n\u00e9tration de substances nocives. La silymarine r\u00e9g\u00e9n\u00e8re et stimule \u00e9galement les cellules du foie. Elle agit sur les l\u00e9sions et les inflammations du foie, ainsi que sur la cirrhose et l&rsquo;h\u00e9patite.<\/span><\/p>\n<p><span style=\"color: #000000\">Elle aide \u00e9galement \u00e0 lutter contre l&rsquo;<strong>indigestion, les spasmes des organes internes, pr\u00e9vient les calculs biliaires et favorise l&rsquo;\u00e9coulement de la bile<\/strong>.<\/span><\/p>\n<h2><span style=\"color: #000000\">Comment le chardon tachet\u00e9 agit-il ?<\/span><\/h2>\n<p><span style=\"color: #000000\">Le foie est l&rsquo;organe le plus important lorsqu&rsquo;il s&rsquo;agit de nettoyer et de d\u00e9sintoxiquer l&rsquo;organisme. Dans le monde moderne &#8211; plein d&rsquo;aliments transform\u00e9s et de stress &#8211; le foie est souvent excessivement encombr\u00e9, ce qui a un effet n\u00e9faste sur notre sant\u00e9, entre autres. Le foie ne peut pas ou difficilement faire son travail. Il en r\u00e9sulte une <strong>sensation de malaise, de ballonnement et de fatigue<\/strong>. On observe aussi souvent une accumulation excessive de graisse autour de la taille et un exc\u00e8s de poids. Dans le cas contraire, la maladie peut \u00e9voluer sans sympt\u00f4mes apparents, mais elle peut entra\u00eener des probl\u00e8mes et des maladies graves.<\/span><\/p>\n<p><span style=\"color: #000000\">Il a \u00e9t\u00e9 d\u00e9montr\u00e9 que la centaur\u00e9e tachet\u00e9e aide \u00e0 prot\u00e9ger le foie et \u00e0 d\u00e9toxifier l&rsquo;organisme.<\/span><\/p>\n<p><span style=\"color: #000000\">Gr\u00e2ce \u00e0 son principe actif central (la silymarine), le chardon tachet\u00e9 aurait \u00e9galement un effet sur <strong>la r\u00e9duction des processus oxydatifs<\/strong> en augmentant les substances protectrices naturelles et en pi\u00e9geant les radicaux libres gr\u00e2ce \u00e0 son action antioxydante.<\/span><\/p>\n<h2><span style=\"color: #000000\">A qui est-il recommand\u00e9 de prendre de la poudre de chardon tachet\u00e9?<\/span><\/h2>\n<p><span style=\"color: #000000\">La centaur\u00e9e tachet\u00e9e est particuli\u00e8rement recommand\u00e9e aux personnes qui souffrent de probl\u00e8mes h\u00e9patiques, de st\u00e9atose h\u00e9patique, de ballonnements et de picotements dans la r\u00e9gion des c\u00f4tes. La prise de chardon tachet\u00e9 est \u00e9galement une excellente cure de d\u00e9sintoxication. La<strong> pollution environnementale, le surpoids<\/strong> ou l&rsquo;ob\u00e9sit\u00e9, la <strong>consommation d&rsquo;aliments transform\u00e9s et gras et d&rsquo;alcool, un mode de vie trop s\u00e9dentaire<\/strong> peuvent entra\u00eener une st\u00e9atose h\u00e9patique. Comme cette affection se manifeste rarement par des sympt\u00f4mes ou se r\u00e9v\u00e8le lorsque la maladie est d\u00e9j\u00e0 avanc\u00e9e, il est important de prendre des<strong> mesures pr\u00e9ventives<\/strong>.<\/span><\/p>\n<h2><span style=\"color: #000000\">Stockage et avertissements<\/span><\/h2>\n<p><span style=\"color: #000000\">Conserver dans un endroit frais et sec \u00e0 une temp\u00e9rature maximale de 25 \u00b0C. Tenir le compl\u00e9ment alimentaire hors de port\u00e9e des enfants !<\/span><\/p>\n<p><span style=\"color: #000000\">N&rsquo;oubliez pas l&rsquo;importance d&rsquo;une alimentation vari\u00e9e et d&rsquo;un mode de vie sain. Un compl\u00e9ment alimentaire ne peut donc pas se substituer \u00e0 une alimentation \u00e9quilibr\u00e9e et vari\u00e9e. La quantit\u00e9 ou la dose journali\u00e8re recommand\u00e9e ne doit pas \u00eatre d\u00e9pass\u00e9e. Il est d\u00e9conseill\u00e9 aux femmes enceintes et \u00e0 celles qui allaitent d&rsquo;utiliser ce produit. La prudence est \u00e9galement de mise lors de la prise de certains m\u00e9dicaments contre le diab\u00e8te.<\/span><\/p>\n<h2><span style=\"color: #000000\">Conditionnement<\/span><\/h2>\n<p><span style=\"color: #000000\">Sachet zipp\u00e9 non perm\u00e9able o\u00f9 le produit conserve toute sa fra\u00eecheur et son ar\u00f4me. L&#8217;emballage prot\u00e8ge le produit de la lumi\u00e8re et de l&rsquo;air, car il est compos\u00e9 de plusieurs couches de protection pour pr\u00e9server les propri\u00e9t\u00e9s du contenu.<\/span><\/p>\n<p><span style=\"color: #000000\">L&#8217;emballage est tr\u00e8s pratique et recyclable.<\/span><\/p>\n<h2><span style=\"color: #000000\">L&rsquo;origine<\/span><\/h2>\n<p><span style=\"color: #000000\">EU<\/span><\/p>\n","protected":false},"excerpt":{"rendered":"<p align=\"JUSTIFY\">Parfois \u00e9galement appel\u00e9e chardon de Sainte-Marie, la centaur\u00e9e macul\u00e9e est la plante la plus connue pour traiter les maladies du foie, car :<\/p>\n<p align=\"JUSTIFY\"><span style=\"color: #000000\"> \ud83d\udc9a elle prot\u00e8ge le foie des toxines,<\/span><br \/>\n<span style=\"color: #000000\"> \ud83d\udc9a aide \u00e0 la d\u00e9sintoxication,<\/span><br \/>\n<span style=\"color: #000000\">\ud83d\udc9a a des propri\u00e9t\u00e9s antioxydantes,<\/span><br \/>\n<span style=\"color: #000000\">\ud83d\udc9a soulage les maladies du foie.<\/span><\/p>\n<p align=\"JUSTIFY\">\n","protected":false},"featured_media":6225,"comment_status":"open","ping_status":"closed","template":"","meta":{"_acf_changed":false},"product_brand":[],"product_cat":[15,194,224,231,225],"product_tag":[],"class_list":{"0":"post-6224","1":"product","2":"type-product","3":"status-publish","4":"has-post-thumbnail","6":"product_cat-uncategorized","7":"product_cat-ayurveda","8":"product_cat-offre","9":"product_cat-superaliments","10":"product_cat-tous-les-produits","12":"first","13":"instock","14":"taxable","15":"shipping-taxable","16":"purchasable","17":"product-type-simple"},"acf":[],"_links":{"self":[{"href":"https:\/\/fengchashop.com\/be-fr\/wp-json\/wp\/v2\/product\/6224","targetHints":{"allow":["GET"]}}],"collection":[{"href":"https:\/\/fengchashop.com\/be-fr\/wp-json\/wp\/v2\/product"}],"about":[{"href":"https:\/\/fengchashop.com\/be-fr\/wp-json\/wp\/v2\/types\/product"}],"replies":[{"embeddable":true,"href":"https:\/\/fengchashop.com\/be-fr\/wp-json\/wp\/v2\/comments?post=6224"}],"wp:featuredmedia":[{"embeddable":true,"href":"https:\/\/fengchashop.com\/be-fr\/wp-json\/wp\/v2\/media\/6225"}],"wp:attachment":[{"href":"https:\/\/fengchashop.com\/be-fr\/wp-json\/wp\/v2\/media?parent=6224"}],"wp:term":[{"taxonomy":"product_brand","embeddable":true,"href":"https:\/\/fengchashop.com\/be-fr\/wp-json\/wp\/v2\/product_brand?post=6224"},{"taxonomy":"product_cat","embeddable":true,"href":"https:\/\/fengchashop.com\/be-fr\/wp-json\/wp\/v2\/product_cat?post=6224"},{"taxonomy":"product_tag","embeddable":true,"href":"https:\/\/fengchashop.com\/be-fr\/wp-json\/wp\/v2\/product_tag?post=6224"}],"curies":[{"name":"wp","href":"https:\/\/api.w.org\/{rel}","templated":true}]}}