{"id":6222,"date":"2022-03-03T09:56:17","date_gmt":"2022-03-03T08:56:17","guid":{"rendered":"https:\/\/fengchashop.com\/be-fr\/product\/poudre-damla-bio-250-g\/"},"modified":"2026-04-18T03:55:57","modified_gmt":"2026-04-18T01:55:57","slug":"poudre-damla-bio","status":"publish","type":"product","link":"https:\/\/fengchashop.com\/be-fr\/product\/poudre-damla-bio\/","title":{"rendered":"Poudre d&rsquo;amla BIO 250 g"},"content":{"rendered":"<h2><span style=\"color: #000000\">Poudre d&rsquo;amla BIO<\/span><\/h2>\n<p><span style=\"color: #000000\">L&rsquo;amla est \u00e9galement connu sous le nom d&rsquo;<strong> amalaki ou de groseille \u00e0 maquereau indienne<\/strong>. L&rsquo;amla est un fruit vert qui ressemble \u00e0 une groseille et qui a un go\u00fbt aigre-doux int\u00e9ressant. Dans l&rsquo;Ayurveda, il est consid\u00e9r\u00e9 comme le <strong>fruit de la jeunesse et de la beaut\u00e9<\/strong>. En Orient, l&rsquo;amla est c\u00e9l\u00e9br\u00e9 comme un don de Dieu \u00e0 l&rsquo;humanit\u00e9. On le trouve dans les r\u00e9gions de basse montagne du sous-continent indien. Le fruit de l&rsquo;amla est simplement s\u00e9ch\u00e9 et d\u00e9licatement broy\u00e9 en une fine poudre. Selon l&rsquo;Ayurveda, l&rsquo;amla \u00e9quilibre les trois \u00e9nergies vitales (vata, pitta et kapha).<\/span><\/p>\n<p><span style=\"color: #000000\">L&rsquo;amla est extr\u00eamement <strong>riche en vitamine C<\/strong> (environ 4 g pour 100 g de poudre) et contient de nombreux <strong>antioxydants, tanins, flavono\u00efdes, lipides, vitamines et min\u00e9raux ainsi que d&rsquo;autres huiles essentielles<\/strong>.<\/span><\/p>\n<p><span style=\"color: #000000\">Effets :<\/span><\/p>\n<p><span style=\"color: #000000\"> \ud83d\udc9a am\u00e9liore le <strong>syst\u00e8me immunitaire<\/strong>,<\/span><br \/>\n<span style=\"color: #000000\"> \ud83d\udc9a <strong>rajeunit<\/strong> (effet anti-\u00e2ge),<\/span><br \/>\n<span style=\"color: #000000\">\ud83d\udc9a renforce le <strong>syst\u00e8me cardiovasculaire,<\/strong><\/span><br \/>\n<span style=\"color: #000000\">\ud83d\udc9a stimule la<strong> croissance des cheveux,<\/strong><\/span><br \/>\n<span style=\"color: #000000\">\ud83d\udc9a nettoie et <strong>hydrate la peau,<\/strong><\/span><br \/>\n<span style=\"color: #000000\"><strong> \ud83d\udc9a am\u00e9liore la digestion<\/strong> et agit comme un diur\u00e9tique l\u00e9ger,<\/span><br \/>\n<span style=\"color: #000000\">\ud83d\udc9a action<strong> antivirale et antibact\u00e9rienne<\/strong>,<\/span><br \/>\n<span style=\"color: #000000\"><strong> \ud83d\udc9a d\u00e9truit les radicaux libres.<\/strong><\/span><\/p>\n<p><span style=\"color: #000000\">Il est \u00e9galement utilis\u00e9 traditionnellement pour rem\u00e9dier aux<strong>probl\u00e8mes de cuir chevelu et de peau sale<\/strong>. On peut en faire une p\u00e2te pour le cuir chevelu ou un masque pour le visage.<\/span><br \/>\n<span style=\"color: #000000\">Il agit <strong>contre la chute des cheveux, renforce le cuir chevelu et, avec un usage r\u00e9gulier, peut redonner de la couleur aux cheveux grisonnants<\/strong>. Elle se m\u00e9lange bien avec d&rsquo;autres colorations naturelles.<\/span><\/p>\n<p><span style=\"color: #000000\">Elle agit \u00e9galement sur l&rsquo;<strong>\u00e9lasticit\u00e9 de la peau, la nettoie et pr\u00e9vient les rides<\/strong>.<\/span><\/p>\n<h2><span style=\"color: #000000\">Stockage et avertissements<\/span><\/h2>\n<p><span style=\"color: #000000\">Conserver dans un endroit frais et sec. Tenir le compl\u00e9ment alimentaire hors de port\u00e9e des enfants !<\/span><\/p>\n<p><span style=\"color: #000000\">N&rsquo;oubliez pas l&rsquo;importance d&rsquo;une alimentation vari\u00e9e et d&rsquo;un mode de vie sain, un compl\u00e9ment alimentaire ne peut donc pas se substituer \u00e0 une alimentation \u00e9quilibr\u00e9e et vari\u00e9e. La quantit\u00e9 ou la dose journali\u00e8re recommand\u00e9e ne doit pas \u00eatre d\u00e9pass\u00e9e. Il est toujours conseill\u00e9 aux femmes enceintes et \u00e0 celles qui allaitent de consulter un m\u00e9decin avant d&rsquo;utiliser ce produit.<\/span><\/p>\n<h2><span style=\"color: #000000\">Conditionnement<\/span><\/h2>\n<p><span style=\"color: #000000\">Sachet zip-lock non perm\u00e9able o\u00f9 le produit conserve toute sa fra\u00eecheur et son ar\u00f4me. L&#8217;emballage prot\u00e8ge le produit de la lumi\u00e8re et de l&rsquo;air, car il est compos\u00e9 de plusieurs couches de protection pour pr\u00e9server les propri\u00e9t\u00e9s du contenu.<\/span><\/p>\n<p><span style=\"color: #000000\">L&#8217;emballage est tr\u00e8s pratique et recyclable.<\/span><\/p>\n<h2><span style=\"color: #000000\">L&rsquo;origine<\/span><\/h2>\n<p><span style=\"color: #000000\">Inde<\/span><\/p>\n","protected":false},"excerpt":{"rendered":"<p align=\"JUSTIFY\"><span style=\"color: #000000\">L&rsquo;amla est \u00e9galement connu sous le nom d&rsquo;amalaki ou de groseille \u00e0 maquereau indienne. L&rsquo;amla est un fruit vert qui ressemble \u00e0 une groseille et qui a un go\u00fbt aigre-doux int\u00e9ressant. Dans l&rsquo;Ayurveda, il est consid\u00e9r\u00e9 comme le fruit de la jeunesse et de la beaut\u00e9. En Orient, l&rsquo;amla est c\u00e9l\u00e9br\u00e9 comme un don de Dieu \u00e0 l&rsquo;humanit\u00e9 parce que.. :<\/span><\/p>\n<p align=\"JUSTIFY\"><span style=\"color: #000000\"> \ud83d\udc9a il stimule la croissance des cheveux,<\/span><br \/>\n<span style=\"color: #000000\">\ud83d\udc9a nettoie et hydrate la peau,<\/span><br \/>\n<span style=\"color: #000000\">\ud83d\udc9a renforce le syst\u00e8me immunitaire,<\/span><br \/>\n<span style=\"color: #000000\">\ud83d\udc9a rajeunit.<\/span><\/p>\n<p align=\"JUSTIFY\">\n","protected":false},"featured_media":6223,"comment_status":"open","ping_status":"closed","template":"","meta":{"_acf_changed":false},"product_brand":[],"product_cat":[15,194,224,231,225],"product_tag":[],"class_list":{"0":"post-6222","1":"product","2":"type-product","3":"status-publish","4":"has-post-thumbnail","6":"product_cat-uncategorized","7":"product_cat-ayurveda","8":"product_cat-offre","9":"product_cat-superaliments","10":"product_cat-tous-les-produits","12":"first","13":"instock","14":"sale","15":"taxable","16":"shipping-taxable","17":"purchasable","18":"product-type-simple"},"acf":[],"_links":{"self":[{"href":"https:\/\/fengchashop.com\/be-fr\/wp-json\/wp\/v2\/product\/6222","targetHints":{"allow":["GET"]}}],"collection":[{"href":"https:\/\/fengchashop.com\/be-fr\/wp-json\/wp\/v2\/product"}],"about":[{"href":"https:\/\/fengchashop.com\/be-fr\/wp-json\/wp\/v2\/types\/product"}],"replies":[{"embeddable":true,"href":"https:\/\/fengchashop.com\/be-fr\/wp-json\/wp\/v2\/comments?post=6222"}],"wp:featuredmedia":[{"embeddable":true,"href":"https:\/\/fengchashop.com\/be-fr\/wp-json\/wp\/v2\/media\/6223"}],"wp:attachment":[{"href":"https:\/\/fengchashop.com\/be-fr\/wp-json\/wp\/v2\/media?parent=6222"}],"wp:term":[{"taxonomy":"product_brand","embeddable":true,"href":"https:\/\/fengchashop.com\/be-fr\/wp-json\/wp\/v2\/product_brand?post=6222"},{"taxonomy":"product_cat","embeddable":true,"href":"https:\/\/fengchashop.com\/be-fr\/wp-json\/wp\/v2\/product_cat?post=6222"},{"taxonomy":"product_tag","embeddable":true,"href":"https:\/\/fengchashop.com\/be-fr\/wp-json\/wp\/v2\/product_tag?post=6222"}],"curies":[{"name":"wp","href":"https:\/\/api.w.org\/{rel}","templated":true}]}}