{"id":6220,"date":"2022-03-03T09:39:04","date_gmt":"2022-03-03T08:39:04","guid":{"rendered":"https:\/\/fengchashop.com\/be-fr\/product\/tribulus-terrestris-bio-250-g\/"},"modified":"2026-05-06T11:00:47","modified_gmt":"2026-05-06T09:00:47","slug":"tribulus-terrestris-bio","status":"publish","type":"product","link":"https:\/\/fengchashop.com\/be-fr\/product\/tribulus-terrestris-bio\/","title":{"rendered":"Tribulus terrestris BIO 250 g"},"content":{"rendered":"<h2><span style=\"color: #000000\">Tribulus terrestris BIO poudre<\/span><\/h2>\n<p><span style=\"color: #000000\">Le Tribulus terrestris (ou <strong>gokshura<\/strong>) est une plante qui pousse dans notre pays, m\u00eame si on la voit plus rarement. Elle est connue sous le nom de \u00a0\u00bb <strong>toothwort\u00a0\u00bb.<\/strong> Comme il s&rsquo;agit d&rsquo;une herbe assez r\u00e9pandue dans le monde, elle est parfois consid\u00e9r\u00e9e comme une mauvaise herbe. Dans notre pays, elle pousse le plus souvent le long des routes ou des voies ferr\u00e9es. Il s&rsquo;agit d&rsquo;une plante basse avec de petites fleurs jaunes. Ses fruits extr\u00eamement durs et piquants sont utilis\u00e9s pour fabriquer divers compl\u00e9ments alimentaires qui augmentent<strong> la puissance sexuelle et le taux de testost\u00e9rone dans l&rsquo;organisme<\/strong>. C&rsquo;est pourquoi il occupe une place particuli\u00e8re dans la m\u00e9decine traditionnelle chinoise et dans l&rsquo;Ayurveda, car il est consid\u00e9r\u00e9 comme un <strong>aphrodisiaque naturel<\/strong>. En outre, il pr\u00e9sente d&rsquo;autres avantages qui s&rsquo;adressent principalement aux hommes. <strong>Il est utilis\u00e9 pour les troubles sexuels, y compris la dysfonction \u00e9rectile.<\/strong><\/span><\/p>\n<p><span style=\"color: #000000\">Comme le cure-dent augmente le niveau de l&rsquo;hormone testost\u00e9rone, il est aussi souvent utilis\u00e9 par ceux qui veulent augmenter leur tonus musculaire, comme les culturistes et les athl\u00e8tes. Les athl\u00e8tes ne jurent que par le chardon-marie pour son action anabolisante. En effet, des niveaux \u00e9lev\u00e9s de testost\u00e9rone stimulent la synth\u00e8se des prot\u00e9ines. Chez les athl\u00e8tes, cela augmente la masse musculaire et, par cons\u00e9quent, l&rsquo;endurance, l&rsquo;\u00e9nergie et la force.<\/span><\/p>\n<h2><span style=\"color: #000000\">Qui peut b\u00e9n\u00e9ficier de la prise de tribulus terrestris ?<\/span><\/h2>\n<p><span style=\"color: #000000\">Les principes actifs du tribulus terrestris comprennent des<strong> saponines, des flavono\u00efdes, des alcalo\u00efdes, des glycosides et des amides de lignine<\/strong>. L&rsquo;agripaume contient de l&rsquo;<strong>hormone lut\u00e9inisante,<\/strong> dont on pense qu&rsquo;elle stimule la production de l&rsquo;hormone testost\u00e9rone par les testicules. Cette hormone r\u00e9gule le fonctionnement des testicules chez l&rsquo;homme et des ovaires chez la femme. Elle joue donc un r\u00f4le important dans le cycle menstruel des femmes.<\/span><\/p>\n<p><span style=\"color: #000000\">Les hommes d&rsquo;\u00e2ge moyen subissent des changements hormonaux similaires \u00e0 ceux des femmes m\u00e9nopaus\u00e9es. En raison de la baisse du taux de testost\u00e9rone, l&rsquo;\u00e9quilibre des hormones sexuelles est perturb\u00e9, ce qui entra\u00eene chez les hommes des probl\u00e8mes similaires \u00e0 ceux des femmes m\u00e9nopaus\u00e9es. Ce ph\u00e9nom\u00e8ne est appel\u00e9 <strong>andropause<\/strong> ou m\u00e9nopause masculine. Un faible taux de testost\u00e9rone peut entra\u00eener une baisse d&rsquo;\u00e9nergie, une augmentation du cholest\u00e9rol et de la glyc\u00e9mie, une diminution de la m\u00e9moire et de la concentration, un sommeil agit\u00e9, une hypertension art\u00e9rielle et d&rsquo;autres probl\u00e8mes similaires tels que l&rsquo;irritabilit\u00e9, l&rsquo;agitation et une augmentation de l&rsquo;accumulation des bourrelets de graisse autour de la taille. Un taux de testost\u00e9rone normal, c&rsquo;est-\u00e0-dire plus \u00e9lev\u00e9, est \u00e9galement important pour la sant\u00e9 du c\u0153ur et des vaisseaux sanguins.<\/span><\/p>\n<p><span style=\"color: #000000\">La prise de tribulus terrestris est donc b\u00e9n\u00e9fique dans plusieurs domaines de la sant\u00e9 et du bien-\u00eatre des hommes. Cependant, il convient particuli\u00e8rement aux personnes d&rsquo;\u00e2ge moyen et aux personnes \u00e2g\u00e9es qui subissent d\u00e9j\u00e0 les effets d&rsquo;une baisse de la puissance sexuelle et de la libido. Bien qu&rsquo;il soit davantage destin\u00e9 aux hommes, car il augmente les niveaux de testost\u00e9rone, l&rsquo;hormone sexuelle masculine, il<strong> peut \u00e9galement \u00eatre utilis\u00e9 par les femmes<\/strong> en tant qu&rsquo;aphrodisiaque naturel. Il peut \u00e9galement augmenter la fertilit\u00e9 f\u00e9minine, aider \u00e0 r\u00e9soudre les probl\u00e8mes menstruels et les probl\u00e8mes li\u00e9s \u00e0 la m\u00e9nopause. Comme il peut contribuer \u00e0 l&rsquo;\u00e9quilibre naturel de l&rsquo;hormone f\u00e9minine, il a \u00e9galement un effet positif sur notre bien-\u00eatre mental.<\/span><\/p>\n<h2><span style=\"color: #000000\">Stockage et avertissements<\/span><\/h2>\n<p><span style=\"color: #000000\">Conserver dans un endroit frais et sec. Tenir le compl\u00e9ment alimentaire hors de port\u00e9e des enfants !<\/span><\/p>\n<p><span style=\"color: #000000\">N&rsquo;oubliez pas l&rsquo;importance d&rsquo;une alimentation vari\u00e9e et d&rsquo;un mode de vie sain, un compl\u00e9ment alimentaire ne peut donc pas se substituer \u00e0 une alimentation \u00e9quilibr\u00e9e et vari\u00e9e. La quantit\u00e9 ou la dose journali\u00e8re recommand\u00e9e ne doit pas \u00eatre d\u00e9pass\u00e9e. Ne convient pas aux enfants, aux femmes enceintes et aux m\u00e8res qui allaitent.<\/span><\/p>\n<p><span style=\"color: #000000\">Comme il peut augmenter le volume de la prostate, son utilisation est d\u00e9conseill\u00e9e aux hommes souffrant d&rsquo;une hypertrophie de la prostate. Il est \u00e9galement d\u00e9conseill\u00e9 aux femmes ayant eu un cancer du sein ou de l&rsquo;ut\u00e9rus.<\/span><\/p>\n<h2><span style=\"color: #000000\">Conditionnement<\/span><\/h2>\n<p><span style=\"color: #000000\">Sachet zip-lock non perm\u00e9able dans lequel le produit conserve toute sa fra\u00eecheur et son ar\u00f4me. L&#8217;emballage prot\u00e8ge le produit de la lumi\u00e8re et de l&rsquo;air, car il est compos\u00e9 de plusieurs couches de protection pour pr\u00e9server les propri\u00e9t\u00e9s du contenu.<\/span><\/p>\n<p><span style=\"color: #000000\">L&#8217;emballage est tr\u00e8s pratique et recyclable.<\/span><\/p>\n<h2><span style=\"color: #000000\">L&rsquo;origine<\/span><\/h2>\n<p><span style=\"color: #000000\">Inde<\/span><\/p>\n","protected":false},"excerpt":{"rendered":"<p align=\"JUSTIFY\"><span style=\"color: #000000\">Tribulus terrestris (\u00e9galement <strong><em>gokshura<\/em><\/strong>) est une plante qui pousse \u00e9galement ici, bien qu&rsquo;elle soit plus rare. Elle est connue sous le nom de \u00ab\u00a0<strong> toothwort\u00a0\u00bb<\/strong>. Dans notre pays, elle pousse le plus souvent le long des routes ou des voies ferr\u00e9es. Il s&rsquo;agit d&rsquo;une plante basse avec de petites fleurs jaunes. Les fruits extr\u00eamement durs et piquants de la plante sont utilis\u00e9s pour fabriquer divers compl\u00e9ments alimentaires am\u00e9liorant la sexualit\u00e9 et :<\/span><\/p>\n<p align=\"JUSTIFY\"><span style=\"color: #000000\"> \ud83d\udc9a est un aphrodisiaque naturel,<\/span><br \/>\n<span style=\"color: #000000\">\ud83d\udc9a augmente les niveaux de testost\u00e9rone dans le corps,<\/span><br \/>\n<span style=\"color: #000000\">\ud83d\udc9a att\u00e9nue les sympt\u00f4mes de l&rsquo;andropause,<\/span><br \/>\n<span style=\"color: #000000\">\ud83d\udc9a r\u00e9duit les probl\u00e8mes li\u00e9s au dysfonctionnement sexuel.<\/span><\/p>\n","protected":false},"featured_media":6221,"comment_status":"open","ping_status":"closed","template":"","meta":{"_acf_changed":false},"product_brand":[],"product_cat":[15,226,224,231,225],"product_tag":[],"class_list":{"0":"post-6220","1":"product","2":"type-product","3":"status-publish","4":"has-post-thumbnail","6":"product_cat-uncategorized","7":"product_cat-meilleures-ventes","8":"product_cat-offre","9":"product_cat-superaliments","10":"product_cat-tous-les-produits","12":"first","13":"instock","14":"sale","15":"taxable","16":"shipping-taxable","17":"purchasable","18":"product-type-simple"},"acf":[],"_links":{"self":[{"href":"https:\/\/fengchashop.com\/be-fr\/wp-json\/wp\/v2\/product\/6220","targetHints":{"allow":["GET"]}}],"collection":[{"href":"https:\/\/fengchashop.com\/be-fr\/wp-json\/wp\/v2\/product"}],"about":[{"href":"https:\/\/fengchashop.com\/be-fr\/wp-json\/wp\/v2\/types\/product"}],"replies":[{"embeddable":true,"href":"https:\/\/fengchashop.com\/be-fr\/wp-json\/wp\/v2\/comments?post=6220"}],"wp:featuredmedia":[{"embeddable":true,"href":"https:\/\/fengchashop.com\/be-fr\/wp-json\/wp\/v2\/media\/6221"}],"wp:attachment":[{"href":"https:\/\/fengchashop.com\/be-fr\/wp-json\/wp\/v2\/media?parent=6220"}],"wp:term":[{"taxonomy":"product_brand","embeddable":true,"href":"https:\/\/fengchashop.com\/be-fr\/wp-json\/wp\/v2\/product_brand?post=6220"},{"taxonomy":"product_cat","embeddable":true,"href":"https:\/\/fengchashop.com\/be-fr\/wp-json\/wp\/v2\/product_cat?post=6220"},{"taxonomy":"product_tag","embeddable":true,"href":"https:\/\/fengchashop.com\/be-fr\/wp-json\/wp\/v2\/product_tag?post=6220"}],"curies":[{"name":"wp","href":"https:\/\/api.w.org\/{rel}","templated":true}]}}