{"id":6204,"date":"2022-03-03T08:52:04","date_gmt":"2022-03-03T07:52:04","guid":{"rendered":"https:\/\/fengchashop.com\/be-fr\/product\/moringa-bio-250-g\/"},"modified":"2026-04-30T16:47:45","modified_gmt":"2026-04-30T14:47:45","slug":"moringa-bio","status":"publish","type":"product","link":"https:\/\/fengchashop.com\/be-fr\/product\/moringa-bio\/","title":{"rendered":"Moringa BIO 250 g"},"content":{"rendered":"<h2><span style=\"color: #000000\">Poudre de moringa biologique<\/span><\/h2>\n<p><span style=\"color: #000000\">Le moringa est une plante connue depuis des milliers d&rsquo;ann\u00e9es et utilis\u00e9e dans la m\u00e9decine traditionnelle. Il existe au moins 100 noms diff\u00e9rents pour d\u00e9signer ce petit arbre tropical \u00e0 croissance rapide, dont les feuilles sont consid\u00e9r\u00e9es comme l&rsquo;un des <strong>l\u00e9gumes les plus riches en nutriments<\/strong>.<\/span><\/p>\n<p><span style=\"color: #000000\">Le moringa a \u00e9t\u00e9 class\u00e9 parmi les l\u00e9gumes en raison de sa<strong> richesse en fibres alimentaires et de sa haute valeur nutritionnelle<\/strong>, 100 grammes de moringa contenant.. :<\/span><\/p>\n<p><span style=\"color: #000000\"> \ud83d\udc9a la m\u00eame quantit\u00e9 de prot\u00e9ines que celle contenue dans un \u0153uf,<\/span><br \/>\n<span style=\"color: #000000\"> \ud83d\udc9a la m\u00eame quantit\u00e9 de fer qu&rsquo;un steak,<\/span><br \/>\n<span style=\"color: #000000\"> \ud83d\udc9a la m\u00eame quantit\u00e9 de vitamine C qu&rsquo;une orange,<\/span><br \/>\n<span style=\"color: #000000\"> \ud83d\udc9a la m\u00eame quantit\u00e9 de calcium que dans un verre de lait.<\/span><\/p>\n<p><span style=\"color: #000000\">Il contient \u00e9galement de la vitamine B3, de la vitamine A, du magn\u00e9sium, des antioxydants, des acides amin\u00e9s essentiels, des flavono\u00efdes, des acides ph\u00e9noliques et d&rsquo;autres nutriments qui font du moringa une multivitamine naturelle.<\/span><\/p>\n<p><span style=\"color: #000000\">En raison de son spectre d&rsquo;action extr\u00eamement large, il a \u00e9t\u00e9 nomm\u00e9 <strong>plante de l&rsquo;ann\u00e9e<\/strong> 2018. C&rsquo;est \u00e9galement l&rsquo;une des plantes les plus \u00e9tudi\u00e9es au monde, certains de ses effets sur le corps humain ayant \u00e9t\u00e9 scientifiquement prouv\u00e9s. Parmi eux, les suivants se distinguent certainement :<\/span><\/p>\n<p><span style=\"color: #000000\"> \ud83d\udc9a action antioxydante et anti-inflammatoire,<\/span><br \/>\n<span style=\"color: #000000\"> \ud83d\udc9a r\u00e9gulation hormonale,<\/span><br \/>\n<span style=\"color: #000000\">\ud83d\udc9a r\u00e9gulation de la glyc\u00e9mie, de la fonction salivaire et donc de la s\u00e9cr\u00e9tion d&rsquo;insuline,<\/span><br \/>\n<span style=\"color: #000000\"> \ud83d\udc9a r\u00e9gulation de l&rsquo;\u00e9quilibre hormonal,<\/span><br \/>\n<span style=\"color: #000000\">\ud83d\udc9a am\u00e9lioration de la num\u00e9ration sanguine (h\u00e9moglobine), il prot\u00e8ge \u00e9galement le c\u0153ur et le cerveau,<\/span><br \/>\n<span style=\"color: #000000\"> \ud83d\udc9a stimuler la fonction h\u00e9patique et la digestion,<\/span><br \/>\n<span style=\"color: #000000\"> \ud83d\udc9a am\u00e9liorer l&rsquo;\u00e9tat de la peau,<\/span><br \/>\n<span style=\"color: #000000\"> \ud83d\udc9a stimulant la s\u00e9cr\u00e9tion de l&rsquo;hormone du bonheur, ce qui am\u00e9liore l&rsquo;humeur.<\/span><\/p>\n<h2><span style=\"color: #000000\">Pourquoi le moringa est-il si recommand\u00e9 ?<\/span><\/h2>\n<p><span style=\"color: #000000\">Les feuilles de moringa s\u00e9ch\u00e9es sont faciles \u00e0 conserver et \u00e0 utiliser. En consommant 30 grammes de moringa par jour, on couvre les besoins quotidiens en vitamine A, 80 % des besoins quotidiens en calcium, 60 % des besoins quotidiens en fer et pr\u00e8s de 40 % des besoins quotidiens en prot\u00e9ines. Le moringa contient des niveaux \u00e9lev\u00e9s de prot\u00e9ines, y compris les 8 acides amin\u00e9s essentiels, un large \u00e9ventail de vitamines et de min\u00e9raux, une grande quantit\u00e9 de phytonutriments et d&rsquo;antioxydants.<\/span><\/p>\n<p><span style=\"color: #000000\">Le moringa est connu pour lutter contre la<strong> malnutrition, r\u00e9duire les inflammations, stimuler la circulation sanguine et pr\u00e9venir les infections<\/strong>. Comme il contient les 8 acides amin\u00e9s essentiels (en plus de 10 autres acides amin\u00e9s), il s&rsquo;agit d&rsquo;une<strong> prot\u00e9ine compl\u00e8te<\/strong>, ce qui est une v\u00e9ritable raret\u00e9 parmi les plantes et peut facilement \u00eatre compar\u00e9 aux prot\u00e9ines animales. Comme elle est d&rsquo;origine v\u00e9g\u00e9tale, elle constitue un excellent substitut pour tous ceux qui ne mangent pas de viande et peuvent compenser la carence en prot\u00e9ines de leur alimentation avec le moringa.<\/span><br \/>\n<span style=\"color: #000000\">Le moringa maintient les <strong>os forts et sains<\/strong> (gr\u00e2ce au calcium et au magn\u00e9sium),<strong> nourrit la peau, r\u00e9gule la tension art\u00e9rielle, stimule la digestion et le syst\u00e8me immunitaire<\/strong>, et aide \u00e0 perdre les kilos superflus (il est riche en fibres mais pauvre en graisses et en calories).<\/span><\/p>\n<h2><span style=\"color: #000000\">Stockage et avertissements<\/span><\/h2>\n<p><span style=\"color: #000000\">Conserver dans un endroit frais et sec \u00e0 une temp\u00e9rature maximale de 25 \u00b0C. Tenir le compl\u00e9ment alimentaire hors de port\u00e9e des enfants !<\/span><\/p>\n<p><span style=\"color: #000000\">N&rsquo;oubliez pas l&rsquo;importance d&rsquo;une alimentation vari\u00e9e et d&rsquo;un mode de vie sain. Un compl\u00e9ment alimentaire ne peut donc pas se substituer \u00e0 une alimentation \u00e9quilibr\u00e9e et vari\u00e9e. La quantit\u00e9 ou la dose journali\u00e8re recommand\u00e9e ne doit pas \u00eatre d\u00e9pass\u00e9e. Il est toujours conseill\u00e9 aux femmes enceintes et \u00e0 celles qui allaitent de consulter un m\u00e9decin avant toute utilisation. Par ailleurs, le moringa n&rsquo;a pas d&rsquo;effets ind\u00e9sirables connus et peut \u00eatre consomm\u00e9 en toute s\u00e9curit\u00e9, m\u00eame pendant la grossesse et l&rsquo;allaitement.<\/span><\/p>\n<h2><span style=\"color: #000000\">Conditionnement<\/span><\/h2>\n<p><span style=\"color: #000000\">Sachet zip-lock non perm\u00e9able o\u00f9 le produit conserve toute sa fra\u00eecheur et son ar\u00f4me. L&#8217;emballage prot\u00e8ge le produit de la lumi\u00e8re et de l&rsquo;air, car il est compos\u00e9 de plusieurs couches de protection qui pr\u00e9servent les propri\u00e9t\u00e9s du contenu.<\/span><\/p>\n<p><span style=\"color: #000000\">L&#8217;emballage est tr\u00e8s pratique et recyclable.<\/span><\/p>\n<h2><span style=\"color: #000000\">Origine du produit<\/span><\/h2>\n<p><span style=\"color: #000000\">Tanzanie<\/span><\/p>\n","protected":false},"excerpt":{"rendered":"<p align=\"JUSTIFY\"><span style=\"color: #000000\">Le moringa, petit arbre \u00e0 croissance rapide dont les feuilles sont class\u00e9es parmi les l\u00e9gumes les plus riches en nutriments, pousse sous les tropiques.<\/span><br \/>\n<span style=\"color: #000000\">Le moringa a \u00e9t\u00e9 class\u00e9 parmi les l\u00e9gumes en raison de sa richesse en fibres alimentaires et de sa haute valeur nutritionnelle, 100 grammes de moringa contenant :<\/span><\/p>\n<p align=\"JUSTIFY\"><span style=\"color: #000000\"> \ud83d\udc9a la m\u00eame quantit\u00e9 de prot\u00e9ines que celle contenue dans un \u0153uf,<\/span><br \/>\n<span style=\"color: #000000\"> \ud83d\udc9a la m\u00eame quantit\u00e9 de fer qu&rsquo;un steak,<\/span><br \/>\n<span style=\"color: #000000\"> \ud83d\udc9a la m\u00eame quantit\u00e9 de vitamine C qu&rsquo;une orange, et<\/span><br \/>\n<span style=\"color: #000000\"> \ud83d\udc9a la m\u00eame quantit\u00e9 de calcium que dans un verre de lait.<\/span><\/p>\n","protected":false},"featured_media":6205,"comment_status":"open","ping_status":"closed","template":"","meta":{"_acf_changed":false},"product_brand":[],"product_cat":[15,194,224,231,225],"product_tag":[],"class_list":{"0":"post-6204","1":"product","2":"type-product","3":"status-publish","4":"has-post-thumbnail","6":"product_cat-uncategorized","7":"product_cat-ayurveda","8":"product_cat-offre","9":"product_cat-superaliments","10":"product_cat-tous-les-produits","12":"first","13":"instock","14":"taxable","15":"shipping-taxable","16":"purchasable","17":"product-type-simple"},"acf":[],"_links":{"self":[{"href":"https:\/\/fengchashop.com\/be-fr\/wp-json\/wp\/v2\/product\/6204","targetHints":{"allow":["GET"]}}],"collection":[{"href":"https:\/\/fengchashop.com\/be-fr\/wp-json\/wp\/v2\/product"}],"about":[{"href":"https:\/\/fengchashop.com\/be-fr\/wp-json\/wp\/v2\/types\/product"}],"replies":[{"embeddable":true,"href":"https:\/\/fengchashop.com\/be-fr\/wp-json\/wp\/v2\/comments?post=6204"}],"wp:featuredmedia":[{"embeddable":true,"href":"https:\/\/fengchashop.com\/be-fr\/wp-json\/wp\/v2\/media\/6205"}],"wp:attachment":[{"href":"https:\/\/fengchashop.com\/be-fr\/wp-json\/wp\/v2\/media?parent=6204"}],"wp:term":[{"taxonomy":"product_brand","embeddable":true,"href":"https:\/\/fengchashop.com\/be-fr\/wp-json\/wp\/v2\/product_brand?post=6204"},{"taxonomy":"product_cat","embeddable":true,"href":"https:\/\/fengchashop.com\/be-fr\/wp-json\/wp\/v2\/product_cat?post=6204"},{"taxonomy":"product_tag","embeddable":true,"href":"https:\/\/fengchashop.com\/be-fr\/wp-json\/wp\/v2\/product_tag?post=6204"}],"curies":[{"name":"wp","href":"https:\/\/api.w.org\/{rel}","templated":true}]}}