{"id":6190,"date":"2022-02-22T16:08:43","date_gmt":"2022-02-22T15:08:43","guid":{"rendered":"https:\/\/fengchashop.com\/be-fr\/product\/maca-rouge-en-poudre-bio-250-g\/"},"modified":"2026-04-17T23:46:03","modified_gmt":"2026-04-17T21:46:03","slug":"mac-rouge-en-poudre-bio","status":"publish","type":"product","link":"https:\/\/fengchashop.com\/be-fr\/product\/mac-rouge-en-poudre-bio\/","title":{"rendered":"Maca rouge en poudre BIO 250 g"},"content":{"rendered":"<h2><span style=\"color: #000000\">Poudre de maca rouge BIO<\/span><\/h2>\n<p><span style=\"color: #000000\">La maca est une plante \u00e0 racines qui pousse sur les hauts plateaux p\u00e9ruviens et andins, expos\u00e9s \u00e0 des conditions climatiques extr\u00eames et \u00e0 de grandes diff\u00e9rences de temp\u00e9rature entre le jour et la nuit. Elle est \u00e9galement appel\u00e9e <strong>ginseng p\u00e9ruvien<\/strong>. Comme elle est pratiquement invincible en termes de survie, les anciens Incas ont exploit\u00e9 ses propri\u00e9t\u00e9s actives, qui sont particuli\u00e8rement b\u00e9n\u00e9fiques pour la <strong>puissance sexuelle masculine<\/strong> et ont un effet b\u00e9n\u00e9fique sur la sant\u00e9 en g\u00e9n\u00e9ral. C&rsquo;est pour cette derni\u00e8re raison qu&rsquo;il est consid\u00e9r\u00e9 comme un superaliment extr\u00eamement pr\u00e9cieux.<\/span><\/p>\n<p><span style=\"color: #000000\">La partie m\u00e9dicinale du macis est le tubercule, qui contient de<strong>nombreuses vitamines, min\u00e9raux et acides amin\u00e9s<\/strong>. Gr\u00e2ce \u00e0 ses propri\u00e9t\u00e9s hormonales, il r\u00e9gule les niveaux d&rsquo;\u0153strog\u00e8ne et de progest\u00e9rone, ou de testost\u00e9rone, qui ont un effet b\u00e9n\u00e9fique sur notre bien-\u00eatre et nous donnent de la force et de l&rsquo;endurance. Sa teneur en vitamines importantes telles que les vitamines B1, B12, C et E, ainsi qu&rsquo;en acides gras, min\u00e9raux et acides amin\u00e9s (dont 7 essentiels &#8211; ceux dont notre corps a besoin), fait de la maca l&rsquo;un des super-aliments naturels les plus efficaces, d\u00e9sirables et recommand\u00e9s, dont la tradition remonte \u00e0 des milliers d&rsquo;ann\u00e9es.<\/span><\/p>\n<p><span style=\"color: #000000\">C&rsquo;est une <strong>plante adaptog\u00e8ne<\/strong> qui <strong>augmente l&rsquo;\u00e9nergie, l&rsquo;endurance, la vitalit\u00e9 et la force physique<\/strong>. C&rsquo;est dans les Andes du centre du P\u00e9rou qu&rsquo;elle est la plus abondante, dans des conditions difficiles et \u00e0 tr\u00e8s haute altitude &#8211; plus de 4000 m\u00e8tres. C&rsquo;est un l\u00e9gume crucif\u00e8re comme le brocoli, le chou-fleur, le navet, le chou, le chou fris\u00e9 et le radis. La partie la plus comestible de la plante est la racine ou le tubercule. Elle se pr\u00e9sente sous plusieurs couleurs, du blanc au noir. Les couleurs les plus populaires sont le<strong> jaune, le rouge et le noir<\/strong>. La maca jaune ordinaire est utilis\u00e9e pour la consommation quotidienne et \u00e0 long terme. La maca rouge et la maca noire sont consid\u00e9r\u00e9es comme des vari\u00e9t\u00e9s sacr\u00e9es et sont utilis\u00e9es pour des probl\u00e8mes th\u00e9rapeutiques chroniques. La maca jaune est neutre. Le<strong> rouge<\/strong> est consid\u00e9r\u00e9 comme l&rsquo;<strong>\u00e9nergie f\u00e9minine int\u00e9rieure.<\/strong> La noire est consid\u00e9r\u00e9e comme l&rsquo;\u00e9nergie masculine ext\u00e9rieure. Les chamans locaux sont tr\u00e8s exigeants quant au type ou \u00e0 la proportion de maca qu&rsquo;une personne ayant des probl\u00e8mes doit consommer.<\/span><\/p>\n<p><span style=\"color: #000000\">La maca a un go\u00fbt tr\u00e8s doux et un large \u00e9ventail d&rsquo;utilisations.<\/span><\/p>\n<p><span style=\"color: #000000\">La maca rouge est 100 %<strong> biologique<\/strong>. Elle provient de<strong> fermes biologiques de haute montagne p\u00e9ruvienne<\/strong>. Nous disposons d&rsquo;analyses et d&rsquo;un certificat valide pour chaque lot.<\/span><\/p>\n<h2><span style=\"color: #000000\">Pourquoi choisir la maca rouge ?<\/span><\/h2>\n<p><span style=\"color: #000000\">La maca rouge est r\u00e9put\u00e9e avoir le <strong>pouvoir antioxydant<\/strong> le plus \u00e9lev\u00e9. Des \u00e9tudes ont confirm\u00e9 que la maca rouge peut aider \u00e0 lutter contre le cancer de la prostate et \u00e0 pr\u00e9venir la perte osseuse. En outre, la maca rouge est utile pour<strong> r\u00e9guler les hormones, augmenter la force et l&rsquo;endurance<\/strong>. Elle aide \u00e9galement \u00e0 lutter contre la <strong>d\u00e9pression et \u00e0 g\u00e9rer le stress<\/strong>. Il a \u00e9galement \u00e9t\u00e9 d\u00e9montr\u00e9 qu&rsquo;elle a un effet sur les sympt\u00f4mes du<strong> syndrome pr\u00e9menstruel<\/strong> et de la <strong>m\u00e9nopause, sur la libido f\u00e9minine et qu&rsquo;elle pr\u00e9vient la fatigue g\u00e9n\u00e9rale<\/strong>.<\/span><\/p>\n<h2><span style=\"color: #000000\">Pourquoi commander notre maca ?<\/span><\/h2>\n<p><span style=\"color: #000000\">Notre poudre de maca est issue d&rsquo;une <strong>production biologique contr\u00f4l\u00e9e<\/strong>, soigneusement s\u00e9ch\u00e9e et moulue en une poudre semblable \u00e0 de la farine. En outre, nous veillons r\u00e9guli\u00e8rement \u00e0 ce que nos stocks de matzo soient toujours<strong> frais<\/strong>! C&rsquo;est \u00e9galement la raison pour laquelle nous pr\u00e9parons soigneusement le m\u00e9lange nous-m\u00eames, car c&rsquo;est la seule fa\u00e7on de garantir son int\u00e9grit\u00e9 avec des ingr\u00e9dients frais dans les bonnes proportions.<\/span><\/p>\n<p><span style=\"color: #000000\">La maca provient des fermes biologiques de haute montagne du P\u00e9rou et nous avons analys\u00e9 et valid\u00e9 chaque lot.<\/span><\/p>\n<h2><span style=\"color: #000000\">Stockage et avertissements<\/span><\/h2>\n<p><span style=\"color: #000000\">Conserver dans un endroit frais et sec \u00e0 une temp\u00e9rature maximale de 25 \u00b0C. Tenir le compl\u00e9ment alimentaire hors de port\u00e9e des enfants !<\/span><\/p>\n<p><span style=\"color: #000000\">N&rsquo;oubliez pas l&rsquo;importance d&rsquo;une alimentation vari\u00e9e et d&rsquo;un mode de vie sain. Un compl\u00e9ment alimentaire ne peut donc pas se substituer \u00e0 une alimentation \u00e9quilibr\u00e9e et vari\u00e9e. La quantit\u00e9 ou la dose journali\u00e8re recommand\u00e9e ne doit pas \u00eatre d\u00e9pass\u00e9e. Il est toujours conseill\u00e9 aux femmes enceintes et \u00e0 celles qui allaitent de consulter un m\u00e9decin avant d&rsquo;utiliser ce produit.<\/span><\/p>\n<h2><span style=\"color: #000000\">Conditionnement<\/span><\/h2>\n<p><span style=\"color: #000000\">Sachet zip-lock non perm\u00e9able o\u00f9 le produit conserve toute sa fra\u00eecheur et son ar\u00f4me. L&#8217;emballage prot\u00e8ge le produit de la lumi\u00e8re et de l&rsquo;air, car il se compose de plusieurs couches de protection pour pr\u00e9server les propri\u00e9t\u00e9s du contenu.<\/span><\/p>\n<p><span style=\"color: #000000\">L&#8217;emballage est tr\u00e8s pratique et recyclable.<\/span><\/p>\n<h2><span style=\"color: #000000\">Origine du produit<\/span><\/h2>\n<p><span style=\"color: #000000\">P\u00e9rou<\/span><\/p>\n","protected":false},"excerpt":{"rendered":"<p align=\"JUSTIFY\">La maca est une plante-racine qui pousse sur les hauts plateaux des Andes p\u00e9ruviennes, expos\u00e9s \u00e0 des<strong> conditions climatiques extr\u00eames<\/strong> et \u00e0 de grandes diff\u00e9rences de temp\u00e9rature entre le jour et la nuit. La partie m\u00e9dicinale de la maca est le tubercule, qui contient de nombreuses<strong> vitamines, min\u00e9raux et acides amin\u00e9s<\/strong>. Contenant des vitamines importantes telles que la vitamine B1, B12, C et E, ainsi que des acides gras, des min\u00e9raux et des acides amin\u00e9s, la maca est l&rsquo;un des super-aliments naturels les plus efficaces, d\u00e9sirables et recommand\u00e9s, dont la tradition remonte \u00e0 des milliers d&rsquo;ann\u00e9es.<\/p>\n<p align=\"JUSTIFY\">\ud83d\udc9a Pour l&rsquo;\u00e9nergie f\u00e9minine int\u00e9rieure.<br \/>\n\ud83d\udc9a Pour la femme int\u00e9rieure. Aide \u00e0 la d\u00e9pression, \u00e0 la fatigue et \u00e0 la gestion du stress.<br \/>\n\ud83d\udc9a Il augmente la libido f\u00e9minine.<br \/>\n\ud83d\udc9a Il aide \u00e0 r\u00e9guler les hormones et r\u00e9duit les sympt\u00f4mes du syndrome pr\u00e9menstruel et de la m\u00e9nopause.<\/p>\n","protected":false},"featured_media":6191,"comment_status":"open","ping_status":"closed","template":"","meta":{"_acf_changed":false},"product_brand":[],"product_cat":[15,224,231,225],"product_tag":[],"class_list":{"0":"post-6190","1":"product","2":"type-product","3":"status-publish","4":"has-post-thumbnail","6":"product_cat-uncategorized","7":"product_cat-offre","8":"product_cat-superaliments","9":"product_cat-tous-les-produits","11":"first","12":"instock","13":"sale","14":"taxable","15":"shipping-taxable","16":"purchasable","17":"product-type-simple"},"acf":[],"_links":{"self":[{"href":"https:\/\/fengchashop.com\/be-fr\/wp-json\/wp\/v2\/product\/6190","targetHints":{"allow":["GET"]}}],"collection":[{"href":"https:\/\/fengchashop.com\/be-fr\/wp-json\/wp\/v2\/product"}],"about":[{"href":"https:\/\/fengchashop.com\/be-fr\/wp-json\/wp\/v2\/types\/product"}],"replies":[{"embeddable":true,"href":"https:\/\/fengchashop.com\/be-fr\/wp-json\/wp\/v2\/comments?post=6190"}],"wp:featuredmedia":[{"embeddable":true,"href":"https:\/\/fengchashop.com\/be-fr\/wp-json\/wp\/v2\/media\/6191"}],"wp:attachment":[{"href":"https:\/\/fengchashop.com\/be-fr\/wp-json\/wp\/v2\/media?parent=6190"}],"wp:term":[{"taxonomy":"product_brand","embeddable":true,"href":"https:\/\/fengchashop.com\/be-fr\/wp-json\/wp\/v2\/product_brand?post=6190"},{"taxonomy":"product_cat","embeddable":true,"href":"https:\/\/fengchashop.com\/be-fr\/wp-json\/wp\/v2\/product_cat?post=6190"},{"taxonomy":"product_tag","embeddable":true,"href":"https:\/\/fengchashop.com\/be-fr\/wp-json\/wp\/v2\/product_tag?post=6190"}],"curies":[{"name":"wp","href":"https:\/\/api.w.org\/{rel}","templated":true}]}}