{"id":6185,"date":"2022-02-22T11:26:11","date_gmt":"2022-02-22T10:26:11","guid":{"rendered":"https:\/\/fengchashop.com\/be-fr\/product\/poudre-de-maca-noire-bio-250-g\/"},"modified":"2026-04-29T01:29:00","modified_gmt":"2026-04-28T23:29:00","slug":"mac-noire-en-poudre-bio","status":"publish","type":"product","link":"https:\/\/fengchashop.com\/be-fr\/product\/mac-noire-en-poudre-bio\/","title":{"rendered":"Maca noire en poudre BIO 250 g"},"content":{"rendered":"<h2><span style=\"color: #000000\">Poudre de maca noire BIO<\/span><\/h2>\n<p><span style=\"color: #000000\">La maca est une plante \u00e0 racines qui pousse sur les hauts plateaux p\u00e9ruviens et andins, expos\u00e9s \u00e0 des conditions climatiques extr\u00eames et \u00e0 de grandes diff\u00e9rences de temp\u00e9rature entre le jour et la nuit. Elle est \u00e9galement appel\u00e9e <strong>ginseng p\u00e9ruvien<\/strong>. Comme elle est pratiquement invincible en termes de survie, les anciens Incas ont exploit\u00e9 ses propri\u00e9t\u00e9s actives, qui sont particuli\u00e8rement b\u00e9n\u00e9fiques pour la <strong>puissance sexuelle masculine<\/strong> et ont un effet b\u00e9n\u00e9fique sur la sant\u00e9 en g\u00e9n\u00e9ral. C&rsquo;est pour cette derni\u00e8re raison qu&rsquo;il est consid\u00e9r\u00e9 comme un superaliment extr\u00eamement pr\u00e9cieux.<\/span><\/p>\n<p><span style=\"color: #000000\">La partie m\u00e9dicinale du macis est le tubercule, qui contient de nombreuses <strong>vitamines, min\u00e9raux et acides amin\u00e9s<\/strong>. Gr\u00e2ce \u00e0 ses propri\u00e9t\u00e9s hormonales, il r\u00e9gule les niveaux d&rsquo;\u0153strog\u00e8ne et de progest\u00e9rone, ou de testost\u00e9rone, qui ont un effet b\u00e9n\u00e9fique sur notre bien-\u00eatre et nous donnent de la force et de l&rsquo;endurance. Sa teneur en vitamines importantes telles que les vitamines B1, B12, C et E, ainsi qu&rsquo;en acides gras, min\u00e9raux et acides amin\u00e9s (dont 7 essentiels &#8211; ceux dont notre corps a besoin), fait de la maca l&rsquo;un des super-aliments naturels les plus efficaces, d\u00e9sirables et recommand\u00e9s, dont la tradition remonte \u00e0 des milliers d&rsquo;ann\u00e9es.<\/span><\/p>\n<p><span style=\"color: #000000\">C&rsquo;est une<strong> plante adaptog\u00e8ne qui<\/strong> <strong>augmente l&rsquo;\u00e9nergie, l&rsquo;endurance, la vitalit\u00e9 et la force physique.<\/strong> C&rsquo;est dans les Andes du centre du P\u00e9rou qu&rsquo;elle est la plus abondante, dans des conditions difficiles et \u00e0 tr\u00e8s haute altitude &#8211; plus de 4000 m\u00e8tres. C&rsquo;est un l\u00e9gume crucif\u00e8re comme le brocoli, le chou-fleur, le navet, le chou, le chou fris\u00e9 et le radis. La partie la plus comestible de la plante est la racine ou le tubercule. Elle se pr\u00e9sente sous plusieurs couleurs, du blanc au noir. Les couleurs les plus populaires sont le <strong>jaune, le rouge et le noir.<\/strong> La maca jaune ordinaire est utilis\u00e9e pour la consommation quotidienne et \u00e0 long terme. La maca rouge et la maca noire sont consid\u00e9r\u00e9es comme des vari\u00e9t\u00e9s sacr\u00e9es et sont utilis\u00e9es pour des probl\u00e8mes th\u00e9rapeutiques chroniques. La maca jaune est neutre. Le rouge est consid\u00e9r\u00e9 comme l&rsquo;\u00e9nergie f\u00e9minine int\u00e9rieure. La noire est consid\u00e9r\u00e9e comme l&rsquo;\u00e9nergie <strong>masculine ext\u00e9rieure<\/strong>. Les chamans locaux sont tr\u00e8s exigeants quant au type ou \u00e0 la proportion de maca qu&rsquo;une personne ayant des probl\u00e8mes doit consommer.<\/span><\/p>\n<p><span style=\"color: #000000\">La maca a un go\u00fbt tr\u00e8s doux et un large \u00e9ventail d&rsquo;utilisations.<\/span><\/p>\n<p><span style=\"color: #000000\">La maca noire ne repr\u00e9sente qu&rsquo;environ 10 % de la production mondiale de tous les types de maca. Elle est \u00e9galement tr\u00e8s appr\u00e9ci\u00e9e pour ses usages m\u00e9dicinaux.<\/span><\/p>\n<h2><span style=\"color: #000000\">Pourquoi choisir la maca noire ?<\/span><\/h2>\n<p><span style=\"color: #000000\">La maca noire est consid\u00e9r\u00e9e comme un viagra naturel. Elle a un effet significatif sur le nombre et la mobilit\u00e9 des spermatozo\u00efdes. Elle est donc particuli\u00e8rement appr\u00e9ci\u00e9e par les couples qui ne parviennent pas \u00e0 concevoir. Elle donne \u00e9galement de la force, am\u00e9liore l&rsquo;humeur, pr\u00e9vient le stress et l&rsquo;anxi\u00e9t\u00e9, am\u00e9liore la m\u00e9moire et la concentration, agit comme un antid\u00e9presseur naturel et am\u00e9liore le sommeil.<\/span><\/p>\n<p><span style=\"color: #000000\">Notre maca provient des fermes biologiques de haute montagne du P\u00e9rou et est 100% <strong>biologique.<\/strong> Chaque lot est analys\u00e9 et certifi\u00e9.<\/span><\/p>\n<h2><span style=\"color: #000000\">Pourquoi commander notre maca ?<\/span><\/h2>\n<p><span style=\"color: #000000\">Notre poudre de maca est issue d&rsquo;une <strong>production biologique contr\u00f4l\u00e9e,<\/strong> soigneusement s\u00e9ch\u00e9e et moulue en une poudre semblable \u00e0 de la farine. En outre, nous veillons r\u00e9guli\u00e8rement \u00e0 ce que nos stocks de matzo soient toujours <strong>frais<\/strong>! C&rsquo;est \u00e9galement la raison pour laquelle nous pr\u00e9parons soigneusement le m\u00e9lange nous-m\u00eames, car c&rsquo;est la seule fa\u00e7on de garantir son int\u00e9grit\u00e9 avec des ingr\u00e9dients frais dans les bonnes proportions.<\/span><\/p>\n<p><span style=\"color: #000000\">La maca provient des fermes biologiques de haute montagne du P\u00e9rou et nous avons analys\u00e9 et valid\u00e9 chaque lot.<\/span><\/p>\n<h2><span style=\"color: #000000\">Stockage et avertissements<\/span><\/h2>\n<p><span style=\"color: #000000\">Conserver dans un endroit frais et sec \u00e0 une temp\u00e9rature maximale de 25 \u00b0C. Tenir le compl\u00e9ment alimentaire hors de port\u00e9e des enfants !<\/span><\/p>\n<p><span style=\"color: #000000\">N&rsquo;oubliez pas l&rsquo;importance d&rsquo;une alimentation vari\u00e9e et d&rsquo;un mode de vie sain. Un compl\u00e9ment alimentaire ne peut donc pas se substituer \u00e0 une alimentation \u00e9quilibr\u00e9e et vari\u00e9e. La quantit\u00e9 ou la dose journali\u00e8re recommand\u00e9e ne doit pas \u00eatre d\u00e9pass\u00e9e. Il est toujours conseill\u00e9 aux femmes enceintes et \u00e0 celles qui allaitent de consulter un m\u00e9decin avant d&rsquo;utiliser ce produit.<\/span><\/p>\n<h2><span style=\"color: #000000\">Conditionnement<\/span><\/h2>\n<p><span style=\"color: #000000\">Sachet zip-lock non perm\u00e9able o\u00f9 le produit conserve toute sa fra\u00eecheur et son ar\u00f4me. L&#8217;emballage prot\u00e8ge le produit de la lumi\u00e8re et de l&rsquo;air, car il est compos\u00e9 de plusieurs couches de protection pour pr\u00e9server les propri\u00e9t\u00e9s du contenu.<\/span><\/p>\n<p><span style=\"color: #000000\">L&#8217;emballage est tr\u00e8s pratique et recyclable.<\/span><\/p>\n<h2><span style=\"color: #000000\">Origine du produit<\/span><\/h2>\n<p><span style=\"color: #000000\">P\u00e9rou<\/span><\/p>\n","protected":false},"excerpt":{"rendered":"<p align=\"JUSTIFY\">La maca est une plante-racine qui pousse sur les hauts plateaux des Andes p\u00e9ruviennes, expos\u00e9s \u00e0 des<strong> conditions climatiques extr\u00eames<\/strong> et \u00e0 de grandes diff\u00e9rences de temp\u00e9rature entre le jour et la nuit. La partie m\u00e9dicinale de la maca est le tubercule, qui contient de nombreuses<strong> vitamines, min\u00e9raux et acides amin\u00e9s<\/strong>. Contenant des vitamines importantes telles que la vitamine B1, B12, C et E, ainsi que des acides gras, des min\u00e9raux et des acides amin\u00e9s, la maca est l&rsquo;un des super-aliments naturels les plus efficaces, d\u00e9sirables et recommand\u00e9s, dont la tradition remonte \u00e0 des milliers d&rsquo;ann\u00e9es.<\/p>\n<table style=\"border-collapse: collapse;width: 5px;height: 5px\" border=\"0\" width=\"64\" cellspacing=\"0\" cellpadding=\"0\">\n<tbody>\n<tr style=\"height: 15.0pt\">\n<td style=\"height: 15.0pt;width: 48pt\" width=\"64\" height=\"20\"><\/td>\n<\/tr>\n<\/tbody>\n<\/table>\n<p align=\"JUSTIFY\">\ud83d\udc9a Pour l&rsquo;\u00e9nergie masculine externe.<br \/>\n\ud83d\udc9a Pour le summum de la sant\u00e9 et de la vitalit\u00e9.<br \/>\n\ud83d\udc9a Am\u00e9liore l&rsquo;humeur, pr\u00e9vient le stress et l&rsquo;anxi\u00e9t\u00e9.<br \/>\n\ud83d\udc9a Augmente la vitalit\u00e9 et la force.<\/p>\n","protected":false},"featured_media":6186,"comment_status":"open","ping_status":"closed","template":"","meta":{"_acf_changed":false},"product_brand":[],"product_cat":[15],"product_tag":[],"class_list":{"0":"post-6185","1":"product","2":"type-product","3":"status-publish","4":"has-post-thumbnail","6":"product_cat-uncategorized","8":"first","9":"instock","10":"sale","11":"taxable","12":"shipping-taxable","13":"purchasable","14":"product-type-simple"},"acf":[],"_links":{"self":[{"href":"https:\/\/fengchashop.com\/be-fr\/wp-json\/wp\/v2\/product\/6185","targetHints":{"allow":["GET"]}}],"collection":[{"href":"https:\/\/fengchashop.com\/be-fr\/wp-json\/wp\/v2\/product"}],"about":[{"href":"https:\/\/fengchashop.com\/be-fr\/wp-json\/wp\/v2\/types\/product"}],"replies":[{"embeddable":true,"href":"https:\/\/fengchashop.com\/be-fr\/wp-json\/wp\/v2\/comments?post=6185"}],"wp:featuredmedia":[{"embeddable":true,"href":"https:\/\/fengchashop.com\/be-fr\/wp-json\/wp\/v2\/media\/6186"}],"wp:attachment":[{"href":"https:\/\/fengchashop.com\/be-fr\/wp-json\/wp\/v2\/media?parent=6185"}],"wp:term":[{"taxonomy":"product_brand","embeddable":true,"href":"https:\/\/fengchashop.com\/be-fr\/wp-json\/wp\/v2\/product_brand?post=6185"},{"taxonomy":"product_cat","embeddable":true,"href":"https:\/\/fengchashop.com\/be-fr\/wp-json\/wp\/v2\/product_cat?post=6185"},{"taxonomy":"product_tag","embeddable":true,"href":"https:\/\/fengchashop.com\/be-fr\/wp-json\/wp\/v2\/product_tag?post=6185"}],"curies":[{"name":"wp","href":"https:\/\/api.w.org\/{rel}","templated":true}]}}