{"id":6172,"date":"2022-02-22T09:44:00","date_gmt":"2022-02-22T08:44:00","guid":{"rendered":"https:\/\/fengchashop.com\/be-fr\/product\/onca-mix-bio-125-g\/"},"modified":"2026-04-16T21:13:46","modified_gmt":"2026-04-16T19:13:46","slug":"onca-mix-bio","status":"publish","type":"product","link":"https:\/\/fengchashop.com\/be-fr\/product\/onca-mix-bio\/","title":{"rendered":"Onca mix BIO 125 g"},"content":{"rendered":"<h2><span style=\"color: #000000\">Onca mix BIO poudre de champignons m\u00e9dicinaux<\/span><\/h2>\n<p><span style=\"color: #000000\">Le m\u00e9lange de champignons m\u00e9dicinaux Onca mix est destin\u00e9 \u00e0 soutenir les traitements <strong>et proc\u00e9dures conventionnels agressifs et \u00e0 aider \u00e0 traiter les affections chroniques plus graves<\/strong>. Onca mix offre le plus large spectre d&rsquo;action \u00e9quilibr\u00e9e gr\u00e2ce aux centaines de composants actifs diff\u00e9rents qu&rsquo;il contient. Onca mix est compos\u00e9 de quatre esp\u00e8ces de champignons : Ganoderma lucidum (Reishi), Lentinula edodes (Shiitake), Coriolus et Agaricus blazei.<\/span><\/p>\n<p><span style=\"color: #000000\">Ce large spectre d&rsquo;esp\u00e8ces de champignons permet d&rsquo;obtenir une action \u00e0 large spectre et d&rsquo;acc\u00e9l\u00e9rer l&rsquo;action pr\u00e9ventive contre l&rsquo;affaiblissement g\u00e9n\u00e9ral.<\/span><\/p>\n<p><span style=\"color: #000000\">L&rsquo;utilisation du produit est tr\u00e8s simple et ne n\u00e9cessite aucune pr\u00e9paration ou comp\u00e9tence. Les champignons sont broy\u00e9s en une fine poudre qui ne contient aucune particule. Le produit est donc pr\u00eat \u00e0 l&#8217;emploi. Il suffit de le verser directement de l&#8217;emballage dans votre boisson pr\u00e9f\u00e9r\u00e9e, de remuer et de consommer.<\/span><\/p>\n<h2><span style=\"color: #000000\">Pourquoi utiliser notre m\u00e9lange Onca ?<\/span><\/h2>\n<p><span style=\"color: #000000\">Le m\u00e9lange a \u00e9t\u00e9 soigneusement formul\u00e9 sur la base des observations et des conclusions des utilisateurs du m\u00e9lange et des champignons m\u00e9dicinaux en g\u00e9n\u00e9ral. Bien que les champignons m\u00e9dicinaux aient des m\u00e9canismes d&rsquo;action tr\u00e8s complexes que la science n&rsquo;a pas encore pu expliquer, nous savons qu&rsquo;ils ont un <strong>effet b\u00e9n\u00e9fique sur notre syst\u00e8me immunitaire, sur notre bien-\u00eatre et sur les processus naturels qui se d\u00e9roulent chaque jour dans notre organisme<\/strong>. Le syst\u00e8me immunitaire est charg\u00e9 de lutter contre les corps \u00e9trangers pr\u00e9sents dans notre organisme. Qu&rsquo;il s&rsquo;agisse d&rsquo;un simple virus \u00e0 l&rsquo;origine d&rsquo;un rhume ou d&rsquo;un ensemble de cellules repr\u00e9sentant un cancer. C&rsquo;est pourquoi un syst\u00e8me immunitaire sain et fort est si important. Tout aussi importants sont les antioxydants qui nous prot\u00e8gent du stress oxydatif \u00e0 l&rsquo;origine de nombreuses maladies et du vieillissement pr\u00e9matur\u00e9.<\/span><\/p>\n<p><span style=\"color: #000000\">La production de nos champignons m\u00e9dicinaux est strictement contr\u00f4l\u00e9e, sans utilisation de produits chimiques ou de pesticides et <strong>100 % biologique<\/strong>. Tous les champignons sont cultiv\u00e9s en Slov\u00e9nie.<\/span><\/p>\n<h2><span style=\"color: #000000\">\u00c0 qui s&rsquo;adresse Onca mix et quels sont ses effets ?<\/span><\/h2>\n<p><span style=\"color: #000000\">Onca mix est avant tout un traitement de soutien pour les patients chroniques trait\u00e9s selon la m\u00e9thode de la m\u00e9decine traditionnelle. Il est destin\u00e9 aux patients trait\u00e9s pour des maladies plus graves et dont le traitement est agressif. Il est \u00e9galement destin\u00e9 \u00e0 ceux qui veulent essayer l&rsquo;action des champignons m\u00e9dicinaux et favoriser la gu\u00e9rison de mani\u00e8re naturelle. Il s&rsquo;agit \u00e9galement d&rsquo;un excellent compl\u00e9ment alimentaire naturel, car les champignons ont une valeur nutritionnelle \u00e9lev\u00e9e &#8211; nutriments pr\u00e9cieux, oligo-\u00e9l\u00e9ments, vitamines, macro-min\u00e9raux, fibres, prot\u00e9ines. Les champignons m\u00e9dicinaux ont une riche histoire dans la m\u00e9decine et la gu\u00e9rison chinoises, et l&rsquo;homme se tourne de plus en plus vers la nature pour se soigner. Il est toujours conseill\u00e9 de consulter un sp\u00e9cialiste ou un m\u00e9decin g\u00e9n\u00e9raliste avant de consommer des champignons m\u00e9dicinaux dans le cadre d&rsquo;un traitement.<\/span><\/p>\n<h2><span style=\"color: #000000\">Conditionnement<\/span><\/h2>\n<p><span style=\"color: #000000\">Sachet zip-lock non perm\u00e9able o\u00f9 le produit conserve toute sa fra\u00eecheur et son ar\u00f4me. L&#8217;emballage prot\u00e8ge de la lumi\u00e8re et de l&rsquo;air, car il est compos\u00e9 de plusieurs couches de protection qui pr\u00e9servent les propri\u00e9t\u00e9s du contenu.<\/span><\/p>\n<p><span style=\"color: #000000\">L&#8217;emballage est tr\u00e8s pratique et recyclable.<\/span><\/p>\n<h2><span style=\"color: #000000\">Stockage et avertissements<\/span><\/h2>\n<p><span style=\"color: #000000\">Conserver dans un endroit frais et sec. Tenir le compl\u00e9ment alimentaire hors de port\u00e9e des enfants !<\/span><\/p>\n<p><span style=\"color: #000000\">N&rsquo;oubliez pas l&rsquo;importance d&rsquo;une alimentation vari\u00e9e et d&rsquo;un mode de vie sain, un compl\u00e9ment alimentaire ne peut donc pas se substituer \u00e0 une alimentation \u00e9quilibr\u00e9e et vari\u00e9e. La quantit\u00e9 ou la dose journali\u00e8re recommand\u00e9e ne doit pas \u00eatre d\u00e9pass\u00e9e. Il est toujours conseill\u00e9 aux femmes enceintes et allaitantes de consulter un m\u00e9decin avant toute utilisation.<\/span><\/p>\n<h2><span style=\"color: #000000\">Bon \u00e0 savoir<\/span><\/h2>\n<p><span style=\"color: #000000\">Le produit convient \u00e9galement aux animaux. Dans la plupart des cas, les champignons m\u00e9dicinaux s&rsquo;av\u00e8rent extr\u00eamement efficaces pour renforcer le syst\u00e8me immunitaire, \u00e9liminer les allergies et les affections cutan\u00e9es, ainsi que les infections virales et bact\u00e9riennes. Veuillez consulter votre v\u00e9t\u00e9rinaire avant l&rsquo;utilisation pour savoir s&rsquo;il est judicieux de prendre ce produit et quelle est la dose journali\u00e8re recommand\u00e9e.<\/span><\/p>\n<h2><span style=\"color: #000000\">Origine du produit<\/span><\/h2>\n<p><span style=\"color: #000000\">Slov\u00e9nie<\/span><\/p>\n","protected":false},"excerpt":{"rendered":"<p align=\"JUSTIFY\">Le m\u00e9lange de champignons m\u00e9dicinaux Onca est destin\u00e9 \u00e0 soutenir les traitements et proc\u00e9dures conventionnels agressifs et \u00e0 aider \u00e0 traiter les affections chroniques plus graves. Le m\u00e9lange Onca offre le plus large spectre d&rsquo;action \u00e9quilibr\u00e9e gr\u00e2ce aux centaines de composants actifs diff\u00e9rents qu&rsquo;il contient.<\/p>\n<p>\ud83d\udc9a Renforce le syst\u00e8me immunitaire.<br \/>\n\ud83d\udc9a Il a un effet b\u00e9n\u00e9fique sur notre bien-\u00eatre.<br \/>\n\ud83d\udc9a Il est anti-inflammatoire.<br \/>\n\ud83d\udc9a Antioxydant.<\/p>\n","protected":false},"featured_media":6173,"comment_status":"open","ping_status":"closed","template":"","meta":{"_acf_changed":false},"product_brand":[],"product_cat":[15,228,224,225],"product_tag":[],"class_list":{"0":"post-6172","1":"product","2":"type-product","3":"status-publish","4":"has-post-thumbnail","6":"product_cat-uncategorized","7":"product_cat-champignons-medicinaux","8":"product_cat-offre","9":"product_cat-tous-les-produits","11":"first","12":"instock","13":"sale","14":"taxable","15":"shipping-taxable","16":"purchasable","17":"product-type-simple"},"acf":[],"_links":{"self":[{"href":"https:\/\/fengchashop.com\/be-fr\/wp-json\/wp\/v2\/product\/6172","targetHints":{"allow":["GET"]}}],"collection":[{"href":"https:\/\/fengchashop.com\/be-fr\/wp-json\/wp\/v2\/product"}],"about":[{"href":"https:\/\/fengchashop.com\/be-fr\/wp-json\/wp\/v2\/types\/product"}],"replies":[{"embeddable":true,"href":"https:\/\/fengchashop.com\/be-fr\/wp-json\/wp\/v2\/comments?post=6172"}],"wp:featuredmedia":[{"embeddable":true,"href":"https:\/\/fengchashop.com\/be-fr\/wp-json\/wp\/v2\/media\/6173"}],"wp:attachment":[{"href":"https:\/\/fengchashop.com\/be-fr\/wp-json\/wp\/v2\/media?parent=6172"}],"wp:term":[{"taxonomy":"product_brand","embeddable":true,"href":"https:\/\/fengchashop.com\/be-fr\/wp-json\/wp\/v2\/product_brand?post=6172"},{"taxonomy":"product_cat","embeddable":true,"href":"https:\/\/fengchashop.com\/be-fr\/wp-json\/wp\/v2\/product_cat?post=6172"},{"taxonomy":"product_tag","embeddable":true,"href":"https:\/\/fengchashop.com\/be-fr\/wp-json\/wp\/v2\/product_tag?post=6172"}],"curies":[{"name":"wp","href":"https:\/\/api.w.org\/{rel}","templated":true}]}}