{"id":6169,"date":"2022-02-22T09:22:38","date_gmt":"2022-02-22T08:22:38","guid":{"rendered":"https:\/\/fengchashop.com\/be-fr\/product\/auricularia-auricula-bio-125-g\/"},"modified":"2026-04-17T01:20:18","modified_gmt":"2026-04-16T23:20:18","slug":"auricularia-auricula-bio","status":"publish","type":"product","link":"https:\/\/fengchashop.com\/be-fr\/product\/auricularia-auricula-bio\/","title":{"rendered":"Auricularia auricula BIO 125 g"},"content":{"rendered":"<h2><span style=\"color: #000000\">Auricularia auricula BIO poudre<\/span><\/h2>\n<p><span style=\"color: #000000\">L&rsquo;Auricularia auricula gagne de plus en plus d&rsquo;importance en tant que compl\u00e9ment alimentaire, car elle est le quatri\u00e8me aliment le plus produit dans le monde. Elle est \u00e9galement connue sous le nom de <strong>fleur de sureau.<\/strong> Elle est \u00e9galement utilis\u00e9e dans la cuisine orientale. En m\u00e9decine, elle est recommand\u00e9e pour traiter <strong>diverses inflammations<\/strong>. Des recherches scientifiques ont \u00e9galement montr\u00e9 des effets b\u00e9n\u00e9fiques sur le syst\u00e8me cardiovasculaire, en abaissant le taux de cholest\u00e9rol LDL et en pr\u00e9venant la formation de caillots sanguins, ainsi que des <strong>effets antiviraux, antibact\u00e9riens et antiparasitaires<\/strong>.<\/span><\/p>\n<p><span style=\"color: #000000\">Si vous \u00eates enceinte, si vous allaitez ou si vous envisagez une grossesse, nous vous d\u00e9conseillons d&rsquo;utiliser l&rsquo;Auricularia auricula, car elle r\u00e9duit la fertilit\u00e9.<\/span><\/p>\n<p><span style=\"color: #000000\">La production de notre champignon Auricularia auricula est strictement contr\u00f4l\u00e9e, sans utilisation de produits chimiques ou de pesticides et<strong> 100 % biologique<\/strong>. La qualit\u00e9 des champignons est r\u00e9guli\u00e8rement contr\u00f4l\u00e9e par des laboratoires ind\u00e9pendants en Slov\u00e9nie et aux \u00c9tats-Unis.<\/span><\/p>\n<h2><span style=\"color: #000000\">Que contient ce produit et \u00e0 qui s&rsquo;adresse-t-il ?<\/span><\/h2>\n<p><span style=\"color: #000000\">Auricularia auricula est compos\u00e9 d&rsquo;une vari\u00e9t\u00e9 de <strong>polysaccharides, de vitamines, de sels min\u00e9raux et d&rsquo;autres antioxydants <\/strong>. La consommation d&rsquo;Auricularia auricula peut aider \u00e0:<\/span><\/p>\n<p><span style=\"color: #000000\"> \ud83d\udc9a les maux de gorge et des yeux,<\/span><br \/>\n<span style=\"color: #000000\">\ud83d\udc9a pr\u00e9venir la formation de caillots sanguins,<\/span><br \/>\n<span style=\"color: #000000\">\ud83d\udc9a les probl\u00e8mes et les affections cardiovasculaires,<\/span><br \/>\n<span style=\"color: #000000\">\ud83d\udc9a r\u00e9duire le taux de cholest\u00e9rol total et de mauvais cholest\u00e9rol dans le sang,<\/span><br \/>\n<span style=\"color: #000000\">\ud83d\udc9a d&rsquo;autres affections inflammatoires.<\/span><\/p>\n<p><span style=\"color: #000000\">Il est recommand\u00e9 de prendre des champignons surtout pour les personnes qui souffrent d&rsquo;<strong> inflammations fr\u00e9quentes, notamment<\/strong> de la gorge et des yeux.<\/span><\/p>\n<p><span style=\"color: #000000\">Tous les \u00e9l\u00e9ments du champignon sont pr\u00e9sents en grande quantit\u00e9 et ont un effet tr\u00e8s positif sur notre organisme.<\/span><\/p>\n<p><span style=\"color: #000000\">Ce qui est extr\u00eamement important, c&rsquo;est que l&rsquo;Auricularia auricula est un <strong>produit 100 % naturel<\/strong> qui peut nous aider de mani\u00e8re naturelle. Il am\u00e9liore les sympt\u00f4mes de nos probl\u00e8mes et a un effet positif sur notre bien-\u00eatre g\u00e9n\u00e9ral.<\/span><\/p>\n<h2><span style=\"color: #000000\">Pourquoi les champignons ?<\/span><\/h2>\n<p><span style=\"color: #000000\">Les champignons sont tr\u00e8s int\u00e9ressants. Ce ne sont ni des plantes ni des animaux, mais ce qu&rsquo;ils sont, ce sont certainement des organismes \u00e9tonnants qui ont r\u00e9ussi \u00e0 survivre presque depuis le d\u00e9but du monde. Ils ont d\u00e9velopp\u00e9 une strat\u00e9gie de survie particuli\u00e8re qui leur a permis de survivre jusqu&rsquo;\u00e0 aujourd&rsquo;hui. Et nous, les humains, pouvons \u00e9galement b\u00e9n\u00e9ficier de ces avantages en consommant des champignons m\u00e9dicinaux. Ils nous apportent un \u00e9quilibre physique et nous prot\u00e8gent contre de nombreuses maladies. Ils peuvent constituer un <strong>traitement<\/strong><strong> pr\u00e9ventif<\/strong> ou <strong>curatif de soutien<\/strong> pour de nombreuses maladies (modernes), qu&rsquo;elles soient conventionnelles ou non. Traditionnellement, on attribue aux champignons des effets dans les cas de cancer, de maladies auto-immunes et d&rsquo;allergies. Ils sont \u00e9galement bons pour une r\u00e9ponse saine et forte du syst\u00e8me immunitaire. Toutefois, la recherche en mati\u00e8re de sant\u00e9 men\u00e9e au cours des derni\u00e8res d\u00e9cennies, lorsque les champignons ont suscit\u00e9 l&rsquo;int\u00e9r\u00eat du monde occidental, a confirm\u00e9 bon nombre de leurs effets th\u00e9rapeutiques.<\/span><\/p>\n<p><span style=\"color: #000000\">\u00c9tant donn\u00e9 que certaines substances actives naturelles sont indigestes ou difficiles \u00e0 dig\u00e9rer, il est tr\u00e8s important de ne consommer que les meilleures poudres de champignons. Les champignons doivent \u00eatre cultiv\u00e9s, s\u00e9ch\u00e9s et pr\u00e9par\u00e9s correctement. Ils doivent \u00eatre r\u00e9duits en poudre fine, sans morceaux. La couleur de la poudre est plus claire, mais elle d\u00e9pend \u00e9galement du type de champignon consomm\u00e9. Comme les champignons sont si efficaces pr\u00e9cis\u00e9ment parce qu&rsquo;ils ont la capacit\u00e9 d&rsquo;absorber tout ce qui est bon ou mauvais dans l&rsquo;environnement, il est important d&rsquo;utiliser des champignons cultiv\u00e9s de mani\u00e8re biologique.<\/span><\/p>\n<h2><span style=\"color: #000000\">Conditionnement<\/span><\/h2>\n<p><span style=\"color: #000000\">Dans un sachet zip non perm\u00e9able, o\u00f9 le produit conserve toute sa fra\u00eecheur et son ar\u00f4me. L&#8217;emballage prot\u00e8ge le produit de la lumi\u00e8re et de l&rsquo;air, car il est compos\u00e9 de plusieurs couches de protection qui pr\u00e9servent les propri\u00e9t\u00e9s du contenu.<\/span><\/p>\n<p><span style=\"color: #000000\">L&#8217;emballage est tr\u00e8s pratique et recyclable.<\/span><\/p>\n<h2><span style=\"color: #000000\">Stockage et avertissements<\/span><\/h2>\n<p><span style=\"color: #000000\">Conserver dans un endroit frais et sec. Tenir le compl\u00e9ment alimentaire hors de port\u00e9e des enfants !<\/span><\/p>\n<p><span style=\"color: #000000\">N&rsquo;oubliez pas l&rsquo;importance d&rsquo;une alimentation vari\u00e9e et d&rsquo;un mode de vie sain, un compl\u00e9ment alimentaire ne peut donc pas se substituer \u00e0 une alimentation \u00e9quilibr\u00e9e et vari\u00e9e. La quantit\u00e9 ou la dose journali\u00e8re recommand\u00e9e ne doit pas \u00eatre d\u00e9pass\u00e9e. Il est toujours conseill\u00e9 aux femmes enceintes et allaitantes de consulter un m\u00e9decin avant toute utilisation.<\/span><\/p>\n<h2><span style=\"color: #000000\">Bon \u00e0 savoir<\/span><\/h2>\n<p><span style=\"color: #000000\">Le produit convient \u00e9galement aux animaux. Dans la plupart des cas, les champignons m\u00e9dicinaux s&rsquo;av\u00e8rent extr\u00eamement efficaces pour renforcer le syst\u00e8me immunitaire, \u00e9liminer les allergies et les affections cutan\u00e9es, ainsi que les infections virales et bact\u00e9riennes. Veuillez consulter votre v\u00e9t\u00e9rinaire avant l&rsquo;utilisation pour savoir s&rsquo;il est judicieux de prendre ce produit et quelle est la dose journali\u00e8re recommand\u00e9e.<\/span><\/p>\n<h2><span style=\"color: #000000\">Origine du produit<\/span><\/h2>\n<p><span style=\"color: #000000\">Slov\u00e9nie<\/span><\/p>\n","protected":false},"excerpt":{"rendered":"<p align=\"JUSTIFY\">L&rsquo;Auricularia auricula prend de plus en plus d&rsquo;importance en tant que compl\u00e9ment alimentaire, \u00e9tant la<strong> quatri\u00e8me esp\u00e8ce la plus r\u00e9colt\u00e9e<\/strong> dans le monde. Elle est \u00e9galement connue sous le nom de <strong>sureau<\/strong>. Elle est \u00e9galement utilis\u00e9e dans la cuisine orientale. En m\u00e9decine, il est recommand\u00e9 pour <strong>diverses inflammations, comme :<\/strong><\/p>\n<p><span style=\"color: #000000\"> \ud83d\udc9a anti-inflammatoire,<br \/>\n\ud83d\udc9a il a un effet b\u00e9n\u00e9fique sur le syst\u00e8me cardiovasculaire,<br \/>\n\ud83d\udc9a abaisse le taux de cholest\u00e9rol dans le sang,<br \/>\n\ud83d\udc9a a des propri\u00e9t\u00e9s antioxydantes.<\/span><\/p>\n","protected":false},"featured_media":6170,"comment_status":"open","ping_status":"closed","template":"","meta":{"_acf_changed":false},"product_brand":[],"product_cat":[15,228,224,225],"product_tag":[],"class_list":{"0":"post-6169","1":"product","2":"type-product","3":"status-publish","4":"has-post-thumbnail","6":"product_cat-uncategorized","7":"product_cat-champignons-medicinaux","8":"product_cat-offre","9":"product_cat-tous-les-produits","11":"first","12":"instock","13":"taxable","14":"shipping-taxable","15":"purchasable","16":"product-type-simple"},"acf":[],"_links":{"self":[{"href":"https:\/\/fengchashop.com\/be-fr\/wp-json\/wp\/v2\/product\/6169","targetHints":{"allow":["GET"]}}],"collection":[{"href":"https:\/\/fengchashop.com\/be-fr\/wp-json\/wp\/v2\/product"}],"about":[{"href":"https:\/\/fengchashop.com\/be-fr\/wp-json\/wp\/v2\/types\/product"}],"replies":[{"embeddable":true,"href":"https:\/\/fengchashop.com\/be-fr\/wp-json\/wp\/v2\/comments?post=6169"}],"wp:featuredmedia":[{"embeddable":true,"href":"https:\/\/fengchashop.com\/be-fr\/wp-json\/wp\/v2\/media\/6170"}],"wp:attachment":[{"href":"https:\/\/fengchashop.com\/be-fr\/wp-json\/wp\/v2\/media?parent=6169"}],"wp:term":[{"taxonomy":"product_brand","embeddable":true,"href":"https:\/\/fengchashop.com\/be-fr\/wp-json\/wp\/v2\/product_brand?post=6169"},{"taxonomy":"product_cat","embeddable":true,"href":"https:\/\/fengchashop.com\/be-fr\/wp-json\/wp\/v2\/product_cat?post=6169"},{"taxonomy":"product_tag","embeddable":true,"href":"https:\/\/fengchashop.com\/be-fr\/wp-json\/wp\/v2\/product_tag?post=6169"}],"curies":[{"name":"wp","href":"https:\/\/api.w.org\/{rel}","templated":true}]}}