{"id":6154,"date":"2022-02-11T22:23:40","date_gmt":"2022-02-11T21:23:40","guid":{"rendered":"https:\/\/fengchashop.com\/be-fr\/product\/ginseng-en-poudre-bio-250-g\/"},"modified":"2026-04-30T09:57:08","modified_gmt":"2026-04-30T07:57:08","slug":"ginseng-en-poudre-bio","status":"publish","type":"product","link":"https:\/\/fengchashop.com\/be-fr\/product\/ginseng-en-poudre-bio\/","title":{"rendered":"Ginseng sib\u00e9rien en poudre BIO 250 g"},"content":{"rendered":"<h2><span style=\"color: #000000\">Poudre de ginseng sib\u00e9rien issu de l&rsquo;agriculture biologique<\/span><\/h2>\n<p><span style=\"color: #000000\">Le ginseng sib\u00e9rien pousse principalement dans le nord de la Chine et en Sib\u00e9rie (une r\u00e9gion de Russie), mais on le trouve \u00e9galement en Cor\u00e9e et au Japon. Il s&rsquo;agit d&rsquo;une plante vivace qui pousse g\u00e9n\u00e9ralement dans des climats plus frais. Il a une racine ligneuse et pousse dans les zones de haute montagne, mais aussi dans les zones prot\u00e9g\u00e9es du soleil dans les vall\u00e9es. Il est \u00e9galement connu sous le nom de ginseng sib\u00e9rien ou d&rsquo;\u00e9leuth\u00e9rocoque (Eleutherococcus senticosus).<\/span><\/p>\n<p><span style=\"color: #000000\">La racine de ginseng est l&rsquo;une des<strong> plantes les plus importantes <\/strong>de l&rsquo;herboristerie traditionnelle chinoise et russe, o\u00f9 elle est utilis\u00e9e comme compl\u00e9ment alimentaire depuis des si\u00e8cles, voire des mill\u00e9naires. En Chine, il est bien connu que le ginseng est bon pour la sant\u00e9 en termes de <strong>long\u00e9vit\u00e9<\/strong> (inhibition du processus de vieillissement), de<strong> renforcement du syst\u00e8me immunitaire, d&rsquo;anti-fatigue, d&rsquo;anti-stress et d&rsquo;influence sur la puissance sexuelle<\/strong>.<\/span><\/p>\n<p><span style=\"color: #000000\">Les compos\u00e9s actifs du ginseng appel\u00e9s elevterosides (il en contient 7 diff\u00e9rents) agissent de mani\u00e8re similaire aux st\u00e9ro\u00efdes. Le ginseng est \u00e9galement une <strong>plante adaptog\u00e8ne<\/strong>. Il s&rsquo;agit de plantes qui aident l&rsquo;organisme \u00e0 s&rsquo;adapter \u00e0 divers facteurs environnementaux n\u00e9gatifs. Il a la capacit\u00e9 de r\u00e9guler et de contr\u00f4ler les syst\u00e8mes glandulaires et hormonaux, les syst\u00e8mes nerveux et cardiovasculaire et les muscles. Les adaptog\u00e8nes aident efficacement l&rsquo;organisme \u00e0 faire face au stress physique, chimique et biologique.<\/span><\/p>\n<p><span style=\"color: #000000\">Notre ginseng sib\u00e9rien <strong>est issu de l&rsquo;agriculture biologique <\/strong>et<strong> ne contient aucun agent de remplissage ou additif<\/strong>. Apr\u00e8s la r\u00e9colte, les racines de ginseng sont s\u00e9ch\u00e9es puis r\u00e9duites en poudre par un proc\u00e9d\u00e9 doux.<\/span><\/p>\n<p><span style=\"color: #000000\">Le ginseng sib\u00e9rien (elevoside) ne doit pas \u00eatre confondu avec le ginseng asiatique plus connu (ginsenoside), bien qu&rsquo;ils aient des propri\u00e9t\u00e9s adaptog\u00e8nes similaires.<\/span><\/p>\n<h2><span style=\"color: #000000\">Pourquoi l&rsquo;utiliser ?<\/span><\/h2>\n<p><span style=\"color: #000000\">Le ginseng peut aider \u00e0 <strong>surmonter le stress, \u00e0 cr\u00e9er une bonne \u00e9nergie dans le corps et une vitalit\u00e9 g\u00e9n\u00e9rale<\/strong>. Comme il contient des polysaccharides complexes, il est souvent associ\u00e9 au renforcement du syst\u00e8me immunitaire. Les chercheurs ont constat\u00e9 que l&rsquo;effet du ginseng est encore<strong> renforc\u00e9<\/strong> lorsqu&rsquo;il est associ\u00e9 \u00e0 d&rsquo;autres plantes traditionnelles chinoises. Le ginseng est \u00e9galement <strong>anti-inflammatoire, antiradicalaire, il am\u00e9liore la circulation sanguine et abaisse la<\/strong> tension <strong>art\u00e9rielle<\/strong>. Il stimule l&rsquo;hypophyse et<strong> augmente la libido<\/strong>.<\/span><\/p>\n<p><span style=\"color: #000000\">Il est tr\u00e8s appr\u00e9ci\u00e9 des sportifs car il augmente l&rsquo;endurance et r\u00e9duit la fatigue, tout en aidant \u00e0 acc\u00e9l\u00e9rer la r\u00e9cup\u00e9ration.<\/span><\/p>\n<p><span style=\"color: #000000\">En outre, il contribue \u00e0 am\u00e9liorer les fonctions mentales et cognitives du cerveau. Il agit donc sur l&rsquo;apprentissage, la m\u00e9moire et la cognition. Tout cela signifie qu&rsquo;elle peut avoir un effet direct sur l&rsquo;inhibition de la d\u00e9t\u00e9rioration du cerveau. Par cons\u00e9quent, il am\u00e9liore \u00e9galement le sommeil et pr\u00e9vient la d\u00e9pression.<\/span><\/p>\n<p><span style=\"color: #000000\">Il est aussi traditionnellement utilis\u00e9 contre le rhume et la grippe, car certaines \u00e9tudes ont montr\u00e9 qu&rsquo;il pouvait aider \u00e0 combattre les virus responsables de ces maladies.<\/span><\/p>\n<p><span style=\"color: #000000\">Il peut \u00e9galement contribuer \u00e0 att\u00e9nuer les probl\u00e8mes typiques des femmes m\u00e9nopaus\u00e9es, tout en offrant une protection contre la perte de densit\u00e9 osseuse (ost\u00e9oporose), qui est souvent aggrav\u00e9e pendant cette p\u00e9riode en raison des changements hormonaux.<\/span><\/p>\n<h2><span style=\"color: #000000\">Conservation et mise en garde<\/span><\/h2>\n<p><span style=\"color: #000000\">Conserver dans un endroit frais et sec. Tenir le compl\u00e9ment alimentaire hors de port\u00e9e des enfants !<\/span><\/p>\n<p><span style=\"color: #000000\">N&rsquo;oubliez pas l&rsquo;importance d&rsquo;une alimentation vari\u00e9e et d&rsquo;un mode de vie sain, un compl\u00e9ment alimentaire ne peut donc pas se substituer \u00e0 une alimentation \u00e9quilibr\u00e9e et vari\u00e9e. La quantit\u00e9 ou la dose journali\u00e8re recommand\u00e9e ne doit pas \u00eatre d\u00e9pass\u00e9e. Il est toujours conseill\u00e9 aux femmes enceintes, aux femmes qui allaitent et aux personnes qui prennent des m\u00e9dicaments de consulter un m\u00e9decin avant d&rsquo;utiliser ce produit.<\/span><\/p>\n<h2><span style=\"color: #000000\">Conditionnement<\/span><\/h2>\n<p><span style=\"color: #000000\">Sachet zipp\u00e9 non perm\u00e9able, o\u00f9 le produit conserve toute sa fra\u00eecheur et son ar\u00f4me. L&#8217;emballage prot\u00e8ge le produit de la lumi\u00e8re et de l&rsquo;air, car il est compos\u00e9 de plusieurs couches de protection pour pr\u00e9server les propri\u00e9t\u00e9s du contenu.<\/span><\/p>\n<p><span style=\"color: #000000\">L&#8217;emballage est tr\u00e8s pratique et recyclable.<\/span><\/p>\n<h2><span style=\"color: #000000\">L&rsquo;origine<\/span><\/h2>\n<p><span style=\"color: #000000\">Chine. Nous avons des fournisseurs tr\u00e8s fiables qui nous envoient une analyse chimique d\u00e9taill\u00e9e de la denr\u00e9e alimentaire pour chaque lot. En plus de dix ans, nous n&rsquo;avons eu aucun rappel ou autre probl\u00e8me avec cet article, ni avec d&rsquo;autres articles du m\u00eame fournisseur. L&rsquo;article est certifi\u00e9 biologique \u00e0 100 %.<\/span><\/p>\n","protected":false},"excerpt":{"rendered":"<p align=\"JUSTIFY\">La racine de ginseng est l&rsquo;une des<strong> plantes les plus importantes<\/strong> de l&rsquo;herboristerie traditionnelle chinoise et russe, o\u00f9 elle est utilis\u00e9e comme compl\u00e9ment alimentaire depuis des si\u00e8cles, voire des mill\u00e9naires. En Chine, il est bien connu que le ginseng est bon pour la sant\u00e9 dans le sens de :<\/p>\n<p align=\"JUSTIFY\">\ud83d\udc9a long\u00e9vit\u00e9 (inhibe les processus de vieillissement),<br \/>\n\ud83d\udc9a renforcement du syst\u00e8me immunitaire,<br \/>\n\ud83d\udc9a Il est anti-fatigue,<br \/>\n\ud83d\udc9a anti-stress,<br \/>\n\ud83d\udc9a a un effet sur la puissance sexuelle.<\/p>\n","protected":false},"featured_media":6155,"comment_status":"open","ping_status":"closed","template":"","meta":{"_acf_changed":false},"product_brand":[],"product_cat":[15,224,231,225],"product_tag":[],"class_list":{"0":"post-6154","1":"product","2":"type-product","3":"status-publish","4":"has-post-thumbnail","6":"product_cat-uncategorized","7":"product_cat-offre","8":"product_cat-superaliments","9":"product_cat-tous-les-produits","11":"first","12":"instock","13":"sale","14":"taxable","15":"shipping-taxable","16":"purchasable","17":"product-type-simple"},"acf":[],"_links":{"self":[{"href":"https:\/\/fengchashop.com\/be-fr\/wp-json\/wp\/v2\/product\/6154","targetHints":{"allow":["GET"]}}],"collection":[{"href":"https:\/\/fengchashop.com\/be-fr\/wp-json\/wp\/v2\/product"}],"about":[{"href":"https:\/\/fengchashop.com\/be-fr\/wp-json\/wp\/v2\/types\/product"}],"replies":[{"embeddable":true,"href":"https:\/\/fengchashop.com\/be-fr\/wp-json\/wp\/v2\/comments?post=6154"}],"wp:featuredmedia":[{"embeddable":true,"href":"https:\/\/fengchashop.com\/be-fr\/wp-json\/wp\/v2\/media\/6155"}],"wp:attachment":[{"href":"https:\/\/fengchashop.com\/be-fr\/wp-json\/wp\/v2\/media?parent=6154"}],"wp:term":[{"taxonomy":"product_brand","embeddable":true,"href":"https:\/\/fengchashop.com\/be-fr\/wp-json\/wp\/v2\/product_brand?post=6154"},{"taxonomy":"product_cat","embeddable":true,"href":"https:\/\/fengchashop.com\/be-fr\/wp-json\/wp\/v2\/product_cat?post=6154"},{"taxonomy":"product_tag","embeddable":true,"href":"https:\/\/fengchashop.com\/be-fr\/wp-json\/wp\/v2\/product_tag?post=6154"}],"curies":[{"name":"wp","href":"https:\/\/api.w.org\/{rel}","templated":true}]}}