{"id":6107,"date":"2022-02-11T20:27:56","date_gmt":"2022-02-11T19:27:56","guid":{"rendered":"https:\/\/fengchashop.com\/be-fr\/product\/magnesium-bisglycinate-250-g\/"},"modified":"2025-12-18T09:19:00","modified_gmt":"2025-12-18T08:19:00","slug":"magnesium-bisglycinate","status":"publish","type":"product","link":"https:\/\/fengchashop.com\/be-fr\/product\/magnesium-bisglycinate\/","title":{"rendered":"Magn\u00e9sium bisglycinate 250 g"},"content":{"rendered":"<h2>Magn\u00e9sium bisglycinate<\/h2>\n<p><span style=\"color: #000000\">Le magn\u00e9sium est un <strong>min\u00e9ral tr\u00e8s important,<\/strong> responsable de plus de 300 r\u00e9actions m\u00e9taboliques dans le corps humain. Il est souvent d\u00e9sign\u00e9 par les experts comme le \u00ab\u00a0roi des min\u00e9raux\u00a0\u00bb. Il joue un r\u00f4le tr\u00e8s important dans le bon fonctionnement des os, des muscles et du syst\u00e8me nerveux. Il est souvent consomm\u00e9 <strong>pour pr\u00e9venir les crampes (dans les mollets), la fatigue, l&rsquo;\u00e9puisement et pour un fonctionnement mental normal<\/strong>. En raison du mode de vie moderne &#8211; manque de sommeil, stress, alimentation &#8211; nous avons souvent recours \u00e0 des compl\u00e9ments de magn\u00e9sium. Bien que nous en trouvions beaucoup dans les l\u00e9gumes verts, le poisson, les graines de tournesol et de citrouille, les fruits et les noix, nous en consommons tout simplement plus que nous n&rsquo;en mangeons. Les sportifs et les personnes tr\u00e8s actives, les femmes enceintes et les personnes \u00e2g\u00e9es ont un besoin accru de magn\u00e9sium. Dans la nature, le magn\u00e9sium est toujours li\u00e9 \u00e0 un autre compos\u00e9, ce qui lui conf\u00e8re des propri\u00e9t\u00e9s sp\u00e9cifiques, notamment en termes d&rsquo;absorption et d&rsquo;effets additionnels. Il est donc important de choisir le magn\u00e9sium adapt\u00e9 \u00e0 nos besoins.<\/span><\/p>\n<p><span style=\"color: #000000\">Le magn\u00e9sium sous forme de bisglycinate de magn\u00e9sium est<strong> l&rsquo;une des plus r\u00e9centes et des meilleures formes de magn\u00e9sium<\/strong> disponibles sur le march\u00e9. Il existe plus d&rsquo;une douzaine de formes diff\u00e9rentes de magn\u00e9sium, et certaines formes sont m\u00eame d\u00e9conseill\u00e9es (par exemple l&rsquo;aspartate de magn\u00e9sium et le glutamate de magn\u00e9sium). Ainsi, tous les magn\u00e9siums ne r\u00e9pondent pas \u00e0 nos besoins. Choisissez des formes de magn\u00e9sium de bonne qualit\u00e9 et, surtout, qui vous conviennent.<\/span><\/p>\n<p><span style=\"color: #000000\">Une carence en magn\u00e9sium a \u00e9t\u00e9 associ\u00e9e \u00e0 un certain nombre de maladies, notamment la migraine, la fatigue chronique, l&rsquo;hypertension art\u00e9rielle, l&rsquo;anxi\u00e9t\u00e9 et d&rsquo;autres troubles mentaux. Le magn\u00e9sium r\u00e9pare indirectement les cellules endommag\u00e9es, ce qui pr\u00e9vient le d\u00e9veloppement de maladies associ\u00e9es \u00e0 des<strong> l\u00e9sions cellulaires<\/strong>, comme le cancer par exemple. En m\u00eame temps, une carence en magn\u00e9sium r\u00e9duit l&rsquo;effet de l&rsquo;importante vitamine D.<\/span><\/p>\n<p><span style=\"color: #000000\">Notre bisglycinate de magn\u00e9sium est de premi\u00e8re qualit\u00e9.<\/span><\/p>\n<h2><span style=\"color: #000000\">Pourquoi choisir le bisglycinate de magn\u00e9sium ?<\/span><\/h2>\n<p><span style=\"color: #000000\">Le magn\u00e9sium sous forme de bisglycinate de magn\u00e9sium est principalement<strong> absorb\u00e9 plus rapidement, plus facilement et mieux<\/strong> que les autres formes de magn\u00e9sium. C&rsquo;est l&rsquo;une des formes les plus r\u00e9centes de magn\u00e9sium en tant que compl\u00e9ment alimentaire, qui vise \u00e0 apporter le meilleur b\u00e9n\u00e9fice sans l&rsquo;effet secondaire d&rsquo;un effet laxatif. C&rsquo;est actuellement l&rsquo;un des meilleurs compl\u00e9ments alimentaires de magn\u00e9sium. C&rsquo;est un avantage particulier pour les personnes dont la digestion est sensible aux compl\u00e9ments de magn\u00e9sium, mais dont l&rsquo;organisme, en revanche, en a besoin.<\/span><\/p>\n<p><span style=\"color: #000000\">Le bisglycinate de magn\u00e9sium permet \u00e0 l&rsquo;<strong>organisme d&rsquo;utiliser au mieux le magn\u00e9sium<\/strong>, car il est absorb\u00e9 \u00e0 80 %, voire plus. Comme elle ne provoque pas de diarrh\u00e9e et n&rsquo;a pas d&rsquo;effet laxatif, cette version du magn\u00e9sium est la mieux <strong>adapt\u00e9e \u00e0 une utilisation \u00e0 long terme<\/strong>. L&rsquo;effet laxatif n&rsquo;est pas toujours b\u00e9n\u00e9fique, car il peut nuire \u00e0 l&rsquo;absorption d&rsquo;autres nutriments et irriter les intestins sensibles.<\/span><\/p>\n<p><span style=\"color: #000000\">En effet, le bisglycinate de magn\u00e9sium contient deux acides amin\u00e9s glycinates au lieu d&rsquo;un, ce qui signifie une plus grande protection contre l&rsquo;acide gastrique. Il atteint donc les intestins, o\u00f9 il est effectivement absorb\u00e9 dans la circulation sanguine sous une forme aussi organique que possible.<\/span><\/p>\n<h2><span style=\"color: #000000\">Quel est l&rsquo;effet de la consommation de magn\u00e9sium sur notre corps ?<\/span><\/h2>\n<p><span style=\"color: #000000\">La consommation de magn\u00e9sium a sur nous les effets positifs suivants, \u00e9galement reconnus par la profession :<\/span><\/p>\n<p><span style=\"color: #000000\"> \ud83d\udc9a il contribue \u00e0 <strong>r\u00e9duire la fatigue et l&rsquo;\u00e9puisement,<\/strong><\/span><\/p>\n<p><span style=\"color: #000000\"> \ud83d\udc9a il favorise l&rsquo;<strong>\u00e9quilibre des \u00e9lectrolytes, dont nous avons particuli\u00e8rement besoin lors d&rsquo;un effort physique,<\/strong><\/span><\/p>\n<p><span style=\"color: #000000\"> \ud83d\udc9a il contribue \u00e0 la <strong>lib\u00e9ration de l&rsquo;\u00e9nergie m\u00e9tabolique,<\/strong><\/span><\/p>\n<p><span style=\"color: #000000\"> \ud83d\udc9a a un <strong>effet b\u00e9n\u00e9fique sur le syst\u00e8me nerveux,<\/strong><\/span><\/p>\n<p><span style=\"color: #000000\"> \ud83d\udc9a contribue <strong>\u00e0 une fonction musculaire normale, \u00e0 des fonctions psychologiques normales,<\/strong><\/span><\/p>\n<p><span style=\"color: #000000\"> \ud83d\udc9a joue un r\u00f4le dans <strong>la synth\u00e8se des prot\u00e9ines<\/strong><\/span><\/p>\n<p><span style=\"color: #000000\"> \ud83d\udc9a maintient la <strong>sant\u00e9 des os et des dents,<\/strong><\/span><\/p>\n<p><span style=\"color: #000000\"> \ud83d\udc9a joue un r\u00f4le dans <strong>la division cellulaire.<\/strong><\/span><\/p>\n<p><span style=\"color: #000000\">Les utilisateurs satisfaits \u00e9voquent \u00e9galement les autres avantages de la prise de magn\u00e9sium dans un suppl\u00e9ment de magn\u00e9sium de premi\u00e8re qualit\u00e9 et de la meilleure forme. <\/span><\/p>\n<h2><span style=\"color: #000000\">Conditionnement<\/span><\/h2>\n<p><span style=\"color: #000000\">Sachet zip-lock imperm\u00e9able dans lequel le produit conserve toute sa fra\u00eecheur et son ar\u00f4me. L&#8217;emballage prot\u00e8ge de la lumi\u00e8re et de l&rsquo;air et se compose de plusieurs couches de protection afin de pr\u00e9server les propri\u00e9t\u00e9s du contenu.<\/span><\/p>\n<p><span style=\"color: #000000\">L&#8217;emballage est tr\u00e8s pratique et recyclable.<\/span><\/p>\n<h2><span style=\"color: #000000\">Stockage et avertissements<\/span><\/h2>\n<p><span style=\"color: #000000\">Conserver dans un endroit frais et sec, \u00e0 une temp\u00e9rature maximale de 25 \u00b0C. Tenir le compl\u00e9ment alimentaire hors de port\u00e9e des enfants !<\/span><\/p>\n<p><span style=\"color: #000000\">Consultez votre m\u00e9decin si vous prenez en m\u00eame temps des antibiotiques, des m\u00e9dicaments contre l&rsquo;ost\u00e9oporose ou l&rsquo;hypertension, car le magn\u00e9sium peut influencer leur action.<\/span><\/p>\n<p><span style=\"color: #000000\">N&rsquo;oubliez pas l&rsquo;importance d&rsquo;une alimentation vari\u00e9e et d&rsquo;un mode de vie sain, un compl\u00e9ment alimentaire ne peut se substituer \u00e0 une alimentation \u00e9quilibr\u00e9e et vari\u00e9e. La quantit\u00e9 ou la dose journali\u00e8re recommand\u00e9e ne doit pas \u00eatre d\u00e9pass\u00e9e. Il est toujours conseill\u00e9 aux femmes enceintes et \u00e0 celles qui allaitent de consulter un m\u00e9decin avant d&rsquo;utiliser ce produit. Ne convient pas aux enfants.<\/span><\/p>\n","protected":false},"excerpt":{"rendered":"<p align=\"JUSTIFY\">Le magn\u00e9sium est un <strong>min\u00e9ral tr\u00e8s important<\/strong>, responsable de plus de 300 r\u00e9actions m\u00e9taboliques dans le corps humain. Il est souvent d\u00e9sign\u00e9 par les experts comme le \u00ab\u00a0roi des min\u00e9raux\u00a0\u00bb. Il joue un r\u00f4le tr\u00e8s important dans le bon fonctionnement des os, des muscles et du syst\u00e8me nerveux.<\/p>\n<p>\ud83d\udc9a Il contribue \u00e0 r\u00e9duire la fatigue et l&rsquo;\u00e9puisement.<br \/>\n\ud83d\udc9a Il contribue \u00e0 la lib\u00e9ration d&rsquo;\u00e9nergie dans le m\u00e9tabolisme.<br \/>\n\ud83d\udc9a Effet b\u00e9n\u00e9fique sur le syst\u00e8me nerveux.<br \/>\n\ud83d\udc9a Contribue \u00e0 une fonction musculaire normale, \u00e0 des fonctions psychologiques normales.<br \/>\n\ud83d\udc9a Maintient la sant\u00e9 des os et des dents.<\/p>\n","protected":false},"featured_media":6108,"comment_status":"open","ping_status":"closed","template":"","meta":{"_acf_changed":false},"product_brand":[],"product_cat":[15,226,230,224,225],"product_tag":[],"class_list":{"0":"post-6107","1":"product","2":"type-product","3":"status-publish","4":"has-post-thumbnail","6":"product_cat-uncategorized","7":"product_cat-meilleures-ventes","8":"product_cat-mineraux-vitamines","9":"product_cat-offre","10":"product_cat-tous-les-produits","12":"first","13":"instock","14":"sale","15":"taxable","16":"shipping-taxable","17":"purchasable","18":"product-type-simple"},"acf":[],"_links":{"self":[{"href":"https:\/\/fengchashop.com\/be-fr\/wp-json\/wp\/v2\/product\/6107","targetHints":{"allow":["GET"]}}],"collection":[{"href":"https:\/\/fengchashop.com\/be-fr\/wp-json\/wp\/v2\/product"}],"about":[{"href":"https:\/\/fengchashop.com\/be-fr\/wp-json\/wp\/v2\/types\/product"}],"replies":[{"embeddable":true,"href":"https:\/\/fengchashop.com\/be-fr\/wp-json\/wp\/v2\/comments?post=6107"}],"wp:featuredmedia":[{"embeddable":true,"href":"https:\/\/fengchashop.com\/be-fr\/wp-json\/wp\/v2\/media\/6108"}],"wp:attachment":[{"href":"https:\/\/fengchashop.com\/be-fr\/wp-json\/wp\/v2\/media?parent=6107"}],"wp:term":[{"taxonomy":"product_brand","embeddable":true,"href":"https:\/\/fengchashop.com\/be-fr\/wp-json\/wp\/v2\/product_brand?post=6107"},{"taxonomy":"product_cat","embeddable":true,"href":"https:\/\/fengchashop.com\/be-fr\/wp-json\/wp\/v2\/product_cat?post=6107"},{"taxonomy":"product_tag","embeddable":true,"href":"https:\/\/fengchashop.com\/be-fr\/wp-json\/wp\/v2\/product_tag?post=6107"}],"curies":[{"name":"wp","href":"https:\/\/api.w.org\/{rel}","templated":true}]}}