{"id":6104,"date":"2022-02-11T20:17:52","date_gmt":"2022-02-11T19:17:52","guid":{"rendered":"https:\/\/fengchashop.com\/be-fr\/product\/calcium-500-g\/"},"modified":"2026-04-29T10:24:09","modified_gmt":"2026-04-29T08:24:09","slug":"calcium","status":"publish","type":"product","link":"https:\/\/fengchashop.com\/be-fr\/product\/calcium\/","title":{"rendered":"Calcium 500 g"},"content":{"rendered":"<h2><span style=\"color: #000000\">Carbonate de calcium <\/span><\/h2>\n<p><span style=\"color: #000000\">Le calcium est l&rsquo;un des<strong> min\u00e9raux les plus abondants dans notre corps<\/strong>. Bien qu&rsquo;il soit principalement associ\u00e9 aux os, le calcium a de nombreuses autres fonctions importantes dans le corps humain. En effet, le calcium est un composant du tissu osseux et influence donc la duret\u00e9 des os. Il est donc tr\u00e8s important de consommer des aliments riches en calcium pendant l&rsquo;enfance, lorsque nous sommes en pleine croissance. Elle est \u00e9galement tr\u00e8s importante pendant la p\u00e9riode de la m\u00e9nopause, o\u00f9 le d\u00e9s\u00e9quilibre hormonal qu&rsquo;elle entra\u00eene affecte souvent l&rsquo;absorption du calcium, r\u00e9duisant ainsi la densit\u00e9 osseuse. Il en va de m\u00eame pour la plupart des personnes \u00e2g\u00e9es. Le calcium joue \u00e9galement un r\u00f4le important pendant la grossesse.<\/span><\/p>\n<p><span style=\"color: #000000\"><strong>Le calcium a une incidence sur le fonctionnement normal des cellules et des muscles, la sant\u00e9 des os et des dents, le fonctionnement normal des enzymes digestives, la coagulation sanguine, la transmission des impulsions nerveuses et la lib\u00e9ration normale de l&rsquo;\u00e9nergie dans le m\u00e9tabolisme.<\/strong> Une<strong>carence en<\/strong> calcium<strong> conduit<\/strong> souvent<strong> \u00e0 l&rsquo;ost\u00e9oporose<\/strong>, une autre maladie extr\u00eamement courante de nos jours.<\/span><\/p>\n<p><span style=\"color: #000000\">Le calcium sous forme de carbonate de calcium est une<strong> forme naturelle et s\u00fbre de calcium<\/strong> sous forme de compl\u00e9ment alimentaire. Il est bien absorb\u00e9 et a un rendement optimal.<\/span><\/p>\n<p><span style=\"color: #000000\">Le calcium doit \u00eatre absorb\u00e9 r\u00e9guli\u00e8rement par l&rsquo;organisme, en particulier pendant les p\u00e9riodes de croissance acc\u00e9l\u00e9r\u00e9e et de grossesse. La meilleure fa\u00e7on d&rsquo;y parvenir est d&rsquo;adopter une alimentation vari\u00e9e et \u00e9quilibr\u00e9e, naturellement riche en calcium. Toutefois, les compl\u00e9ments alimentaires sont recommand\u00e9s surtout pour les personnes qui consomment peu ou pas de produits laitiers. Il est \u00e9galement recommand\u00e9 aux femmes m\u00e9nopaus\u00e9es et \u00e0 toutes les personnes \u00e2g\u00e9es.<\/span><\/p>\n<p><span style=\"color: #000000\">Le compl\u00e9ment alimentaire est de tr\u00e8s haute qualit\u00e9 et permet d&rsquo;atteindre des concentrations en calcium \u00e9l\u00e9mentaire allant jusqu&rsquo;\u00e0 40 %.<\/span><\/p>\n<h2><span style=\"color: #000000\">Pourquoi choisir le carbonate de calcium ?<\/span><\/h2>\n<p><span style=\"color: #000000\">Il existe plusieurs types ou formes de compl\u00e9ments alimentaires \u00e0 base de calcium. Ils sont appel\u00e9s sels de calcium. Il peut s&rsquo;agir de gluconate de calcium, de carbonate de calcium, de citrate de calcium, etc. Par exemple, le citrate de calcium est excellent pour les personnes qui ont des probl\u00e8mes de manque d&rsquo;acidit\u00e9 gastrique ou qui prennent des inhibiteurs d&rsquo;acidit\u00e9 gastrique, car il n&rsquo;a pas besoin d&rsquo;acide pour \u00eatre bien absorb\u00e9. Le carbonate de calcium, quant \u00e0 lui, est la forme de calcium la plus courante dans les compl\u00e9ments alimentaires et il a \u00e9t\u00e9 d\u00e9montr\u00e9 qu&rsquo;il \u00e9tait s\u00fbr et garantissait une bonne absorption. Il est recommand\u00e9 de le prendre imm\u00e9diatement apr\u00e8s les repas pour les personnes \u00e2g\u00e9es et une heure avant ou deux heures apr\u00e8s les repas pour les personnes plus jeunes.<\/span><\/p>\n<h2><span style=\"color: #000000\">Quel est l&rsquo;effet de l&rsquo;apport en calcium sur l&rsquo;organisme ?<\/span><\/h2>\n<p><span style=\"color: #000000\">La vitamine D joue \u00e9galement un r\u00f4le important dans l&rsquo;absorption correcte et les niveaux normaux de calcium dans le sang. Le calcium contribue alors \u00e0 :<\/span><\/p>\n<p style=\"padding-left: 40px\"><span style=\"color: #000000\"> \ud83d\udc9a maintenir la<strong> sant\u00e9 des dents et des os,<\/strong><\/span><\/p>\n<p style=\"padding-left: 40px\"><span style=\"color: #000000\"> \ud83d\udc9a \u00e0 une bonne<strong> coagulation du sang,<\/strong><\/span><\/p>\n<p style=\"padding-left: 40px\"><span style=\"color: #000000\"> \ud83d\udc9a <strong>la lib\u00e9ration d&rsquo;\u00e9nergie pour le m\u00e9tabolisme,<\/strong><\/span><\/p>\n<p style=\"padding-left: 40px\"><span style=\"color: #000000\"> \ud83d\udc9a la <strong>transmission<\/strong> normale <strong>des impulsions nerveuses et la fonction des muscles et des enzymes digestives,<\/strong><\/span><\/p>\n<p style=\"padding-left: 40px\"><span style=\"color: #000000\"> \ud83d\udc9a la <strong>division et la sp\u00e9cialisation des cellules.<\/strong><\/span><\/p>\n<h2><span style=\"color: #000000\">Quels sont les avantages de notre carbonate de calcium ?<\/span><\/h2>\n<p><span style=\"color: #000000\">Le carbonate de calcium en poudre de notre marque est extrait naturellement. Elle contient une poudre tr\u00e8s pure et une forte concentration de calcium \u00e9l\u00e9mentaire. En m\u00eame temps, elle ne contient pas d&rsquo;additifs ind\u00e9sirables tels que le sucre, le gluten, le soja, etc.<\/span><\/p>\n<h2><span style=\"color: #000000\">Conditionnement<\/span><\/h2>\n<p><span style=\"color: #000000\">Sachet zip-lock imperm\u00e9able dans lequel le produit conserve toute sa fra\u00eecheur et son ar\u00f4me. L&#8217;emballage prot\u00e8ge de la lumi\u00e8re et de l&rsquo;air, car il est compos\u00e9 de plusieurs couches de protection qui pr\u00e9servent les propri\u00e9t\u00e9s du contenu.<\/span><\/p>\n<p><span style=\"color: #000000\">L&#8217;emballage est tr\u00e8s pratique et recyclable.<\/span><\/p>\n<h2><span style=\"color: #000000\">Stockage et avertissements<\/span><\/h2>\n<p><span style=\"color: #000000\">Conserver dans un endroit frais et sec \u00e0 une temp\u00e9rature maximale de 25 \u00b0C. Tenir le compl\u00e9ment alimentaire hors de port\u00e9e des enfants !<\/span><\/p>\n<p><span style=\"color: #000000\">Consultez votre m\u00e9decin en cas de prise simultan\u00e9e d&rsquo;antibiotiques ou de tout autre m\u00e9dicament.<\/span><\/p>\n<p><span style=\"color: #000000\">N&rsquo;oubliez pas l&rsquo;importance d&rsquo;une alimentation vari\u00e9e et d&rsquo;un mode de vie sain. Un compl\u00e9ment alimentaire ne remplace pas une alimentation \u00e9quilibr\u00e9e et vari\u00e9e. La quantit\u00e9 ou la dose journali\u00e8re recommand\u00e9e ne doit pas \u00eatre d\u00e9pass\u00e9e. Il est toujours conseill\u00e9 aux femmes enceintes et \u00e0 celles qui allaitent de consulter un m\u00e9decin avant d&rsquo;utiliser ce produit. Ne convient pas aux enfants.<\/span><\/p>\n<h2><span style=\"color: #000000\">Origine du produit<\/span><\/h2>\n<p><span style=\"color: #000000\">Italie<\/span><\/p>\n","protected":false},"excerpt":{"rendered":"<p align=\"JUSTIFY\">Le calcium est l&rsquo;un des <strong>min\u00e9raux les plus abondants dans notre corps<\/strong>. Bien qu&rsquo;il soit principalement associ\u00e9 aux os, le calcium a de nombreuses autres fonctions importantes dans le corps humain. En effet, le calcium est un composant du tissu osseux et influence donc la duret\u00e9 des os. Le calcium contribue \u00e0 :<\/p>\n<p>\ud83d\udc9a maintenir la sant\u00e9 des dents et des os,<br \/>\n\ud83d\udc9a \u00e0 une bonne coagulation du sang,<br \/>\n\ud83d\udc9a la lib\u00e9ration d&rsquo;\u00e9nergie pour le m\u00e9tabolisme,<br \/>\n\ud83d\udc9a la transmission normale des impulsions nerveuses et la fonction des muscles et des enzymes digestives,<br \/>\n\ud83d\udc9a la division et la sp\u00e9cialisation des cellules.<\/p>\n","protected":false},"featured_media":6105,"comment_status":"open","ping_status":"closed","template":"","meta":{"_acf_changed":false},"product_brand":[],"product_cat":[15,230,224,225],"product_tag":[],"class_list":{"0":"post-6104","1":"product","2":"type-product","3":"status-publish","4":"has-post-thumbnail","6":"product_cat-uncategorized","7":"product_cat-mineraux-vitamines","8":"product_cat-offre","9":"product_cat-tous-les-produits","11":"first","12":"instock","13":"sale","14":"taxable","15":"shipping-taxable","16":"purchasable","17":"product-type-simple"},"acf":[],"_links":{"self":[{"href":"https:\/\/fengchashop.com\/be-fr\/wp-json\/wp\/v2\/product\/6104","targetHints":{"allow":["GET"]}}],"collection":[{"href":"https:\/\/fengchashop.com\/be-fr\/wp-json\/wp\/v2\/product"}],"about":[{"href":"https:\/\/fengchashop.com\/be-fr\/wp-json\/wp\/v2\/types\/product"}],"replies":[{"embeddable":true,"href":"https:\/\/fengchashop.com\/be-fr\/wp-json\/wp\/v2\/comments?post=6104"}],"wp:featuredmedia":[{"embeddable":true,"href":"https:\/\/fengchashop.com\/be-fr\/wp-json\/wp\/v2\/media\/6105"}],"wp:attachment":[{"href":"https:\/\/fengchashop.com\/be-fr\/wp-json\/wp\/v2\/media?parent=6104"}],"wp:term":[{"taxonomy":"product_brand","embeddable":true,"href":"https:\/\/fengchashop.com\/be-fr\/wp-json\/wp\/v2\/product_brand?post=6104"},{"taxonomy":"product_cat","embeddable":true,"href":"https:\/\/fengchashop.com\/be-fr\/wp-json\/wp\/v2\/product_cat?post=6104"},{"taxonomy":"product_tag","embeddable":true,"href":"https:\/\/fengchashop.com\/be-fr\/wp-json\/wp\/v2\/product_tag?post=6104"}],"curies":[{"name":"wp","href":"https:\/\/api.w.org\/{rel}","templated":true}]}}