{"id":6067,"date":"2022-02-11T19:46:11","date_gmt":"2022-02-11T18:46:11","guid":{"rendered":"https:\/\/fengchashop.com\/be-fr\/product\/cardio-mix-bio-125-g\/"},"modified":"2026-04-17T10:22:36","modified_gmt":"2026-04-17T08:22:36","slug":"cardio-mix-bio","status":"publish","type":"product","link":"https:\/\/fengchashop.com\/be-fr\/product\/cardio-mix-bio\/","title":{"rendered":"Cardio mix BIO 125 g"},"content":{"rendered":"<h2><span style=\"color: #000000\">Cardio mix BIO champignon m\u00e9dicinal en poudre<\/span><\/h2>\n<p><span style=\"color: #000000\">Cardio mix est utilis\u00e9 comme soutien pour <strong>am\u00e9liorer la fonction cardiaque, la circulation sanguine et surtout les valeurs sanguines<\/strong>.<\/span><\/p>\n<p><span style=\"color: #000000\">Il s&rsquo;agit en fait d&rsquo;un m\u00e9lange qui aide \u00e0 r\u00e9unir toutes les conditions n\u00e9cessaires au<strong> fonctionnement id\u00e9al du syst\u00e8me cardiaque<\/strong>.<\/span><\/p>\n<p><span style=\"color: #000000\">Le m\u00e9lange se compose de cinq esp\u00e8ces de champignons, \u00e0 savoir Lentinula edodes, Auricularia auricula, Ganoderma lucidum, Grifola frondosa et Cordyceps. Ces champignons sont parmi les plus efficaces pour pr\u00e9venir le d\u00e9veloppement des maladies cardiovasculaires, selon la plupart des \u00e9tudes men\u00e9es dans le monde.<\/span><\/p>\n<p><span style=\"color: #000000\">Cardio mix offre le plus large spectre d&rsquo;action \u00e9quilibr\u00e9e gr\u00e2ce aux centaines de substances actives pharmacologiques diff\u00e9rentes qu&rsquo;il contient.<\/span><\/p>\n<p><span style=\"color: #000000\">Ce large spectre d&rsquo;esp\u00e8ces de champignons utilis\u00e9es se traduit par une action \u00e0 large spectre et une action pr\u00e9ventive acc\u00e9l\u00e9r\u00e9e contre l&rsquo;affaiblissement g\u00e9n\u00e9ral.<\/span><\/p>\n<p><span style=\"color: #000000\">L&rsquo;utilisation du produit est tr\u00e8s simple et ne n\u00e9cessite aucune pr\u00e9paration ou comp\u00e9tence. Les champignons sont broy\u00e9s en une fine poudre qui ne contient pas de particules. Le produit est donc pr\u00eat \u00e0 l&#8217;emploi. Il suffit de le verser directement de l&#8217;emballage dans votre boisson pr\u00e9f\u00e9r\u00e9e, de remuer et de consommer.<\/span><\/p>\n<h2><span style=\"color: #000000\">Pourquoi utiliser notre Cardio Mix et quels sont ses effets ?<\/span><\/h2>\n<p><span style=\"color: #000000\">La recette du m\u00e9lange a \u00e9t\u00e9 soigneusement \u00e9labor\u00e9e sur la base d&rsquo;observations et de constatations faites par des utilisateurs r\u00e9guliers du m\u00e9lange et des champignons m\u00e9dicinaux en g\u00e9n\u00e9ral. Les r\u00e9sultats de nombreuses recherches nationales et internationales ont \u00e9t\u00e9 pris en compte pour la pr\u00e9paration de ce m\u00e9lange sp\u00e9cial. Bien que les champignons m\u00e9dicinaux aient des m\u00e9canismes d&rsquo;action tr\u00e8s complexes que la science n&rsquo;a pas encore pu expliquer, nous savons qu&rsquo;ils ont un effet b\u00e9n\u00e9fique sur notre syst\u00e8me immunitaire et notre organisme. <\/span><\/p>\n<p><span style=\"color: #000000\">Les effets positifs du Cardio Mix, qui ont un effet curatif sur notre organisme, sont les suivants :<\/span><\/p>\n<p><span style=\"color: #000000\"> \ud83d\udc9a r\u00e9gule la<strong> tension art\u00e9rielle,<\/strong><\/span><\/p>\n<p><span style=\"color: #000000\"> \ud83d\udc9a abaisse le<strong> taux de cholest\u00e9rol,<\/strong><\/span><\/p>\n<p><span style=\"color: #000000\"> \ud83d\udc9a r\u00e9duit le<strong> taux de triglyc\u00e9rides,<\/strong><\/span><\/p>\n<p><span style=\"color: #000000\"><strong>\ud83d\udc9a pr\u00e9vient les maladies coronariennes,<\/strong><\/span><\/p>\n<p><span style=\"color: #000000\"> \ud83d\udc9a abaisse le taux de sucre dans le sang et pr\u00e9vient le d\u00e9veloppement du<strong> diab\u00e8te,<\/strong><\/span><\/p>\n<p><span style=\"color: #000000\"> \ud83d\udc9a pr\u00e9vient la<strong> formation de caillots sanguins,<\/strong><\/span><\/p>\n<p><span style=\"color: #000000\"> \ud83d\udc9a favorise la <strong>circulation sanguine,<\/strong><\/span><\/p>\n<p><span style=\"color: #000000\"> \ud83d\udc9a stimule le<strong> syst\u00e8me immunitaire,<\/strong><\/span><\/p>\n<p><span style=\"color: #000000\"> \ud83d\udc9a agit contre les cellules canc\u00e9reuses, <\/span><\/p>\n<p><span style=\"color: #000000\"> \ud83d\udc9a a <strong>nti-stress,<\/strong><\/span><\/p>\n<p><span style=\"color: #000000\"> \ud83d\udc9a am\u00e9liore les <strong>capacit\u00e9s mentales,<\/strong><\/span><\/p>\n<p><span style=\"color: #000000\"> <strong> \ud83d\udc9a puissant antioxydant, il \u00e9limine les radicaux libres<\/strong> et<strong> pr\u00e9vient le stress oxydatif<\/strong>.<\/span><\/p>\n<p><span style=\"color: #000000\">La production de nos champignons m\u00e9dicinaux est strictement contr\u00f4l\u00e9e, sans utilisation de produits chimiques ou de pesticides et <strong>100% biologique<\/strong>. Tous les champignons sont cultiv\u00e9s en Slov\u00e9nie.<\/span><\/p>\n<h2><span style=\"color: #000000\">\u00c0 qui s&rsquo;adresse Cardio Mix ?<\/span><\/h2>\n<p><span style=\"color: #000000\">Cardio Mix s&rsquo;adresse en fait \u00e0 tous ceux qui souhaitent offrir \u00e0 leur syst\u00e8me<strong> cardiovasculaire<\/strong> les meilleures conditions<strong> pour une sant\u00e9 cardiovasculaire \u00e0 long terme<\/strong>. Par cons\u00e9quent, il agit \u00e9galement sur notre sant\u00e9 et notre bien-\u00eatre en g\u00e9n\u00e9ral, ainsi que sur un syst\u00e8me immunitaire fort. Il s&rsquo;adresse \u00e9galement \u00e0 ceux qui veulent essayer l&rsquo;action des champignons m\u00e9dicinaux et renforcer leur corps de mani\u00e8re naturelle. C&rsquo;est \u00e9galement un excellent compl\u00e9ment alimentaire naturel, car les champignons ont des valeurs nutritionnelles \u00e9lev\u00e9es &#8211; valeurs nutritionnelles pr\u00e9cieuses, oligo-\u00e9l\u00e9ments, vitamines, macro-min\u00e9raux, fibres, prot\u00e9ines. Les champignons m\u00e9dicinaux ont une riche histoire dans la m\u00e9decine et la gu\u00e9rison chinoises, et l&rsquo;homme se tourne de plus en plus vers la nature pour se soigner.<\/span><\/p>\n<p><span style=\"color: #000000\">En raison de la pr\u00e9sence du champignon Auricularia auricula dans le m\u00e9lange, sa consommation est d\u00e9conseill\u00e9e pendant la grossesse et l&rsquo;allaitement.<\/span><\/p>\n<h2><span style=\"color: #000000\">Conditionnement<\/span><\/h2>\n<p><span style=\"color: #000000\">Sachet zip-lock non perm\u00e9able o\u00f9 le produit conserve toute sa fra\u00eecheur et son ar\u00f4me. L&#8217;emballage prot\u00e8ge le produit de la lumi\u00e8re et de l&rsquo;air, car il est compos\u00e9 de plusieurs couches de protection qui pr\u00e9servent les propri\u00e9t\u00e9s du contenu.<\/span><\/p>\n<p><span style=\"color: #000000\">L&#8217;emballage est tr\u00e8s pratique et recyclable.<\/span><\/p>\n<h2><span style=\"color: #000000\">Stockage et avertissements<\/span><\/h2>\n<p><span style=\"color: #000000\">Conserver dans un endroit frais et sec. Tenir le compl\u00e9ment alimentaire hors de port\u00e9e des enfants !<\/span><\/p>\n<p><span style=\"color: #000000\">N&rsquo;oubliez pas l&rsquo;importance d&rsquo;une alimentation vari\u00e9e et d&rsquo;un mode de vie sain, un compl\u00e9ment alimentaire ne peut donc pas se substituer \u00e0 une alimentation \u00e9quilibr\u00e9e et vari\u00e9e. La quantit\u00e9 ou la dose journali\u00e8re recommand\u00e9e ne doit pas \u00eatre d\u00e9pass\u00e9e. <\/span><\/p>\n<h2><span style=\"color: #000000\">Il est bon de savoir que<\/span><\/h2>\n<p><span style=\"color: #000000\">Le produit convient \u00e9galement aux animaux. Dans la plupart des cas, les champignons m\u00e9dicinaux s&rsquo;av\u00e8rent extr\u00eamement efficaces pour renforcer le syst\u00e8me immunitaire, \u00e9liminer les allergies et les maladies de peau, ainsi que les infections virales et bact\u00e9riennes. Cardio mix influence \u00e9galement le bon fonctionnement du syst\u00e8me cardiaque. Veuillez consulter votre v\u00e9t\u00e9rinaire avant l&rsquo;utilisation pour savoir s&rsquo;il est conseill\u00e9 de prendre ce produit et quelle est la dose journali\u00e8re recommand\u00e9e.<\/span><\/p>\n<h2><span style=\"color: #000000\">Origine du produit<\/span><\/h2>\n<p><span style=\"color: #000000\">Slov\u00e9nie<\/span><\/p>\n","protected":false},"excerpt":{"rendered":"<p align=\"JUSTIFY\"><i>Cardio<\/i> mix est utilis\u00e9 comme support pour <b>am\u00e9liorer la fonction cardiaque<\/b>, la <b>circulation sangu <\/b>ine et <b>surtout les valeurs sanguines<\/b>. En fait, il s&rsquo;agit d&rsquo;un m\u00e9lange qui aide ou fournit toutes les conditions qui doivent \u00eatre r\u00e9unies pour le fonctionnement id\u00e9al du <b>syst\u00e8me cardiaque<\/b>.<\/p>\n<p>\ud83d\udc9a Renforce le syst\u00e8me immunitaire.<br \/>\n\ud83d\udc9a R\u00e9gule la tension art\u00e9rielle.<br \/>\n\ud83d\udc9a R\u00e9duit le taux de cholest\u00e9rol.<br \/>\n\ud83d\udc9a R\u00e9duit le taux de triglyc\u00e9rides.<\/p>\n","protected":false},"featured_media":6068,"comment_status":"open","ping_status":"closed","template":"","meta":{"_acf_changed":false},"product_brand":[],"product_cat":[15,228,224,225],"product_tag":[],"class_list":{"0":"post-6067","1":"product","2":"type-product","3":"status-publish","4":"has-post-thumbnail","6":"product_cat-uncategorized","7":"product_cat-champignons-medicinaux","8":"product_cat-offre","9":"product_cat-tous-les-produits","11":"first","12":"instock","13":"sale","14":"taxable","15":"shipping-taxable","16":"purchasable","17":"product-type-simple"},"acf":[],"_links":{"self":[{"href":"https:\/\/fengchashop.com\/be-fr\/wp-json\/wp\/v2\/product\/6067","targetHints":{"allow":["GET"]}}],"collection":[{"href":"https:\/\/fengchashop.com\/be-fr\/wp-json\/wp\/v2\/product"}],"about":[{"href":"https:\/\/fengchashop.com\/be-fr\/wp-json\/wp\/v2\/types\/product"}],"replies":[{"embeddable":true,"href":"https:\/\/fengchashop.com\/be-fr\/wp-json\/wp\/v2\/comments?post=6067"}],"wp:featuredmedia":[{"embeddable":true,"href":"https:\/\/fengchashop.com\/be-fr\/wp-json\/wp\/v2\/media\/6068"}],"wp:attachment":[{"href":"https:\/\/fengchashop.com\/be-fr\/wp-json\/wp\/v2\/media?parent=6067"}],"wp:term":[{"taxonomy":"product_brand","embeddable":true,"href":"https:\/\/fengchashop.com\/be-fr\/wp-json\/wp\/v2\/product_brand?post=6067"},{"taxonomy":"product_cat","embeddable":true,"href":"https:\/\/fengchashop.com\/be-fr\/wp-json\/wp\/v2\/product_cat?post=6067"},{"taxonomy":"product_tag","embeddable":true,"href":"https:\/\/fengchashop.com\/be-fr\/wp-json\/wp\/v2\/product_tag?post=6067"}],"curies":[{"name":"wp","href":"https:\/\/api.w.org\/{rel}","templated":true}]}}