{"id":6061,"date":"2022-02-11T19:06:19","date_gmt":"2022-02-11T18:06:19","guid":{"rendered":"https:\/\/fengchashop.com\/be-fr\/product\/maitake-bio-125-g\/"},"modified":"2026-04-12T09:43:28","modified_gmt":"2026-04-12T07:43:28","slug":"maitake-bio","status":"publish","type":"product","link":"https:\/\/fengchashop.com\/be-fr\/product\/maitake-bio\/","title":{"rendered":"Maitake BIO 125 g"},"content":{"rendered":"<h2><span style=\"color: #000000\">Maitak\u00e9 (Grifola frondosa) BIO<\/span><\/h2>\n<p><span style=\"color: #000000\">Le Grifola frondosa, ou<strong> grand champignon l\u00e2che<\/strong>, est un tr\u00e8s grand champignon comestible utilis\u00e9 principalement dans les applications culinaires au Japon. Il a une texture et un go\u00fbt agr\u00e9ables. Il est \u00e9galement utilis\u00e9 comme compl\u00e9ment alimentaire dans la m\u00e9decine traditionnelle chinoise. Matiake est utilis\u00e9 <strong>pour la sant\u00e9 globale et la vitalit\u00e9 physique.<\/strong> Il agit en \u00e9quilibrant l&rsquo;organisme, en renfor\u00e7ant le syst\u00e8me immunitaire et en am\u00e9liorant les valeurs sanguines. Sa popularit\u00e9 s&rsquo;est \u00e9galement accrue, surtout ces derniers temps, en raison de son potentiel dans le traitement de divers cancers et de ses nombreux autres effets b\u00e9n\u00e9fiques.<\/span><\/p>\n<p><span style=\"color: #000000\">La production de nos champignons m\u00e9dicinaux Maitake est strictement contr\u00f4l\u00e9e, sans utilisation de produits chimiques ou de pesticides et<strong> 100% biologique<\/strong>. La qualit\u00e9 des champignons est r\u00e9guli\u00e8rement contr\u00f4l\u00e9e par des laboratoires ind\u00e9pendants en Slov\u00e9nie et aux \u00c9tats-Unis.<\/span><\/p>\n<h2><span style=\"color: #000000\">Que contient-il et \u00e0 qui s&rsquo;adresse-t-il ?<\/span><\/h2>\n<p><span style=\"color: #000000\">Le mai<\/span><span style=\"color: #000000\">tak\u00e9 est riche en min\u00e9raux (potassium, calcium, magn\u00e9sium, etc.), en vitamines (B2, D2, niacine), en fibres, en prot\u00e9ines, en acides amin\u00e9s, en polysaccharides (par exemple la prot\u00e9ine \u03b2-glucane) et autres antioxydants (par exemple le pr\u00e9biotique tr\u00e9halose). Outre les diff\u00e9rents polysaccharides, le \u03b2-D-glucane et l&rsquo;ergost\u00e9rol (provitamine D2) sont \u00e0 l&rsquo;origine des effets m\u00e9dicinaux du champignon. La consommation r\u00e9guli\u00e8re de ce champignon aide \u00e0 maintenir la vitalit\u00e9 physique, mais aussi \u00e0 lutter contre la fatigue chronique et poss\u00e8de d&rsquo;excellentes propri\u00e9t\u00e9s antioxydantes. Tout comme le Ganoderma lucidum, le maitak\u00e9 peut \u00eatre class\u00e9 parmi les champignons susceptibles d&rsquo;avoir un<strong> effet positif sur notre bien-\u00eatre g\u00e9n\u00e9ral et notre syst\u00e8me immunitaire gr\u00e2ce \u00e0 ses principes actifs<\/strong>. Le maitak\u00e9 est donc utilis\u00e9 pour am\u00e9liorer la sant\u00e9 g\u00e9n\u00e9rale et la vitalit\u00e9 physique et pour pr\u00e9venir la fatigue chronique.<\/span><\/p>\n<p><span style=\"color: #000000\">D&rsquo;autres effets m\u00e9dicinaux positifs que ce champignon extr\u00eamement populaire a encore peuvent \u00eatre trouv\u00e9s dans les lignes suivantes :<\/span><\/p>\n<p><span style=\"color: #000000\"><strong> \ud83d\udc9a Renforce le syst\u00e8me immunitaire<\/strong> et am\u00e9liore le bien-\u00eatre g\u00e9n\u00e9ral,<\/span><\/p>\n<p><span style=\"color: #000000\"> \ud83d\udc9a propri\u00e9t\u00e9s <strong>antioxydantes,<\/strong><\/span><\/p>\n<p><span style=\"color: #000000\"> \ud83d\udc9a aide \u00e0 lutter contre la<strong> fatigue chronique,<\/strong><\/span><\/p>\n<p><span style=\"color: #000000\"> \ud83d\udc9a il peut nous aider \u00e0<strong> tol\u00e9rer les effets secondaires de la chimioth\u00e9rapie et de la radioth\u00e9rapie,<\/strong><\/span><\/p>\n<p><span style=\"color: #000000\"> \ud83d\udc9a il a un effet positif sur les os et soutient le traitement de l&rsquo;<strong> ost\u00e9oporose<\/strong>,<\/span><\/p>\n<p><span style=\"color: #000000\"> \ud83d\udc9a il <strong>r\u00e9gule le cholest\u00e9rol et abaisse la tension art\u00e9rielle et pr\u00e9vient le d\u00e9veloppement du diab\u00e8te<\/strong>, tandis qu&rsquo;on a constat\u00e9 qu&rsquo;il r\u00e9duisait le taux de sucre dans le sang chez les patients souffrant de diab\u00e8te de type 2,<\/span><\/p>\n<p><span style=\"color: #000000\"> \ud83d\udc9a a <strong>ntivirale et antimicrobienne,<\/strong><\/span><\/p>\n<p><span style=\"color: #000000\"> \ud83d\udc9a pr\u00e9vient la croissance et les m\u00e9tastases des tumeurs,<\/span><\/p>\n<p><span style=\"color: #000000\"> \ud83d\udc9a aide \u00e0 contr\u00f4ler le poids,<\/span><\/p>\n<p><span style=\"color: #000000\"> \ud83d\udc9a \u00e9galement efficace dans le traitement de l&rsquo;h\u00e9patite B chronique, du VIH et de la<strong> croissance du Candida albicans<\/strong>.<\/span><\/p>\n<p><span style=\"color: #000000\">Tous les \u00e9l\u00e9ments du champignon sont pr\u00e9sents en grande quantit\u00e9 et ont un effet tr\u00e8s positif sur notre organisme.<\/span><\/p>\n<p><span style=\"color: #000000\">Sous forme de poudre, il contient de nombreux nutriments et ses effets positifs ont \u00e9galement \u00e9t\u00e9 prouv\u00e9s scientifiquement. Des \u00e9tudes men\u00e9es dans diff\u00e9rents pays du monde ont mis en \u00e9vidence de nombreux effets b\u00e9n\u00e9fiques li\u00e9s \u00e0 la consommation r\u00e9guli\u00e8re de champignons Maitake.<\/span><\/p>\n<p><span style=\"color: #000000\">Ce qui est extr\u00eamement important ici, c&rsquo;est que le Maitak\u00e9 est un produit 100% naturel qui peut nous aider de mani\u00e8re naturelle. Il am\u00e9liore les sympt\u00f4mes de nos probl\u00e8mes et a un effet positif sur notre bien-\u00eatre g\u00e9n\u00e9ral. Il est donc destin\u00e9 \u00e0 tous ceux qui souhaitent b\u00e9n\u00e9ficier de ses avantages de quelque mani\u00e8re que ce soit. De l&rsquo;am\u00e9lioration du fonctionnement du syst\u00e8me immunitaire \u00e0 l&rsquo;aide \u00e0 la candidose, en passant par l&rsquo;aide au traitement des cancers, au bien-\u00eatre g\u00e9n\u00e9ral, etc. Si les champignons sont si efficaces, c&rsquo;est justement parce qu&rsquo;ils ont la capacit\u00e9 d&rsquo;absorber tout ce qui est bon ou mauvais dans l&rsquo;environnement, d&rsquo;o\u00f9 l&rsquo;importance d&rsquo;opter pour des champignons cultiv\u00e9s biologiquement.<\/span><\/p>\n<h2><span style=\"color: #000000\">Pourquoi les champignons ?<\/span><\/h2>\n<p><span style=\"color: #000000\">Les champignons sont tr\u00e8s int\u00e9ressants. Ce ne sont ni des plantes ni des animaux, mais ce qu&rsquo;ils sont, ce sont certainement des organismes incroyables qui ont r\u00e9ussi \u00e0 survivre, en fait, presque depuis le d\u00e9but du monde. Ils ont d\u00e9velopp\u00e9 une strat\u00e9gie de survie particuli\u00e8re qui leur a permis de survivre jusqu&rsquo;\u00e0 aujourd&rsquo;hui. Et nous, les humains, pouvons \u00e9galement b\u00e9n\u00e9ficier de ces avantages en consommant des champignons m\u00e9dicinaux. Ils nous apportent un \u00e9quilibre physique et nous prot\u00e8gent contre de nombreuses maladies. Ils peuvent constituer un <strong>traitement<\/strong><strong> pr\u00e9ventif<\/strong> ou <strong>curatif de soutien<\/strong> pour de nombreuses maladies (modernes), qu&rsquo;elles soient conventionnelles ou non. Traditionnellement, on attribue aux champignons des effets dans les cas de cancer, de maladies auto-immunes et d&rsquo;allergies. Ils sont \u00e9galement bons pour une r\u00e9ponse saine et forte du syst\u00e8me immunitaire. Cependant, la recherche m\u00e9dicale men\u00e9e au cours des derni\u00e8res d\u00e9cennies, lorsque les champignons ont suscit\u00e9 l&rsquo;int\u00e9r\u00eat du monde occidental, a confirm\u00e9 bon nombre de leurs effets th\u00e9rapeutiques.<\/span><\/p>\n<p><span style=\"color: #000000\">\u00c9tant donn\u00e9 que certaines substances actives naturelles sont indigestes ou difficiles \u00e0 dig\u00e9rer, il est tr\u00e8s important de ne consommer que les meilleures poudres de champignons. Les champignons doivent \u00eatre cultiv\u00e9s, s\u00e9ch\u00e9s et pr\u00e9par\u00e9s correctement. Ils doivent \u00eatre r\u00e9duits en poudre fine, sans morceaux. La couleur de la poudre est plus claire, mais elle d\u00e9pend aussi du type de champignon consomm\u00e9.<\/span><\/p>\n<h2><span style=\"color: #000000\">Conditionnement<\/span><\/h2>\n<p><span style=\"color: #000000\">Sachet zip-lock non perm\u00e9able o\u00f9 le produit conserve toute sa fra\u00eecheur et son ar\u00f4me. L&#8217;emballage prot\u00e8ge le produit de la lumi\u00e8re et de l&rsquo;air, car il est compos\u00e9 de plusieurs couches de protection qui pr\u00e9servent les propri\u00e9t\u00e9s du contenu.<\/span><\/p>\n<p><span style=\"color: #000000\">L&#8217;emballage est tr\u00e8s pratique et recyclable.<\/span><\/p>\n<h2><span style=\"color: #000000\">Stockage et avertissements<\/span><\/h2>\n<p><span style=\"color: #000000\">Conserver dans un endroit frais et sec. Tenir le compl\u00e9ment alimentaire hors de port\u00e9e des enfants !<\/span><\/p>\n<p><span style=\"color: #000000\">N&rsquo;oubliez pas l&rsquo;importance d&rsquo;une alimentation vari\u00e9e et d&rsquo;un mode de vie sain, un compl\u00e9ment alimentaire ne peut donc pas se substituer \u00e0 une alimentation \u00e9quilibr\u00e9e et vari\u00e9e. La quantit\u00e9 ou la dose journali\u00e8re recommand\u00e9e ne doit pas \u00eatre d\u00e9pass\u00e9e. Il est toujours conseill\u00e9 aux femmes enceintes et allaitantes de consulter un m\u00e9decin avant toute utilisation.<\/span><\/p>\n<h2><span style=\"color: #000000\">Bon \u00e0 savoir<\/span><\/h2>\n<p><span style=\"color: #000000\">Le produit convient \u00e9galement aux animaux. Dans la plupart des cas, les champignons m\u00e9dicinaux s&rsquo;av\u00e8rent extr\u00eamement efficaces pour renforcer le syst\u00e8me immunitaire, \u00e9liminer les allergies et les affections cutan\u00e9es, ainsi que les infections virales et bact\u00e9riennes. Veuillez consulter votre v\u00e9t\u00e9rinaire avant l&rsquo;utilisation pour savoir s&rsquo;il est judicieux de prendre ce produit et quelle est la dose journali\u00e8re recommand\u00e9e.<\/span><\/p>\n<h2><span style=\"color: #000000\">Origine du produit<\/span><\/h2>\n<p><span style=\"color: #000000\">Slov\u00e9nie<\/span><\/p>\n","protected":false},"excerpt":{"rendered":"<p align=\"JUSTIFY\">Grifola frondosa, ou <strong>grand champignon \u00e0 feuilles l\u00e2ches<\/strong>, est un tr\u00e8s grand champignon comestible. Il est \u00e9galement utilis\u00e9 comme compl\u00e9ment alimentaire dans la m\u00e9decine traditionnelle chinoise. Les Matiacs sont utilis\u00e9s <strong>pour am\u00e9liorer la sant\u00e9 et la vitalit\u00e9 physique en g\u00e9n\u00e9ral<\/strong>.<\/p>\n<p>\ud83d\udc9a Renforcer le syst\u00e8me immunitaire.<br \/>\n\ud83d\udc9a Am\u00e9liorer le bien-\u00eatre g\u00e9n\u00e9ral.<br \/>\n\ud83d\udc9a Il poss\u00e8de des propri\u00e9t\u00e9s antioxydantes.<br \/>\n\ud83d\udc9a Aide \u00e0 lutter contre la fatigue chronique.<\/p>\n","protected":false},"featured_media":6062,"comment_status":"open","ping_status":"closed","template":"","meta":{"_acf_changed":false},"product_brand":[],"product_cat":[15,228,224,225],"product_tag":[],"class_list":{"0":"post-6061","1":"product","2":"type-product","3":"status-publish","4":"has-post-thumbnail","6":"product_cat-uncategorized","7":"product_cat-champignons-medicinaux","8":"product_cat-offre","9":"product_cat-tous-les-produits","11":"first","12":"instock","13":"taxable","14":"shipping-taxable","15":"purchasable","16":"product-type-simple"},"acf":[],"_links":{"self":[{"href":"https:\/\/fengchashop.com\/be-fr\/wp-json\/wp\/v2\/product\/6061","targetHints":{"allow":["GET"]}}],"collection":[{"href":"https:\/\/fengchashop.com\/be-fr\/wp-json\/wp\/v2\/product"}],"about":[{"href":"https:\/\/fengchashop.com\/be-fr\/wp-json\/wp\/v2\/types\/product"}],"replies":[{"embeddable":true,"href":"https:\/\/fengchashop.com\/be-fr\/wp-json\/wp\/v2\/comments?post=6061"}],"wp:featuredmedia":[{"embeddable":true,"href":"https:\/\/fengchashop.com\/be-fr\/wp-json\/wp\/v2\/media\/6062"}],"wp:attachment":[{"href":"https:\/\/fengchashop.com\/be-fr\/wp-json\/wp\/v2\/media?parent=6061"}],"wp:term":[{"taxonomy":"product_brand","embeddable":true,"href":"https:\/\/fengchashop.com\/be-fr\/wp-json\/wp\/v2\/product_brand?post=6061"},{"taxonomy":"product_cat","embeddable":true,"href":"https:\/\/fengchashop.com\/be-fr\/wp-json\/wp\/v2\/product_cat?post=6061"},{"taxonomy":"product_tag","embeddable":true,"href":"https:\/\/fengchashop.com\/be-fr\/wp-json\/wp\/v2\/product_tag?post=6061"}],"curies":[{"name":"wp","href":"https:\/\/api.w.org\/{rel}","templated":true}]}}