{"id":5866,"date":"2022-02-11T18:26:27","date_gmt":"2022-02-11T17:26:27","guid":{"rendered":"https:\/\/fengchashop.com\/be-fr\/product\/cordyceps-bio-125-g\/"},"modified":"2026-04-14T19:29:40","modified_gmt":"2026-04-14T17:29:40","slug":"cordyceps-bio-ue","status":"publish","type":"product","link":"https:\/\/fengchashop.com\/be-fr\/product\/cordyceps-bio-ue\/","title":{"rendered":"Cordyceps BIO UE 125 g"},"content":{"rendered":"<h2><span style=\"color: #000000\">Cordyceps (champignon chenille)<\/span><\/h2>\n<p><span style=\"color: #000000\">Le champignon cordyceps est <strong>connu de la m\u00e9decine traditionnelle depuis des milliers d&rsquo;ann\u00e9es<\/strong> et est utilis\u00e9 \u00e0 des fins m\u00e9dicinales depuis au moins aussi longtemps, en raison de ses propri\u00e9t\u00e9s b\u00e9n\u00e9fiques. Ce champignon, qui pousse spontan\u00e9ment dans les zones de haute montagne, est un compl\u00e9ment alimentaire connu pour sa <strong>capacit\u00e9 \u00e0 revitaliser l&rsquo;organisme<\/strong> et \u00e0 <strong>renforcer le syst\u00e8me immunitaire<\/strong>. En Extr\u00eame-Orient, il est cueilli dans son habitat naturel, qui est tr\u00e8s difficile d&rsquo;acc\u00e8s. En raison de sa petite taille (un seul champignon sec p\u00e8se environ 0,3 g), du fait qu&rsquo;il ne pousse que 14 jours par an, des principes actifs dont il se compose et de son utilit\u00e9 g\u00e9n\u00e9rale dans la m\u00e9decine traditionnelle, son co\u00fbt peut atteindre jusqu&rsquo;\u00e0 50 000 \u20ac\/kg. C&rsquo;est pourquoi, jusqu&rsquo;\u00e0 r\u00e9cemment, il \u00e9tait r\u00e9serv\u00e9 uniquement aux empereurs et aux dirigeants chinois.<\/span><\/p>\n<p><span style=\"color: #000000\">Le cordyceps <strong>est consid\u00e9r\u00e9 comme la d\u00e9couverte nutritionnelle la plus remaquable du mill\u00e9naire<\/strong>. Il restaure l&rsquo;\u00e9nergie et le syst\u00e8me immunitaire et pr\u00e9vient les maladies (d\u00e9g\u00e9n\u00e9ratives). Parfois qualifi\u00e9 de super-oxydant, il augmente l&rsquo;oxyg\u00e8ne dans le sang, restaure l&rsquo;organisme et pr\u00e9vient l&rsquo;acidit\u00e9.<\/span><\/p>\n<p><span style=\"color: #000000\">Ce champignon est tr\u00e8s difficile \u00e0 faire pousser, en particulier en Europe. Mais nous sommes fiers de l&rsquo;avoir cultiv\u00e9. Notre cordyceps est cultiv\u00e9 en Slov\u00e9nie, dans des espaces ferm\u00e9s et contr\u00f4l\u00e9s, sans utilisation de produits chimiques. <strong>C\u2019est l\u2019un des champignons de meilleures qualit\u00e9 actuellement disponibles sur le march\u00e9<\/strong>.<\/span><\/p>\n<p><span style=\"color: #000000\">Le cordyceps est un champignon parasite qui prolif\u00e8re \u00e0 l&rsquo;\u00e9tat sauvage sur les insectes, principalement les chenilles, d&rsquo;o\u00f9 son appellation de \u00ab champignon chenille \u00bb. Nos champignons cultiv\u00e9s ne sont pas \u00e9lev\u00e9s sur des h\u00f4tes animaux et conviennent donc \u00e9galement aux v\u00e9g\u00e9tariens ou aux v\u00e9gans.<\/span><\/p>\n<p><span style=\"color: #000000\">La production de nos champignons cordyceps est soumise \u00e0 un contr\u00f4le rigoureux, sans utiliser de produits chimiques ou de pesticides, et elle est <strong>100 % biologique<\/strong>. La qualit\u00e9 des champignons est r\u00e9guli\u00e8rement contr\u00f4l\u00e9e par des laboratoires ind\u00e9pendants en Slov\u00e9nie et aux \u00c9tats-Unis.<\/span><\/p>\n<h2><span style=\"color: #000000\">Que contient ce champignon et \u00e0 qui s&rsquo;adresse-t-il ?<\/span><\/h2>\n<p><span style=\"color: #000000\">Le cordyceps est compos\u00e9 de lipides complexes, de prot\u00e9ines, d&rsquo;oligo\u00e9l\u00e9ments, de polysaccharides et de vitamines. Tous les \u00e9l\u00e9ments contenus dans les champignons sont pr\u00e9sents en grande quantit\u00e9 et ont un effet tr\u00e8s positif sur notre organisme. Le cordyceps contient du b\u00eata-carot\u00e8ne et des <strong>vitamines<\/strong> E et C. Il contient \u00e9galement des <strong>min\u00e9raux<\/strong> comme le zinc et le s\u00e9l\u00e9nium, ainsi que 77 <strong>micro- et macro-nutriments<\/strong> et des <strong>substances uniques<\/strong> telles que la cordyc\u00e9pine (ad\u00e9nosine), l&rsquo;acide cordyc\u00e9pique (D-mannitol) et un polysaccharide immunomodulateur (b\u00eata-D-glucane).<\/span><\/p>\n<p><span style=\"color: #000000\">La poudre de cordyceps contient de nombreux nutriments dont les bienfaits ont \u00e9t\u00e9 scientifiquement prouv\u00e9s. Des \u00e9tudes men\u00e9es dans divers pays du monde ont r\u00e9v\u00e9l\u00e9 de nombreux effets b\u00e9n\u00e9fiques de la consommation r\u00e9guli\u00e8re de cordyceps. Ainsi, les effets curatifs du cordyceps, qui sont effectivement des bienfaits reconnus par la m\u00e9decine traditionnelle et qui ont \u00e9galement \u00e9t\u00e9 prouv\u00e9s par la recherche moderne, sont les suivants :<\/span><\/p>\n<p><span style=\"color: #000000\"> \ud83d\udc9a il stimule le <strong>syst\u00e8me immunitaire<\/strong>,<\/span><\/p>\n<p><span style=\"color: #000000\"> \ud83d\udc9a il am\u00e9liore la <strong>forme physique<\/strong>,<\/span><\/p>\n<p><span style=\"color: #000000\"> \ud83d\udc9a il a un effet <strong>anti-stress<\/strong>,<\/span><\/p>\n<p><span style=\"color: #000000\"> \ud83d\udc9a il augmente <strong>l&rsquo;\u00e9nergie corporelle<\/strong>,<\/span><\/p>\n<p><span style=\"color: #000000\"> \ud83d\udc9a il augmente <strong>l&rsquo;activit\u00e9 sexuelle<\/strong>,<\/span><\/p>\n<p><span style=\"color: #000000\"> \ud83d\udc9a il aide \u00e0 lutter contre le <strong>cholest\u00e9rol<\/strong> HDL \u00e9lev\u00e9, le <strong>surpoids<\/strong> et le <strong>diab\u00e8te<\/strong>,<\/span><\/p>\n<p><span style=\"color: #000000\"> \ud83d\udc9a il a pour fonction de faire en sorte que le <strong>c\u0153ur et le syst\u00e8me vasculaire restent sains<\/strong>.<\/span><\/p>\n<p><span style=\"color: #000000\">Le cordyceps est particuli\u00e8rement recommand\u00e9 aux <strong>athl\u00e8tes<\/strong> et autres personnes actives \u00e0 la suite d\u2019un effort physique prolong\u00e9 ainsi qu\u2019aux personnes qui souhaitent adopter un rythme plus actif dans leur quotidien. Il est \u00e9galement recommand\u00e9 en cas de <strong>fatigue accrue<\/strong>, de <strong>manque d&rsquo;\u00e9nergie<\/strong> et de <strong>stress<\/strong>. C&rsquo;est \u00e9galement un stimulant sexuel et il renforce le corps et l&rsquo;esprit. Il nous aide \u00e0 bien g\u00e9rer le stress, qui est le plus souvent caus\u00e9 par les \u00e9preuves de la vie quotidienne. Il est \u00e9galement souvent recommand\u00e9 aux <strong>diab\u00e9tiques<\/strong>, aux <strong>patients atteints de cancer<\/strong> et aux patients souffrant de <strong>maladies cardiovasculaires<\/strong>, notamment d&rsquo;insuffisance cardiaque et d&rsquo;arythmie. Le cordyceps est \u00e9galement b\u00e9n\u00e9fique pour les voies respiratoires et traite les maladies respiratoires telles que l&rsquo;asthme. Ses propri\u00e9t\u00e9s antivirales ont un effet sur les infections virales telles que la grippe.<\/span><\/p>\n<p><span style=\"color: #000000\">Et ce qui est extr\u00eamement important ici, c&rsquo;est que le cordyceps est un produit 100 % naturel qui peut nous aider de mani\u00e8re naturelle. Il am\u00e9liore les sympt\u00f4mes de nos maladies et a un effet positif sur notre bien-\u00eatre g\u00e9n\u00e9ral.<\/span><\/p>\n<h2><span style=\"color: #000000\">Pourquoi des champignons ?<\/span><\/h2>\n<p><span style=\"color: #000000\">Les champignons sont tr\u00e8s int\u00e9ressants. Ce ne sont ni des plantes ni des animaux, mais ce sont des organismes assur\u00e9ment extraordinaires qui ont r\u00e9ussi \u00e0 survivre depuis la nuit des temps. Ils ont d\u00e9velopp\u00e9 une strat\u00e9gie de survie sp\u00e9cifique qui leur a permis de survivre jusqu&rsquo;\u00e0 nos jours. Mais nous pouvons \u00e9galement tirer partie de ces bienfaits en consommant des champignons m\u00e9dicinaux. Ils nous apportent un \u00e9quilibre au niveau physique et nous prot\u00e8gent de nombreuses maladies. Ils peuvent \u00eatre pr\u00e9ventifs, mais aussi curatifs, en compl\u00e9ment des traitements conventionnels ou non conventionnels pour de nombreuses maladies (modernes). Traditionnellement, on attribue aux champignons des effets pour lutter contre le cancer, les maladies auto-immunes et les allergies. Ils sont \u00e9galement b\u00e9n\u00e9fiques pour une r\u00e9ponse immunitaire saine et forte. Le fait est que les recherches m\u00e9dicales men\u00e9es au cours des derni\u00e8res d\u00e9cennies, lorsque les champignons ont commenc\u00e9 \u00e0 susciter l&rsquo;int\u00e9r\u00eat du monde occidental, ont confirm\u00e9 nombre de leurs effets th\u00e9rapeutiques. <\/span><\/p>\n<p><span style=\"color: #000000\">Comme certains principes actifs naturels sont impossibles ou difficiles \u00e0 dig\u00e9rer pour nous, il est tr\u00e8s important de ne consommer que les meilleures poudres de champignons. Les champignons doivent \u00eatre cultiv\u00e9s, s\u00e9ch\u00e9s et pr\u00e9par\u00e9s correctement. Ils doivent \u00eatre moulus jusqu&rsquo;\u00e0 obtenir une poudre fine sans grumeaux. La couleur de la poudre est plus claire, mais cela d\u00e9pend aussi du type de champignon que vous consommez. Les champignons sont aussi efficaces pr\u00e9cis\u00e9ment parce qu&rsquo;ils ont la capacit\u00e9 d&rsquo;absorber tout ce qui se trouve dans l&rsquo;environnement, que ce soit bon ou mauvais ; c\u2019est pourquoi il est important d&rsquo;utiliser des champignons biologiques.<\/span><\/p>\n<h2><span style=\"color: #000000\">Emballage<\/span><\/h2>\n<p><span style=\"color: #000000\">Un sac zipp\u00e9 herm\u00e9tique dans lequel le produit conserve toute sa fra\u00eecheur et son ar\u00f4me. L&#8217;emballage prot\u00e8ge le produit de la lumi\u00e8re et de l&rsquo;air, car il est compos\u00e9 de plusieurs couches de protection qui pr\u00e9servent les propri\u00e9t\u00e9s du contenu.<\/span><\/p>\n<p><span style=\"color: #000000\">L&#8217;emballage est tr\u00e8s pratique et recyclable.<\/span><\/p>\n<h2><span style=\"color: #000000\">Stockage et avertissements<\/span><\/h2>\n<p><span style=\"color: #000000\">Conservez-le dans un endroit frais et sec. Conservez le compl\u00e9ment alimentaire hors de port\u00e9e des enfants!<\/span><\/p>\n<p><span style=\"color: #000000\">N&rsquo;oubliez pas l&rsquo;importance d&rsquo;une alimentation vari\u00e9e et d&rsquo;un mode de vie sain ; un compl\u00e9ment alimentaire ne remplace pas une alimentation \u00e9quilibr\u00e9e et vari\u00e9e. Ne d\u00e9passez pas la quantit\u00e9 ou la dose quotidienne recommand\u00e9e. Il est toujours conseill\u00e9 aux femmes enceintes et qui allaitent de consulter un m\u00e9decin avant utilisation.<\/span><\/p>\n<h2><span style=\"color: #000000\">Bon \u00e0 savoir<\/span><\/h2>\n<p><span style=\"color: #000000\">Le produit convient \u00e9galement aux animaux. Dans la plupart des cas, les champignons m\u00e9dicinaux s&rsquo;av\u00e8rent extr\u00eamement efficaces pour renforcer le syst\u00e8me immunitaire, traiter les allergies et les troubles cutan\u00e9s, ainsi que les infections virales et bact\u00e9riennes. Veuillez consulter votre v\u00e9t\u00e9rinaire avant utilisation afin de d\u00e9terminer les conditions d&rsquo;administration et la quantit\u00e9 quotidienne recommand\u00e9e.<\/span><\/p>\n<h2><span style=\"color: #000000\">Origine<\/span><\/h2>\n<p><span style=\"color: #000000\">UE<\/span><\/p>\n","protected":false},"excerpt":{"rendered":"<p align=\"JUSTIFY\">Le champignon cordyceps est <strong>connu de la m\u00e9decine traditionnelle depuis des milliers d&rsquo;ann\u00e9es<\/strong> et est utilis\u00e9 \u00e0 des fins m\u00e9dicinales depuis au moins aussi longtemps, en raison de ses propri\u00e9t\u00e9s b\u00e9n\u00e9fiques. Ce champignon, qui pousse spontan\u00e9ment dans les zones de haute montagne, est un compl\u00e9ment alimentaire connu pour sa <strong>capacit\u00e9 \u00e0 revitaliser l&rsquo;organisme<\/strong> et \u00e0 <strong>renforcer le syst\u00e8me immunitaire<\/strong>.<\/p>\n<p align=\"JUSTIFY\">\ud83d\udc9a Il stimule le syst\u00e8me immunitaire.<br \/>\n\ud83d\udc9a Am\u00e9liore la condition physique.<br \/>\n\ud83d\udc9a Augmente l&rsquo;\u00e9nergie du corps.<br \/>\n\ud83d\udc9a Il a un effet anti-stress.<br \/>\n\ud83d\udc9a Il a un effet positif sur une s\u00e9rie de probl\u00e8mes de sant\u00e9.<\/p>\n","protected":false},"featured_media":5867,"comment_status":"open","ping_status":"closed","template":"","meta":{"_acf_changed":false},"product_brand":[],"product_cat":[15,228,226,224,225],"product_tag":[],"class_list":{"0":"post-5866","1":"product","2":"type-product","3":"status-publish","4":"has-post-thumbnail","6":"product_cat-uncategorized","7":"product_cat-champignons-medicinaux","8":"product_cat-meilleures-ventes","9":"product_cat-offre","10":"product_cat-tous-les-produits","12":"first","13":"instock","14":"sale","15":"taxable","16":"shipping-taxable","17":"purchasable","18":"product-type-simple"},"acf":[],"_links":{"self":[{"href":"https:\/\/fengchashop.com\/be-fr\/wp-json\/wp\/v2\/product\/5866","targetHints":{"allow":["GET"]}}],"collection":[{"href":"https:\/\/fengchashop.com\/be-fr\/wp-json\/wp\/v2\/product"}],"about":[{"href":"https:\/\/fengchashop.com\/be-fr\/wp-json\/wp\/v2\/types\/product"}],"replies":[{"embeddable":true,"href":"https:\/\/fengchashop.com\/be-fr\/wp-json\/wp\/v2\/comments?post=5866"}],"wp:featuredmedia":[{"embeddable":true,"href":"https:\/\/fengchashop.com\/be-fr\/wp-json\/wp\/v2\/media\/5867"}],"wp:attachment":[{"href":"https:\/\/fengchashop.com\/be-fr\/wp-json\/wp\/v2\/media?parent=5866"}],"wp:term":[{"taxonomy":"product_brand","embeddable":true,"href":"https:\/\/fengchashop.com\/be-fr\/wp-json\/wp\/v2\/product_brand?post=5866"},{"taxonomy":"product_cat","embeddable":true,"href":"https:\/\/fengchashop.com\/be-fr\/wp-json\/wp\/v2\/product_cat?post=5866"},{"taxonomy":"product_tag","embeddable":true,"href":"https:\/\/fengchashop.com\/be-fr\/wp-json\/wp\/v2\/product_tag?post=5866"}],"curies":[{"name":"wp","href":"https:\/\/api.w.org\/{rel}","templated":true}]}}