{"id":3995,"date":"2025-03-11T17:45:54","date_gmt":"2025-03-11T16:45:54","guid":{"rendered":"https:\/\/test-fengcha.dweb.si\/?page_id=3995"},"modified":"2025-09-09T16:54:57","modified_gmt":"2025-09-09T14:54:57","slug":"vente-en-gros","status":"publish","type":"page","link":"https:\/\/fengchashop.com\/be-fr\/vente-en-gros\/","title":{"rendered":"Vente en gros"},"content":{"rendered":"<div class=\"wpb-content-wrapper\"><p>[vc_row][vc_column][vc_row_inner][vc_column_inner][vc_column_text css=\u00a0\u00bb\u00a0\u00bb]<\/p>\r\n<h1 class=\"wp-block-heading\">Nous fournissons des produits de qualit\u00e9 dans les cat\u00e9gories suivantes : compl\u00e9ments alimentaires, th\u00e9s, \u00e9pices, super-aliments, caf\u00e9 et cacao :<\/h1>\r\n\r\n<p>&nbsp;<\/p>\r\n\r\n<ul class=\"wp-block-list\">\r\n<li>aux magasins d&rsquo;alimentation,<\/li>\r\n<li>aux restaurants et aux h\u00f4tels,<\/li>\r\n<\/ul>\r\n\r\n<p>&nbsp;<\/p>\r\n\r\n<ul class=\"wp-block-list\">\r\n<li>aux centres de bien-\u00eatre et de remise en forme,<\/li>\r\n<li>aux boutiques en ligne.<\/li>\r\n<\/ul>\r\n\r\n<p>&nbsp;<\/p>\r\n\r\n<p><strong>Pour plus d&rsquo;informations, veuillez nous contacter \u00e0\u00a0<a href=\"mailto:info@fengcha.si\">info@fengchashop.com<\/a><\/strong><\/p>\r\n<p><strong>\u00a0<\/strong><\/p>\r\n\r\n<p>&nbsp;<\/p>\r\n<p>[\/vc_column_text][\/vc_column_inner][\/vc_row_inner][\/vc_column][\/vc_row]<\/p><\/div>","protected":false},"excerpt":{"rendered":"<p>[vc_row][vc_column][vc_row_inner][vc_column_inner][vc_column_text css=\u00a0\u00bb\u00a0\u00bb] Nous fournissons des produits de qualit\u00e9 dans les cat\u00e9gories suivantes : compl\u00e9ments alimentaires, th\u00e9s, \u00e9pices, super-aliments, caf\u00e9 et cacao : &nbsp; aux magasins d&rsquo;alimentation, aux restaurants et aux h\u00f4tels, &nbsp; aux centres de bien-\u00eatre et de remise en forme, aux boutiques en ligne. &nbsp; Pour plus d&rsquo;informations, veuillez nous contacter \u00e0\u00a0info@fengchashop.com \u00a0 &nbsp; [&hellip;]<\/p>\n","protected":false},"author":2,"featured_media":0,"parent":0,"menu_order":0,"comment_status":"closed","ping_status":"closed","template":"page-visual-composer.php","meta":{"_acf_changed":false,"footnotes":""},"class_list":["post-3995","page","type-page","status-publish","hentry"],"acf":[],"_links":{"self":[{"href":"https:\/\/fengchashop.com\/be-fr\/wp-json\/wp\/v2\/pages\/3995","targetHints":{"allow":["GET"]}}],"collection":[{"href":"https:\/\/fengchashop.com\/be-fr\/wp-json\/wp\/v2\/pages"}],"about":[{"href":"https:\/\/fengchashop.com\/be-fr\/wp-json\/wp\/v2\/types\/page"}],"author":[{"embeddable":true,"href":"https:\/\/fengchashop.com\/be-fr\/wp-json\/wp\/v2\/users\/2"}],"replies":[{"embeddable":true,"href":"https:\/\/fengchashop.com\/be-fr\/wp-json\/wp\/v2\/comments?post=3995"}],"version-history":[{"count":4,"href":"https:\/\/fengchashop.com\/be-fr\/wp-json\/wp\/v2\/pages\/3995\/revisions"}],"predecessor-version":[{"id":7050,"href":"https:\/\/fengchashop.com\/be-fr\/wp-json\/wp\/v2\/pages\/3995\/revisions\/7050"}],"wp:attachment":[{"href":"https:\/\/fengchashop.com\/be-fr\/wp-json\/wp\/v2\/media?parent=3995"}],"curies":[{"name":"wp","href":"https:\/\/api.w.org\/{rel}","templated":true}]}}