{"id":3991,"date":"2025-03-11T17:42:37","date_gmt":"2025-03-11T16:42:37","guid":{"rendered":"https:\/\/test-fengcha.dweb.si\/?page_id=3991"},"modified":"2025-12-23T09:04:39","modified_gmt":"2025-12-23T08:04:39","slug":"qui-sommes-nous-et-que-recherchons-nous","status":"publish","type":"page","link":"https:\/\/fengchashop.com\/be-fr\/qui-sommes-nous-et-que-recherchons-nous\/","title":{"rendered":"Qui sommes-nous et que recherchons-nous ?"},"content":{"rendered":"<div class=\"wpb-content-wrapper\"><p>[vc_row][vc_column][vc_column_text css=\u00a0\u00bb\u00a0\u00bb]<\/p>\r\n<p>Au d\u00e9part, nous avons commenc\u00e9 par vendre des th\u00e9s. Nous avons commenc\u00e9 par vendre des th\u00e9s. Et nous entendons par l\u00e0 des th\u00e9s (authentiques) inhabituels, qui, pour les aficionados, ont toujours fait d\u00e9faut dans l&rsquo;offre existante sur le march\u00e9 slov\u00e8ne. Nous continuons \u00e0 vendre des th\u00e9s, en proposant uniquement des th\u00e9s de la meilleure qualit\u00e9, <strong>pleins d&rsquo;ar\u00f4mes<\/strong>, de <strong>fra\u00eecheur <\/strong>et de <strong>saveurs riches<\/strong>. Toutefois, au fil des ans, nous avons r\u00e9guli\u00e8rement \u00e9largi notre gamme de produits en fonction des besoins du march\u00e9. D&rsquo;abord avec les <strong>\u00e9pices<\/strong>, le <strong>cacao <\/strong>et le <strong>caf\u00e9 <\/strong>parfum\u00e9s et, bien s\u00fbr, les aliments dits <strong>super-aliments<\/strong>. Les besoins et les pr\u00e9f\u00e9rences des clients \u00e9voluant, nous nous effor\u00e7ons toujours de leur proposer quelque chose de nouveau. Parall\u00e8lement, nous continuons \u00e0 proposer les produits les plus populaires. Nous nous sommes r\u00e9cemment efforc\u00e9s d&rsquo;offrir la plus grande vari\u00e9t\u00e9 possible de produits dans les cat\u00e9gories des <strong>aliments <\/strong>et des <strong>compl\u00e9ments alimentaires<\/strong>, que nous avons judicieusement ajout\u00e9es \u00e0 notre gamme.<\/p>\r\n<!-- \/wp:post-content -->\r\n<p><!-- wp:paragraph --><strong>En plus de produits de premi\u00e8re qualit\u00e9, vous trouverez des id\u00e9es et des conseils pour mener une vie plus saine.<\/strong><\/p>\r\n<!-- \/wp:paragraph -->\r\n<p><!-- wp:paragraph -->Comme notre large gamme propose des th\u00e9s et d&rsquo;autres produits alimentaires depuis plus de 10 ans (depuis 2010), nous avons d\u00e9velopp\u00e9 une attention particuli\u00e8re pour la qualit\u00e9 de nos produits alimentaires. C&rsquo;est pourquoi <strong>vous ne trouverez chez nous que les meilleures saveurs<\/strong> et <strong>les meilleurs produits vous permettant de mener une vie longue<\/strong> et <strong>saine<\/strong>. En raison des tendances modernes et de la prise de conscience de l&rsquo;importance d&rsquo;une alimentation saine, nous n&rsquo;ajoutons \u00e0 notre offre, dans la mesure du possible, que des produits issus d&rsquo;une <strong>production biologique<\/strong>.<\/p>\r\n<!-- \/wp:paragraph -->\r\n<p>&nbsp;<\/p>\r\n<!-- wp:heading -->\r\n<h2 class=\"wp-block-heading\">L&rsquo;\u00e9quipe de Feng Cha est compos\u00e9e de<\/h2>\r\n<!-- \/wp:heading -->\r\n<p>&nbsp;<\/p>\r\n<!-- wp:list -->\r\n<ul>\r\n<li style=\"list-style-type: none;\">\r\n<ul><!-- wp:list-item -->\r\n<li><strong>Layla H\u00f6nn<\/strong>\u00a0\u2013 Directrice<\/li>\r\n<\/ul>\r\n<\/li>\r\n<\/ul>\r\n<!-- \/wp:list-item --><!-- \/wp:list -->\r\n<p>&nbsp;<\/p>\r\n<!-- wp:list -->\r\n<ul>\r\n<li style=\"list-style-type: none;\">\r\n<ul><!-- wp:list-item -->\r\n<li><strong>Miha H\u00f6nn<\/strong>\u00a0\u2013 Fondatrice<\/li>\r\n<\/ul>\r\n<\/li>\r\n<\/ul>\r\n<!-- \/wp:list-item --><!-- \/wp:list -->\r\n<p>&nbsp;<\/p>\r\n<!-- wp:list -->\r\n<ul>\r\n<li style=\"list-style-type: none;\">\r\n<ul><!-- wp:list-item -->\r\n<li><strong><strong>Selma Seyoun Simon\u010di\u010d<\/strong><\/strong>\u00a0&#8211; Marketing digital<\/li>\r\n<\/ul>\r\n<\/li>\r\n<\/ul>\r\n<!-- \/wp:list-item --><!-- \/wp:list -->\r\n<p><!-- wp:paragraph -->FENG CHA d.o.o.<\/p>\r\n<!-- \/wp:paragraph -->\r\n<p><!-- wp:paragraph -->Rej\u010deva ulica 5<\/p>\r\n<!-- \/wp:paragraph -->\r\n<p><!-- wp:paragraph -->5000 Nova Gorica<\/p>\r\n<!-- \/wp:paragraph -->\r\n<p><!-- wp:paragraph -->Slovenija \u2013 EU<\/p>\r\n<!-- \/wp:paragraph -->\r\n<p><!-- wp:paragraph -->VAT: SI77642562<\/p>\r\n<!-- \/wp:paragraph -->\r\n<p><!-- wp:paragraph -->Email:\u00a0<a href=\"mailto:info@fengchashop.com\" target=\"_blank\" rel=\"noreferrer noopener\">info@fengchashop.com<\/a><\/p>\r\n<!-- \/wp:paragraph -->\r\n<p><!-- wp:paragraph -->Web shops:<\/p>\r\n<!-- \/wp:paragraph -->\r\n<p><!-- wp:paragraph --><a href=\"http:\/\/fengchashop.com\/\" target=\"_blank\" rel=\"noreferrer noopener\">fengchashop.com<\/a><\/p>\r\n<!-- \/wp:paragraph -->\r\n<p><a href=\"https:\/\/fengchashop.com\/be-fr\/\">fengchashop.com\/be-fr\/<\/a><\/p>\r\n<!-- \/wp:paragraph -->\r\n<p><!-- wp:paragraph --><!-- \/wp:paragraph --><img loading=\"lazy\" decoding=\"async\" class=\"size-medium wp-image-3992\" src=\"https:\/\/fengchashop.com\/be-fr\/wp-content\/uploads\/2025\/03\/Prodaja-po-Evropi-333x300.jpg\" alt=\"\" width=\"333\" height=\"300\" srcset=\"https:\/\/fengchashop.com\/be-fr\/wp-content\/uploads\/2025\/03\/Prodaja-po-Evropi-333x300.jpg 333w, https:\/\/fengchashop.com\/be-fr\/wp-content\/uploads\/2025\/03\/Prodaja-po-Evropi-595x536.jpg 595w, https:\/\/fengchashop.com\/be-fr\/wp-content\/uploads\/2025\/03\/Prodaja-po-Evropi-150x135.jpg 150w, https:\/\/fengchashop.com\/be-fr\/wp-content\/uploads\/2025\/03\/Prodaja-po-Evropi-768x691.jpg 768w, https:\/\/fengchashop.com\/be-fr\/wp-content\/uploads\/2025\/03\/Prodaja-po-Evropi-1536x1382.jpg 1536w, https:\/\/fengchashop.com\/be-fr\/wp-content\/uploads\/2025\/03\/Prodaja-po-Evropi-2048x1843.jpg 2048w, https:\/\/fengchashop.com\/be-fr\/wp-content\/uploads\/2025\/03\/Prodaja-po-Evropi-450x405.jpg 450w, https:\/\/fengchashop.com\/be-fr\/wp-content\/uploads\/2025\/03\/Prodaja-po-Evropi-350x315.jpg 350w\" sizes=\"auto, (max-width: 333px) 100vw, 333px\" \/><\/p>\r\n<!-- \/wp:paragraph -->\r\n<p>&nbsp;<\/p>\r\n<p>[\/vc_column_text][\/vc_column][\/vc_row]<\/p><\/div>","protected":false},"excerpt":{"rendered":"<p>[vc_row][vc_column][vc_column_text css=\u00a0\u00bb\u00a0\u00bb] Au d\u00e9part, nous avons commenc\u00e9 par vendre des th\u00e9s. Nous avons commenc\u00e9 par vendre des th\u00e9s. Et nous entendons par l\u00e0 des th\u00e9s (authentiques) inhabituels, qui, pour les aficionados, ont toujours fait d\u00e9faut dans l&rsquo;offre existante sur le march\u00e9 slov\u00e8ne. Nous continuons \u00e0 vendre des th\u00e9s, en proposant uniquement des th\u00e9s de la [&hellip;]<\/p>\n","protected":false},"author":2,"featured_media":0,"parent":0,"menu_order":0,"comment_status":"closed","ping_status":"closed","template":"page-visual-composer.php","meta":{"_acf_changed":false,"footnotes":""},"class_list":["post-3991","page","type-page","status-publish","hentry"],"acf":[],"_links":{"self":[{"href":"https:\/\/fengchashop.com\/be-fr\/wp-json\/wp\/v2\/pages\/3991","targetHints":{"allow":["GET"]}}],"collection":[{"href":"https:\/\/fengchashop.com\/be-fr\/wp-json\/wp\/v2\/pages"}],"about":[{"href":"https:\/\/fengchashop.com\/be-fr\/wp-json\/wp\/v2\/types\/page"}],"author":[{"embeddable":true,"href":"https:\/\/fengchashop.com\/be-fr\/wp-json\/wp\/v2\/users\/2"}],"replies":[{"embeddable":true,"href":"https:\/\/fengchashop.com\/be-fr\/wp-json\/wp\/v2\/comments?post=3991"}],"version-history":[{"count":7,"href":"https:\/\/fengchashop.com\/be-fr\/wp-json\/wp\/v2\/pages\/3991\/revisions"}],"predecessor-version":[{"id":7182,"href":"https:\/\/fengchashop.com\/be-fr\/wp-json\/wp\/v2\/pages\/3991\/revisions\/7182"}],"wp:attachment":[{"href":"https:\/\/fengchashop.com\/be-fr\/wp-json\/wp\/v2\/media?parent=3991"}],"curies":[{"name":"wp","href":"https:\/\/api.w.org\/{rel}","templated":true}]}}