{"id":3753,"date":"2024-07-19T11:51:59","date_gmt":"2024-07-19T09:51:59","guid":{"rendered":"https:\/\/minetrada.dweb.si\/?page_id=3753"},"modified":"2026-02-24T10:01:47","modified_gmt":"2026-02-24T09:01:47","slug":"modalites-et-conditions","status":"publish","type":"page","link":"https:\/\/fengchashop.com\/be-fr\/modalites-et-conditions\/","title":{"rendered":"Modalit\u00e9s et conditions"},"content":{"rendered":"<div class=\"wpb-content-wrapper\"><p>[vc_row][vc_column][vc_row_inner][vc_column_inner][vc_column_text css=\u00a0\u00bb\u00a0\u00bb]<\/p>\r\n<h2 class=\"wp-block-heading\">Conditions g\u00e9n\u00e9rales de la boutique en ligne Feng cha<\/h2>\r\n<!-- \/wp:post-content -->\r\n<p><!-- wp:paragraph -->Les conditions g\u00e9n\u00e9rales et les conditions de vente traitent du fonctionnement de la boutique en ligne Fengchashop.com, des droits de l&rsquo;utilisateur et de la relation commerciale entre l&rsquo;entreprise et le client.<\/p>\r\n<!-- \/wp:paragraph -->\r\n<p><!-- wp:paragraph -->En tant qu&rsquo;acheteur, vous disposez de tous les droits pr\u00e9vus par la Loi sur la protection du consommateur.<\/p>\r\n<!-- \/wp:paragraph -->\r\n<p>&nbsp;<\/p>\r\n<!-- wp:heading -->\r\n<h2 class=\"wp-block-heading\">Accessibilit\u00e9 des informations<\/h2>\r\n<!-- \/wp:heading -->\r\n<p><!-- wp:paragraph -->Le Fournisseur s&rsquo;engage \u00e0 fournir \u00e0 tout moment les informations suivantes \u00e0 l&rsquo;Acheteur :<\/p>\r\n<!-- \/wp:paragraph -->\r\n<p><!-- wp:paragraph -->\u2022 l\u2019identit\u00e9 d&rsquo;une personne morale,<\/p>\r\n<!-- \/wp:paragraph -->\r\n<p><!-- wp:paragraph -->\u2022 des adresses \u00e0 contacter pour permettre une communication rapide et efficace,<\/p>\r\n<!-- \/wp:paragraph -->\r\n<p><!-- wp:paragraph -->\u2022 la livraison \u00e0 temps des produits,<\/p>\r\n<!-- \/wp:paragraph -->\r\n<p><!-- wp:paragraph -->\u2022 les modalit\u00e9s de livraison du produit ou du service (m\u00e9thode, lieu et heure de livraison),<\/p>\r\n<!-- \/wp:paragraph -->\r\n<p><!-- wp:paragraph -->\u2022 le mode de paiement et la m\u00e9thode de livraison,<\/p>\r\n<!-- \/wp:paragraph -->\r\n<p><!-- wp:paragraph -->\u2022 la dur\u00e9e de validit\u00e9 de l&rsquo;offre,<\/p>\r\n<!-- \/wp:paragraph -->\r\n<p><!-- wp:paragraph -->\u2022 le d\u00e9lai dans lequel le contrat peut encore \u00eatre r\u00e9sili\u00e9 et les conditions de r\u00e9tractation ; en outre, les frais de renvoi du produit \u00e0 la charge de l&rsquo;acheteur,<\/p>\r\n<!-- \/wp:paragraph -->\r\n<p><!-- wp:paragraph -->\u2022 la proc\u00e9dure de plainte doit \u00eatre expliqu\u00e9e, et contenir les coordonn\u00e9es compl\u00e8tes de la personne de contact ou du service client\u00e8le.<\/p>\r\n<!-- \/wp:paragraph -->\r\n<p>&nbsp;<\/p>\r\n<!-- wp:heading -->\r\n<h2 class=\"wp-block-heading\">Coordonn\u00e9es de l&rsquo;entit\u00e9 juridique (Prestataire):<\/h2>\r\n<!-- \/wp:heading -->\r\n<p><!-- wp:paragraph -->FENG CHA d.o.o.<\/p>\r\n<!-- \/wp:paragraph -->\r\n<p><!-- wp:paragraph -->Rej\u010deva ulica 5<\/p>\r\n<!-- \/wp:paragraph -->\r\n<p><!-- wp:paragraph -->5000 Nova Gorica<\/p>\r\n<!-- \/wp:paragraph -->\r\n<p><!-- wp:paragraph -->Slov\u00e9nie &#8211; EU<\/p>\r\n<!-- \/wp:paragraph -->\r\n<p><!-- wp:paragraph -->Num\u00e9ro d&rsquo;immatriculation : 6815014000<\/p>\r\n<!-- \/wp:paragraph -->\r\n<p><!-- wp:paragraph -->Num\u00e9ro fiscal : SI77642562<\/p>\r\n<!-- \/wp:paragraph -->\r\n<p><!-- wp:paragraph -->E-mail: info@fengchashop.com<\/p>\r\n<!-- \/wp:paragraph -->\r\n<p>&nbsp;<\/p>\r\n<!-- wp:heading -->\r\n<h2 class=\"wp-block-heading\">Frais de livraison<\/h2>\r\n<!-- \/wp:heading -->\r\n<p><!-- wp:paragraph -->LIVRAISON PAR GLS ou PAR COURRIER RECOMMAND\u00c9<\/p>\r\n<!-- \/wp:paragraph -->\r\n<p><!-- wp:paragraph -->Pour les achats d&rsquo;un montant inf\u00e9rieur ou \u00e9gal \u00e0 58,99 \u20ac, nous facturons des frais de livraison de 5,90 \u20ac.<\/p>\r\n<!-- \/wp:paragraph -->\r\n<p><!-- wp:paragraph -->Pour les achats sup\u00e9rieurs \u00e0 59,00 \u20ac, la livraison est gratuite.<\/p>\r\n<!-- \/wp:paragraph -->\r\n<p>&nbsp;<\/p>\r\n<!-- wp:heading -->\r\n<h2 class=\"wp-block-heading\">Proc\u00e9dure d&rsquo;achat<\/h2>\r\n<!-- \/wp:heading -->\r\n<p><!-- wp:paragraph -->Une fois que l&rsquo;utilisateur a s\u00e9lectionn\u00e9 le(s) produit(s) qu\u2019il souhaite acheter, il saisit ses coordonn\u00e9es et confirme la commande, et la commande est pass\u00e9e. Vous recevrez un e-mail contenant le r\u00e9capitulatif de la commande et des instructions suppl\u00e9mentaires concernant le paiement. Le fournisseur v\u00e9rifie ensuite la disponibilit\u00e9 des produits et informe l&rsquo;acheteur en cas de rupture de stock. L&rsquo;entreprise se r\u00e9serve le droit d&rsquo;appeler le client au num\u00e9ro de t\u00e9l\u00e9phone de contact du client si n\u00e9cessaire. Le contrat entre le client et la soci\u00e9t\u00e9 au sujet de l&rsquo;achat des articles command\u00e9s est irr\u00e9vocablement conclu lorsque le client re\u00e7oit la confirmation par e-mail (\u00e0 son adresse e-mail).<\/p>\r\n<!-- \/wp:paragraph -->\r\n<p>&nbsp;<\/p>\r\n<!-- wp:heading -->\r\n<h2 class=\"wp-block-heading\">Livraison<\/h2>\r\n<!-- \/wp:heading -->\r\n<p><!-- wp:paragraph -->Nous nous engageons \u00e0 livrer les marchandises dans les meilleurs d\u00e9lais. Les marchandises seront exp\u00e9di\u00e9es le jour m\u00eame en cas de jour ouvrable si la commande est re\u00e7ue avant 10 heures ce m\u00eame jour. Si l&rsquo;un des articles que vous avez command\u00e9s est en rupture de stock, le colis sera exp\u00e9di\u00e9 le plus t\u00f4t possible, d\u00e8s que l\u2019article sera de nouveau en stock.<\/p>\r\n<!-- \/wp:paragraph -->\r\n<p><!-- wp:paragraph -->Les marchandises command\u00e9es seront livr\u00e9es par le transporteur GLS ou par courrier recommand\u00e9. La livraison est effectu\u00e9e \u00e0 l&rsquo;adresse que vous avez indiqu\u00e9e lorsque vous avez pass\u00e9 votre commande.<\/p>\r\n<!-- \/wp:paragraph -->\r\n<p><!-- wp:paragraph -->Si vous n&rsquo;\u00eates pas \u00e0 votre domicile au moment de la livraison, le coursier vous laissera un message pour que vous puissiez retirer votre marchandise au bureau GLS le plus proche ou au bureau de poste le plus proche.<\/p>\r\n<!-- \/wp:paragraph -->\r\n<p>&nbsp;<\/p>\r\n<!-- wp:heading -->\r\n<h2 class=\"wp-block-heading\">Droit de r\u00e9tractation, retour de la marchandise<\/h2>\r\n<!-- \/wp:heading -->\r\n<p><!-- wp:paragraph -->Le consommateur a le droit de se retirer du contrat par \u00e9crit dans un d\u00e9lai de 15 jours. L&rsquo;Acheteur doit informer le Fournisseur par \u00e9crit de sa demande de remboursement, par courrier ou par e-mail, au plus tard 15 jours apr\u00e8s la conclusion du contrat (passation de la commande). Le consommateur doit alors renvoyer la marchandise \u00e0 l&rsquo;entreprise dans les 15 jours suivant la notification \u00e9crite, en prenant en charge les frais directs de renvoi. Les produits retourn\u00e9s doivent \u00eatre inutilis\u00e9s, non endommag\u00e9s et dans leur emballage d&rsquo;origine, qui doit \u00eatre intact ; si ces conditions ne sont pas respect\u00e9es, le retour sera refus\u00e9. Une copie de la facture doit \u00eatre jointe. Le Fournisseur remboursera le prix d&rsquo;achat total (prix d&rsquo;achat et frais de livraison) dans les meilleurs d\u00e9lais, et au plus tard dans les 15 jours suivant la r\u00e9ception de l&rsquo;avis d&rsquo;annulation.<\/p>\r\n<!-- \/wp:paragraph -->\r\n<p>&nbsp;<\/p>\r\n<!-- wp:heading -->\r\n<h2 class=\"wp-block-heading\">Paiement<\/h2>\r\n<!-- \/wp:heading -->\r\n<p><!-- wp:paragraph -->Apr\u00e8s confirmation de la commande, l&rsquo;acheteur choisit l&rsquo;une des options de paiement suivantes :<\/p>\r\n<!-- \/wp:paragraph -->\r\n<p>&nbsp;<\/p>\r\n<!-- wp:list -->\r\n<ul class=\"wp-block-list\">\r\n<li style=\"list-style-type: none;\">\r\n<ul class=\"wp-block-list\"><!-- wp:list-item -->\r\n<li>paiement par PayPal (\u00e0 la fin de la commande, un bouton \u00ab Payer maintenant \u00bb appara\u00eet et vous envoyez le montant demand\u00e9).<\/li>\r\n<!-- \/wp:list-item -->\r\n\r\n<!-- wp:list-item -->\r\n<li>Paiement par carte bancaire<\/li>\r\n<\/ul>\r\n<\/li>\r\n<\/ul>\r\n<!-- \/wp:list-item --><!-- \/wp:list -->\r\n<p>&nbsp;<\/p>\r\n<!-- wp:heading -->\r\n<h2 class=\"wp-block-heading\">Validit\u00e9 de l&rsquo;offre<\/h2>\r\n<!-- \/wp:heading -->\r\n<p><!-- wp:paragraph -->Les achats sont soumis aux prix en vigueur au moment de la confirmation de la commande. La TVA est d\u00e9j\u00e0 incluse dans le prix. Les prix indiqu\u00e9s dans la boutique en ligne peuvent \u00eatre modifi\u00e9s sans pr\u00e9avis. Toutes les photographies des articles sont symboliques et ne refl\u00e8tent pas l&rsquo;\u00e9tat r\u00e9el des produits. Le Fournisseur a le droit de modifier les prix s&rsquo;ils ont \u00e9t\u00e9 incorrectement saisis dans la base de donn\u00e9es de la boutique en ligne. Il doit en informer l&rsquo;acheteur \u00e0 l&rsquo;avance et convenir avec lui du d\u00e9roulement de la commande.<\/p>\r\n<!-- \/wp:paragraph -->\r\n<p>&nbsp;<\/p>\r\n<!-- wp:heading -->\r\n<h2 class=\"wp-block-heading\">S\u00e9curit\u00e9<\/h2>\r\n<!-- \/wp:heading -->\r\n<p><!-- wp:paragraph -->Le fournisseur de la boutique en ligne, en collaboration avec le gestionnaire de l&rsquo;h\u00e9bergement du site, recourt \u00e0 des moyens technologiques et organisationnels appropri\u00e9s afin de prot\u00e9ger la transmission et le stockage des donn\u00e9es personnelles, des commandes et des paiements. Toutes les donn\u00e9es seront gard\u00e9es confidentielles par le fournisseur, conform\u00e9ment \u00e0 la loi sur la protection des donn\u00e9es personnelles.<\/p>\r\n<!-- \/wp:paragraph -->\r\n<p>&nbsp;<\/p>\r\n<!-- wp:heading -->\r\n<h2 class=\"wp-block-heading\">Archivage des contrats<\/h2>\r\n<!-- \/wp:heading -->\r\n<p><!-- wp:paragraph -->Tous les contrats et factures seront conserv\u00e9s par \u00e9crit. Le contrat d&rsquo;achat est conserv\u00e9 de mani\u00e8re permanente chez le fournisseur.<\/p>\r\n<!-- \/wp:paragraph -->\r\n<p>&nbsp;<\/p>\r\n<!-- wp:heading -->\r\n<h2 class=\"wp-block-heading\">Plaintes et r\u00e9clamations<\/h2>\r\n<!-- \/wp:heading -->\r\n<p><!-- wp:paragraph -->Les clients peuvent effectuer leurs r\u00e9clamations par courrier ou par e-mail. Il est dans l&rsquo;int\u00e9r\u00eat du fournisseur que toutes les r\u00e9clamations et tous les litiges soient r\u00e9solus \u00e0 l&rsquo;amiable et conform\u00e9ment \u00e0 la loi.<\/p>\r\n<!-- \/wp:paragraph -->\r\n<p><!-- wp:paragraph --><br \/>Derni\u00e8re mise \u00e0 jour : 24.01.2026<\/p>\r\n<p><!-- \/wp:paragraph -->\u00a0<\/p>\r\n<p>[\/vc_column_text][\/vc_column_inner][\/vc_row_inner][\/vc_column][\/vc_row]<\/p><\/div>","protected":false},"excerpt":{"rendered":"<p>[vc_row][vc_column][vc_row_inner][vc_column_inner][vc_column_text css=\u00a0\u00bb\u00a0\u00bb] Conditions g\u00e9n\u00e9rales de la boutique en ligne Feng cha Les conditions g\u00e9n\u00e9rales et les conditions de vente traitent du fonctionnement de la boutique en ligne Fengchashop.com, des droits de l&rsquo;utilisateur et de la relation commerciale entre l&rsquo;entreprise et le client. En tant qu&rsquo;acheteur, vous disposez de tous les droits pr\u00e9vus par la Loi [&hellip;]<\/p>\n","protected":false},"author":1,"featured_media":0,"parent":0,"menu_order":0,"comment_status":"closed","ping_status":"closed","template":"","meta":{"_acf_changed":false,"footnotes":""},"class_list":["post-3753","page","type-page","status-publish","hentry"],"acf":[],"_links":{"self":[{"href":"https:\/\/fengchashop.com\/be-fr\/wp-json\/wp\/v2\/pages\/3753","targetHints":{"allow":["GET"]}}],"collection":[{"href":"https:\/\/fengchashop.com\/be-fr\/wp-json\/wp\/v2\/pages"}],"about":[{"href":"https:\/\/fengchashop.com\/be-fr\/wp-json\/wp\/v2\/types\/page"}],"author":[{"embeddable":true,"href":"https:\/\/fengchashop.com\/be-fr\/wp-json\/wp\/v2\/users\/1"}],"replies":[{"embeddable":true,"href":"https:\/\/fengchashop.com\/be-fr\/wp-json\/wp\/v2\/comments?post=3753"}],"version-history":[{"count":7,"href":"https:\/\/fengchashop.com\/be-fr\/wp-json\/wp\/v2\/pages\/3753\/revisions"}],"predecessor-version":[{"id":7233,"href":"https:\/\/fengchashop.com\/be-fr\/wp-json\/wp\/v2\/pages\/3753\/revisions\/7233"}],"wp:attachment":[{"href":"https:\/\/fengchashop.com\/be-fr\/wp-json\/wp\/v2\/media?parent=3753"}],"curies":[{"name":"wp","href":"https:\/\/api.w.org\/{rel}","templated":true}]}}