{"id":7183,"date":"2025-12-09T11:52:46","date_gmt":"2025-12-09T10:52:46","guid":{"rendered":"https:\/\/fengchashop.com\/at\/?post_type=product&#038;p=7183"},"modified":"2026-01-28T17:50:14","modified_gmt":"2026-01-28T16:50:14","slug":"bachblueten-erste-hilfe","status":"publish","type":"product","link":"https:\/\/fengchashop.com\/at\/product\/bachblueten-erste-hilfe\/","title":{"rendered":"Bachbl\u00fcten Erste Hilfe"},"content":{"rendered":"<h2 style=\"text-align: justify;\"><span style=\"color: #000000;\">Bachbl\u00fcten Tropfen Erste Hilfe<\/span><\/h2>\n<p>Im Alltag begegnen wir <strong>Stress, Anspannung oder unangenehmen Gef\u00fchlen<\/strong>, die wir manchmal nur schwer bew\u00e4ltigen k\u00f6nnen. Es kann sich um pl\u00f6tzliche Lebensver\u00e4nderungen, Probleme am Arbeitsplatz, Herausforderungen in Beziehungen oder einfach um Gef\u00fchle von Angst und Anspannung handeln. Wenn solche Situationen wiederholt auftreten oder l\u00e4ngere Zeit andauern, k\u00f6nnen sie \u00fcberw\u00e4ltigend sein.<\/p>\n<p>In diesen Momenten sind <strong>Bachbl\u00fcten Tropfen<\/strong> echte Erste Hilfe. <strong>Sie helfen, die Gedanken zu beruhigen, Stress und Anspannung zu reduzieren und emotionale Reaktionen besser zu kontrollieren<\/strong>.<\/p>\n<h2>Individuell angepasste Mischung<\/h2>\n<p>Ein Bach-Therapeut stellt nach einem Beratungsgespr\u00e4ch eine <strong>frische, individuell abgestimmte Mischung aus Bl\u00fctenessenzen<\/strong> zusammen (einschlie\u00dflich <em>Rescue Remedy<\/em>). Jede Mischung reicht f\u00fcr etwa einen Monat und ist frei von Konservierungsstoffen. Die Tropfen werden direkt unter die Zunge oder in ein Getr\u00e4nk gegeben, was eine schnelle und effektive Wirkung gew\u00e4hrleistet.<\/p>\n<h2>Wie wirken Bachbl\u00fcten Tropfen?<\/h2>\n<p>Bachbl\u00fcten Tropfen wirken auf den emotionalen Zustand und helfen, stressige Situationen zu harmonisieren. Sie sind hilfreich bei:<\/p>\n<ul>\n<li>Gef\u00fchlen von Panik oder Angst,<\/li>\n<li>pl\u00f6tzlicher Besorgnis oder Schock,<\/li>\n<li>Umgang mit stressigen Ereignissen (unerwartete Ver\u00e4nderungen, anstrengende Tage, Konflikte \u2026),<\/li>\n<li>traumatischen Erfahrungen (Krankheit, Verlust, Ver\u00e4nderungen, pl\u00f6tzliche Lebenssituationen \u2026).<\/li>\n<\/ul>\n<p>Die Mischungen werden nach der <strong>originalen Methode von Dr. Bach<\/strong> hergestellt und ausschlie\u00dflich mit <strong>originalen Bachbl\u00fctenessenzen<\/strong> zubereitet. Die Tropfen <strong>haben keine Nebenwirkungen<\/strong> und k\u00f6nnen nicht \u00fcberdosiert werden.<\/p>\n<p style=\"text-align: justify;\"><span style=\"color: #000000;\">Beeinflussen keine anderen Medikamente.<\/span><\/p>\n<h2 style=\"text-align: justify;\"><span style=\"color: #000000;\">Lagerung<\/span><\/h2>\n<p style=\"text-align: justify;\"><span style=\"color: #000000;\">Trocken und dunkel lagern, bei Temperaturen bis +25 \u00b0C.<\/span><\/p>\n<h2 style=\"text-align: justify;\"><span style=\"color: #000000;\">Menge<\/span><\/h2>\n<p style=\"text-align: justify;\"><span style=\"color: #000000;\">30 ml (ausreichend f\u00fcr 30 Tage regelm\u00e4\u00dfiger Einnahme)<\/span><\/p>\n<p>&nbsp;<\/p>\n","protected":false},"excerpt":{"rendered":"<p>Bach-Tropfen sind wirksam gegen verschiedene seelische N\u00f6te. Sie helfen in verschiedenen Krisen und schwierigen Lebenssituationen. Sie helfen, sich zu beruhigen und einen ruhigen Kopf zu bewahren. Sie wirken auf unsere Gef\u00fchlslage und helfen, diese zu harmonisieren.<\/p>\n<p>\ud83d\udc9a Die Tropfen werden am Tag des Versands von Hand verpackt.<br \/>\n\ud83d\udc9a Sie sind f\u00fcr alle Menschen (schwangere Frauen, \u00e4ltere Menschen, Kinder,&#8230;) und Tiere geeignet.<br \/>\n\ud83d\udc9a Sie haben keine Nebenwirkungen, machen nicht s\u00fcchtig und k\u00f6nnen nicht \u00fcberdosiert werden.<br \/>\n\ud83d\udc9a Die ersten Ergebnisse k\u00f6nnen nach ein paar Tagen oder Wochen eintreten, dies h\u00e4ngt von jedem Einzelnen ab.<br \/>\n\ud83d\udc9a Es gibt keine Wechselwirkungen mit anderen Medikamenten.<\/p>\n","protected":false},"featured_media":6898,"comment_status":"open","ping_status":"closed","template":"","meta":{"_acf_changed":false},"product_brand":[],"product_cat":[15,225,224,237,235],"product_tag":[],"class_list":{"0":"post-7183","1":"product","2":"type-product","3":"status-publish","4":"has-post-thumbnail","6":"product_cat-uncategorized","7":"product_cat-alle-produkte","8":"product_cat-angebot","9":"product_cat-bachblueten","10":"product_cat-neu","12":"first","13":"instock","14":"sale","15":"taxable","16":"shipping-taxable","17":"purchasable","18":"product-type-simple"},"acf":[],"_links":{"self":[{"href":"https:\/\/fengchashop.com\/at\/wp-json\/wp\/v2\/product\/7183","targetHints":{"allow":["GET"]}}],"collection":[{"href":"https:\/\/fengchashop.com\/at\/wp-json\/wp\/v2\/product"}],"about":[{"href":"https:\/\/fengchashop.com\/at\/wp-json\/wp\/v2\/types\/product"}],"replies":[{"embeddable":true,"href":"https:\/\/fengchashop.com\/at\/wp-json\/wp\/v2\/comments?post=7183"}],"wp:featuredmedia":[{"embeddable":true,"href":"https:\/\/fengchashop.com\/at\/wp-json\/wp\/v2\/media\/6898"}],"wp:attachment":[{"href":"https:\/\/fengchashop.com\/at\/wp-json\/wp\/v2\/media?parent=7183"}],"wp:term":[{"taxonomy":"product_brand","embeddable":true,"href":"https:\/\/fengchashop.com\/at\/wp-json\/wp\/v2\/product_brand?post=7183"},{"taxonomy":"product_cat","embeddable":true,"href":"https:\/\/fengchashop.com\/at\/wp-json\/wp\/v2\/product_cat?post=7183"},{"taxonomy":"product_tag","embeddable":true,"href":"https:\/\/fengchashop.com\/at\/wp-json\/wp\/v2\/product_tag?post=7183"}],"curies":[{"name":"wp","href":"https:\/\/api.w.org\/{rel}","templated":true}]}}