{"id":7162,"date":"2025-12-09T08:31:26","date_gmt":"2025-12-09T07:31:26","guid":{"rendered":"https:\/\/fengchashop.com\/at\/?post_type=product&#038;p=7162"},"modified":"2026-05-13T18:30:15","modified_gmt":"2026-05-13T16:30:15","slug":"gaba-in-kapseln","status":"publish","type":"product","link":"https:\/\/fengchashop.com\/at\/product\/gaba-in-kapseln\/","title":{"rendered":"GABA in Kapseln, 120 Kapseln"},"content":{"rendered":"<div class=\"wpb-content-wrapper\"><p>[vc_row][vc_column][vc_column_text css=&#8220;&#8220;]<\/p>\n<h2><span style=\"color: #000000\"><strong>GABA (Gamma-Aminobutters\u00e4ure) in Kapseln<\/strong><\/span><\/h2>\n<p><span style=\"color: #000000\"><strong>GABA (\u03b3-Aminobutters\u00e4ure \/ Gamma-Aminobutters\u00e4ure) ist ein Neurotransmitter,<\/strong> also ein chemischer Botenstoff, der die Kommunikation zwischen Nervenzellen (Neuronen) im Gehirn erm\u00f6glicht.<\/span><br \/>\n<span style=\"color: #000000\">Es ist der wichtigste <strong>inhibitorische (hemmende) Neurotransmitter<\/strong> im zentralen Nervensystem \u2014 das bedeutet, dass es <strong>die Gehirnaktivit\u00e4t beruhigt und die nervliche Aktivit\u00e4t reduziert<\/strong>.<\/span><\/p>\n<h2><span style=\"color: #000000\"><strong>Wie wirkt es?<\/strong><\/span><\/h2>\n<ul>\n<li><span style=\"color: #000000\">Wenn GABA an seine Rezeptoren (GABA-A und GABA-B) bindet, wird die elektrische Aktivit\u00e4t der Neuronen reduziert.<\/span><\/li>\n<li><span style=\"color: #000000\">Es wirkt wie eine \u201eBremse\u201c im Nervensystem.<\/span><\/li>\n<li><span style=\"color: #000000\">Dadurch werden K\u00f6rper und Geist entspannter, und Angst, Anspannung und Nervosit\u00e4t nehmen ab.<\/span><\/li>\n<\/ul>\n<h2><span style=\"color: #000000\"><strong>Wirkungen von GABA<\/strong><\/span><\/h2>\n<p><span style=\"color: #000000\"><strong>\ud83d\udc9a Beruhigende und entspannende Wirkung<\/strong><\/span><\/p>\n<ul>\n<li><span style=\"color: #000000\">Reduziert Stress, Spannungsgef\u00fchle und Angst.<\/span><\/li>\n<li><span style=\"color: #000000\">Kann beim leichteren Einschlafen helfen.<\/span><\/li>\n<\/ul>\n<p><span style=\"color: #000000\"><strong>\ud83d\udc9a Verbesserung des Schlafs<\/strong><\/span><\/p>\n<ul>\n<li><span style=\"color: #000000\">Aufgrund seiner Wirkung zur Reduzierung der Gehirnaktivit\u00e4t hilft es bei Schlaflosigkeit oder Einschlafproblemen.<\/span><\/li>\n<\/ul>\n<p><span style=\"color: #000000\"><strong>\ud83d\udc9a Stimmungsregulierung<\/strong><\/span><\/p>\n<ul>\n<li><span style=\"color: #000000\">GABA-Mangel wird mit Angst, Depression und Panikattacken in Verbindung gebracht.<\/span><\/li>\n<li><span style=\"color: #000000\">Einige angstl\u00f6sende Medikamente (z.\u202fB. Benzodiazepine) wirken, indem sie die GABA-Wirkung verst\u00e4rken.<\/span><\/li>\n<li><span style=\"color: #000000\">Reduziert Stress.<\/span><\/li>\n<\/ul>\n<p><span style=\"color: #000000\"><strong>\ud83d\udc9a Reduzierung der Muskelspannung<\/strong><\/span><\/p>\n<ul>\n<li><span style=\"color: #000000\">GABA beteiligt sich an der Muskelentspannung.<\/span><\/li>\n<li><span style=\"color: #000000\">Einige Sportler verwenden es zur Regeneration nach Anstrengung.<\/span><\/li>\n<\/ul>\n<h2><span style=\"color: #000000\"><strong>Lagerung und Hinweise<\/strong><\/span><\/h2>\n<p><span style=\"color: #000000\">An einem trockenen Ort bei Temperaturen bis 25 \u00b0C, gesch\u00fctzt vor Feuchtigkeit und Licht, aufbewahren. Achten Sie darauf, dass der Beutel oder die Dose gut verschlossen ist.<\/span><\/p>\n<p><span style=\"color: #000000\">Au\u00dferhalb der Reichweite von kleinen Kindern aufbewahren. Das Produkt ist ausschlie\u00dflich f\u00fcr Erwachsene bestimmt. Wenn Sie gesundheitliche Probleme haben, Medikamente einnehmen, schwanger sind, stillen oder eine Schwangerschaft planen, konsultieren Sie vor der Anwendung einen Arzt.<\/span><br \/>\n<span style=\"color: #000000\">Die Anwendung wird Personen unter 18 Jahren nicht empfohlen. \u00dcberschreiten Sie nicht die empfohlene Tagesdosis. Nahrungserg\u00e4nzungsmittel k\u00f6nnen eine ausgewogene und abwechslungsreiche Ern\u00e4hrung nicht ersetzen. F\u00fcr die Erhaltung der Gesundheit sind eine ausgewogene Ern\u00e4hrung, Abwechslung und ein gesunder Lebensstil wichtig.<\/span><\/p>\n<h2><span style=\"color: #000000\"><strong>Verpackung<\/strong><\/span><\/h2>\n<p><span style=\"color: #000000\">Luftdichter Beutel mit Rei\u00dfverschluss oder Dose, die die Frische und das Aroma des Produkts bewahrt. Die Verpackung sch\u00fctzt vor Licht und Luft und besteht aus mehreren Schichten, die die Eigenschaften des Produkts erhalten.<\/span><\/p>\n<p><span style=\"color: #000000\">Die Verpackung ist sehr praktisch und recycelbar.<\/span><\/p>\n<h2><span style=\"color: #000000\"><strong>Herkunft<\/strong><\/span><\/h2>\n<p><span style=\"color: #000000\">Au\u00dferhalb der EU<\/span>[\/vc_column_text][\/vc_column][\/vc_row]<\/p>\n<\/div>","protected":false},"excerpt":{"rendered":"<p data-start=\"0\" data-end=\"195\"><strong data-start=\"0\" data-end=\"36\">GABA (Gamma-Aminobutters\u00e4ure)<\/strong> ist der wichtigste hemmende Neurotransmitter im Gehirn. Er beruhigt das Nervensystem und f\u00f6rdert die Entspannung. Hilft, ein Gleichgewicht zwischen Ruhe und Anspannung aufrechtzuerhalten.<\/p>\n<p data-start=\"199\" data-end=\"237\">\ud83d\udc9a Reduziert Stress, Angst und Anspannung<\/p>\n<p data-start=\"240\" data-end=\"267\">\ud83d\udc9a F\u00f6rdert einen erholsamen Schlaf<\/p>\n<p data-start=\"270\" data-end=\"319\">\ud83d\udc9a Tr\u00e4gt zur Muskelentspannung und zu einem besseren Wohlbefinden bei<\/p>\n<p data-start=\"322\" data-end=\"372\" data-is-last-node=\"\">\ud83d\udc9a Hilft, Stimmung und Nervenaktivit\u00e4t zu regulieren<\/p>\n<p>&nbsp;<\/p>\n","protected":false},"featured_media":7163,"comment_status":"open","ping_status":"closed","template":"","meta":{"_acf_changed":false},"product_brand":[],"product_cat":[15,225,224,235,231],"product_tag":[],"class_list":{"0":"post-7162","1":"product","2":"type-product","3":"status-publish","4":"has-post-thumbnail","6":"product_cat-uncategorized","7":"product_cat-alle-produkte","8":"product_cat-angebot","9":"product_cat-neu","10":"product_cat-superfood","12":"first","13":"instock","14":"sale","15":"taxable","16":"shipping-taxable","17":"purchasable","18":"product-type-simple"},"acf":[],"_links":{"self":[{"href":"https:\/\/fengchashop.com\/at\/wp-json\/wp\/v2\/product\/7162","targetHints":{"allow":["GET"]}}],"collection":[{"href":"https:\/\/fengchashop.com\/at\/wp-json\/wp\/v2\/product"}],"about":[{"href":"https:\/\/fengchashop.com\/at\/wp-json\/wp\/v2\/types\/product"}],"replies":[{"embeddable":true,"href":"https:\/\/fengchashop.com\/at\/wp-json\/wp\/v2\/comments?post=7162"}],"wp:featuredmedia":[{"embeddable":true,"href":"https:\/\/fengchashop.com\/at\/wp-json\/wp\/v2\/media\/7163"}],"wp:attachment":[{"href":"https:\/\/fengchashop.com\/at\/wp-json\/wp\/v2\/media?parent=7162"}],"wp:term":[{"taxonomy":"product_brand","embeddable":true,"href":"https:\/\/fengchashop.com\/at\/wp-json\/wp\/v2\/product_brand?post=7162"},{"taxonomy":"product_cat","embeddable":true,"href":"https:\/\/fengchashop.com\/at\/wp-json\/wp\/v2\/product_cat?post=7162"},{"taxonomy":"product_tag","embeddable":true,"href":"https:\/\/fengchashop.com\/at\/wp-json\/wp\/v2\/product_tag?post=7162"}],"curies":[{"name":"wp","href":"https:\/\/api.w.org\/{rel}","templated":true}]}}