{"id":7097,"date":"2025-06-09T10:03:02","date_gmt":"2025-06-09T08:03:02","guid":{"rendered":"https:\/\/fengchashop.com\/at\/?post_type=product&#038;p=7097"},"modified":"2026-05-07T00:07:08","modified_gmt":"2026-05-06T22:07:08","slug":"kudzu-pulver","status":"publish","type":"product","link":"https:\/\/fengchashop.com\/at\/product\/kudzu-pulver\/","title":{"rendered":"Kudzu-Pulver 250 g"},"content":{"rendered":"<h2><strong>Was ist Kudzu?<\/strong><\/h2>\n<p><strong>Kudzu<\/strong> (ausgesprochen: <em>k\u00fadzu<\/em>) ist eine schnell wachsende Kletterpflanze, die in Ostasien \u2013 haupts\u00e4chlich in China, Japan und Korea \u2013 heimisch ist. Sie wird auch Japanische Wilde Yamswurzel oder Kudzu-Wurzel genannt. Urspr\u00fcnglich wurde sie als Viehfutter, Gr\u00fcnd\u00fcngung und zum Schutz vor Bodenerosion verwendet. Im 19. Jahrhundert wurde die Pflanze auch in die USA eingef\u00fchrt, wo sie sich als invasive Art erwies, da sie schnell ganze Gebiete, darunter W\u00e4lder, Bauernh\u00f6fe und Stra\u00dfen, \u00fcberwuchern kann.<\/p>\n<p>Kudzu geh\u00f6rt zur Familie der H\u00fclsenfr\u00fcchtler (Fabaceae) und ist mit diesen verwandt. Sie hat gro\u00dfe, dreibl\u00e4ttrige Bl\u00e4tter, violette Bl\u00fcten und dicke Wurzeln, die <strong>viele N\u00e4hrstoffe und medizinische Eigenschaften<\/strong> enthalten.<\/p>\n<p>Kudzu ist eine \u00e4u\u00dferst interessante Pflanze mit einer langen Geschichte <strong>in der traditionellen Medizin<\/strong>. In Pulverform eignet es sich zur Nahrungserg\u00e4nzung, insbesondere <strong>zur Unterst\u00fctzung von Leber, Blutkreislauf und Hormonhaushalt<\/strong>.<\/p>\n<h2><strong>Medizinische Wirkungen<\/strong><\/h2>\n<p>Kudzu wird seit Jahrhunderten in der traditionellen chinesischen Medizin verwendet. Die Wurzel enth\u00e4lt <strong>Isoflavone<\/strong>, insbesondere <strong>Daidzein<\/strong>, <strong>Daidzin<\/strong> und <strong>Puerarin<\/strong>, die wichtige pharmakologische Eigenschaften besitzen.<\/p>\n<p><strong>Hauptwirkungen:<\/strong><\/p>\n<p><strong>\ud83d\udc9a Leberentgiftung<\/strong>: Wird bei Alkoholproblemen eingesetzt \u2013 es soll das Verlangen nach Alkohol reduzieren und die Leber unterst\u00fctzen.<\/p>\n<p><strong>\ud83d\udc9a Linderung von Migr\u00e4ne und Kopfschmerzen<\/strong><\/p>\n<p><strong>\ud83d\udc9a Senkt den Blutdruck und verbessert die Durchblutung<\/strong><\/p>\n<p><strong>\ud83d\udc9a Lindert Wechseljahrsbeschwerden:<\/strong>: Wirkt \u00e4hnlich wie Phyto\u00f6strogene.<\/p>\n<p><strong>\ud83d\udc9a Entz\u00fcndungshemmende Wirkung:<\/strong> Hilft bei Entz\u00fcndungen und Muskelschmerzen.<\/p>\n<p><strong>\ud83d\udc9a Hilfe bei Typ-2-Diabetes:<\/strong> Studien zeigen, dass es die Insulinsensitivit\u00e4t verbessert.<\/p>\n<p><strong>\ud83d\udc9a Antioxidative Wirkung:<\/strong> Wirkt als Radikalf\u00e4nger.<\/p>\n<p><strong>\ud83d\udc9a Linderung von Verdauungsbeschwerden:<\/strong> Wird bei Durchfall, Kr\u00e4mpfen und Magenreizungen angewendet und wirkt beruhigend auf Magen-Darm-Trakt und Darm.<\/p>\n<p><strong>\ud83d\udc9a Neuroprotektive Wirkung:<\/strong> Sch\u00fctzt Nervenzellen vor oxidativem Stress, hilft bei Schwindel, Vertigo und Tinnitus.<\/p>\n<p><strong>\ud83d\udc9a Antimikrobielle und antivirale Wirkung:<\/strong> Wirkt antibakteriell und hemmend auf Grippeviren.<\/p>\n<h2><strong>Aufbewahrung und Warnhinweise<\/strong><\/h2>\n<p>Trocken und k\u00fchl bei einer Temperatur von bis zu 25 \u00b0C lagern. Das Nahrungserg\u00e4nzungsmittel au\u00dferhalb der Reichweite von Kindern aufbewahren!<\/p>\n<p>Abwechslungsreiche Ern\u00e4hrung und eine gesunde Lebensweise sind wichtig. Nahrungserg\u00e4nzungsmittel sind daher kein Ersatz f\u00fcr eine ausgewogene und abwechslungsreiche Ern\u00e4hrung. Die empfohlene Tagesmenge bzw. -dosis sollte nicht \u00fcberschritten werden.<\/p>\n<p>Wir empfehlen die Anwendung nicht f\u00fcr schwangere und stillende M\u00fctter sowie Kinder. Bei gesundheitlichen Problemen wenden Sie sich bitte an Ihren Arzt. Aufgrund der enthaltenen Phyto\u00f6strogene ist das Nahrungserg\u00e4nzungsmittel nicht f\u00fcr Personen mit \u00f6strogenempfindlichen Erkrankungen (z. B. Brustkrebs) geeignet. Es kann den Blutdruck, Diabetes oder die Einnahme von Hormonpr\u00e4paraten beeinflussen.<\/p>\n<h2><strong>\u00a0<\/strong><strong>Verpackung<\/strong><\/h2>\n<p>Luftdichter Rei\u00dfverschlussbeutel, in dem das Produkt seine Frische und sein Aroma bewahrt. Die Verpackung sch\u00fctzt vor Licht und Luft, da sie aus mehreren Schutzschichten besteht, die die Eigenschaften des Inhalts bewahren.<\/p>\n<p>Die Verpackung ist sehr praktisch und recycelbar.<\/p>\n<h2><strong>\u00a0<\/strong><strong>Herkunft<\/strong><\/h2>\n<p>Japan<\/p>\n","protected":false},"excerpt":{"rendered":"<p>Kudzu se v tradicionalni kitajski medicini se uporablja \u017ee stoletja. Je izjemno zanimiva rastlina z dolgo zgodovino uporabe <strong>v tradicionalni medicini<\/strong>. V obliki prahu je primerna za prehransko dopolnjevanje, zlasti <strong>za:\u00a0<\/strong><\/p>\n<p><span style=\"color: #000000\">\ud83d\udc9a <\/span><strong>podporo jetrom, <\/strong><\/p>\n<p><strong><span style=\"color: #000000\">\ud83d\udc9a <\/span>krvnemu obtoku in <\/strong><\/p>\n<p><strong><span style=\"color: #000000\">\ud83d\udc9a <\/span>hormonskemu ravnovesju<\/strong>.<\/p>\n","protected":false},"featured_media":7098,"comment_status":"open","ping_status":"closed","template":"","meta":{"_acf_changed":false},"product_brand":[],"product_cat":[15,225,224,230],"product_tag":[],"class_list":{"0":"post-7097","1":"product","2":"type-product","3":"status-publish","4":"has-post-thumbnail","6":"product_cat-uncategorized","7":"product_cat-alle-produkte","8":"product_cat-angebot","9":"product_cat-mineralien-vitaminen","11":"first","12":"instock","13":"taxable","14":"shipping-taxable","15":"purchasable","16":"product-type-simple"},"acf":[],"_links":{"self":[{"href":"https:\/\/fengchashop.com\/at\/wp-json\/wp\/v2\/product\/7097","targetHints":{"allow":["GET"]}}],"collection":[{"href":"https:\/\/fengchashop.com\/at\/wp-json\/wp\/v2\/product"}],"about":[{"href":"https:\/\/fengchashop.com\/at\/wp-json\/wp\/v2\/types\/product"}],"replies":[{"embeddable":true,"href":"https:\/\/fengchashop.com\/at\/wp-json\/wp\/v2\/comments?post=7097"}],"wp:featuredmedia":[{"embeddable":true,"href":"https:\/\/fengchashop.com\/at\/wp-json\/wp\/v2\/media\/7098"}],"wp:attachment":[{"href":"https:\/\/fengchashop.com\/at\/wp-json\/wp\/v2\/media?parent=7097"}],"wp:term":[{"taxonomy":"product_brand","embeddable":true,"href":"https:\/\/fengchashop.com\/at\/wp-json\/wp\/v2\/product_brand?post=7097"},{"taxonomy":"product_cat","embeddable":true,"href":"https:\/\/fengchashop.com\/at\/wp-json\/wp\/v2\/product_cat?post=7097"},{"taxonomy":"product_tag","embeddable":true,"href":"https:\/\/fengchashop.com\/at\/wp-json\/wp\/v2\/product_tag?post=7097"}],"curies":[{"name":"wp","href":"https:\/\/api.w.org\/{rel}","templated":true}]}}