{"id":7004,"date":"2024-07-11T15:35:00","date_gmt":"2024-07-11T13:35:00","guid":{"rendered":"https:\/\/fengchashop.com\/at\/product\/miniwaage-200-g-001-g\/"},"modified":"2025-09-30T12:37:41","modified_gmt":"2025-09-30T10:37:41","slug":"miniwaage","status":"publish","type":"product","link":"https:\/\/fengchashop.com\/at\/product\/miniwaage\/","title":{"rendered":"Miniwaage 200 g \/ 0,01 g"},"content":{"rendered":"<h2 style=\"text-align: justify;\"><span style=\"color: #000000;\">Miniwaage 200 g \/ 0,01 g<\/span><\/h2>\n<p><span style=\"color: #000000;\">Die digitale Miniwaage ist ein hervorragendes Ger\u00e4t zum Abmessen von Superfoods und Nahrungserg\u00e4nzungsmitteln, wie wir sie in unserem Angebot haben.<\/span><\/p>\n<p><span style=\"color: #000000;\">Es handelt sich um ein pr\u00e4zises und hochtechnologisches Ger\u00e4t, das f\u00fcr Menschen entwickelt wurde, die kleinere Mengen an N\u00e4hrstoffen pr\u00e4zise dosieren m\u00f6chten. Mit einer solchen Waage k\u00f6nnen Nutzer Nahrungserg\u00e4nzungsmittel wie Pulver, Samen, Tabletten, Kapseln oder Fl\u00fcssigkeiten sowie Superfoods wie Chiasamen, Spirulina, Maca usw. pr\u00e4zise abwiegen.<\/span><\/p>\n<h2><span style=\"color: #000000;\">Hauptmerkmale einer digitalen Waage<\/span><\/h2>\n<p><span style=\"color: #000000;\">\ud83d\udc9a Hohe Genauigkeit: Die Waage ist mit einer extremen Genauigkeit von bis zu 0,01 g konzipiert, was sehr wichtig ist, wenn kleine Mengen von Superfoods und Nahrungserg\u00e4nzungsmitteln gemessen werden, bei denen eine \u00fcberm\u00e4\u00dfige Dosierung nicht empfohlen wird.<\/span><\/p>\n<p><span style=\"color: #000000;\">\ud83d\udc9a Messbereich: Die Waage ist in der Lage, kleine und mittlere Mengen (maximal 500 g) zu messen, was das Abwiegen kleiner Portionen von Superfoods und Nahrungserg\u00e4nzungsmitteln erm\u00f6glicht.<\/span><\/p>\n<p><span style=\"color: #000000;\">\ud83d\udc9a Mehrere Ma\u00dfeinheiten: Benutzer der Waage k\u00f6nnen zwischen verschiedenen Ma\u00dfeinheiten wechseln, was eine einfache Anpassung an die Art der zu messenden Substanzen erm\u00f6glicht.<\/span><\/p>\n<p><span style=\"color: #000000;\">\ud83d\udc9a Tara-Funktion: Die Tara-Funktion erm\u00f6glicht es der Waage, das Gewicht des Beh\u00e4lters oder der Verpackung zu ber\u00fccksichtigen, was eine genaue Messung nur des Inhalts ohne zus\u00e4tzliches Gewicht erm\u00f6glicht.<\/span><\/p>\n<p><span style=\"color: #000000;\">\ud83d\udc9a Benutzerfreundlichkeit: Die Waage ist mit einem LCD-Bildschirm ausgestattet, der das Gewicht klar und lesbar anzeigt. Die einfache Bedienung \u00fcber Tasten erm\u00f6glicht schnelles Wiegen, Umschalten der Ma\u00dfeinheiten und Verwendung der Tara.<\/span><\/p>\n<p><span style=\"color: #000000;\">\ud83d\udc9a Kompakt und tragbar: Die Mini-Digitalwaage f\u00fcr Nahrungserg\u00e4nzungsmittel und Superfoods ist klein und leicht, sodass sie problemlos transportiert und an verschiedenen Orten verwendet werden kann.<\/span><\/p>\n<p><span style=\"color: #000000;\">\ud83d\udc9a Erweiterte Funktionen: Unsere Waage verf\u00fcgt \u00fcber zus\u00e4tzliche Funktionen wie automatische Abschaltung zum Energiesparen und Anzeige bei niedrigem Batteriestand.<\/span><\/p>\n<p><span style=\"color: #000000;\">\ud83d\udc9a Hygienische Materialien: Die Oberfl\u00e4che der Waage besteht aus Edelstahl, was bei der Verwendung f\u00fcr Lebensmittel und Nahrungserg\u00e4nzungsmittel wichtig ist.<\/span><\/p>\n<p><span style=\"color: #000000;\">Diese Mini-Digitalwaagen sind ideal f\u00fcr Sportler, Ern\u00e4hrungsberater, Menschen mit speziellen Di\u00e4ten und alle, die die Menge der verzehrten Superfoods oder Nahrungserg\u00e4nzungsmittel genau kontrollieren m\u00f6chten, um optimale Ergebnisse f\u00fcr ihre Gesundheit zu erzielen.<\/span><\/p>\n<h2><span style=\"color: #000000;\">Technische Details<\/span><\/h2>\n<p><span style=\"color: #000000;\">&#8211; Tragf\u00e4higkeit: 200 g<\/span><br \/>\n<span style=\"color: #000000;\">&#8211; Messgenauigkeit: 0,01 g<\/span><br \/>\n<span style=\"color: #000000;\">&#8211; Optionale Einheiten (g\/ml\/oz)<\/span><br \/>\n<span style=\"color: #000000;\">&#8211; Automatische Abschaltung<\/span><br \/>\n<span style=\"color: #000000;\">&#8211; Klarer LCD-Bildschirm<\/span><\/p>\n<p><span style=\"color: #000000;\">Zus\u00e4tzliche Ausstattung: AAA 1,5V-Batterien im Lieferumfang enthalten.<\/span><\/p>\n","protected":false},"excerpt":{"rendered":"<p>Die digitale Miniwaage ist ein hervorragendes Ger\u00e4t zum Abmessen von Superfoods und Nahrungserg\u00e4nzungsmitteln, wie z Angebot. Es ist ein pr\u00e4zises und hochtechnologisches Ger\u00e4t. Mit einer solchen Waage k\u00f6nnen Nutzer Nahrungserg\u00e4nzungsmittel wie Pulver, Samen, Tabletten, Kapseln oder Fl\u00fcssigkeiten genau abwiegen.<\/p>\n<p>\ud83d\udc9a Au\u00dfergew\u00f6hnliche Genauigkeit bis zu 0,01 g.<br \/>\n\ud83d\udc9a M\u00f6glichkeit zum Abmessen kleiner und mittlerer Mengen (bis 500g).<br \/>\n\ud83d\udc9a Option zum Wechseln zwischen verschiedenen Ma\u00dfeinheiten.<br \/>\n\ud83d\udc9a Tara-Funktion.<br \/>\n\ud83d\udc9a Einfach zu bedienen mit einem LCD-Display, das das Gewicht klar und lesbar anzeigt.<br \/>\n\ud83d\udc9a Es ist klein und leicht und leicht zu transportieren.<br \/>\n\ud83d\udc9a Zus\u00e4tzliche Funktionen f\u00fcr automatisches Herunterfahren, um Strom zu sparen und niedrigen Batteriestand anzuzeigen.<\/p>\n","protected":false},"featured_media":7005,"comment_status":"open","ping_status":"closed","template":"","meta":{"_acf_changed":false},"product_brand":[],"product_cat":[15,225,224,236],"product_tag":[],"class_list":{"0":"post-7004","1":"product","2":"type-product","3":"status-publish","4":"has-post-thumbnail","6":"product_cat-uncategorized","7":"product_cat-alle-produkte","8":"product_cat-angebot","9":"product_cat-sonstiges","11":"first","12":"outofstock","13":"sale","14":"taxable","15":"shipping-taxable","16":"purchasable","17":"product-type-simple"},"acf":[],"_links":{"self":[{"href":"https:\/\/fengchashop.com\/at\/wp-json\/wp\/v2\/product\/7004","targetHints":{"allow":["GET"]}}],"collection":[{"href":"https:\/\/fengchashop.com\/at\/wp-json\/wp\/v2\/product"}],"about":[{"href":"https:\/\/fengchashop.com\/at\/wp-json\/wp\/v2\/types\/product"}],"replies":[{"embeddable":true,"href":"https:\/\/fengchashop.com\/at\/wp-json\/wp\/v2\/comments?post=7004"}],"wp:featuredmedia":[{"embeddable":true,"href":"https:\/\/fengchashop.com\/at\/wp-json\/wp\/v2\/media\/7005"}],"wp:attachment":[{"href":"https:\/\/fengchashop.com\/at\/wp-json\/wp\/v2\/media?parent=7004"}],"wp:term":[{"taxonomy":"product_brand","embeddable":true,"href":"https:\/\/fengchashop.com\/at\/wp-json\/wp\/v2\/product_brand?post=7004"},{"taxonomy":"product_cat","embeddable":true,"href":"https:\/\/fengchashop.com\/at\/wp-json\/wp\/v2\/product_cat?post=7004"},{"taxonomy":"product_tag","embeddable":true,"href":"https:\/\/fengchashop.com\/at\/wp-json\/wp\/v2\/product_tag?post=7004"}],"curies":[{"name":"wp","href":"https:\/\/api.w.org\/{rel}","templated":true}]}}