{"id":7002,"date":"2024-11-04T22:24:27","date_gmt":"2024-11-04T21:24:27","guid":{"rendered":"https:\/\/fengchashop.com\/at\/product\/mesima-black-hoof-mushroom-bio-pulver-125-g\/"},"modified":"2026-05-08T17:56:29","modified_gmt":"2026-05-08T15:56:29","slug":"mesima-black-hoof-mushroom-bio-pulver-125-g","status":"publish","type":"product","link":"https:\/\/fengchashop.com\/at\/product\/mesima-black-hoof-mushroom-bio-pulver-125-g\/","title":{"rendered":"Mesima (Black Hoof) Mushroom BIO Pulver 125 g"},"content":{"rendered":"<h2 style=\"text-align: justify\"><span style=\"color: #000000\">Was ist Mesima (Black Hoof) Pilz BIO Pulver?<\/span><\/h2>\n<p><span style=\"color: #000000\">Mesima (Black Hoof)-Pilz BIO oder Schwarzer Hufpilz (Phellinus linteus) ist ein Pilz, der auf Maulbeerb\u00e4umen w\u00e4chst. In der traditionellen asiatischen Medizin wird es seit langem zur Unterst\u00fctzung der Gesundheit und zur St\u00e4rkung des Immunsystems eingesetzt. Es handelt sich um ein Nahrungserg\u00e4nzungsmittel, das vor allem wegen seiner antitumoralen, entz\u00fcndungshemmenden und immunmodulatorischen Eigenschaften gesch\u00e4tzt wird.<\/span><\/p>\n<h2><span style=\"color: #000000\">Was macht den Mesima-Pilz so besonders und so anders?<\/span><\/h2>\n<p><span style=\"color: #000000\">Mesima\u00a0 (Phellinus linteus) ist ein besonderer Pilz, der f\u00fcr seine starken antioxidativen und entz\u00fcndungshemmenden Eigenschaften bekannt ist und traditionell in der asiatischen Medizin zur Unterst\u00fctzung des Immunsystems und zur Bek\u00e4mpfung von Infektionen eingesetzt wird. Untersuchungen haben gezeigt, dass es potenzielle Antitumorwirkungen hat und zur Regulierung des Blutzuckers beitragen kann. Aufgrund seiner einzigartigen bioaktiven Verbindungen wird es als vielversprechendes nat\u00fcrliches Mittel zur Unterst\u00fctzung der Gesundheit untersucht.<\/span><\/p>\n<h2 style=\"text-align: justify\"><span style=\"color: #000000\">Mesima Pilz hat mehrere potenzielle Auswirkungen<\/span><\/h2>\n<p><span style=\"color: #000000\">\ud83d\udc9a antioxidative Eigenschaften,<\/span><\/p>\n<p><span style=\"color: #000000\">\ud83d\udc9a entz\u00fcndungshemmende Wirkung,<\/span><\/p>\n<p><span style=\"color: #000000\">\ud83d\udc9a Unterst\u00fctzung des Immunsystems,<\/span><\/p>\n<p><span style=\"color: #000000\">\ud83d\udc9a Regulierung des Blutzuckers,<\/span><\/p>\n<p><span style=\"color: #000000\">\ud83d\udc9a antibakterielle Wirkung,<\/span><\/p>\n<p><span style=\"color: #000000\">\ud83d\udc9a Antivirenfunktion,<\/span><\/p>\n<p><span style=\"color: #000000\">\ud83d\udc9a Unterst\u00fctzung der Lebergesundheit,<\/span><\/p>\n<p><span style=\"color: #000000\">\ud83d\udc9a Reduzierung allergischer Reaktionen,<\/span><\/p>\n<p><span style=\"color: #000000\">\ud83d\udc9a Unterst\u00fctzung der Herz-Kreislauf-Gesundheit.<\/span><\/p>\n<h2 style=\"text-align: justify\"><span style=\"color: #000000\">Speicherung und Warnungen<\/span><\/h2>\n<p><span style=\"color: #000000\">An einem trockenen und k\u00fchlen Ort bei einer Temperatur von bis zu 25 \u00b0C lagern. Das Nahrungserg\u00e4nzungsmittel sollte au\u00dferhalb der Reichweite von Kindern aufbewahrt werden!<\/span><\/p>\n<p><span style=\"color: #000000\">Vergessen Sie nicht die Bedeutung einer abwechslungsreichen Ern\u00e4hrung und eines gesunden Lebensstils, ein Nahrungserg\u00e4nzungsmittel ist daher kein Ersatz f\u00fcr eine ausgewogene und abwechslungsreiche Ern\u00e4hrung. Die empfohlene Tagesmenge bzw. Dosis darf nicht \u00fcberschritten werden.<\/span><\/p>\n<p><span style=\"color: #000000\">F\u00fcr Menschen mit Pilzallergien und Autoimmunerkrankungen wird der Mesima-Pilz nicht empfohlen, da er die Immunantwort beeintr\u00e4chtigen kann. Auch Schwangere, Stillende und Personen, die Medikamente, insbesondere zur Blutverd\u00fcnnung oder zur Regulierung des Blutzuckerspiegels, einnehmen, sollten sich \u00fcber die Anwendung beraten lassen.<\/span><\/p>\n<h2 style=\"text-align: justify\"><span style=\"color: #000000\">Verpackung<\/span><\/h2>\n<p style=\"text-align: justify\"><span style=\"color: #000000\">Ein luftdichter Beutel mit Rei\u00dfverschluss, in dem das Produkt seine ganze Frische und sein Aroma beh\u00e4lt. Die Verpackung sch\u00fctzt vor Licht und Luft, da sie aus mehreren Schutzschichten besteht, die die Eigenschaften des Inhalts bewahren.<\/span><\/p>\n<p style=\"text-align: justify\"><span style=\"color: #000000\">Die Verpackung ist sehr praktisch und erm\u00f6glicht das Recycling.<\/span><\/p>\n<h2 style=\"text-align: justify\"><span style=\"color: #000000\">Herkunft<\/span><\/h2>\n<p style=\"text-align: justify\"><span style=\"color: #000000\">China. Wir haben sehr zuverl\u00e4ssige Lieferanten, die uns f\u00fcr jede Charge eine detaillierte chemische Analyse der Lebensmittel zukommen lassen. In mehr als zehn Jahren hatten wir weder mit diesem Artikel noch mit anderen Artikeln desselben Lieferanten R\u00fcckrufe oder andere Probleme.<\/span><\/p>\n<p style=\"text-align: justify\"><span style=\"color: #000000\">Der Artikel hat ein 100 % Bio-Zertifikat.<\/span><\/p>\n","protected":false},"excerpt":{"rendered":"<p>Mesima (Black Hoof)-Pilz BIO oder Schwarzer Hufpilz (Phellinus linteus) ist ein Pilz, der in der traditionellen asiatischen Medizin seit langem zur Unterst\u00fctzung der Gesundheit und zur Verbesserung des Immunsystems verwendet wird. Es ist auch f\u00fcr seine starken antioxidativen und entz\u00fcndungshemmenden Eigenschaften bekannt.<\/p>\n<p>\ud83d\udc9a Stimuliert und st\u00e4rkt das Immunsystem.<br \/>\n\ud83d\udc9a Reguliert den Blutzucker.<br \/>\n\ud83d\udc9a Ausgezeichnete Quelle f\u00fcr Antioxidantien.<br \/>\n\ud83d\udc9a Unterst\u00fctzt die Herz-Kreislauf-Gesundheit.<\/p>\n","protected":false},"featured_media":7003,"comment_status":"open","ping_status":"closed","template":"","meta":{"_acf_changed":false},"product_brand":[],"product_cat":[15,225,224,228],"product_tag":[],"class_list":{"0":"post-7002","1":"product","2":"type-product","3":"status-publish","4":"has-post-thumbnail","6":"product_cat-uncategorized","7":"product_cat-alle-produkte","8":"product_cat-angebot","9":"product_cat-heilpilze","11":"first","12":"instock","13":"taxable","14":"shipping-taxable","15":"purchasable","16":"product-type-simple"},"acf":[],"_links":{"self":[{"href":"https:\/\/fengchashop.com\/at\/wp-json\/wp\/v2\/product\/7002","targetHints":{"allow":["GET"]}}],"collection":[{"href":"https:\/\/fengchashop.com\/at\/wp-json\/wp\/v2\/product"}],"about":[{"href":"https:\/\/fengchashop.com\/at\/wp-json\/wp\/v2\/types\/product"}],"replies":[{"embeddable":true,"href":"https:\/\/fengchashop.com\/at\/wp-json\/wp\/v2\/comments?post=7002"}],"wp:featuredmedia":[{"embeddable":true,"href":"https:\/\/fengchashop.com\/at\/wp-json\/wp\/v2\/media\/7003"}],"wp:attachment":[{"href":"https:\/\/fengchashop.com\/at\/wp-json\/wp\/v2\/media?parent=7002"}],"wp:term":[{"taxonomy":"product_brand","embeddable":true,"href":"https:\/\/fengchashop.com\/at\/wp-json\/wp\/v2\/product_brand?post=7002"},{"taxonomy":"product_cat","embeddable":true,"href":"https:\/\/fengchashop.com\/at\/wp-json\/wp\/v2\/product_cat?post=7002"},{"taxonomy":"product_tag","embeddable":true,"href":"https:\/\/fengchashop.com\/at\/wp-json\/wp\/v2\/product_tag?post=7002"}],"curies":[{"name":"wp","href":"https:\/\/api.w.org\/{rel}","templated":true}]}}