{"id":7000,"date":"2024-11-04T15:10:46","date_gmt":"2024-11-04T14:10:46","guid":{"rendered":"https:\/\/fengchashop.com\/at\/product\/tremella-fuciformis-bio-in-pulverform-125-g\/"},"modified":"2026-05-11T02:40:43","modified_gmt":"2026-05-11T00:40:43","slug":"tremella-fuciformis-bio-in-pulverform","status":"publish","type":"product","link":"https:\/\/fengchashop.com\/at\/product\/tremella-fuciformis-bio-in-pulverform\/","title":{"rendered":"Tremella Fuciformis BIO Pulver 125 g"},"content":{"rendered":"<h2 style=\"text-align: justify\"><span style=\"color: #000000\">Was ist Tremella fuciformis BIO-Pulver?<\/span><\/h2>\n<p style=\"text-align: justify\"><span style=\"color: #000000\"><b>Tremella Fuciformis<\/b>, auch bekannt als <i>wei\u00dfe Tremella <\/i>oder <i>Schneepilz<\/i> ist ein Pilz, der seit Jahrhunderten als einer der am meisten gesch\u00e4tzten Heilpilze in der traditionellen chinesischen Medizin gilt. In der heutigen Zeit erfreut es sich aufgrund seiner zahlreichen positiven Auswirkungen auf Gesundheit und Sch\u00f6nheit zunehmender Beliebtheit als Nahrungserg\u00e4nzungsmittel, insbesondere in Pulverform.<\/span><\/p>\n<h2 style=\"text-align: justify\"><span style=\"color: #000000\">Warum ist Tremella fuciformis so besonders und so anders?<\/span><\/h2>\n<p class=\"Standard\" style=\"text-align: justify\"><span style=\"color: #000000\">Tremella fuciformis zeichnet sich durch seine einzigartige gelartige Struktur und transparente Farbe aus, die es optisch attraktiv macht . Es wird in der asiatischen K\u00fcche und in der traditionellen Medizin verwendet, da ihm medizinische Eigenschaften wie die St\u00e4rkung des Immunsystems und die Verbesserung der Hautgesundheit zugeschrieben werden. Dar\u00fcber hinaus ist es reich an N\u00e4hrstoffen, spendet der Haut Feuchtigkeit und spielt als nat\u00fcrlicher Zersetzer eine wichtige \u00f6kologische Rolle.<\/span><\/p>\n<h2 style=\"text-align: justify\"><span style=\"color: #000000\">Tremella fuciformis hat mehrere potenzielle Auswirkungen<\/span><\/h2>\n<ul>\n<li><span style=\"color: #000000\">stimuliert das<strong> Immunsystem<\/strong>,<\/span><\/li>\n<li><span style=\"color: #000000\">Verbesserung der <strong>Hautgesundheit<\/strong>,<\/span><\/li>\n<li><span style=\"color: #000000\">spendet der Haut Feuchtigkeit,<\/span><\/li>\n<li><span style=\"color: #000000\"><strong>antioxidative<\/strong> Eigenschaften,<\/span><\/li>\n<li><span style=\"color: #000000\">Kampf <strong>gegen das Altern<\/strong>,<\/span><\/li>\n<li><span style=\"color: #000000\">hilft bei<strong>der Fl\u00fcssigkeitszufuhr<\/strong>,<\/span><\/li>\n<li><span style=\"color: #000000\">unterst\u00fctzt<strong> die Verdauung<\/strong> (aufgrund des Ballaststoffgehalts),<\/span><\/li>\n<li><span style=\"color: #000000\">Reduzierung von <strong>Entz\u00fcndungen<\/strong>,<\/span><\/li>\n<li><span style=\"color: #000000\">St\u00e4rkung der <strong>Gesundheit der Atemwege<\/strong>,<\/span><\/li>\n<li><span style=\"color: #000000\">potenzielle Verbesserung <strong>kognitiver Funktionen<\/strong>.<\/span><\/li>\n<\/ul>\n<h2 style=\"text-align: justify\"><span style=\"color: #000000\">Speicherung und Warnungen<\/span><\/h2>\n<p style=\"text-align: justify\"><span style=\"color: #000000\">An einem trockenen und k\u00fchlen Ort bei einer Temperatur von bis zu 25 \u00b0C lagern. Das Nahrungserg\u00e4nzungsmittel sollte f\u00fcr Kinder unzug\u00e4nglich sein!<\/span><\/p>\n<p style=\"text-align: justify\"><span style=\"color: #000000\">Vergessen Sie nicht die Bedeutung einer abwechslungsreichen Ern\u00e4hrung und eines gesunden Lebensstils, ein Nahrungserg\u00e4nzungsmittel ist daher kein Ersatz f\u00fcr a ausgewogene und abwechslungsreiche Ern\u00e4hrung. Die empfohlene Tagesmenge bzw. Dosis darf nicht \u00fcberschritten werden.<\/span><\/p>\n<p style=\"text-align: justify\"><span style=\"color: #000000\">Tremella fuciformis wird nicht f\u00fcr Personen mit Pilzallergien, Personen mit geschw\u00e4chtem Immunsystem und Personen mit schwerwiegenden Erkrankungen wie Nierenerkrankungen empfohlen. Schwangere und stillende M\u00fctter sowie Personen, die Medikamente einnehmen, sollten vor der Anwendung ihren Arzt konsultieren.<\/span><\/p>\n<h2 style=\"text-align: justify\"><span style=\"color: #000000\">Verpackung<\/span><\/h2>\n<p style=\"text-align: justify\"><span style=\"color: #000000\">Ein luftdichter Beutel mit Rei\u00dfverschluss, in dem das Produkt seine ganze Frische und sein Aroma beh\u00e4lt. Die Verpackung sch\u00fctzt vor Licht und Luft, da sie aus mehreren Schutzschichten besteht, die die Eigenschaften des Inhalts bewahren.<\/span><\/p>\n<p style=\"text-align: justify\"><span style=\"color: #000000\">Die Verpackung ist sehr praktisch und erm\u00f6glicht das Recycling.<\/span><\/p>\n<h2 style=\"text-align: justify\"><span style=\"color: #000000\">Herkunft<\/span><\/h2>\n<p style=\"text-align: justify\"><span style=\"color: #000000\">China. Wir haben sehr zuverl\u00e4ssige Lieferanten, die uns f\u00fcr jede Charge eine detaillierte chemische Analyse der Lebensmittel zukommen lassen. In mehr als zehn Jahren hatten wir weder mit diesem Artikel noch mit anderen Artikeln desselben Lieferanten R\u00fcckrufe oder andere Probleme.<\/span><\/p>\n<p style=\"text-align: justify\"><span style=\"color: #000000\">Der Artikel hat ein 100 % Bio-Zertifikat.<\/span><\/p>\n","protected":false},"excerpt":{"rendered":"<p>Tremella Fuciformis, auch bekannt als <strong>Spitzmaus oder Schneepilz<\/strong>. Es hat medizinische Eigenschaften wie die <strong>St\u00e4rkung des Immunsystems<\/strong> und <strong>die Verbesserung der Hautgesundheit<\/strong> und ist au\u00dferdem reich an N\u00e4hrstoffen. Es ist f\u00fcr seine vielf\u00e4ltigen Auswirkungen auf Gesundheit und Sch\u00f6nheit bekannt.<\/p>\n<p>\ud83d\udc9a Stimuliert und st\u00e4rkt das Immunsystem.<br \/>\n\ud83d\udc9a Verbessert die Hautgesundheit.<br \/>\n\ud83d\udc9a Ausgezeichnete Quelle f\u00fcr Antioxidantien.<br \/>\n\ud83d\udc9a Unterst\u00fctzt die Verdauung.<\/p>\n","protected":false},"featured_media":7001,"comment_status":"open","ping_status":"closed","template":"","meta":{"_acf_changed":false},"product_brand":[],"product_cat":[15,225,224,228],"product_tag":[],"class_list":{"0":"post-7000","1":"product","2":"type-product","3":"status-publish","4":"has-post-thumbnail","6":"product_cat-uncategorized","7":"product_cat-alle-produkte","8":"product_cat-angebot","9":"product_cat-heilpilze","11":"first","12":"instock","13":"taxable","14":"shipping-taxable","15":"purchasable","16":"product-type-simple"},"acf":[],"_links":{"self":[{"href":"https:\/\/fengchashop.com\/at\/wp-json\/wp\/v2\/product\/7000","targetHints":{"allow":["GET"]}}],"collection":[{"href":"https:\/\/fengchashop.com\/at\/wp-json\/wp\/v2\/product"}],"about":[{"href":"https:\/\/fengchashop.com\/at\/wp-json\/wp\/v2\/types\/product"}],"replies":[{"embeddable":true,"href":"https:\/\/fengchashop.com\/at\/wp-json\/wp\/v2\/comments?post=7000"}],"wp:featuredmedia":[{"embeddable":true,"href":"https:\/\/fengchashop.com\/at\/wp-json\/wp\/v2\/media\/7001"}],"wp:attachment":[{"href":"https:\/\/fengchashop.com\/at\/wp-json\/wp\/v2\/media?parent=7000"}],"wp:term":[{"taxonomy":"product_brand","embeddable":true,"href":"https:\/\/fengchashop.com\/at\/wp-json\/wp\/v2\/product_brand?post=7000"},{"taxonomy":"product_cat","embeddable":true,"href":"https:\/\/fengchashop.com\/at\/wp-json\/wp\/v2\/product_cat?post=7000"},{"taxonomy":"product_tag","embeddable":true,"href":"https:\/\/fengchashop.com\/at\/wp-json\/wp\/v2\/product_tag?post=7000"}],"curies":[{"name":"wp","href":"https:\/\/api.w.org\/{rel}","templated":true}]}}