{"id":6998,"date":"2024-10-14T16:29:47","date_gmt":"2024-10-14T14:29:47","guid":{"rendered":"https:\/\/fengchashop.com\/at\/product\/haritaki-pulver-bio-250-g\/"},"modified":"2026-04-18T20:39:22","modified_gmt":"2026-04-18T18:39:22","slug":"haritaki-pulver-bio","status":"publish","type":"product","link":"https:\/\/fengchashop.com\/at\/product\/haritaki-pulver-bio\/","title":{"rendered":"Haritaki Pulver Bio 250 g"},"content":{"rendered":"<h2 style=\"text-align: justify\"><span style=\"vertical-align: inherit;color: #000000\"><span style=\"vertical-align: inherit\">Bio-Haritaki-Pulver<\/span><\/span><\/h2>\n<p><span style=\"vertical-align: inherit;color: #000000\"><span style=\"vertical-align: inherit\">Haritaki (wissenschaftlicher Name: Terminalia chebula) ist ein Baum, dessen Fr\u00fcchte in der ayurvedischen Medizin h\u00e4ufig als Nahrungserg\u00e4nzungsmittel verwendet werden. Die Haritaki-Frucht ist f\u00fcr ihre zahlreichen gesundheitlichen Vorteile bekannt und gilt in der traditionellen indischen Medizin als \u201eK\u00f6nigin der Heilpflanzen\u201c. Sie wird vor allem wegen ihrer adaptogenen, entz\u00fcndungshemmenden und entgiftenden Eigenschaften verwendet. Haritaki ist eines der drei Hauptkr\u00e4uter des ber\u00fchmten ayurvedischen Pr\u00e4parats Triphala.<\/span><\/span><\/p>\n<h2><span style=\"vertical-align: inherit;color: #000000\"><span style=\"vertical-align: inherit\">Was macht Haritaki so besonders und einzigartig?<\/span><\/span><\/h2>\n<p><span style=\"vertical-align: inherit;color: #000000\"><span style=\"vertical-align: inherit\">Haritaki ist aufgrund seiner vielf\u00e4ltigen gesundheitlichen Vorteile wichtig, insbesondere in traditionellen medizinischen Systemen wie dem Ayurveda. Aufgrund seiner vielf\u00e4ltigen Wirkung auf K\u00f6rper und Geist wird es seit Jahrtausenden als Universalheilmittel eingesetzt. Haritaki ist ein wertvolles Nahrungserg\u00e4nzungsmittel mit vielf\u00e4ltigen Vorteilen. Es wird von vielen zur Verbesserung der Verdauung, zur Unterst\u00fctzung des Immunsystems und zur F\u00f6rderung der allgemeinen Gesundheit verwendet.<\/span><\/span><\/p>\n<h2><span style=\"vertical-align: inherit;color: #000000\"><span style=\"vertical-align: inherit\">Wirkungen, die sich positiv auf unsere Gesundheit und unseren K\u00f6rper auswirken<\/span><\/span><\/h2>\n<p><span style=\"vertical-align: inherit;color: #000000\"><span style=\"vertical-align: inherit\">Haritaki hat eine Reihe potenzieller gesundheitlicher Vorteile und Wirkungen. Einige der wichtigsten Vorteile und Wirkungen sind:<\/span><\/span><\/p>\n<p><span style=\"vertical-align: inherit;color: #000000\"><span style=\"vertical-align: inherit\">\ud83d\udc9a Hilft bei Verstopfung, regt die Darmt\u00e4tigkeit an und wirkt mild abf\u00fchrend.<\/span><\/span><\/p>\n<p><span style=\"vertical-align: inherit;color: #000000\"><span style=\"vertical-align: inherit\">\ud83d\udc9a Reduziert Bl\u00e4hungen und f\u00f6rdert die N\u00e4hrstoffaufnahme.<\/span><\/span><\/p>\n<p><span style=\"vertical-align: inherit;color: #000000\"><span style=\"vertical-align: inherit\">\ud83d\udc9a Enth\u00e4lt einen hohen Anteil an Antioxidantien, die den K\u00f6rper vor freien Radikalen sch\u00fctzen, die oxidativen Stress verursachen. Stress,<\/span><\/span><\/p>\n<p><span style=\"vertical-align: inherit;color: #000000\"><span style=\"vertical-align: inherit\">\ud83d\udc9a sch\u00fctzt vor Herz-Kreislauf-Erkrankungen und anderen degenerativen Erkrankungen,<\/span><\/span><\/p>\n<p><span style=\"vertical-align: inherit;color: #000000\"><span style=\"vertical-align: inherit\">\ud83d\udc9a unterst\u00fctzt die nat\u00fcrlichen Entgiftungsprozesse von Leber und Nieren und f\u00f6rdert so die Ausscheidung von Giftstoffen aus dem K\u00f6rper,<\/span><\/span><\/p>\n<p><span style=\"vertical-align: inherit;color: #000000\"><span style=\"vertical-align: inherit\">\ud83d\udc9a verbessert die Ausscheidung von Giftstoffen \u00fcber das Verdauungssystem, was zu mehr Energie und Vitalit\u00e4t,<\/span><\/span><\/p>\n<p><span style=\"vertical-align: inherit;color: #000000\"><span style=\"vertical-align: inherit\">\ud83d\udc9a st\u00e4rkt das Immunsystem,<\/span><\/span><\/p>\n<p><span style=\"vertical-align: inherit;color: #000000\"><span style=\"vertical-align: inherit\">\ud83d\udc9a hilft, bakteriellen und viralen Infektionen vorzubeugen,<\/span><\/span><\/p>\n<p><span style=\"vertical-align: inherit;color: #000000\"><span style=\"vertical-align: inherit\">\ud83d\udc9a hilft, Entz\u00fcndungen im K\u00f6rper zu reduzieren, einschlie\u00dflich Entz\u00fcndungen der Gelenke, des Magen-Darm-Trakts und der Atemwege,<\/span><\/span><\/p>\n<p><span style=\"vertical-align: inherit;color: #000000\"><span style=\"vertical-align: inherit\">\ud83d\udc9a Hilft bei der Regulierung des Blutzuckerspiegels.<\/span><\/span><\/p>\n<p><span style=\"vertical-align: inherit;color: #000000\"><span style=\"vertical-align: inherit\">\ud83d\udc9a Unterst\u00fctzt einen gesunden Stoffwechsel, der zur Gewichtskontrolle beitragen kann.<\/span><\/span><\/p>\n<p><span style=\"vertical-align: inherit;color: #000000\"><span style=\"vertical-align: inherit\">\ud83d\udc9a Hilft bei der Behandlung von Hautproblemen (Akne, Ekzeme, Wunden).<\/span><\/span><\/p>\n<p><span style=\"vertical-align: inherit;color: #000000\"><span style=\"vertical-align: inherit\">\ud83d\udc9a Verbessert die geistigen F\u00e4higkeiten und beruhigt den Geist.<\/span><\/span><\/p>\n<p><span style=\"vertical-align: inherit;color: #000000\"><span style=\"vertical-align: inherit\">\ud83d\udc9a Hilft beim Stressmanagement und verbessert die Widerstandsf\u00e4higkeit gegen psychischen und physischen Stress.<\/span><\/span><\/p>\n<h2><span style=\"vertical-align: inherit;color: #000000\"><span style=\"vertical-align: inherit\">Aufbewahrung und Warnhinweise<\/span><\/span><\/h2>\n<p><span style=\"vertical-align: inherit;color: #000000\"><span style=\"vertical-align: inherit\">Trocken und k\u00fchl bei einer Temperatur von bis zu 25 \u00b0C lagern. Das Nahrungserg\u00e4nzungsmittel au\u00dferhalb der Reichweite von Kindern aufbewahren! Achten Sie auf eine abwechslungsreiche Ern\u00e4hrung und eine gesunde Lebensweise. Das Nahrungserg\u00e4nzungsmittel ist daher kein Ersatz f\u00fcr eine ausgewogene und abwechslungsreiche Ern\u00e4hrung. Die empfohlene Tagesdosis bzw. -menge sollte nicht \u00fcberschritten werden. Schwangere, stillende M\u00fctter und Personen, die Medikamente einnehmen, sollten vor der Anwendung stets einen Arzt konsultieren. Nicht f\u00fcr Kinder geeignet. Bei gesundheitlichen Problemen wird empfohlen, einen Arzt f\u00fcr weitere Informationen zu konsultieren.<\/span><\/span><\/p>\n<h2 style=\"text-align: justify\"><span style=\"vertical-align: inherit;color: #000000\"><span style=\"vertical-align: inherit\">Verpackung<\/span><\/span><\/h2>\n<p style=\"text-align: justify\"><span style=\"vertical-align: inherit;color: #000000\"><span style=\"vertical-align: inherit\">Ein auslaufsicherer Druckverschlussbeutel, in dem das Produkt seine volle Frische und sein Aroma beh\u00e4lt. Die Verpackung sch\u00fctzt vor Licht und Luft, da sie aus mehreren Schutzschichten besteht, die die Eigenschaften des Inhalts bewahren.<\/span><\/span><\/p>\n<p style=\"text-align: justify\"><span style=\"vertical-align: inherit;color: #000000\"><span style=\"vertical-align: inherit\">Die Verpackung ist sehr praktisch und recycelbar.<\/span><\/span><\/p>\n<h2 style=\"text-align: justify\"><span style=\"vertical-align: inherit;color: #000000\"><span style=\"vertical-align: inherit\">Quelle<\/span><\/span><\/h2>\n<p style=\"text-align: justify\"><span style=\"vertical-align: inherit;color: #000000\"><span style=\"vertical-align: inherit\">Indien<\/span><\/span><\/p>\n","protected":false},"excerpt":{"rendered":"<p align=\"JUSTIFY\"><strong><span style=\"vertical-align: inherit\"><span style=\"vertical-align: inherit\">Haritaki<\/span><\/span><\/strong><span style=\"vertical-align: inherit\"><span style=\"vertical-align: inherit\"> je drevo, katerega plodovi se pogosto uporabljajo kot prehransko dopolnilo v ajurvedski medicini. Haritaki sadje je znano po \u0161tevilnih koristih za zdravje in v tradicionalni indijski medicini velja za &#8222;kraljico zdravilnih rastlin&#8220;. Uporablja se predvsem zaradi svojih adaptogenih, protivnetnih in razstrupljevalnih lastnosti.<\/span><\/span><\/p>\n<p align=\"JUSTIFY\"><span style=\"vertical-align: inherit\"><span style=\"vertical-align: inherit\">\ud83d\udc9a laj\u0161a zaprtje, spodbuja izlo\u010danje toksinov iz \u010drevesja in uravnava prebavo, <\/span><\/span><br \/>\n<span style=\"vertical-align: inherit\"><span style=\"vertical-align: inherit\">\ud83d\udc9a kot mo\u010dan antioksidant pomaga odstranjevati toksine iz telesa ter spodbuja delovanje jeter in ledvic, <\/span><\/span><br \/>\n<span style=\"vertical-align: inherit\"><span style=\"vertical-align: inherit\">\ud83d\udc9a zaradi svojih <\/span><\/span><em><span style=\"vertical-align: inherit\"><span style=\"vertical-align: inherit\">protivnetnih<\/span><\/span><\/em><span style=\"vertical-align: inherit\"><span style=\"vertical-align: inherit\"> , antibakterijskih in protivirusnih lastnosti krepi imunski sistem, <\/span><\/span><br \/>\n<span style=\"vertical-align: inherit\"><span style=\"vertical-align: inherit\">\ud83d\udc9a pomaga telesu pri obvladovanju stresa, <\/span><\/span><br \/>\n<span style=\"vertical-align: inherit\"><span style=\"vertical-align: inherit\">\ud83d\udc9a izbolj\u0161uje koncentracijo, spomin in mentalno jasnost.<\/span><\/span><\/p>\n","protected":false},"featured_media":6999,"comment_status":"open","ping_status":"closed","template":"","meta":{"_acf_changed":false},"product_brand":[],"product_cat":[225,224,194,231],"product_tag":[],"class_list":{"0":"post-6998","1":"product","2":"type-product","3":"status-publish","4":"has-post-thumbnail","6":"product_cat-alle-produkte","7":"product_cat-angebot","8":"product_cat-ayurveda","9":"product_cat-superfood","11":"first","12":"instock","13":"sale","14":"taxable","15":"shipping-taxable","16":"purchasable","17":"product-type-simple"},"acf":[],"_links":{"self":[{"href":"https:\/\/fengchashop.com\/at\/wp-json\/wp\/v2\/product\/6998","targetHints":{"allow":["GET"]}}],"collection":[{"href":"https:\/\/fengchashop.com\/at\/wp-json\/wp\/v2\/product"}],"about":[{"href":"https:\/\/fengchashop.com\/at\/wp-json\/wp\/v2\/types\/product"}],"replies":[{"embeddable":true,"href":"https:\/\/fengchashop.com\/at\/wp-json\/wp\/v2\/comments?post=6998"}],"wp:featuredmedia":[{"embeddable":true,"href":"https:\/\/fengchashop.com\/at\/wp-json\/wp\/v2\/media\/6999"}],"wp:attachment":[{"href":"https:\/\/fengchashop.com\/at\/wp-json\/wp\/v2\/media?parent=6998"}],"wp:term":[{"taxonomy":"product_brand","embeddable":true,"href":"https:\/\/fengchashop.com\/at\/wp-json\/wp\/v2\/product_brand?post=6998"},{"taxonomy":"product_cat","embeddable":true,"href":"https:\/\/fengchashop.com\/at\/wp-json\/wp\/v2\/product_cat?post=6998"},{"taxonomy":"product_tag","embeddable":true,"href":"https:\/\/fengchashop.com\/at\/wp-json\/wp\/v2\/product_tag?post=6998"}],"curies":[{"name":"wp","href":"https:\/\/api.w.org\/{rel}","templated":true}]}}