{"id":6994,"date":"2024-08-30T08:23:27","date_gmt":"2024-08-30T06:23:27","guid":{"rendered":"https:\/\/fengchashop.com\/at\/product\/ginseng-panax-bio-60-g\/"},"modified":"2026-05-10T13:36:24","modified_gmt":"2026-05-10T11:36:24","slug":"ginseng-panax-bio","status":"publish","type":"product","link":"https:\/\/fengchashop.com\/at\/product\/ginseng-panax-bio\/","title":{"rendered":"Ginseng Panax BIO 60 g"},"content":{"rendered":"<h2>Ginseng Panax BIO<\/h2>\n<p>Ginseng Panax ist ein Kraut, das aus der Familie der Araliaceae stammt und zur Gattung Panax geh\u00f6rt. \u201ePanax\u201c kommt von einem griechischen Wort und bedeutet \u201ealle Gesundheit\u201c oder \u201eHeilung\u201c, was seine traditionelle Verwendung in der Medizin widerspiegelt. Dieses Kraut ist f\u00fcr seine potenziellen medizinischen Eigenschaften bekannt und wird h\u00e4ufig in der traditionellen chinesischen, koreanischen und amerikanischen Volksmedizin verwendet.<\/p>\n<p>Die Ginsengwurzel ist eine der wichtigsten Pflanzen in der traditionellen chinesischen und russischen Kr\u00e4uterheilkunde, wo sie seit Jahrhunderten, wenn nicht Jahrtausenden, als Nahrungserg\u00e4nzungsmittel verwendet wird. In China ist bekannt, dass Ginseng gut f\u00fcr unsere Gesundheit im Hinblick auf ein langes Leben ist (hemmt Alterungsprozesse), zur Verbesserung der Funktion des Immunsystems beitr\u00e4gt, gegen M\u00fcdigkeit und Stress wirkt und sich auf eine bessere sexuelle Leistungsf\u00e4higkeit auswirkt.<\/p>\n<p>Die Wirkstoffe des Ginsengs, sogenannte Elevteroside (es enth\u00e4lt bis zu 7 verschiedene), wirken \u00e4hnlich wie Steroide. Ginseng ist auch eine adaptogene Pflanze. Dabei handelt es sich um Pflanzen, die dem K\u00f6rper helfen, sich an verschiedene negative Umweltfaktoren anzupassen. Es hat die F\u00e4higkeit, das Dr\u00fcsen- und Hormonsystem, das Nerven- und Herz-Kreislauf-System sowie die Muskulatur zu regulieren und zu kontrollieren. Adaptogene sind eine wirksame Hilfe f\u00fcr den K\u00f6rper bei der Bew\u00e4ltigung von physischem, chemischem und biologischem Stress.<\/p>\n<p>Unser Poanax-Ginseng stammt aus biologischem Anbau und enth\u00e4lt keine F\u00fcll- oder Zusatzstoffe. Nach der Ernte werden die Ginsengwurzeln getrocknet und anschlie\u00dfend in einem schonenden Verfahren zu einem Pulver gemahlen.<\/p>\n<h2>Haupteigenschaften von Panax Ginseng und seine Wirkung<\/h2>\n<p>\ud83d\udc9a es ist als Adaptogen bekannt, was bedeutet, dass es dem K\u00f6rper helfen kann, sich an Stress anzupassen und seine Widerstandskraft gegen\u00fcber sch\u00e4dlichen Faktoren zu erh\u00f6hen,<\/p>\n<p>\ud83d\udc9a es wird als nat\u00fcrliches Mittel zur Steigerung von Energie und Ausdauer eingesetzt,<\/p>\n<p>\ud83d\udc9a verbessert kognitive Funktionen wie Ged\u00e4chtnis, Konzentration und Aufmerksamkeit,<\/p>\n<p>\ud83d\udc9a st\u00e4rkt das Immunsystem, da es Substanzen enth\u00e4lt, die die Produktion wei\u00dfer Blutk\u00f6rperchen anregen, die Infektionen bek\u00e4mpfen,<\/p>\n<p>\ud83d\udc9a enth\u00e4lt Antioxidantien, die helfen, die Zellen vor Sch\u00e4den durch freie Radikale zu sch\u00fctzen,<\/p>\n<p>\ud83d\udc9a tr\u00e4gt zur Stabilisierung des Blutzuckerspiegels bei, was f\u00fcr Menschen mit Diabetes von Vorteil ist,<\/p>\n<p>\ud83d\udc9a verbessert die Libido bei M\u00e4nnern,<\/p>\n<p>\ud83d\udc9a verbessert die sexuellen Funktionen,<\/p>\n<p>\ud83d\udc9a kann entz\u00fcndungshemmende Eigenschaften haben, die helfen k\u00f6nnen, Entz\u00fcndungen im K\u00f6rper zu reduzieren,<\/p>\n<p>\ud83d\udc9a wirkt sich positiv auf das Herz-Kreislauf-System aus, indem es den Blutdruck senkt und den Cholesterinspiegel verbessert.<\/p>\n<h2><span style=\"color: #000000\">Aufbewahrung und Warnhinweise<\/span><\/h2>\n<p><span style=\"color: #000000\">An einem k\u00fchlen und trockenen Ort aufbewahren. Bewahren Sie das Nahrungserg\u00e4nzungsmittel au\u00dferhalb der Reichweite von Kindern auf!<\/span><\/p>\n<p><span style=\"color: #000000\">Denken Sie daran, wie wichtig eine abwechslungsreiche Ern\u00e4hrung und eine gesunde Lebensweise sind; ein Nahrungserg\u00e4nzungsmittel ist daher kein Ersatz f\u00fcr eine ausgewogene und abwechslungsreiche Ern\u00e4hrung. Die empfohlene Tagesmenge oder Dosis sollte nicht \u00fcberschritten werden. Schwangeren Frauen, stillenden M\u00fcttern und Personen, die Medikamente einnehmen, wird immer empfohlen, vor der Einnahme einen Arzt zu konsultieren.<\/span><\/p>\n<h2><span style=\"color: #000000\">Verpackung<\/span><\/h2>\n<p><span style=\"color: #000000\">Nicht durchl\u00e4ssiger Zip-Lock-Beutel, in dem das Produkt seine ganze Frische und sein Aroma beh\u00e4lt. Die Verpackung sch\u00fctzt das Produkt vor Licht und Luft, da sie aus mehreren Schutzschichten besteht, um die Eigenschaften des Inhalts zu erhalten.<\/span><\/p>\n<p><span style=\"color: #000000\">Die Verpackung ist sehr praktisch und recycelbar.<\/span><\/p>\n<h2><span style=\"color: #000000\">Herkunft<\/span><\/h2>\n<p><span style=\"color: #000000\">China. Wir haben sehr zuverl\u00e4ssige Lieferanten, die uns f\u00fcr jede Charge eine detaillierte chemische Analyse des Lebensmittels zukommen lassen. In mehr als zehn Jahren hatten wir keine R\u00fcckrufe oder andere Probleme mit diesem Artikel, und auch nicht mit anderen Artikeln desselben Lieferanten. Der Artikel ist zu 100% bio-zertifiziert.<\/span><\/p>\n","protected":false},"excerpt":{"rendered":"<p align=\"JUSTIFY\">Die Ginsengwurzel ist eine der<strong> wichtigsten Pflanzen<\/strong> in der traditionellen chinesischen und russischen Kr\u00e4uterkunde, wo sie seit Jahrhunderten, wenn nicht Jahrtausenden, als Nahrungserg\u00e4nzungsmittel verwendet wird. In China ist bekannt, dass Ginseng gut f\u00fcr unsere Gesundheit ist im Sinne von:<\/p>\n<p align=\"JUSTIFY\">\ud83d\udc9a Langlebigkeit (hemmt Alterungsprozesse),<br \/>\n\ud83d\udc9a st\u00e4rkt das Immunsystem,<br \/>\n\ud83d\udc9a es wirkt gegen M\u00fcdigkeit,<br \/>\n\ud83d\udc9a Anti-Stress,<br \/>\n\ud83d\udc9a wirkt sich auf die sexuelle Potenz aus.<\/p>\n","protected":false},"featured_media":6995,"comment_status":"open","ping_status":"closed","template":"","meta":{"_acf_changed":false},"product_brand":[],"product_cat":[15,225,224,231],"product_tag":[],"class_list":{"0":"post-6994","1":"product","2":"type-product","3":"status-publish","4":"has-post-thumbnail","6":"product_cat-uncategorized","7":"product_cat-alle-produkte","8":"product_cat-angebot","9":"product_cat-superfood","11":"first","12":"instock","13":"sale","14":"taxable","15":"shipping-taxable","16":"purchasable","17":"product-type-simple"},"acf":[],"_links":{"self":[{"href":"https:\/\/fengchashop.com\/at\/wp-json\/wp\/v2\/product\/6994","targetHints":{"allow":["GET"]}}],"collection":[{"href":"https:\/\/fengchashop.com\/at\/wp-json\/wp\/v2\/product"}],"about":[{"href":"https:\/\/fengchashop.com\/at\/wp-json\/wp\/v2\/types\/product"}],"replies":[{"embeddable":true,"href":"https:\/\/fengchashop.com\/at\/wp-json\/wp\/v2\/comments?post=6994"}],"wp:featuredmedia":[{"embeddable":true,"href":"https:\/\/fengchashop.com\/at\/wp-json\/wp\/v2\/media\/6995"}],"wp:attachment":[{"href":"https:\/\/fengchashop.com\/at\/wp-json\/wp\/v2\/media?parent=6994"}],"wp:term":[{"taxonomy":"product_brand","embeddable":true,"href":"https:\/\/fengchashop.com\/at\/wp-json\/wp\/v2\/product_brand?post=6994"},{"taxonomy":"product_cat","embeddable":true,"href":"https:\/\/fengchashop.com\/at\/wp-json\/wp\/v2\/product_cat?post=6994"},{"taxonomy":"product_tag","embeddable":true,"href":"https:\/\/fengchashop.com\/at\/wp-json\/wp\/v2\/product_tag?post=6994"}],"curies":[{"name":"wp","href":"https:\/\/api.w.org\/{rel}","templated":true}]}}