{"id":6985,"date":"2023-12-07T18:37:57","date_gmt":"2023-12-07T17:37:57","guid":{"rendered":"https:\/\/fengchashop.com\/at\/product\/nac-n-acetylcystein-in-kapseln-120-kapseln\/"},"modified":"2026-04-19T08:19:36","modified_gmt":"2026-04-19T06:19:36","slug":"nac-n-acetylcystein-in-kapseln","status":"publish","type":"product","link":"https:\/\/fengchashop.com\/at\/product\/nac-n-acetylcystein-in-kapseln\/","title":{"rendered":"NAC (N-Acetylcystein) in Kapseln 120 Kapseln"},"content":{"rendered":"<h2>NAC (N-Acetylcystein)<\/h2>\n<p><span style=\"color: #000000\">N-Acetylcystein <strong>(N-Acetylcystein oder NAC)<\/strong> ist ein Nahrungserg\u00e4nzungsmittel auf der Basis der Aminos\u00e4ure Cystein. Cystein ist ein wichtiger Baustein von Proteinen und spielt viele wichtige Rollen im K\u00f6rper. NAC hat einzigartige Eigenschaften, die es zu einem beliebten Nahrungserg\u00e4nzungsmittel gemacht haben, und es wird auch in der Medizin h\u00e4ufig eingesetzt. Es handelt sich um eine Substanz, die im K\u00f6rper als Vorl\u00e4ufer des antioxidativen Enzyms Glutathion wirkt.<\/span><\/p>\n<h2><span style=\"color: #000000\">Warum ist NAC so besonders und so anders?<\/span><\/h2>\n<p><span style=\"color: #000000\">N-Acetylcystein wird in der Regel aus der Aminos\u00e4ure <strong>L-Cystein<\/strong> hergestellt, die in vielen eiwei\u00dfhaltigen Lebensmitteln wie Gefl\u00fcgel, Fisch, Eiern und Milchprodukten enthalten ist. <strong>Cystein<\/strong> ist eine essenzielle Aminos\u00e4ure, was bedeutet, dass der K\u00f6rper sie f\u00fcr sein normales Funktionieren ben\u00f6tigt, sie kann aber auch aus anderen Aminos\u00e4uren wie <strong>Methionin<\/strong> gewonnen werden.<\/span><\/p>\n<p><span style=\"color: #000000\">Cystein ist ein wichtiger Bestandteil, den unser K\u00f6rper ben\u00f6tigt, da es bei mehreren Schl\u00fcsselprozessen eine wichtige Rolle spielt. Eine seiner wichtigsten Aufgaben ist die <strong>Beteiligung an der Wiederherstellung von Glutathion<\/strong>, dem st\u00e4rksten Antioxidans in unserem K\u00f6rper. Glutathion ist unerl\u00e4sslich f\u00fcr den <strong>Schutz der K\u00f6rperzellen vor Sch\u00e4den<\/strong> durch freie Radikale und f\u00fcr die Aufrechterhaltung der Abwehrmechanismen des gesamten Systems.<\/span><\/p>\n<h2><span style=\"color: #000000\">Effekte, die sich positiv auf unsere Gesundheit und unseren K\u00f6rper auswirken<\/span><\/h2>\n<p><em><strong><span style=\"color: #000000\">NAC hat viele potenzielle gesundheitliche Vorteile und Wirkungen. Einige der wichtigsten Vorteile und Wirkungen sind:<\/span><\/strong><\/em><\/p>\n<p><span style=\"color: #000000\">&#8211; Es ist ein starkes Antioxidans, das <strong>freie Radikale abf\u00e4ngt<\/strong>,<\/span><\/p>\n<p><span style=\"color: #000000\">&#8211; hat eine positive Wirkung auf das<strong> Immunsystem<\/strong> und f\u00f6rdert die Gesundheit des Immunsystems,<\/span><\/p>\n<p><span style=\"color: #000000\">&#8211; reduziert das Auftreten und die Schwere von<strong> Grippe- und Erk\u00e4ltungssymptomen<\/strong> und verk\u00fcrzt die Dauer der Krankheit,<\/span><\/p>\n<p><span style=\"color: #000000\">&#8211; wird auch zur <strong>Verd\u00fcnnung von z\u00e4hem Schleim und zur Linderung von Atemproblemen<\/strong> bei Patienten mit Atemwegserkrankungen wie chronisch obstruktiver Lungenerkrankung (COPD) und Mukoviszidose eingesetzt,<\/span><\/p>\n<p><span style=\"color: #000000\">&#8211; zur Behandlung von <strong>Paracetamolvergiftungen<\/strong>,<\/span><\/p>\n<p><span style=\"color: #000000\">&#8211; wirkt sich positiv auf die <strong>psychische<\/strong> Gesundheit aus und hilft bei der<strong> Behandlung von St\u00f6rungen<\/strong> wie Zwangsst\u00f6rungen und Depressionen,<\/span><\/p>\n<p><span style=\"color: #000000\">&#8211; lindert die Symptome einiger<strong> neurologischer St\u00f6rungen<\/strong> wie Schizophrenie und Gem\u00fctskrankheiten,<\/span><\/p>\n<p><span style=\"color: #000000\">&#8211; hilft bei der <strong>Behandlung von S\u00fcchten<\/strong> wie Alkoholismus, Rauchen und Drogenabh\u00e4ngigkeit,<\/span><\/p>\n<p><span style=\"color: #000000\">&#8211; hat eine positive Wirkung bei einigen <strong>Lebererkrankungen<\/strong> wie Leberfibrose,<\/span><\/p>\n<p><span style=\"color: #000000\">&#8211; hilft bei der <strong>Entgiftung und Entschlackung<\/strong>.<\/span><\/p>\n<h2>Verpackung<\/h2>\n<p>Ein luftdichter Beutel mit Rei\u00dfverschluss, in dem das Produkt seine ganze Frische und sein volles Aroma beh\u00e4lt. Die Verpackung sch\u00fctzt vor Licht und Luft, da sie aus mehreren Schutzschichten besteht, die die Eigenschaften des Inhalts bewahren.<\/p>\n<p>Die Verpackung ist sehr praktisch und erm\u00f6glicht ein Recycling.<\/p>\n<h2>Lagerung und Warnungen<\/h2>\n<p>An einem trockenen und k\u00fchlen Ort bei einer Temperatur von bis zu 25 \u00b0C lagern. Das Nahrungserg\u00e4nzungsmittel sollte au\u00dferhalb der Reichweite von Kindern aufbewahrt werden!<\/p>\n<p>Vergessen Sie nicht die Bedeutung einer abwechslungsreichen Ern\u00e4hrung und eines gesunden Lebensstils, ein Nahrungserg\u00e4nzungsmittel ist daher kein Ersatz f\u00fcr eine ausgewogene und abwechslungsreiche Ern\u00e4hrung. Die empfohlene Tagesmenge bzw. Dosis darf nicht \u00fcberschritten werden. Die Anwendung bei schwangeren und stillenden M\u00fcttern und Kindern wird nicht empfohlen. Es wird empfohlen, bei gesundheitlichen Problemen Ihren Arzt f\u00fcr weitere Informationen zu konsultieren. Nicht f\u00fcr Kinder geeignet.<\/p>\n","protected":false},"excerpt":{"rendered":"<p align=\"JUSTIFY\"><span style=\"color: #000000\"><strong>N-Acetylcystein (N-Acetylcystein oder NAC)<\/strong> ist ein Nahrungserg\u00e4nzungsmittel auf der Basis der Aminos\u00e4ure<strong> Cystein<\/strong>. Cystein ist ein wichtiger Baustein von Proteinen und spielt viele wichtige Rollen im K\u00f6rper. NAC hat einzigartige Eigenschaften, die es zu einem beliebten Nahrungserg\u00e4nzungsmittel gemacht haben und auch in der Medizin weit verbreitet sind.<\/span><\/p>\n<p><span style=\"color: #000000\">\ud83d\udc9a Es hat eine positive Wirkung auf das Immunsystem.<\/span><br \/>\n<span style=\"color: #000000\">\ud83d\udc9a Verringert die H\u00e4ufigkeit und Schwere von Grippe- und Erk\u00e4ltungssymptomen.<\/span><br \/>\n<span style=\"color: #000000\">\ud83d\udc9a Lindert die Symptome einiger neurologischer St\u00f6rungen.<\/span><br \/>\n<span style=\"color: #000000\">\ud83d\udc9a Hilft bei der Behandlung von S\u00fcchten.<\/span><br \/>\n<span style=\"color: #000000\">\ud83d\udc9a Es hilft bei der Entgiftung und Entschlackung.<\/span><\/p>\n","protected":false},"featured_media":6986,"comment_status":"open","ping_status":"closed","template":"","meta":{"_acf_changed":false},"product_brand":[],"product_cat":[225,224,226,230,231],"product_tag":[],"class_list":{"0":"post-6985","1":"product","2":"type-product","3":"status-publish","4":"has-post-thumbnail","6":"product_cat-alle-produkte","7":"product_cat-angebot","8":"product_cat-bestseller","9":"product_cat-mineralien-vitaminen","10":"product_cat-superfood","12":"first","13":"instock","14":"sale","15":"taxable","16":"shipping-taxable","17":"purchasable","18":"product-type-simple"},"acf":[],"_links":{"self":[{"href":"https:\/\/fengchashop.com\/at\/wp-json\/wp\/v2\/product\/6985","targetHints":{"allow":["GET"]}}],"collection":[{"href":"https:\/\/fengchashop.com\/at\/wp-json\/wp\/v2\/product"}],"about":[{"href":"https:\/\/fengchashop.com\/at\/wp-json\/wp\/v2\/types\/product"}],"replies":[{"embeddable":true,"href":"https:\/\/fengchashop.com\/at\/wp-json\/wp\/v2\/comments?post=6985"}],"wp:featuredmedia":[{"embeddable":true,"href":"https:\/\/fengchashop.com\/at\/wp-json\/wp\/v2\/media\/6986"}],"wp:attachment":[{"href":"https:\/\/fengchashop.com\/at\/wp-json\/wp\/v2\/media?parent=6985"}],"wp:term":[{"taxonomy":"product_brand","embeddable":true,"href":"https:\/\/fengchashop.com\/at\/wp-json\/wp\/v2\/product_brand?post=6985"},{"taxonomy":"product_cat","embeddable":true,"href":"https:\/\/fengchashop.com\/at\/wp-json\/wp\/v2\/product_cat?post=6985"},{"taxonomy":"product_tag","embeddable":true,"href":"https:\/\/fengchashop.com\/at\/wp-json\/wp\/v2\/product_tag?post=6985"}],"curies":[{"name":"wp","href":"https:\/\/api.w.org\/{rel}","templated":true}]}}