{"id":6953,"date":"2022-11-25T07:45:21","date_gmt":"2022-11-25T06:45:21","guid":{"rendered":"https:\/\/fengchashop.com\/at\/product\/dong-quai-engelwurz-bio-pulver-250-g\/"},"modified":"2026-05-05T10:33:42","modified_gmt":"2026-05-05T08:33:42","slug":"dong-quai-engelwurz-bio-pulver","status":"publish","type":"product","link":"https:\/\/fengchashop.com\/at\/product\/dong-quai-engelwurz-bio-pulver\/","title":{"rendered":"Dong Quai (Engelwurz) Bio Pulver 250 g"},"content":{"rendered":"<h2 style=\"text-align: justify\">Dong Quai (Engelwurz) Bio-Pulver<\/h2>\n<p style=\"text-align: justify\"><span style=\"color: #000000\">Dong Quai ist ein altes chinesisches Kraut, das auch als <strong>Angelica sinensis<\/strong> (chinesische Engelwurz) und <strong>Dang Gui<\/strong> (ausgesprochen tang Kuei) bekannt ist und in der westlichen Welt zu den wichtigsten Kr\u00e4utern geh\u00f6rt.<\/span><\/p>\n<p style=\"text-align: justify\"><span style=\"color: #000000\">Dong Quia w\u00e4chst in den hohen Bergen, in kalten und feuchten Gebieten <strong>Japans, Koreas und Chinas<\/strong>. Es handelt sich um eine winterharte Staude, die bis zu zwei Meter hoch werden kann. Sie hat glatte violette St\u00e4ngel, gefiederte Bl\u00e4tter und kleine wei\u00dfe oder gr\u00fcne Bl\u00fcten, die in B\u00fcscheln angeordnet sind. Der medizinische Teil von Dong Quia sind die gelbbraunen, verzweigten Wurzeln, die getrocknet und geschnitten <strong>f\u00fcr medizinische Zwecke<\/strong> verwendet werden. Einige Teile der Wurzel sind unterschiedlich und haben daher auch <strong>unterschiedliche Wirkungen<\/strong>.<\/span><\/p>\n<p style=\"text-align: justify\"><span style=\"color: #000000\">Getrocknete Angelikawurzeln werden in der traditionellen chinesischen Medizin haupts\u00e4chlich zur Behandlung von <strong>gyn\u00e4kologischen Problemen<\/strong>,<strong> m\u00e4\u00dfiger An\u00e4mie<\/strong>,<strong> hohem Blutdruck<\/strong> und <strong>M\u00fcdigkeit<\/strong> verwendet.<\/span><\/p>\n<p style=\"text-align: justify\"><span style=\"color: #000000\">Das Dong-Quai-Kraut ist auch als <strong>&#8222;weiblicher Ginseng&#8220;<\/strong> bekannt und wurde von den alten Heilern wegen seiner bemerkenswerten F\u00e4higkeit, Frauen mit Fortpflanzungsproblemen zu behandeln, hoch gesch\u00e4tzt. In Asien ist Dong Quai nach Ginseng das am zweith\u00e4ufigsten verwendete Kraut und wird traditionell zur Behandlung von <strong>Frauenleiden und -krankheiten<\/strong> eingesetzt.<\/span><\/p>\n<p style=\"text-align: justify\"><span style=\"color: #000000\">Dong Quai wurde sogar als Heilmittel f\u00fcr unfruchtbare Menschen angepriesen. Dong Quai hilft nicht nur bei weiblichen Unfruchtbarkeitsproblemen, sondern auch in den Wechseljahren und bei Menstruationsbeschwerden. Es wirkt auch gut auf die<strong> m\u00e4nnliche Fruchtbarkeit<\/strong>.<\/span><\/p>\n<h2 style=\"text-align: justify\"><span style=\"color: #000000\">Was sind die wichtigen Wirkstoffe von Dong Quai?<\/span><\/h2>\n<p style=\"text-align: justify\"><span style=\"color: #000000\">Dong Quai ist reich an <strong>Fols\u00e4ure, Folins\u00e4ure und Nikotins\u00e4ure<\/strong>, angereichert mit <strong>Vitamin B12<\/strong>, und enth\u00e4lt au\u00dferdem einen hohen Anteil an den<strong>Vitaminen A und E, Karotin, Biotin<\/strong> und <strong>Pantothens\u00e4ure<\/strong>. Sie wird zur Behandlung von pr\u00e4menstruellen und menopausalen Beschwerden eingesetzt, da sie Stoffe enth\u00e4lt, die Beschwerden lindern, die Blutgef\u00e4\u00dfe erweitern und die Geb\u00e4rmuttermuskulatur entspannen k\u00f6nnen. <strong>Kobalt<\/strong>, das ebenfalls in der Angelikawurzel enthalten ist, tr\u00e4gt in Verbindung mit Vitamin B12 zur St\u00e4rkung des Blutes bei.<\/span><\/p>\n<p style=\"text-align: justify\"><span style=\"color: #000000\">Das wichtigste Element f\u00fcr das Gleichgewicht der weiblichen Hormone ist das Hormon \u00d6strogen, das durch eine Gruppe von Chemikalien, die sogenannten<strong> Phyto\u00f6strogene<\/strong>, ersetzt werden kann. Engelwurz enth\u00e4lt jedoch eine gro\u00dfe Menge an Phyto\u00f6strogenen. Dar\u00fcber hinaus zeigen Studien, dass Dong Quai in beide Richtungen wirkt, indem es eine \u00fcberm\u00e4\u00dfige \u00d6strogensekretion hemmt oder eine unzureichende \u00d6strogensekretion stimuliert.<\/span><\/p>\n<p style=\"text-align: justify\"><span style=\"color: #000000\">Dong Quai ist auch ein <strong>&#8222;Sch\u00f6nheitstonikum&#8220;<\/strong> f\u00fcr die Haut, da es die Durchblutung der Haut f\u00f6rdert und f\u00fcr einen sch\u00f6nen und strahlenden Teint verwendet wird. Er hilft bei Neurodermitis, Alopezie, Urtikaria, Ekzemen, Juckreiz, beseitigt Hautunreinheiten usw.<\/span><\/p>\n<p style=\"text-align: justify\"><span style=\"color: #000000\">Studien haben gezeigt, dass die Kombination von Dong Quai und Astragalus eine positive Wirkung hat, indem sie sowohl den schlechten Cholesterinspiegel als auch den erh\u00f6hten Gesamtcholesterinspiegel senkt.<\/span><\/p>\n<h2 style=\"text-align: justify\"><span style=\"color: #000000\">Was sind die wichtigsten Eigenschaften, die Dong Quai uns bietet?<\/span><\/h2>\n<p><span style=\"color: #000000\"> &#8211; Ein starkes <strong>Antioxidans<\/strong>,<\/span><\/p>\n<p><span style=\"color: #000000\"> &#8211; <strong>entz\u00fcndungshemmend<\/strong>,<\/span><\/p>\n<p><span style=\"color: #000000\"> &#8211; reguliert die <strong>weiblichen Hormone<\/strong>,<\/span><\/p>\n<p><span style=\"color: #000000\"> &#8211; lindert <strong>pr\u00e4menstruelle Symptome<\/strong>,<\/span><\/p>\n<p><span style=\"color: #000000\"> &#8211; verbessert die <strong>Blutzirkulation<\/strong>,<\/span><\/p>\n<p><span style=\"color: #000000\"> &#8211; wirkt vorbeugend gegen<strong>Herzinfarkt<\/strong> und <strong>Bluthochdruck<\/strong>,<\/span><\/p>\n<p><span style=\"color: #000000\"> &#8211; reduziert das Risiko von <strong>Herzerkrankungen<\/strong>,<\/span><\/p>\n<p><span style=\"color: #000000\"> &#8211; reguliert den <strong>Cholesterinspiegel<\/strong> und den <strong>Blutdruck<\/strong>,<\/span><\/p>\n<p><span style=\"color: #000000\"> &#8211; hilft bei <strong>An\u00e4mie<\/strong>,<\/span><\/p>\n<p><span style=\"color: #000000\"> &#8211; hilft bei <strong>Kopfschmerzen<\/strong>,<\/span><\/p>\n<p><span style=\"color: #000000\"> &#8211; hilft bei der <strong>Entgiftung<\/strong>,<\/span><\/p>\n<p><span style=\"color: #000000\"> &#8211; ist ein <strong>Aphrodisiakum<\/strong>,<\/span><\/p>\n<p><span style=\"color: #000000\"> &#8211; f\u00f6rdert die <strong>m\u00e4nnliche Fruchtbarkeit<\/strong>,<\/span><\/p>\n<p><span style=\"color: #000000\"> &#8211; erh\u00f6ht die <strong>Energie<\/strong>,<\/span><\/p>\n<p><span style=\"color: #000000\"> &#8211; beugt <strong>Osteoporose<\/strong> vor, indem es die Knochen st\u00e4rkt,<\/span><\/p>\n<p><span style=\"color: #000000\"> &#8211; lindert <strong>Gelenkschmerzen<\/strong>,<\/span><\/p>\n<p><span style=\"color: #000000\"> &#8211; beugt <strong>chronischen Entz\u00fcndungen des Magen-Darm-Trakts<\/strong> vor,<\/span><\/p>\n<p><span style=\"color: #000000\"> &#8211; hilft bei der Verbesserung von Entz\u00fcndungszust\u00e4nden<strong>des Nervensystems<\/strong> (z. B. Neurodermitis),<\/span><\/p>\n<p><span style=\"color: #000000\"> &#8211; verbessert den <strong>Zustand der Haut<\/strong>.<\/span><\/p>\n<h2 style=\"text-align: justify\"><span style=\"color: #000000\">Lagerung und Warnhinweise<\/span><\/h2>\n<p style=\"text-align: justify\"><span style=\"color: #000000\">K\u00fchl und trocken bei einer Temperatur von bis zu 25 \u00b0C lagern. Au\u00dferhalb der Reichweite von Kindern aufbewahren!<\/span><\/p>\n<p style=\"text-align: justify\"><span style=\"color: #000000\">Denken Sie daran, wie wichtig eine abwechslungsreiche Ern\u00e4hrung und ein gesunder Lebensstil sind, ein Nahrungserg\u00e4nzungsmittel ist daher kein Ersatz f\u00fcr eine ausgewogene und abwechslungsreiche Ern\u00e4hrung Die empfohlene Tagesmenge oder Dosis sollte nicht \u00fcberschritten werden. Die Haut kann \u00fcberm\u00e4\u00dfig empfindlich auf Sonnenstrahlen reagieren, wenn das Erg\u00e4nzungsmittel in gro\u00dfen Mengen eingenommen wird.<\/span><\/p>\n<p style=\"text-align: justify\"><span style=\"color: #000000\">Schwangeren Frauen und stillenden M\u00fcttern wird von der Einnahme abgeraten. Auch Personen, die gerinnungshemmende Medikamente einnehmen, wird von der Einnahme abgeraten. Es wird empfohlen, bei gesundheitlichen Problemen einen Arzt zu konsultieren, um weitere Informationen zu erhalten.<\/span><\/p>\n<h2 style=\"text-align: justify\"><span style=\"color: #000000\">Verpackung<\/span><\/h2>\n<p style=\"text-align: justify\"><span style=\"color: #000000\">Undurchl\u00e4ssiger Zip-Lock-Beutel, in dem das Produkt seine ganze Frische und sein Aroma bewahrt. Die Verpackung sch\u00fctzt vor Licht und Luft, da sie aus mehreren Schutzschichten besteht, die die Eigenschaften des Inhalts bewahren.<\/span><\/p>\n<p style=\"text-align: justify\"><span style=\"color: #000000\">Die Verpackung ist sehr praktisch und recycelbar.<\/span><\/p>\n<h2 style=\"text-align: justify\"><span style=\"color: #000000\">Herkunft<\/span><\/h2>\n<p style=\"text-align: justify\"><span style=\"color: #000000\">China<\/span><\/p>\n<p><span style=\"color: #000000\">Wir haben sehr zuverl\u00e4ssige Lieferanten, die uns f\u00fcr jede Charge eine detaillierte chemische Analyse des Lebensmittels zukommen lassen. In mehr als zehn Jahren hatten wir noch nie einen R\u00fcckruf oder ein anderes Problem mit diesem Artikel, auch nicht mit anderen Artikeln desselben Lieferanten.<\/span><\/p>\n<p><span style=\"color: #000000\">Der Artikel ist zu 100% bio-zertifiziert.<\/span><\/p>\n","protected":false},"excerpt":{"rendered":"<p>Dong Quai ist ein altes chinesisches Kraut, das auch als Angelica sinensis (chinesische Engelwurz) oder Dang Gui (ausgesprochen tang Kuei) bekannt ist und in der westlichen Welt zu den wichtigsten Kr\u00e4utern geh\u00f6rt. Getrocknete Angelikawurzeln werden in der traditionellen chinesischen Medizin haupts\u00e4chlich zur Behandlung von gyn\u00e4kologischen Problemen, m\u00e4\u00dfiger An\u00e4mie, hohem Blutdruck und M\u00fcdigkeit verwendet.<\/p>\n<p>\ud83d\udc9a Entz\u00fcndungshemmend<br \/>\n\ud83d\udc9a Reduziert das Risiko von Herzkrankheiten<br \/>\n\ud83d\udc9a Verbessert Hautkrankheiten<br \/>\n\ud83d\udc9a Beugt chronischen Entz\u00fcndungen des Magen-Darm-Trakts vor<br \/>\n\ud83d\udc9a Lindert pr\u00e4menstruelle Symptome<\/p>\n","protected":false},"featured_media":6954,"comment_status":"open","ping_status":"closed","template":"","meta":{"_acf_changed":false},"product_brand":[],"product_cat":[225,224,231],"product_tag":[],"class_list":{"0":"post-6953","1":"product","2":"type-product","3":"status-publish","4":"has-post-thumbnail","6":"product_cat-alle-produkte","7":"product_cat-angebot","8":"product_cat-superfood","10":"first","11":"instock","12":"taxable","13":"shipping-taxable","14":"purchasable","15":"product-type-simple"},"acf":[],"_links":{"self":[{"href":"https:\/\/fengchashop.com\/at\/wp-json\/wp\/v2\/product\/6953","targetHints":{"allow":["GET"]}}],"collection":[{"href":"https:\/\/fengchashop.com\/at\/wp-json\/wp\/v2\/product"}],"about":[{"href":"https:\/\/fengchashop.com\/at\/wp-json\/wp\/v2\/types\/product"}],"replies":[{"embeddable":true,"href":"https:\/\/fengchashop.com\/at\/wp-json\/wp\/v2\/comments?post=6953"}],"wp:featuredmedia":[{"embeddable":true,"href":"https:\/\/fengchashop.com\/at\/wp-json\/wp\/v2\/media\/6954"}],"wp:attachment":[{"href":"https:\/\/fengchashop.com\/at\/wp-json\/wp\/v2\/media?parent=6953"}],"wp:term":[{"taxonomy":"product_brand","embeddable":true,"href":"https:\/\/fengchashop.com\/at\/wp-json\/wp\/v2\/product_brand?post=6953"},{"taxonomy":"product_cat","embeddable":true,"href":"https:\/\/fengchashop.com\/at\/wp-json\/wp\/v2\/product_cat?post=6953"},{"taxonomy":"product_tag","embeddable":true,"href":"https:\/\/fengchashop.com\/at\/wp-json\/wp\/v2\/product_tag?post=6953"}],"curies":[{"name":"wp","href":"https:\/\/api.w.org\/{rel}","templated":true}]}}