{"id":6940,"date":"2025-07-24T19:50:50","date_gmt":"2025-07-24T17:50:50","guid":{"rendered":"https:\/\/fengchashop.com\/at\/product\/rotes-krilloel-in-kapseln-120-kapseln\/"},"modified":"2025-09-30T12:37:48","modified_gmt":"2025-09-30T10:37:48","slug":"rotes-krilloel-in-kapseln","status":"publish","type":"product","link":"https:\/\/fengchashop.com\/at\/product\/rotes-krilloel-in-kapseln\/","title":{"rendered":"Rotes Krill\u00f6l in Kapseln 120 Kapseln"},"content":{"rendered":"<h2><span style=\"color: #000000;\">Rotes Krill\u00f6l<\/span><\/h2>\n<p style=\"text-align: justify;\"><span style=\"color: #000000;\">Rotes Krill\u00f6l wird aus einer kleinen, garnelen\u00e4hnlichen Planktongarnele namens <strong>Antarktischer Roter Krill<\/strong> (Euphausia superba) gewonnen, die in allen Weltmeeren vorkommt. In den klaren Gew\u00e4ssern um die Antarktis versammeln sich die kleinen planktischen Garnelen in riesigen Schw\u00e4rmen und ern\u00e4hren sich von winzigen Algen. Im Norwegischen bedeutet Krill &#8222;Nahrung f\u00fcr Wale&#8220;, und Wale ern\u00e4hren sich von ihnen, aber sie sind auch Nahrung f\u00fcr Pinguine.<\/span><\/p>\n<p style=\"text-align: justify;\"><span style=\"color: #000000;\">Die n\u00fctzlichen <strong>Omega-3-Fetts\u00e4uren<\/strong> DHA (Docosahexaens\u00e4ure) und EPA (Eicosapentaens\u00e4ure) sind reichlich im \u00d6l des arktischen roten Krills enthalten, das aus dem Krill gewonnen wird und <strong>an Phospholipide gebunden<\/strong> ist. Diese Fetts\u00e4uren wurden in Studien mit einer Reihe von gesundheitlichen Vorteilen in Verbindung gebracht.<\/span><\/p>\n<p style=\"text-align: justify;\"><span style=\"color: #000000;\">Die Essenz aus rotem Krill\u00f6l aus der Antarktis ist au\u00dferdem reich an <strong>Astaxanthin<\/strong>, einem <strong>starken Antioxidans<\/strong>, das dem Krill seine <strong>rubinrote Farbe<\/strong> verleiht und dazu beitr\u00e4gt, dass es als Nahrungserg\u00e4nzungsmittel wirksam ist.<\/span><\/p>\n<h2 style=\"text-align: justify;\"><span style=\"color: #000000;\">Was sind die gesundheitlichen Vorteile von rotem Krill\u00f6l?<\/span><\/h2>\n<p style=\"text-align: justify;\"><span style=\"color: #000000;\">Einer der am meisten erforschten Bestandteile der Ern\u00e4hrung sind die <strong>Omega-3-Fetts\u00e4uren<\/strong>. Obwohl sowohl Krill als auch wild lebender Fisch Omega-3-Fetts\u00e4uren enthalten, hat das \u00d6l des antarktischen Roten Krills den Vorteil, dass es <strong>aus Phospholipiden besteht und einen hohen Gehalt an Antioxidantien aufweist<\/strong>.<\/span><\/p>\n<p style=\"text-align: justify;\"><span style=\"color: #000000;\">Die n\u00fctzlichen Fette im roten Krill\u00f6l haben in mehreren Studien gezeigt, dass sie Entz\u00fcndungen reduzieren k\u00f6nnen. Rotes Krill\u00f6l, das sowohl in der Ern\u00e4hrung als auch in der Medizin verwendet wird, ist aufgrund seines <strong>hohen Gehalts an Astaxanthin<\/strong> m\u00f6glicherweise noch wirksamer gegen Entz\u00fcndungen als andere marine Omega-3-Quellen.<\/span><\/p>\n<p style=\"text-align: justify;\"><span style=\"color: #000000;\">Dieses Antioxidans ist daf\u00fcr bekannt, dass es die Wirkung der freien Radikale und die Oxidation der Omega-3-Fetts\u00e4uren im Roten Krill verhindert.<\/span><\/p>\n<p style=\"text-align: justify;\"><span style=\"color: #000000;\"><em><strong>Rotes Krill\u00f6l hilft bei den folgenden Problemen:<\/strong><\/em><\/span><\/p>\n<p><span style=\"color: #000000;\">&#8211; senkt einen erh\u00f6hten <strong>Cholesterinspiegel<\/strong>,<\/span><\/p>\n<p><span style=\"color: #000000;\">&#8211; verringert das Risiko von <strong>Herzkrankheiten<\/strong>,<\/span><\/p>\n<p><span style=\"color: #000000;\">&#8211; reguliert den <strong>Blutdruck<\/strong>,<\/span><\/p>\n<p><span style=\"color: #000000;\">&#8211; lindert <strong>Arthritisschmerzen<\/strong> (reduziert die Schmerzen und erh\u00f6ht die Gelenkbeweglichkeit),<\/span><\/p>\n<p><span style=\"color: #000000;\">&#8211; mildert die Symptome des <strong>pr\u00e4menstruellen Syndroms<\/strong>,<\/span><\/p>\n<p><span style=\"color: #000000;\">&#8211; A<strong>nti-Krebs-Wirkung<\/strong>,<\/span><\/p>\n<p><span style=\"color: #000000;\">&#8211; hilft bei <strong>Schlaganfall<\/strong>, Gesundheitsproblemen des Gehirns,<\/span><\/p>\n<p><span style=\"color: #000000;\">&#8211; hilft bei <strong>Leberproblemen<\/strong>,<\/span><\/p>\n<p><span style=\"color: #000000;\">&#8211; hilft bei <strong>Depressionen<\/strong> und sorgt daf\u00fcr, dass Sie <strong>sich<\/strong> besser <strong>f\u00fchlen<\/strong>.<\/span><\/p>\n<h2 style=\"text-align: justify;\"><span style=\"color: #000000;\">Warum sollten Sie unser Rotes Krill\u00f6l w\u00e4hlen?<\/span><\/h2>\n<p style=\"text-align: justify;\"><span style=\"color: #000000;\">Der Verzehr von rotem Krill\u00f6l ist an sich schon eine gute Investition f\u00fcr unsere k\u00f6rperliche und geistige Gesundheit. Und wenn wir uns f\u00fcr ein reines und m\u00f6glichst nat\u00fcrliches Erg\u00e4nzungsmittel wie unseres entscheiden <em><strong>k\u00f6nnen wir auch von anderen Vorteilen profitieren:<\/strong><\/em><\/span><\/p>\n<p><span style=\"color: #000000;\">&#8211; Ein Nahrungserg\u00e4nzungsmittel <strong>wird nicht durch Konzentrieren von Krill\u00f6l<\/strong> und Hinzuf\u00fcgen k\u00fcnstlicher Zutaten <strong>hergestellt<\/strong>. Unser Nahrungserg\u00e4nzungsmittel ist minimal verarbeitet, viel nat\u00fcrlicher, und unser K\u00f6rper profitiert leichter von seinen Vorteilen.<\/span><\/p>\n<p><span style=\"color: #000000;\">&#8211; Es handelt sich um Kapseln <strong>ohne den typischen Geschmack und Geruch<\/strong>. Und sie machen uns nicht m\u00fcde.<\/span><\/p>\n<p><span style=\"color: #000000;\">&#8211; Kleinere <strong>Softgel-Kapseln<\/strong> machen das Schlucken einfacher.<\/span><\/p>\n<p><span style=\"color: #000000;\">&#8211; Sie enthalten mindestens <strong>42 % Phospholipide<\/strong>, die zu den am h\u00e4ufigsten vorkommenden Fetts\u00e4uren in unserem K\u00f6rper geh\u00f6ren und Grundbestandteile der Zellmembranen sind; au\u00dferdem sind sie wasserl\u00f6slich, so dass der K\u00f6rper die N\u00e4hrstoffe besser aufnehmen kann.<\/span><\/p>\n<p><span style=\"color: #000000;\"><strong>&#8211; 5% Cholin, das <\/strong> die Funktion der Leber, des Gehirns und des gesamten Nervensystems unterst\u00fctzt. Es st\u00e4rkt die Konzentration und das Ged\u00e4chtnis und f\u00f6rdert die Entwicklung des Gehirns.<\/span><\/p>\n<p><span style=\"color: #000000;\">&#8211; Das \u00d6l ist <strong>besonders rein<\/strong> und wird durch <strong>ein spezielles Filtrations-<\/strong>, <strong>Destillations- und Raffinationsverfahren<\/strong> hergestellt (es durchl\u00e4uft einen 12-stufigen Prozess).<\/span><\/p>\n<p><span style=\"color: #000000;\">&#8211; Enth\u00e4lt mindestens <strong>27 % Docosahexaens\u00e4ure (DHA) und Eicosapentaens\u00e4ure (EPA)<\/strong>.<\/span><\/p>\n<p><span style=\"color: #000000;\">&#8211; Ein nat\u00fcrliches Antioxidans in Form von <strong>Astaxanthin<\/strong> (Xanthophyll-Carotinoid; Vitamin A) wird dem Produkt zugesetzt, um die Haltbarkeit zu verbessern.<\/span><\/p>\n<p><span style=\"color: #000000;\">&#8211; Dar\u00fcber hinaus wird der Rote Krill aus der Antarktis <strong>nachhaltig<\/strong> gefischt. Der gefangene Krill wird direkt aus dem Meer an Bord hochmoderner Schiffe verarbeitet, so dass sein N\u00e4hrwert und seine Frische erhalten bleiben. Die Verpackungen der einzelnen Lieferanten sind au\u00dferdem mit einer R\u00fcckverfolgbarkeitsnummer versehen. Eine st\u00e4ndige Versorgung mit \u00d6len h\u00f6chster Qualit\u00e4t ist ebenfalls gew\u00e4hrleistet. Sie sind durchweg sauber, sicher und st\u00f6rungsfrei. Die Verpflichtung zu Produktreinheit, Qualit\u00e4t und Innovation gew\u00e4hrleistet, dass die Produkte die h\u00f6chsten Industriestandards f\u00fcr Sicherheit, R\u00fcckverfolgbarkeit und Nachhaltigkeit erf\u00fcllen. Minimale Spezifikationsgrenzen stellen sicher, dass die Produkte alle bekannten globalen Reinheitsstandards erf\u00fcllen oder \u00fcbertreffen. Wir garantieren bedingungslos die Konsistenz, Sicherheit und Reinheit eines jeden Produkts.<\/span><\/p>\n<h2 style=\"text-align: justify;\"><span style=\"color: #000000;\">Lagerung und Warnhinweise<\/span><\/h2>\n<p style=\"text-align: justify;\"><span style=\"color: #000000;\">K\u00fchl und trocken bei Temperaturen bis zu 25 \u00b0C aufbewahren. Au\u00dferhalb der Reichweite von Kindern aufbewahren!<\/span><\/p>\n<p style=\"text-align: justify;\"><span style=\"color: #000000;\">Denken Sie daran, wie wichtig eine abwechslungsreiche Ern\u00e4hrung und eine gesunde Lebensweise sind; ein Nahrungserg\u00e4nzungsmittel ist daher kein Ersatz f\u00fcr eine ausgewogene und abwechslungsreiche Ern\u00e4hrung. Die empfohlene Tagesmenge oder Dosis sollte nicht \u00fcberschritten werden.<\/span><\/p>\n<h2 style=\"text-align: justify;\"><span style=\"color: #000000;\">Verpackung<\/span><\/h2>\n<p style=\"text-align: justify;\"><span style=\"color: #000000;\">Das Produkt ist in einem sauberen Glasbeh\u00e4lter mit einer Schicht aus schwarzer, lichtdichter Folie verpackt. Der Deckel sorgt f\u00fcr einen auslaufsicheren Verschluss, so dass \u00e4u\u00dfere Ger\u00fcche den Inhalt der Flasche nicht beeintr\u00e4chtigen k\u00f6nnen. Ansonsten ist das Glas selbst ebenfalls undurchl\u00e4ssig, geruchsneutral und beeintr\u00e4chtigt den Geschmack des Inhalts in keiner Weise. Solche Verpackungen sind au\u00dferdem frei von umweltsch\u00e4dlichen Kunststoffen und somit \u00f6kologischer und nachhaltiger. Es handelt sich also um eine ideale Verpackung aus nat\u00fcrlichen und nachhaltigen Rohstoffen, die f\u00fcr h\u00f6chste Qualit\u00e4t steht.<\/span><\/p>\n<p style=\"text-align: justify;\"><span style=\"color: #000000;\">Bei gr\u00f6\u00dferen Verpackungen (rinfusa) befindet sich das Produkt in einem luftdichten Zip-Lock-Beutel, in dem es seine ganze Frische und sein Aroma bewahrt. Die Verpackung sch\u00fctzt das Produkt vor Licht und Luft, da sie aus mehreren Schutzschichten besteht, die die Eigenschaften des Inhalts bewahren.<\/span><\/p>\n<p style=\"text-align: justify;\"><span style=\"color: #000000;\">Beide Verpackungen sch\u00fctzen den Inhalt vor Licht und Luft, sind sehr praktisch und recycelbar.<\/span><\/p>\n<h2 style=\"text-align: justify;\"><span style=\"color: #000000;\">Herkunft<\/span><\/h2>\n<p style=\"text-align: justify;\"><span style=\"color: #000000;\">Norwegen<\/span><\/p>\n","protected":false},"excerpt":{"rendered":"<p>Die n\u00fctzlichen Fette im roten Krill\u00f6l haben in mehreren Studien gezeigt, dass sie Entz\u00fcndungen reduzieren k\u00f6nnen. Rotes Krill\u00f6l, das sowohl in der Ern\u00e4hrung als auch in der Medizin verwendet wird, k\u00f6nnte aufgrund seiner hohen Konzentration an <strong>Astaxanthin<\/strong> sogar noch wirksamer gegen Entz\u00fcndungen sein als andere marine Omega-3-Quellen. Dieses Antioxidans ist daf\u00fcr bekannt, dass es die Wirkung der freien Radikale und die Oxidation der Omega-3-Fetts\u00e4uren im Roten Krill verhindert.<br \/>\n<strong>Rotes Krill\u00f6l hilft bei den folgenden Problemen:<\/strong><\/p>\n<p>\ud83d\udc9a senkt einen erh\u00f6hten Cholesterinspiegel,<br \/>\n\ud83d\udc9a verringert das Risiko von Herzkrankheiten,<br \/>\n\ud83d\udc9a reguliert den Blutdruck,<br \/>\n\ud83d\udc9a lindert Arthritisschmerzen (reduziert die Schmerzen und erh\u00f6ht die Gelenkbeweglichkeit),<br \/>\n\ud83d\udc9a mildert die Symptome des pr\u00e4menstruellen Syndroms,<br \/>\n\ud83d\udc9a anti-Krebs-Wirkung,<br \/>\n\ud83d\udc9a hilft bei Schlaganfall, Gesundheitsproblemen des Gehirns,<br \/>\n\ud83d\udc9a hilft bei Leberproblemen,<br \/>\n\ud83d\udc9a hilft bei Depressionen und sorgt daf\u00fcr, dass man sich besser f\u00fchlt.<\/p>\n","protected":false},"featured_media":6941,"comment_status":"open","ping_status":"closed","template":"","meta":{"_acf_changed":false},"product_brand":[],"product_cat":[15,225,224,230],"product_tag":[],"class_list":{"0":"post-6940","1":"product","2":"type-product","3":"status-publish","4":"has-post-thumbnail","6":"product_cat-uncategorized","7":"product_cat-alle-produkte","8":"product_cat-angebot","9":"product_cat-mineralien-vitaminen","11":"first","12":"outofstock","13":"sale","14":"taxable","15":"shipping-taxable","16":"purchasable","17":"product-type-simple"},"acf":[],"_links":{"self":[{"href":"https:\/\/fengchashop.com\/at\/wp-json\/wp\/v2\/product\/6940","targetHints":{"allow":["GET"]}}],"collection":[{"href":"https:\/\/fengchashop.com\/at\/wp-json\/wp\/v2\/product"}],"about":[{"href":"https:\/\/fengchashop.com\/at\/wp-json\/wp\/v2\/types\/product"}],"replies":[{"embeddable":true,"href":"https:\/\/fengchashop.com\/at\/wp-json\/wp\/v2\/comments?post=6940"}],"wp:featuredmedia":[{"embeddable":true,"href":"https:\/\/fengchashop.com\/at\/wp-json\/wp\/v2\/media\/6941"}],"wp:attachment":[{"href":"https:\/\/fengchashop.com\/at\/wp-json\/wp\/v2\/media?parent=6940"}],"wp:term":[{"taxonomy":"product_brand","embeddable":true,"href":"https:\/\/fengchashop.com\/at\/wp-json\/wp\/v2\/product_brand?post=6940"},{"taxonomy":"product_cat","embeddable":true,"href":"https:\/\/fengchashop.com\/at\/wp-json\/wp\/v2\/product_cat?post=6940"},{"taxonomy":"product_tag","embeddable":true,"href":"https:\/\/fengchashop.com\/at\/wp-json\/wp\/v2\/product_tag?post=6940"}],"curies":[{"name":"wp","href":"https:\/\/api.w.org\/{rel}","templated":true}]}}