{"id":6924,"date":"2022-06-15T09:02:24","date_gmt":"2022-06-15T07:02:24","guid":{"rendered":"https:\/\/fengchashop.com\/at\/product\/wilde-yamswurzel-250-g\/"},"modified":"2026-05-07T16:07:18","modified_gmt":"2026-05-07T14:07:18","slug":"wilde-yamswurzel","status":"publish","type":"product","link":"https:\/\/fengchashop.com\/at\/product\/wilde-yamswurzel\/","title":{"rendered":"Wilde Yamswurzel 250 g"},"content":{"rendered":"<h2><span style=\"color: #000000\">Wilde Yamswurzel Pulver<\/span><\/h2>\n<p style=\"text-align: justify\"><span style=\"color: #000000\">Die Wilde Yamswurzel<em>(Dioscorea polystachya<\/em>) ist eine hohe Kletterpflanze, die in Mittelamerika heimisch ist. Sie hat sch\u00f6ne, herzf\u00f6rmige, gr\u00fcne Bl\u00e4tter und ihr Geheimnis liegt in ihrer l\u00e4nglichen Wurzel mit einem ausgepr\u00e4gten wei\u00dfen, fleischigen Teil. Sie wird manchmal auch Mexikanische Wilde Yamswurzel oder <strong>Dioscorea<\/strong> genannt.<\/span><\/p>\n<p style=\"text-align: justify\"><span style=\"color: #000000\">Es hat sich gezeigt, dass sie das hormonelle Ungleichgewicht von Progesteron und \u00d6strogen sowohl bei M\u00e4nnern als auch bei Frauen regulieren kann. Daher kann sie auch bei Leberproblemen, Menstruationsbeschwerden, Stoffwechsel- und Schilddr\u00fcsenproblemen, Cholesterin und Blutzucker helfen.<\/span><\/p>\n<p style=\"text-align: justify\"><span style=\"color: #000000\">Die wilde Yamswurzel enth\u00e4lt eine \u00f6strogen\u00e4hnliche Substanz (Phyto\u00f6strogen) namens <strong>Diosgenin<\/strong>. Dabei handelt es sich um einen ganz nat\u00fcrlichen Inhaltsstoff, der Hormonm\u00e4ngel im K\u00f6rper ausgleichen kann. Progesteronmangel tritt am h\u00e4ufigsten nach dem 30. Lebensjahr oder sp\u00e4ter in den Wechseljahren auf und kann auch eine Ursache f\u00fcr eine vorzeitige Menopause sein.<\/span><\/p>\n<p style=\"text-align: justify\"><span style=\"color: #000000\">Diosgenin ist chemisch dem Cholesterin, dem Progesteron und dem Hormon DHEA sehr \u00e4hnlich. Es <strong>ahmt die Aktivit\u00e4t des Hormons Progesteron<\/strong> im K\u00f6rper <strong>nach und hat eine positive Wirkung auf den Hormonhaushalt.<\/strong><\/span><\/p>\n<p style=\"text-align: justify\"><span style=\"color: #000000\">Die wilde Yamswurzel ist in unserem Land seit vielen Jahren in Form von Tabletten und Cremes beliebt. In der Kr\u00e4uterkunde wird sie regelm\u00e4\u00dfig angewendet, da ihre positive Wirkung auf den Hormonhaushalt auch wissenschaftlich best\u00e4tigt wurde.<\/span><\/p>\n<h2><span style=\"color: #000000\">F\u00fcr wen wird die Einnahme empfohlen?<\/span><\/h2>\n<p><span style=\"color: #000000\">Heute wird die Wilde Yamswurzel vor allem bei allen Arten von<strong> Entz\u00fcndungen, Muskelkr\u00e4mpfen, Reizbarkeit und Energiemangel<\/strong> eingesetzt. Am h\u00e4ufigsten wird es von Frauen bei schmerzhafter Menstruation und PMS sowie bei den \u00fcblichen Problemen in der \u00dcbergangsphase und den Wechseljahren verwendet.<\/span><\/p>\n<p><span style=\"color: #000000\">In der Vergangenheit wurde es auch zur Behandlung von Verdauungsst\u00f6rungen eingesetzt. Dazu geh\u00f6ren Entz\u00fcndungen der Gallenblase und das Reizdarmsyndrom. Au\u00dferdem soll es bei Problemen mit den Harnwegen helfen.<\/span><\/p>\n<h2><span style=\"color: #000000\">Was sind die Vorteile der Einnahme<\/span><\/h2>\n<p style=\"text-align: justify\"><span style=\"color: #000000\">Zus\u00e4tzlich zu den oben genannten Eigenschaften hat die wilde Yamswurzel noch weitere:<\/span><\/p>\n<p><span style=\"color: #000000\">&#8211; Ein beliebtes Nahrungserg\u00e4nzungsmittel f\u00fcr Frauen in den Wechseljahren (Hitzewallungen, M\u00fcdigkeit, Angstzust\u00e4nde) und f\u00fcr Frauen, die unter PMS-Problemen (Reizbarkeit und starke Schmerzen) leiden.<\/span><br \/>\n<span style=\"color: #000000\">&#8211; W\u00e4hrend des Menstruationszyklus lindert es starke Blutungen.<\/span><br \/>\n<span style=\"color: #000000\">&#8211; Es wird auch h\u00e4ufig als Hilfsmittel bei Autoimmunkrankheiten eingesetzt.<\/span><br \/>\n<span style=\"color: #000000\">&#8211; Da hormonelle Ungleichgewichte auch zu trockener Haut und Haaren, br\u00fcchigen N\u00e4geln und Cellulite f\u00fchren, nehmen vor allem Frauen es bei diesen Problemen ein.<\/span><br \/>\n<span style=\"color: #000000\">&#8211; Die wilde Yamswurzel enth\u00e4lt hormon\u00e4hnliche Substanzen, die sich im K\u00f6rper wie Progesteron verhalten, das bei allen Frauen ab dem 30. Lebensjahr drastisch abnimmt. Lebensjahr drastisch zu sinken. Es treten Symptome eines Progesteronmangels auf, wie z. B. eine Abnahme der Libido, Gewichtszunahme und psychische Probleme, einschlie\u00dflich Depressionen.<\/span><br \/>\n<span style=\"color: #000000\">&#8211; Es hat eine positive Wirkung auf Entz\u00fcndungen, Arthritis und andere rheumatische Erkrankungen sowie Allergien.<\/span><\/p>\n<h2><span style=\"color: #000000\">N\u00e4hrwertangaben<\/span><\/h2>\n<p><span style=\"color: #000000\">Durchschnittliche N\u00e4hrwerte pro 100 g: Energie: 1468 kJ \/ 346 kcal; Fett: 0,1 g, davon ges\u00e4ttigt: &lt;0,1 g; Kohlenhydrate: 78,2 g, davon Zucker: 1,9 g; Ballaststoffe: 1,3 g, Eiwei\u00df: 7,2 g; Salz: &lt;0,1 g.<\/span><\/p>\n<h2><span style=\"color: #000000\">Lagerung und Warnhinweise<\/span><\/h2>\n<p style=\"text-align: justify\"><span style=\"color: #000000\">K\u00fchl und trocken bei einer Temperatur von bis zu 25 \u00b0C lagern. Das Nahrungserg\u00e4nzungsmittel f\u00fcr Kinder unzug\u00e4nglich aufbewahren!<\/span><\/p>\n<p style=\"text-align: justify\"><span style=\"color: #000000\">Denken Sie daran, wie wichtig eine abwechslungsreiche Ern\u00e4hrung und eine gesunde Lebensweise sind; ein Nahrungserg\u00e4nzungsmittel ist daher kein Ersatz f\u00fcr eine ausgewogene und abwechslungsreiche Ern\u00e4hrung. Die empfohlene Tagesmenge oder Dosis sollte nicht \u00fcberschritten werden. Die Wilde Yamswurzel ist nicht f\u00fcr schwangere Frauen, stillende M\u00fctter und Kinder geeignet. Es wird auch nicht f\u00fcr Frauen empfohlen, die an hormonellen Erkrankungen wie Endometriose, Eierstock-, Brust- oder Geb\u00e4rmutterkrebs usw. leiden. Auch M\u00e4nnern, die an Prostatakrebs leiden, wird davon abgeraten.<\/span><\/p>\n<h2><span style=\"color: #000000\">Verpackung<\/span><\/h2>\n<p style=\"text-align: justify\"><span style=\"color: #000000\">Undurchl\u00e4ssiger Zip-Lock-Beutel, in dem das Produkt seine ganze Frische und sein Aroma bewahrt. Die Verpackung sch\u00fctzt das Produkt vor Licht und Luft, da sie aus mehreren Schutzschichten besteht, um die Eigenschaften des Inhalts zu erhalten.<\/span><\/p>\n<p style=\"text-align: justify\"><span style=\"color: #000000\">Die Verpackung ist sehr praktisch und recycelbar.<\/span><\/p>\n<h2><span style=\"color: #000000\">Herkunft<\/span><\/h2>\n<p style=\"text-align: justify\"><span style=\"color: #000000\">China. Wir haben sehr zuverl\u00e4ssige Lieferanten, die uns f\u00fcr jede Charge eine detaillierte chemische Analyse des Lebensmittels zukommen lassen. In mehr als zehn Jahren hatten wir weder bei diesem Artikel noch bei anderen Artikeln desselben Lieferanten irgendwelche R\u00fcckrufe oder andere Probleme.<\/span><\/p>\n","protected":false},"excerpt":{"rendered":"<p>Es reguliert nachweislich das hormonelle Ungleichgewicht von Progesteron und \u00d6strogen sowohl bei M\u00e4nnern als auch bei Frauen. Infolgedessen kann sie auch bei Leberproblemen, Menstruationsschmerzen, Stoffwechsel- und Schilddr\u00fcsenproblemen, Cholesterin und Blutzucker helfen. Die wilde Yamswurzel enth\u00e4lt eine \u00f6strogen\u00e4hnliche Substanz (Phyto\u00f6strogen) namens Diosgenin. Dabei handelt es sich um einen ganz nat\u00fcrlichen Inhaltsstoff, der Hormonm\u00e4ngel im K\u00f6rper ausgleichen kann. Progesteronmangel tritt am h\u00e4ufigsten nach dem 30. Lebensjahr oder sp\u00e4ter in den Wechseljahren auf und kann auch eine Ursache f\u00fcr eine vorzeitige Menopause sein.<\/p>\n<p>\ud83d\udc9a Entz\u00fcndungshemmend.<br \/>\n\ud83d\udc9a F\u00fcr Frauen in den Wechseljahren und Frauen, die Probleme mit PMS haben.<br \/>\n\ud83d\udc9a Lindert Menstruationsbeschwerden.<\/p>\n","protected":false},"featured_media":6925,"comment_status":"open","ping_status":"closed","template":"","meta":{"_acf_changed":false},"product_brand":[],"product_cat":[15,225,224,231],"product_tag":[],"class_list":{"0":"post-6924","1":"product","2":"type-product","3":"status-publish","4":"has-post-thumbnail","6":"product_cat-uncategorized","7":"product_cat-alle-produkte","8":"product_cat-angebot","9":"product_cat-superfood","11":"first","12":"instock","13":"sale","14":"taxable","15":"shipping-taxable","16":"purchasable","17":"product-type-simple"},"acf":[],"_links":{"self":[{"href":"https:\/\/fengchashop.com\/at\/wp-json\/wp\/v2\/product\/6924","targetHints":{"allow":["GET"]}}],"collection":[{"href":"https:\/\/fengchashop.com\/at\/wp-json\/wp\/v2\/product"}],"about":[{"href":"https:\/\/fengchashop.com\/at\/wp-json\/wp\/v2\/types\/product"}],"replies":[{"embeddable":true,"href":"https:\/\/fengchashop.com\/at\/wp-json\/wp\/v2\/comments?post=6924"}],"wp:featuredmedia":[{"embeddable":true,"href":"https:\/\/fengchashop.com\/at\/wp-json\/wp\/v2\/media\/6925"}],"wp:attachment":[{"href":"https:\/\/fengchashop.com\/at\/wp-json\/wp\/v2\/media?parent=6924"}],"wp:term":[{"taxonomy":"product_brand","embeddable":true,"href":"https:\/\/fengchashop.com\/at\/wp-json\/wp\/v2\/product_brand?post=6924"},{"taxonomy":"product_cat","embeddable":true,"href":"https:\/\/fengchashop.com\/at\/wp-json\/wp\/v2\/product_cat?post=6924"},{"taxonomy":"product_tag","embeddable":true,"href":"https:\/\/fengchashop.com\/at\/wp-json\/wp\/v2\/product_tag?post=6924"}],"curies":[{"name":"wp","href":"https:\/\/api.w.org\/{rel}","templated":true}]}}