{"id":6910,"date":"2022-02-06T21:15:00","date_gmt":"2022-02-06T20:15:00","guid":{"rendered":"https:\/\/fengchashop.com\/at\/product\/bachblueten-selbstvertrauen\/"},"modified":"2026-01-28T17:50:41","modified_gmt":"2026-01-28T16:50:41","slug":"bachblueten-selbstvertrauen","status":"publish","type":"product","link":"https:\/\/fengchashop.com\/at\/product\/bachblueten-selbstvertrauen\/","title":{"rendered":"Bachbl\u00fcten Selbstvertrauen"},"content":{"rendered":"<h2 style=\"text-align: justify;\"><span style=\"color: #000000;\">Bachtropfen f\u00fcr Selbstvertrauen<\/span><\/h2>\n<p style=\"text-align: justify;\"><span style=\"color: #000000;\">Selbstwertgef\u00fchl kann als die eigene Meinung \u00fcber sich selbst definiert werden. Das Selbstwertgef\u00fchl wird von Kindesbeinen an aufgebaut und wird auch stark von der Umwelt beeinflusst, in der wir leben. Ein gesundes Selbstwertgef\u00fchl ist ein realistisches Selbstbild und ein Bewusstsein f\u00fcr die eigenen St\u00e4rken und Schw\u00e4chen. Ein Mensch mit einem gesunden Selbstwertgef\u00fchl kann besser mit Stress und den t\u00e4glichen Herausforderungen umgehen und sich so akzeptieren, wie er ist. Mangelndes Selbstvertrauen kann aber auch psychische Folgen haben. Wir werden anf\u00e4llig f\u00fcr Stresssituationen. Wir werden immer weniger selbstbewusst, zufrieden, gl\u00fccklich, erfolgreich bei der Arbeit, in der Schule oder in der Gesellschaft&#8230;<\/span><\/p>\n<p style=\"text-align: justify;\"><span style=\"color: #000000;\">Aber keine Sorge, mit etwas Anstrengung, \u00dcbungen und der richtigen Therapie k\u00f6nnen wir <b>unser Selbstvertrauen jederzeit zur\u00fcckgewinnen oder wieder aufbauen<\/b>. Eine der Therapien, die Ihnen helfen kann, ist unsere Bachbl\u00fcten-Essenz-Therapie.<\/span><\/p>\n<p style=\"text-align: justify;\"><span style=\"color: #000000;\">Sie k\u00f6nnen die ersten Ergebnisse nach ein paar Tagen oder Wochen feststellen, das h\u00e4ngt von jedem Einzelnen ab. Die vorbereitete Mischung reicht f\u00fcr 30 Tage, einfach direkt in den Mund geben oder in ein Glas Wasser eintr\u00e4ufeln. Diese Mischung, die speziell f\u00fcr Menschen mit geringem Selbstwertgef\u00fchl zubereitet wurde, wird helfen:<\/span><\/p>\n<ul style=\"text-align: justify;\">\n<li><span style=\"color: #000000;\"><em>das Selbstwertgef\u00fchl zu steigern,<\/em><\/span><\/li>\n<li><span style=\"color: #000000;\"><em>Vermeidung von Angstzust\u00e4nden und Panikattacken, die oft mit einem geringen Selbstwertgef\u00fchl einhergehen,<\/em><\/span><\/li>\n<li><span style=\"color: #000000;\"><em>wilde Gedanken und Ideen zu beruhigen,<\/em><\/span><\/li>\n<li><span style=\"color: #000000;\"><em>das Selbstvertrauen zu st\u00e4rken und \u00fcberm\u00e4\u00dfige Selbstkritik zu vermeiden,<\/em><\/span><\/li>\n<li><span style=\"color: #000000;\"><em>die Angst vor Ver\u00e4nderungen zu \u00fcberwinden, die auch etwas Gutes bringen k\u00f6nnen.<\/em><\/span><\/li>\n<\/ul>\n<h2 style=\"text-align: justify;\"><span style=\"color: #000000;\">Die Wirkung von Bach-Tropfen<\/span><\/h2>\n<p style=\"text-align: justify;\"><span style=\"color: #000000;\">Bach-Tropfen wirken effektiv gegen verschiedene <strong>seelische N\u00f6te des Menschen, wie z.B. ein sicherlich schwaches oder sogar schlechtes Selbstwertgef\u00fchl<\/strong><strong>. <\/strong>Bach-Tropfen helfen uns in verschiedenen Krisen und schwierigen Lebenssituationen, in Pr\u00fcfungen und Bedr\u00e4ngnissen. Sie helfen uns, uns zu beruhigen und einen ruhigen Kopf zu bewahren, denn sie wirken auf unsere Gef\u00fchlslage ein und helfen, diese zu harmonisieren. Mit Hilfe der Bachtropfen \u00fcbernehmen wir die Kontrolle \u00fcber <strong>unsere Emotionen und <\/strong>nur so schaffen wir Harmonie und finden so unseren inneren Frieden.<\/span><\/p>\n<p style=\"text-align: justify;\"><span style=\"color: #000000;\">Die Bach-Therapie f\u00f6rdert die Selbstheilung und die geistige Entspannung. Nach der Theorie von Dr. Bach liegt die Ursache von Krankheiten in einem unharmonischen Zustand oder in einem Mangel an Harmonie zwischen K\u00f6rper und Seele. Mit Hilfe von Bl\u00fctenessenzen versuchen wir, Krankheiten zu heilen, indem wir uns die <b>positiven Eigenschaften der Bl\u00fcten<\/b> zunutze machen, um das Gleichgewicht in uns selbst wiederherzustellen.<\/span><\/p>\n<p style=\"text-align: justify;\"><span style=\"color: #000000;\">Die Bach-Tropfen werden nach der Methode von Dr. Bach hergestellt, wobei<b> nur Original-Bach-Essenzen<\/b> verwendet werden.<\/span><\/p>\n<p style=\"text-align: justify;\"><span style=\"color: #000000;\">Die Bach-Tropfen werden aus einer Flasche mit beigef\u00fcgter Pipette entnommen, was die Dosierung sehr einfach macht. Nehmen Sie 4 Mal am Tag 4 Tropfen \u00fcber den Tag verteilt ein. Die Flasche, die Sie erhalten, ist ausreichend f\u00fcr eine 1-monatige Therapie. <\/span><\/p>\n<p style=\"text-align: justify;\"><span style=\"color: #000000;\">Jede Flasche<b> <\/b>der ausgew\u00e4hlten Mischung <b>wird von Hand und an Ort und Stelle zubereitet<\/b>. Um die Mischung l\u00e4nger frisch zu halten, verwenden wir etwas Alkohol (Cognac). Die Mischung ist ab Kaufdatum 1 Monat haltbar.<\/span><\/p>\n<p style=\"text-align: justify;\"><span style=\"color: #000000;\">Da Bach-Tropfen <strong>keine <\/strong><b>Nebenwirkungen<\/b> <strong>haben <\/strong>, machen sie nicht s\u00fcchtig und k\u00f6nnen nicht \u00fcberdosiert werden. Sie sind f\u00fcr alle geeignet &#8211; Schwangere, stillende M\u00fctter, \u00e4ltere Menschen, Kinder und Tiere.<\/span><\/p>\n<p style=\"text-align: justify;\"><span style=\"color: #000000;\">Es gibt keine Wechselwirkungen mit anderen Medikamenten.<\/span><\/p>\n<h2 style=\"text-align: justify;\"><span style=\"color: #000000;\">Aufbewahrung<\/span><\/h2>\n<p style=\"text-align: justify;\"><span style=\"color: #000000;\">An einem trockenen, dunklen Ort bei einer Temperatur von bis zu +25 \u00b0C aufbewahren.<\/span><\/p>\n<h2 style=\"text-align: justify;\"><span style=\"color: #000000;\">Menge<\/span><\/h2>\n<p style=\"text-align: justify;\"><span style=\"color: #000000;\">30 ml (ausreichend f\u00fcr 30 Tage bei regelm\u00e4\u00dfiger Anwendung)<\/span><\/p>\n","protected":false},"excerpt":{"rendered":"<p>Bach-Tropfen sind wirksam gegen verschiedene seelische N\u00f6te. Sie helfen in verschiedenen Krisen und schwierigen Lebenssituationen. Sie helfen, sich zu beruhigen und einen ruhigen Kopf zu bewahren. Sie wirken auf unsere Gef\u00fchlslage und helfen, diese zu harmonisieren.<\/p>\n<p>\ud83d\udc9a Die Tropfen werden am Tag des Versands von Hand verpackt.<br \/>\n\ud83d\udc9a Sie sind f\u00fcr alle Menschen (schwangere Frauen, \u00e4ltere Menschen, Kinder,&#8230;) und Tiere geeignet.<br \/>\n\ud83d\udc9a Sie haben keine Nebenwirkungen, machen nicht s\u00fcchtig und k\u00f6nnen nicht \u00fcberdosiert werden.<br \/>\n\ud83d\udc9a Die ersten Ergebnisse k\u00f6nnen nach ein paar Tagen oder Wochen eintreten, dies h\u00e4ngt von jedem Einzelnen ab.<br \/>\n\ud83d\udc9a Es gibt keine Wechselwirkungen mit anderen Medikamenten.<\/p>\n","protected":false},"featured_media":6898,"comment_status":"open","ping_status":"closed","template":"","meta":{"_acf_changed":false},"product_brand":[],"product_cat":[15,225,224,237],"product_tag":[],"class_list":{"0":"post-6910","1":"product","2":"type-product","3":"status-publish","4":"has-post-thumbnail","6":"product_cat-uncategorized","7":"product_cat-alle-produkte","8":"product_cat-angebot","9":"product_cat-bachblueten","11":"first","12":"instock","13":"sale","14":"taxable","15":"shipping-taxable","16":"purchasable","17":"product-type-simple"},"acf":[],"_links":{"self":[{"href":"https:\/\/fengchashop.com\/at\/wp-json\/wp\/v2\/product\/6910","targetHints":{"allow":["GET"]}}],"collection":[{"href":"https:\/\/fengchashop.com\/at\/wp-json\/wp\/v2\/product"}],"about":[{"href":"https:\/\/fengchashop.com\/at\/wp-json\/wp\/v2\/types\/product"}],"replies":[{"embeddable":true,"href":"https:\/\/fengchashop.com\/at\/wp-json\/wp\/v2\/comments?post=6910"}],"wp:featuredmedia":[{"embeddable":true,"href":"https:\/\/fengchashop.com\/at\/wp-json\/wp\/v2\/media\/6898"}],"wp:attachment":[{"href":"https:\/\/fengchashop.com\/at\/wp-json\/wp\/v2\/media?parent=6910"}],"wp:term":[{"taxonomy":"product_brand","embeddable":true,"href":"https:\/\/fengchashop.com\/at\/wp-json\/wp\/v2\/product_brand?post=6910"},{"taxonomy":"product_cat","embeddable":true,"href":"https:\/\/fengchashop.com\/at\/wp-json\/wp\/v2\/product_cat?post=6910"},{"taxonomy":"product_tag","embeddable":true,"href":"https:\/\/fengchashop.com\/at\/wp-json\/wp\/v2\/product_tag?post=6910"}],"curies":[{"name":"wp","href":"https:\/\/api.w.org\/{rel}","templated":true}]}}