{"id":6771,"date":"2025-07-24T19:47:34","date_gmt":"2025-07-24T17:47:34","guid":{"rendered":"https:\/\/fengchashop.com\/at\/product\/kreolisch-125-g\/"},"modified":"2025-09-30T12:37:44","modified_gmt":"2025-09-30T10:37:44","slug":"kreolisch-125-g","status":"publish","type":"product","link":"https:\/\/fengchashop.com\/at\/product\/kreolisch-125-g\/","title":{"rendered":"Kreolisch 125 g"},"content":{"rendered":"<h2><span style=\"color: #000000;\">Creole<\/span><\/h2>\n<p><span style=\"color: #000000;\">Creole ist eine Inselgew\u00fcrzmischung von h\u00f6chster Qualit\u00e4t. Sie ist \u00e4u\u00dferst <strong>aromatisch <\/strong>und leicht <strong>scharf<\/strong>.<\/span><\/p>\n<p><span style=\"color: #000000;\">Die kreolische Gew\u00fcrzmischung ist etwas Besonderes. Sie basiert auf einem Rezept von der Insel La R\u00e9union, wo die Restaurants seit langem mit Gew\u00fcrzen experimentieren und immer wieder neue und \u00fcberraschende Gew\u00fcrzmischungen herstellen. Dieses Rezept wurde nicht nur aus Leidenschaft, sondern vor allem <strong>aus Liebe zu Gew\u00fcrzen<\/strong> entwickelt.<\/span><\/p>\n<h2><span style=\"color: #000000;\">Verwendung von<\/span><\/h2>\n<p><span style=\"color: #000000;\">Es handelt sich um eine besondere Mischung, die den Geschmack von verschiedenen Salaten, Tomaten, Gurken, Artischocken und Auberginen verst\u00e4rkt. Sie passt auch gut zu Schafsk\u00e4se und kann als Marinade f\u00fcr Rindfleisch oder zum Grillen sowie zum W\u00fcrzen von Fisch wie Orca verwendet werden.<\/span><\/p>\n<p><span style=\"color: #000000;\">Zum W\u00fcrzen von Fleisch k\u00f6nnen Sie die Gew\u00fcrzmischung beim Braten \u00fcber Rind- oder Schweinekoteletts <strong>streuen<\/strong> oder eine <strong>Marinade<\/strong> daraus machen. Die Kreolische Gew\u00fcrzmischung ist eine delikate und ausgewogene Kombination aus f\u00fcnf Gew\u00fcrzen, mit der Sie Ihre Familie und G\u00e4ste \u00fcberraschen k\u00f6nnen.<\/span><\/p>\n<h2><span style=\"color: #000000;\">Zutaten<\/span><\/h2>\n<p><span style=\"color: #000000;\">Griechisches Heu, Knoblauch, Ingwer, Thymian, rosa Pfefferk\u00f6rner.<\/span><\/p>\n<p><span style=\"color: #000000;\">Kann Spuren von <strong>Staudensellerie<\/strong> und <strong>Senf<\/strong> enthalten.<\/span><\/p>\n<h2><span style=\"color: #000000;\">Lagerung<\/span><\/h2>\n<p><span style=\"color: #000000;\">An einem trockenen, dunklen und k\u00fchlen Ort aufbewahren. Achten Sie darauf, dass der Beutel oder die Schachtel fest verschlossen ist.<\/span><\/p>\n<h2><span style=\"color: #000000;\">Verpackung<\/span><\/h2>\n<p><span style=\"color: #000000;\">Nicht durchl\u00e4ssiger Zip-Lock-Beutel, in dem das Produkt seine ganze Frische und sein Aroma beh\u00e4lt. Die Verpackung sch\u00fctzt vor Licht und Luft, da sie aus mehreren Schutzschichten besteht, um die Eigenschaften des Inhalts zu erhalten.<\/span><\/p>\n<p><span style=\"color: #000000;\">Die Verpackung ist sehr praktisch und recycelbar.<\/span><\/p>\n<h2><span style=\"color: #000000;\">Herkunft<\/span><\/h2>\n<p><span style=\"color: #000000;\">EU<\/span><\/p>\n","protected":false},"excerpt":{"rendered":"<p>Creole ist \u00e4u\u00dferst aromatisch und leicht scharf. Es ist eine spezielle Mischung, die den Geschmack von verschiedenen Salaten, Tomaten, Gurken, Artischocken und Auberginen verst\u00e4rkt. Sie passt auch gut zu Feta-K\u00e4se und kann als Marinade f\u00fcr Rindfleisch oder zum Grillen sowie zum W\u00fcrzen von Fisch wie Orca verwendet werden.<\/p>\n<p>&#8211;  Erstklassige Qualit\u00e4t.<\/p>\n","protected":false},"featured_media":6772,"comment_status":"open","ping_status":"open","template":"","meta":{"_acf_changed":false},"product_brand":[],"product_cat":[15,225,224,234],"product_tag":[],"class_list":{"0":"post-6771","1":"product","2":"type-product","3":"status-publish","4":"has-post-thumbnail","6":"product_cat-uncategorized","7":"product_cat-alle-produkte","8":"product_cat-angebot","9":"product_cat-tee-lebensmittel-gewuerze","11":"first","12":"outofstock","13":"sale","14":"taxable","15":"shipping-taxable","16":"purchasable","17":"product-type-simple"},"acf":[],"_links":{"self":[{"href":"https:\/\/fengchashop.com\/at\/wp-json\/wp\/v2\/product\/6771","targetHints":{"allow":["GET"]}}],"collection":[{"href":"https:\/\/fengchashop.com\/at\/wp-json\/wp\/v2\/product"}],"about":[{"href":"https:\/\/fengchashop.com\/at\/wp-json\/wp\/v2\/types\/product"}],"replies":[{"embeddable":true,"href":"https:\/\/fengchashop.com\/at\/wp-json\/wp\/v2\/comments?post=6771"}],"wp:featuredmedia":[{"embeddable":true,"href":"https:\/\/fengchashop.com\/at\/wp-json\/wp\/v2\/media\/6772"}],"wp:attachment":[{"href":"https:\/\/fengchashop.com\/at\/wp-json\/wp\/v2\/media?parent=6771"}],"wp:term":[{"taxonomy":"product_brand","embeddable":true,"href":"https:\/\/fengchashop.com\/at\/wp-json\/wp\/v2\/product_brand?post=6771"},{"taxonomy":"product_cat","embeddable":true,"href":"https:\/\/fengchashop.com\/at\/wp-json\/wp\/v2\/product_cat?post=6771"},{"taxonomy":"product_tag","embeddable":true,"href":"https:\/\/fengchashop.com\/at\/wp-json\/wp\/v2\/product_tag?post=6771"}],"curies":[{"name":"wp","href":"https:\/\/api.w.org\/{rel}","templated":true}]}}