{"id":6617,"date":"2025-07-24T19:41:45","date_gmt":"2025-07-24T17:41:45","guid":{"rendered":"https:\/\/fengchashop.com\/at\/product\/puerh-sheng-menghai-2017-mini-tuo-cha-50-g\/"},"modified":"2025-09-30T12:37:43","modified_gmt":"2025-09-30T10:37:43","slug":"puerh-sheng-menghai-2017-mini-tuo-cha-50-g","status":"publish","type":"product","link":"https:\/\/fengchashop.com\/at\/product\/puerh-sheng-menghai-2017-mini-tuo-cha-50-g\/","title":{"rendered":"Puerh sheng Menghai 2017 mini tuo cha 50 g"},"content":{"rendered":"<h2><span style=\"color: #000000;\">Puerh sheng Menghai 2017 mini tuo cha (puerh cha)<\/span><\/h2>\n<p><span style=\"color: #000000;\">Der im Menghai-Distrikt geerntete Puerh-Tee geh\u00f6rt zur Sheng-(Roh-)Art des Puerh-Tees. Er hat einen starken und s\u00fc\u00dfen Geschmack mit einem sehr langen Nachgeschmack. Die Farbe des Tees ist br\u00e4unlich-orange. Der Tee wurde im Fr\u00fchjahr 2017 gepfl\u00fcckt.<\/span><\/p>\n<p><span style=\"color: #000000;\">Mini tuo cha bedeutet, dass die Teebl\u00e4tter zu kleinen &#8222;Kuchen&#8220; gepresst sind. Jedes wiegt ungef\u00e4hr 5 Gramm. Die gleichen Bl\u00e4tter k\u00f6nnen bis zu 20 Mal hintereinander verwendet werden.<\/span><\/p>\n<p><span style=\"color: #000000;\">Puerh-Tee enth\u00e4lt Qi-Energie und h\u00e4lt den K\u00f6rper in Harmonie.<\/span><\/p>\n<h2><span style=\"color: #000000;\">Zubereitung<\/span><\/h2>\n<p><span style=\"color: #000000;\">Wasser: 95 \u00b0C<\/span><\/p>\n<p><span style=\"color: #000000;\">Teemenge: 5 Gramm<\/span><\/p>\n<p><span style=\"color: #000000;\">Wassermenge: 150 &#8211; 200 ml<\/span><\/p>\n<p><span style=\"color: #000000;\">Aufgusszeit: 30 Sekunden<\/span><\/p>\n<p><span style=\"color: #000000;\">Anzahl der Aufg\u00fcsse: mindestens 15. Die Ziehzeit f\u00fcr jedes Topping leicht erh\u00f6hen.<\/span><\/p>\n<p><span style=\"color: #000000;\">Teegeschirr: Yixing-Teekanne, Glas oder Porzellan<\/span><\/p>\n<p><span style=\"color: #000000;\">Puerh-Tee kann auch auf traditionelle Weise zubereitet werden &#8211; <a style=\"color: #000000;\" href=\"https:\/\/www.youtube.com\/watch?v=wYz001c8KeA\" target=\"_blank\" rel=\"noopener\">siehe Video<\/a>.<\/span><\/p>\n<h2><span style=\"color: #000000;\">Lagerung<\/span><\/h2>\n<p><span style=\"color: #000000;\">Puerh-Tee sollte an einem trockenen, dunklen und k\u00fchlen Ort gelagert werden.<\/span><\/p>\n<h2><span style=\"color: #000000;\">Verpackung<\/span><\/h2>\n<p><span style=\"color: #000000;\">In einem undurchl\u00e4ssigen Zip-Lock-Beutel, in dem das Produkt seine ganze Frische und sein Aroma bewahrt. Die Verpackung sch\u00fctzt ihn vor Licht und Luft. Sie besteht aus mehreren Schutzschichten, um die Eigenschaften des Produkts zu erhalten.<\/span><\/p>\n<p><span style=\"color: #000000;\">Die Verpackung ist sehr praktisch und recycelbar.<\/span><\/p>\n<h2><span style=\"color: #000000;\">Herkunft<\/span><\/h2>\n<p><span style=\"color: #000000;\">Yunnan (China)<\/span><\/p>\n","protected":false},"excerpt":{"rendered":"<p>Er hat einen starken und ausgewogenen Geschmack mit einem sehr langen und s\u00fc\u00dfen Nachgeschmack.  Mini tuo cha bedeutet, dass die Teebl\u00e4tter zu kleinen &#8222;Kuchen&#8220; gepresst werden. Jedes wiegt etwa 5 Gramm. Die gleichen Bl\u00e4tter k\u00f6nnen bis zu 20 Mal hintereinander verwendet werden.<\/p>\n<p>&#8211;  Enth\u00e4lt Qi-Energie.<br \/>\n&#8211;  H\u00e4lt den K\u00f6rper in Harmonie.<\/p>\n","protected":false},"featured_media":6618,"comment_status":"open","ping_status":"open","template":"","meta":{"_acf_changed":false},"product_brand":[],"product_cat":[15,225,224,223,234],"product_tag":[],"class_list":{"0":"post-6617","1":"product","2":"type-product","3":"status-publish","4":"has-post-thumbnail","6":"product_cat-uncategorized","7":"product_cat-alle-produkte","8":"product_cat-angebot","9":"product_cat-tee","10":"product_cat-tee-lebensmittel-gewuerze","12":"first","13":"outofstock","14":"sale","15":"taxable","16":"shipping-taxable","17":"purchasable","18":"product-type-simple"},"acf":[],"_links":{"self":[{"href":"https:\/\/fengchashop.com\/at\/wp-json\/wp\/v2\/product\/6617","targetHints":{"allow":["GET"]}}],"collection":[{"href":"https:\/\/fengchashop.com\/at\/wp-json\/wp\/v2\/product"}],"about":[{"href":"https:\/\/fengchashop.com\/at\/wp-json\/wp\/v2\/types\/product"}],"replies":[{"embeddable":true,"href":"https:\/\/fengchashop.com\/at\/wp-json\/wp\/v2\/comments?post=6617"}],"wp:featuredmedia":[{"embeddable":true,"href":"https:\/\/fengchashop.com\/at\/wp-json\/wp\/v2\/media\/6618"}],"wp:attachment":[{"href":"https:\/\/fengchashop.com\/at\/wp-json\/wp\/v2\/media?parent=6617"}],"wp:term":[{"taxonomy":"product_brand","embeddable":true,"href":"https:\/\/fengchashop.com\/at\/wp-json\/wp\/v2\/product_brand?post=6617"},{"taxonomy":"product_cat","embeddable":true,"href":"https:\/\/fengchashop.com\/at\/wp-json\/wp\/v2\/product_cat?post=6617"},{"taxonomy":"product_tag","embeddable":true,"href":"https:\/\/fengchashop.com\/at\/wp-json\/wp\/v2\/product_tag?post=6617"}],"curies":[{"name":"wp","href":"https:\/\/api.w.org\/{rel}","templated":true}]}}