{"id":6552,"date":"2025-07-24T19:40:51","date_gmt":"2025-07-24T17:40:51","guid":{"rendered":"https:\/\/fengchashop.com\/at\/product\/bai-mu-dan-bio-100-g\/"},"modified":"2025-09-30T12:37:39","modified_gmt":"2025-09-30T10:37:39","slug":"bai-mu-dan-bio","status":"publish","type":"product","link":"https:\/\/fengchashop.com\/at\/product\/bai-mu-dan-bio\/","title":{"rendered":"Bai mu dan BIO 100 g"},"content":{"rendered":"<h2><span style=\"color: #000000;\">Bai mu dan BIO (Wei\u00dfer Tee)<\/span><\/h2>\n<p><span style=\"color: #000000;\">Bai mu dan ist ein wei\u00dfer Tee, der immer aus kleinen Spitzen und Bl\u00e4ttern besteht. Wei\u00dfer Tee ist der am wenigsten verarbeitete aller Teesorten und eine reiche Quelle von Antioxidantien. Dieser wei\u00dfe Tee stammt aus biologischem Anbau.<\/span><\/p>\n<h2><span style=\"color: #000000;\">Lagerung<\/span><\/h2>\n<p><span style=\"color: #000000;\">Bewahren Sie Bio-Tees an einem trockenen, dunklen und k\u00fchlen Ort auf.<\/span><\/p>\n<h2><span style=\"color: #000000;\">Verpackung:<\/span><\/h2>\n<p><span style=\"color: #000000;\">In einem undurchl\u00e4ssigen Zip-Lock-Beutel, in dem das Produkt seine ganze Frische und sein Aroma bewahrt. Die Verpackung sch\u00fctzt vor Licht und Luft. Sie besteht aus mehreren Schutzschichten, um die Eigenschaften des Produkts zu erhalten.<\/span><\/p>\n<p><span style=\"color: #000000;\">Die Verpackung ist sehr praktisch und recycelbar.<\/span><\/p>\n<h2><span style=\"color: #000000;\">Herkunft<\/span><\/h2>\n<p><span style=\"color: #000000;\">Fujian (China). <\/span>Wir haben sehr zuverl\u00e4ssige Lieferanten, die uns f\u00fcr jede Charge eine detaillierte chemische Analyse der Lebensmittel zukommen lassen. In mehr als zehn Jahren hatten wir weder mit diesem Artikel noch mit anderen Artikeln desselben Lieferanten R\u00fcckrufe oder andere Probleme.<\/p>\n<p>Der Artikel verf\u00fcgt \u00fcber ein 100 % Bio-Zertifikat.<\/p>\n","protected":false},"excerpt":{"rendered":"<p>Bai mu dan ist ein wei\u00dfer Tee, der immer aus kleinen Spitzen und Bl\u00e4ttern besteht. Wei\u00dfe Tees sind die am wenigsten verarbeiteten Teesorten \u00fcberhaupt.<\/p>\n<p>\ud83d\udc9a Er wird biologisch angebaut.<br \/>\n\ud83d\udc9a Eine reiche Quelle von Antioxidantien.<\/p>\n","protected":false},"featured_media":6553,"comment_status":"open","ping_status":"closed","template":"","meta":{"_acf_changed":false},"product_brand":[],"product_cat":[15,225,224,223,234],"product_tag":[],"class_list":{"0":"post-6552","1":"product","2":"type-product","3":"status-publish","4":"has-post-thumbnail","6":"product_cat-uncategorized","7":"product_cat-alle-produkte","8":"product_cat-angebot","9":"product_cat-tee","10":"product_cat-tee-lebensmittel-gewuerze","12":"first","13":"outofstock","14":"sale","15":"taxable","16":"shipping-taxable","17":"purchasable","18":"product-type-simple"},"acf":[],"_links":{"self":[{"href":"https:\/\/fengchashop.com\/at\/wp-json\/wp\/v2\/product\/6552","targetHints":{"allow":["GET"]}}],"collection":[{"href":"https:\/\/fengchashop.com\/at\/wp-json\/wp\/v2\/product"}],"about":[{"href":"https:\/\/fengchashop.com\/at\/wp-json\/wp\/v2\/types\/product"}],"replies":[{"embeddable":true,"href":"https:\/\/fengchashop.com\/at\/wp-json\/wp\/v2\/comments?post=6552"}],"wp:featuredmedia":[{"embeddable":true,"href":"https:\/\/fengchashop.com\/at\/wp-json\/wp\/v2\/media\/6553"}],"wp:attachment":[{"href":"https:\/\/fengchashop.com\/at\/wp-json\/wp\/v2\/media?parent=6552"}],"wp:term":[{"taxonomy":"product_brand","embeddable":true,"href":"https:\/\/fengchashop.com\/at\/wp-json\/wp\/v2\/product_brand?post=6552"},{"taxonomy":"product_cat","embeddable":true,"href":"https:\/\/fengchashop.com\/at\/wp-json\/wp\/v2\/product_cat?post=6552"},{"taxonomy":"product_tag","embeddable":true,"href":"https:\/\/fengchashop.com\/at\/wp-json\/wp\/v2\/product_tag?post=6552"}],"curies":[{"name":"wp","href":"https:\/\/api.w.org\/{rel}","templated":true}]}}