{"id":6421,"date":"2022-05-20T15:37:07","date_gmt":"2022-05-20T13:37:07","guid":{"rendered":"https:\/\/fengchashop.com\/at\/product\/kakaopulver-bio-250-g\/"},"modified":"2026-04-18T16:25:28","modified_gmt":"2026-04-18T14:25:28","slug":"kakaopulver-bio","status":"publish","type":"product","link":"https:\/\/fengchashop.com\/at\/product\/kakaopulver-bio\/","title":{"rendered":"Kakaopulver BIO 250 g"},"content":{"rendered":"<h2 style=\"text-align: justify\"><span style=\"color: #000000\">Kakaopulver BIO<\/span><\/h2>\n<p style=\"text-align: justify\"><span style=\"color: #000000\">Die Kakaobohnen oder Samen, aus denen der Kakao gewonnen wird, wachsen in Schoten an einem Baum, der <b>Kakaobaum<\/b> genannt wird. <b><i>Theobroma cacao<\/i><\/b>. Kakao ist seit Jahrtausenden ein beliebtes Nahrungsmittel. Er ist in S\u00fcd- und Mittelamerika heimisch. Er ist der Grundrohstoff f\u00fcr die Herstellung aller Arten von Schokolade.<\/span><\/p>\n<p style=\"text-align: justify\"><span style=\"color: #000000\">Kakao enth\u00e4lt bei weitem <b>mehr Antioxidantien<\/b> als jedes andere Lebensmittel. Er enth\u00e4lt dreimal mehr als gr\u00fcner Tee. Dar\u00fcber hinaus enth\u00e4lt er viele <b>Mineralien<\/b> wie Kalium, Zink, Magnesium, Eisen und Kalzium. Er ist auch eine Quelle von <b>Eiwei\u00df<\/b> und <b>Ballaststoffen<\/b>. Alle diese Stoffe sind wichtig f\u00fcr die Erhaltung unserer Gesundheit. Er enth\u00e4lt auch N\u00e4hrstoffe, die sich positiv auf unser Kreislaufsystem auswirken, indem sie das Blut verd\u00fcnnen und Blutgerinnsel verhindern. Er verbessert die Stimmung, indem er den Serotoninspiegel im Gehirn erh\u00f6ht. Tats\u00e4chlich enth\u00e4lt er bis zu <b>300 verschiedene Verbindungen<\/b>, die eine stimmungsaufhellende Wirkung haben k\u00f6nnen.<\/span><\/p>\n<p style=\"text-align: justify\"><span style=\"color: #000000\">Die Kakaobohnen f\u00fcr diesen Kakao werden von Hand gepfl\u00fcckt. Die ausgew\u00e4hlten Bohnen werden zun\u00e4chst fermentiert, um die charakteristische Bitterkeit etwas zu reduzieren. Auf diese Weise behalten die Kakaobohnen ihren N\u00e4hrwert, ohne dass unn\u00f6tige Zusatzstoffe hinzugef\u00fcgt werden. Ein t\u00e4glicher Verzehr von nur 25-30 Gramm Kakao reicht aus, um in den Genuss aller Vorteile zu kommen.<\/span><\/p>\n<h2><span style=\"color: #000000\">Warum diese Kakaopulvermischung kaufen?<\/span><\/h2>\n<p style=\"text-align: justify\"><span style=\"color: #000000\">Ganz einfach, weil:<\/span><\/p>\n<p style=\"text-align: justify\"><span style=\"color: #000000\">1. es aus kontrolliert <b>biologischem Anbau<\/b> stammt und somit das Beste ist, was wir anbieten k\u00f6nnen.<\/span><\/p>\n<p style=\"text-align: justify\"><span style=\"color: #000000\">2. es sich um ein <b>preisgekr\u00f6ntes Produkt<\/b> handelt, dank seiner besonderen Mischung aus gemahlenen Kakaobohnen dreier verschiedener Herk\u00fcnfte &#8211; aus drei afrikanischen L\u00e4ndern.<\/span><\/p>\n<p style=\"text-align: justify\"><span style=\"color: #000000\">3. <b>frei von Zusatzstoffen<\/b> und anderen unn\u00f6tigen Zutaten wie Zucker oder anderen S\u00fc\u00dfungsmitteln.<\/span><\/p>\n<p style=\"text-align: justify\"><span style=\"color: #000000\">Eine gelungene Kombination, die selbst die anspruchsvollsten Gaumen zufriedenstellt. Eine nicht zu s\u00fc\u00dfe und nicht zu bittere Version des Kakaos, der beim Backen von Desserts, aber auch beim Kochen unverzichtbar ist. Das fruchtige Aroma wird durch den <b>Geschmack der ger\u00f6steten Kakaobohnen<\/b> erg\u00e4nzt. Ideal f\u00fcr die Zubereitung eines Kakaogetr\u00e4nks mit normaler Milch oder pflanzlichen Getr\u00e4nken. <\/span><\/p>\n<h2><span style=\"color: #000000\">Lagerung<\/span><\/h2>\n<p style=\"text-align: justify\"><span style=\"color: #000000\">An einem trockenen, dunklen und k\u00fchlen Ort aufbewahren. Achten Sie darauf, dass der Beutel fest verschlossen ist.<\/span><\/p>\n<h2><span style=\"color: #000000\">Verpackung<\/span><\/h2>\n<p style=\"text-align: justify\"><span style=\"color: #000000\">Undurchl\u00e4ssiger Zip-Lock-Beutel, in dem das Produkt seine ganze Frische und sein Aroma bewahrt. Die Verpackung sch\u00fctzt vor Licht und Luft, da sie aus mehreren Schutzschichten besteht, um die Eigenschaften des Inhalts zu erhalten.<\/span><\/p>\n<p style=\"text-align: justify\"><span style=\"color: #000000\">Die Verpackung ist sehr praktisch und recycelbar.<\/span><\/p>\n<h2><span style=\"color: #000000\">Herkunft<\/span><\/h2>\n<p style=\"text-align: justify\"><span style=\"color: #000000\">Sierra Leone, Ghana und C\u00f4te d&#8217;Ivoire<\/span><\/p>\n","protected":false},"excerpt":{"rendered":"<p>Kakao enth\u00e4lt bei weitem mehr Antioxidantien als jedes andere Lebensmittel. Er enth\u00e4lt dreimal mehr als gr\u00fcner Tee. Dar\u00fcber hinaus enth\u00e4lt er auch viele Mineralien wie Kalium, Zink, Magnesium, Eisen und Kalzium. Er ist auch eine Quelle von Eiwei\u00df und Ballaststoffen. Alle diese Stoffe sind wichtig f\u00fcr die Erhaltung unserer Gesundheit. Er enth\u00e4lt auch N\u00e4hrstoffe, die sich positiv auf unser Kreislaufsystem auswirken, indem sie das Blut verd\u00fcnnen und Blutgerinnsel verhindern. Er verbessert die Stimmung, indem er den Serotoninspiegel im Gehirn erh\u00f6ht. Tats\u00e4chlich enth\u00e4lt er bis zu 300 verschiedene Verbindungen, die sich stimmungsaufhellend auswirken k\u00f6nnen.<\/p>\n<p>\ud83d\udc9a Es stammt aus kontrolliert biologischem Anbau.<br \/>\n\ud83d\udc9a Preisgekr\u00f6ntes Produkt dank seiner speziellen Mischung aus gemahlenen Kakaobohnen unterschiedlicher Herkunft &#8211; aus drei afrikanischen L\u00e4ndern.<br \/>\n\ud83d\udc9a Es ist frei von Zusatzstoffen und anderen unn\u00f6tigen Zutaten wie Zucker oder anderen S\u00fc\u00dfungsmitteln.<\/p>\n","protected":false},"featured_media":6422,"comment_status":"open","ping_status":"closed","template":"","meta":{"_acf_changed":false},"product_brand":[],"product_cat":[15,225,224,238],"product_tag":[],"class_list":{"0":"post-6421","1":"product","2":"type-product","3":"status-publish","4":"has-post-thumbnail","6":"product_cat-uncategorized","7":"product_cat-alle-produkte","8":"product_cat-angebot","9":"product_cat-gute-angebote","11":"first","12":"instock","13":"sale","14":"taxable","15":"shipping-taxable","16":"purchasable","17":"product-type-simple"},"acf":[],"_links":{"self":[{"href":"https:\/\/fengchashop.com\/at\/wp-json\/wp\/v2\/product\/6421","targetHints":{"allow":["GET"]}}],"collection":[{"href":"https:\/\/fengchashop.com\/at\/wp-json\/wp\/v2\/product"}],"about":[{"href":"https:\/\/fengchashop.com\/at\/wp-json\/wp\/v2\/types\/product"}],"replies":[{"embeddable":true,"href":"https:\/\/fengchashop.com\/at\/wp-json\/wp\/v2\/comments?post=6421"}],"wp:featuredmedia":[{"embeddable":true,"href":"https:\/\/fengchashop.com\/at\/wp-json\/wp\/v2\/media\/6422"}],"wp:attachment":[{"href":"https:\/\/fengchashop.com\/at\/wp-json\/wp\/v2\/media?parent=6421"}],"wp:term":[{"taxonomy":"product_brand","embeddable":true,"href":"https:\/\/fengchashop.com\/at\/wp-json\/wp\/v2\/product_brand?post=6421"},{"taxonomy":"product_cat","embeddable":true,"href":"https:\/\/fengchashop.com\/at\/wp-json\/wp\/v2\/product_cat?post=6421"},{"taxonomy":"product_tag","embeddable":true,"href":"https:\/\/fengchashop.com\/at\/wp-json\/wp\/v2\/product_tag?post=6421"}],"curies":[{"name":"wp","href":"https:\/\/api.w.org\/{rel}","templated":true}]}}