{"id":6417,"date":"2025-07-24T19:37:59","date_gmt":"2025-07-24T17:37:59","guid":{"rendered":"https:\/\/fengchashop.com\/at\/product\/caffe-ganoderma-bio-250-g\/"},"modified":"2025-09-30T12:37:37","modified_gmt":"2025-09-30T10:37:37","slug":"caffe-ganoderma-bio","status":"publish","type":"product","link":"https:\/\/fengchashop.com\/at\/product\/caffe-ganoderma-bio\/","title":{"rendered":"Caff\u00e8 Ganoderma BIO 250 g"},"content":{"rendered":"<h2 style=\"text-align: justify;\"><span style=\"color: #000000;\">Caff\u00e8 Ganoderma BIO &#8211; KAFFEE F\u00dcR DIE GESUNDHEIT<\/span><\/h2>\n<p style=\"text-align: justify;\"><span style=\"color: #000000;\">Unsere spezielle Kaffeemischung f\u00fcr die Gesundheit enth\u00e4lt nur zwei Zutaten, um ein gutes und gesundes Getr\u00e4nk herzustellen. Wir haben dem ger\u00f6steten<strong> Arabica-Kaffee<\/strong> den Heilpilz Ganoderma lucidum in Pulverform (5 %) zugesetzt. Das Ergebnis ist ein Getr\u00e4nk, das den charakteristischen Geschmack des Kaffees mit den gesundheitlichen und ern\u00e4hrungsphysiologischen Vorteilen des Pilzes verbindet. <strong>Arabica-Kaffee zeichnet sich durch einen reichhaltigen Geschmack und einen langen Br\u00fchvorgang<\/strong> aus, bei dem das Aroma des Pilzes kaum zu schmecken ist. Feng Cha&#8217;s Caff\u00e8 Ganoderma BIO ist ein Produkt, das mit Blick auf Sie und Ihre Gesundheit hergestellt wird. Die Zubereitung des Getr\u00e4nks ist ganz einfach und Sie m\u00fcssen sich keine Gedanken \u00fcber das Mischen der Zutaten und die richtige Dosierung der einzelnen Bestandteile machen. Verwenden Sie die Mischung einfach direkt aus dem praktischen Glasbeh\u00e4lter oder dem Zip-Lock-Beutel und genie\u00dfen Sie den vertrauten Geschmack, w\u00e4hrend Sie sich selbst etwas Gutes tun.<\/span><\/p>\n<p style=\"text-align: justify;\"><span style=\"color: #000000;\">Die gemahlenen Kaffeebohnen und der Ganoderma lucidum-Pilz stammen aus biologischem Anbau.<\/span><\/p>\n<h2 style=\"text-align: justify;\"><span style=\"color: #000000;\">Warum Ganoderma lucidum?<\/span><\/h2>\n<p style=\"text-align: justify;\"><span style=\"color: #000000;\">Ganoderma lucidum, auch bekannt als <strong>der Pilz der Unsterblichkeit<\/strong>, wird in der traditionellen chinesischen Medizin seit mindestens einigen Jahrtausenden verwendet. Er ist auch als Reishi oder Gl\u00e4nzender Knollenbl\u00e4tterpilz bekannt. Er ist daf\u00fcr bekannt, dass er das <strong>allgemeine Wohlbefinden und das Immunsystem verbessert<\/strong>. Dar\u00fcber hinaus hat er viele weitere positive Wirkungen. Unter anderem kann er einen unausgeglichenen K\u00f6rper wieder ins Gleichgewicht bringen und ihn in einen gesunden K\u00f6rper verwandeln.<\/span><\/p>\n<p style=\"text-align: justify;\"><span style=\"color: #000000;\">Ganoderma lucidum besteht aus komplexen Polysacchariden, Triterpenoiden, Vitaminen (A, B2, B3, B6, Fols\u00e4ure, usw.) und bioaktiven Mineralien (Germanium, Eisen, Magnesium, Zink, Kupfer, Mangan, usw.). Alle diese Elemente sind in gro\u00dfen Mengen im Pilz vorhanden und haben daher eine \u00e4u\u00dferst positive Wirkung auf unseren K\u00f6rper.<\/span><\/p>\n<h2 style=\"text-align: justify;\"><span style=\"color: #000000;\">Wie wird das Getr\u00e4nk zubereitet?<\/span><\/h2>\n<p style=\"text-align: justify;\"><span style=\"color: #000000;\">Die Zubereitung ist ganz einfach. Sie bereiten ihn so zu, wie Sie normalerweise Ihren Kaffee zubereiten. Er ist gr\u00f6ber gemahlen und daher f\u00fcr die Zubereitung in einer Mokkakanne vorgesehen. Nat\u00fcrlich k\u00f6nnen Sie ihn auch als t\u00fcrkischen Kaffee in einer Kaffeekanne oder mit Hilfe eines anderen Ger\u00e4ts zubereiten, das f\u00fcr die Kaffeezubereitung gedacht ist.<\/span><\/p>\n<p style=\"text-align: justify;\"><span style=\"color: #000000;\">Sie k\u00f6nnen das Getr\u00e4nk nach Belieben s\u00fc\u00dfen und je nach Geschmack Zus\u00e4tze hinzuf\u00fcgen (Milch, Gem\u00fcsebr\u00fche, Kaffeesahne, Zimt usw.).<\/span><\/p>\n<h2 style=\"text-align: justify;\"><span style=\"color: #000000;\">Welche weiteren gesundheitlichen Vorteile hat das Kaffeetrinken?<\/span><\/h2>\n<p style=\"text-align: justify;\"><span style=\"color: #000000;\">In Pulverform enth\u00e4lt Ganoderma lucidum zahlreiche N\u00e4hrstoffe, und<strong> viele seiner positiven Wirkungen sind wissenschaftlich erwiesen<\/strong>. Studien in verschiedenen L\u00e4ndern der Welt haben viele der positiven Wirkungen best\u00e4tigt, die mit dem regelm\u00e4\u00dfigen Verzehr von Ganoderma lucidum in Verbindung gebracht werden, darunter: <\/span><\/p>\n<ul style=\"text-align: justify;\">\n<li><span style=\"color: #000000;\">Stimulierung des Immunsystems,<\/span><\/li>\n<li><span style=\"color: #000000;\">verbessert die Blutzirkulation,<\/span><\/li>\n<li><span style=\"color: #000000;\">reguliert den Blutdruck, den Cholesterinspiegel und den Blutzucker bei Diabetes,<\/span><\/li>\n<li><span style=\"color: #000000;\">hat eine antiallergische Wirkung,<\/span><\/li>\n<li><span style=\"color: #000000;\">hat die Funktion, ein gesundes Herz- und Gef\u00e4\u00dfsystem zu erhalten,<\/span><\/li>\n<li><span style=\"color: #000000;\">es ist ein starkes Antioxidans, das freie Radikale abf\u00e4ngt,<\/span><\/li>\n<li><span style=\"color: #000000;\">reduziert die Nebenwirkungen der Chemotherapie,<\/span><\/li>\n<li><span style=\"color: #000000;\">hilft bei Arteriosklerose und Multipler Sklerose,<\/span><\/li>\n<li><span style=\"color: #000000;\">hilft bei Asthma und Bronchitis,<\/span><\/li>\n<li><span style=\"color: #000000;\">hat eine entz\u00fcndungshemmende Wirkung,<\/span><\/li>\n<li><span style=\"color: #000000;\">hilft bei Magengeschw\u00fcren, Darmgeschw\u00fcren, Gastritis,<\/span><\/li>\n<li><span style=\"color: #000000;\">lindert die Symptome der Menopause und stimuliert die Libido,<\/span><\/li>\n<li><span style=\"color: #000000;\">beugt Thrombose, Herzrhythmusst\u00f6rungen und Herzinfarkten vor,<\/span><\/li>\n<li><span style=\"color: #000000;\">hilft bei Entz\u00fcndungen des Nervensystems und Neurodermitis,<\/span><\/li>\n<li><span style=\"color: #000000;\">hilft auch bei Migr\u00e4ne, Erk\u00e4ltungen, \u00d6demen, etc.<\/span><\/li>\n<\/ul>\n<h2 style=\"text-align: justify;\"><span style=\"color: #000000;\">Lagerung<\/span><\/h2>\n<p style=\"text-align: justify;\"><span style=\"color: #000000;\">An einem trockenen, dunklen und k\u00fchlen Ort aufbewahren. Achten Sie darauf, dass der Beutel fest verschlossen ist.<\/span><\/p>\n<h2 style=\"text-align: justify;\"><span style=\"color: #000000;\">Verpackung<\/span><\/h2>\n<p><span style=\"color: #000000;\">Undurchl\u00e4ssiger Zip-Lock-Beutel, in dem das Produkt seine ganze Frische und sein Aroma bewahrt. Die Verpackung sch\u00fctzt vor Licht und Luft, da sie aus mehreren Schutzschichten besteht, um die Eigenschaften des Inhalts zu erhalten.<\/span><\/p>\n<p><span style=\"color: #000000;\">Die Verpackung ist sehr praktisch und recycelbar.<\/span><\/p>\n<h2 style=\"text-align: justify;\"><span style=\"color: #000000;\">Herkunft<\/span><\/h2>\n<p style=\"text-align: justify;\"><span style=\"color: #000000;\">Slowenien<\/span><\/p>\n","protected":false},"excerpt":{"rendered":"<p>Unsere spezielle Gesundheitskaffeemischung enth\u00e4lt nur zwei Zutaten, um ein gutes und gesundes Getr\u00e4nk herzustellen. Wir haben dem ger\u00f6steten<strong> Arabica-Kaffee<\/strong> den Heilpilz Ganoderma lucidum in Pulverform (5 %) zugesetzt. Das Ergebnis ist ein Getr\u00e4nk, das den charakteristischen Geschmack von Kaffee mit den gesundheitlichen und ern\u00e4hrungsphysiologischen Vorteilen des Pilzes verbindet. <strong>Arabica-Kaffee zeichnet sich durch einen reichen Geschmack und einen langen Br\u00fchvorgang aus<\/strong>, bei dem das Aroma des Pilzes kaum zu schmecken ist. Die Zubereitung des Getr\u00e4nks ist ganz einfach und Sie m\u00fcssen sich keine Gedanken \u00fcber das Mischen der Zutaten und die richtige Dosierung machen. Verwenden Sie die Mischung einfach direkt aus dem praktischen Glasbeh\u00e4lter oder dem Zip-Lock-Beutel und genie\u00dfen Sie den vertrauten Geschmack, w\u00e4hrend Sie sich selbst etwas Gutes tun. In Pulverform enth\u00e4lt Ganoderma lucidum viele N\u00e4hrstoffe und seine zahlreichen positiven Wirkungen sind wissenschaftlich erwiesen. Studien in verschiedenen L\u00e4ndern der Welt haben viele der positiven Wirkungen best\u00e4tigt, die mit dem regelm\u00e4\u00dfigen Verzehr von Ganoderma lucidum in Verbindung gebracht werden, darunter:<\/p>\n<p>\ud83d\udc9a stimuliert das Immunsystem,<br \/>\n\ud83d\udc9a verbessert die Blutzirkulation,<br \/>\n\ud83d\udc9a reguliert den Blutdruck, den Cholesterinspiegel und den Blutzucker bei Diabetes,<br \/>\n\ud83d\udc9a hat eine antiallergische Wirkung,<br \/>\n\ud83d\udc9a ist ein starkes Antioxidans, das freie Radikale abf\u00e4ngt,<br \/>\n\ud83d\udc9a hat eine entz\u00fcndungshemmende Wirkung.<\/p>\n","protected":false},"featured_media":6418,"comment_status":"open","ping_status":"closed","template":"","meta":{"_acf_changed":false},"product_brand":[],"product_cat":[15,225,224,234],"product_tag":[],"class_list":{"0":"post-6417","1":"product","2":"type-product","3":"status-publish","4":"has-post-thumbnail","6":"product_cat-uncategorized","7":"product_cat-alle-produkte","8":"product_cat-angebot","9":"product_cat-tee-lebensmittel-gewuerze","11":"first","12":"outofstock","13":"sale","14":"taxable","15":"shipping-taxable","16":"purchasable","17":"product-type-simple"},"acf":[],"_links":{"self":[{"href":"https:\/\/fengchashop.com\/at\/wp-json\/wp\/v2\/product\/6417","targetHints":{"allow":["GET"]}}],"collection":[{"href":"https:\/\/fengchashop.com\/at\/wp-json\/wp\/v2\/product"}],"about":[{"href":"https:\/\/fengchashop.com\/at\/wp-json\/wp\/v2\/types\/product"}],"replies":[{"embeddable":true,"href":"https:\/\/fengchashop.com\/at\/wp-json\/wp\/v2\/comments?post=6417"}],"wp:featuredmedia":[{"embeddable":true,"href":"https:\/\/fengchashop.com\/at\/wp-json\/wp\/v2\/media\/6418"}],"wp:attachment":[{"href":"https:\/\/fengchashop.com\/at\/wp-json\/wp\/v2\/media?parent=6417"}],"wp:term":[{"taxonomy":"product_brand","embeddable":true,"href":"https:\/\/fengchashop.com\/at\/wp-json\/wp\/v2\/product_brand?post=6417"},{"taxonomy":"product_cat","embeddable":true,"href":"https:\/\/fengchashop.com\/at\/wp-json\/wp\/v2\/product_cat?post=6417"},{"taxonomy":"product_tag","embeddable":true,"href":"https:\/\/fengchashop.com\/at\/wp-json\/wp\/v2\/product_tag?post=6417"}],"curies":[{"name":"wp","href":"https:\/\/api.w.org\/{rel}","templated":true}]}}