{"id":6395,"date":"2022-05-20T08:51:51","date_gmt":"2022-05-20T06:51:51","guid":{"rendered":"https:\/\/fengchashop.com\/at\/product\/atractylodes-pulver-250-g\/"},"modified":"2026-05-12T17:41:58","modified_gmt":"2026-05-12T15:41:58","slug":"atractylodes-pulver","status":"publish","type":"product","link":"https:\/\/fengchashop.com\/at\/product\/atractylodes-pulver\/","title":{"rendered":"Atractylodes Pulver 250 g"},"content":{"rendered":"<h2><span style=\"color: #000000\"><strong>Atractilis-Pulver<\/strong><\/span><\/h2>\n<p><span style=\"color: #000000\">Atractylodes macrocephala (Atractylodes) ist ein mehrj\u00e4hriges Kraut, das etwa einen halben Meter hoch wird. Es hat fleischige Wurzeln und einen schmalen St\u00e4ngel mit verzweigten Bl\u00e4ttern. Es tr\u00e4gt im Sp\u00e4tsommer oder Herbst Fr\u00fcchte. In China ist sie auch als bai zhu bekannt. Die Wurzeln, die f\u00fcr medizinische Zwecke verwendet werden, werden im Winter ausgegraben und getrocknet, um sie f\u00fcr den Verzehr vorzubereiten. Traditionell wird sie in China <strong>zur St\u00e4rkung der Qi-Energie, zur Kr\u00e4ftigung des K\u00f6rpers und zur Erh\u00f6hung der Widerstandsf\u00e4higkeit gegen Krankheiten<\/strong> verwendet <strong>.<\/strong> In der traditionellen chinesischen Kr\u00e4uterkunde gilt er als eine<strong> der wichtigsten Zutaten in vielen Kr\u00e4utermischungen und<\/strong> wird besonders gerne mit Ginseng kombiniert.<\/span><\/p>\n<h2><span style=\"color: #000000\"><strong>F\u00fcr wen wird die Einnahme empfohlen<\/strong><\/span><\/h2>\n<p><span style=\"color: #000000\">Am h\u00e4ufigsten wird es<strong> zur St\u00e4rkung von Milz und Magen<\/strong> verwendet<strong>.<\/strong> Atractylus kann die Verdauung effizienter machen und soll auch <strong>den Appetit regulieren und beim Abnehmen helfen.<\/strong> In Verbindung mit k\u00f6rperlicher Aktivit\u00e4t hilft es, die Muskelmasse zu vergr\u00f6\u00dfern und so die k\u00f6rperliche Fitness und Ausdauer zu verbessern.<\/span><\/p>\n<p><span style=\"color: #000000\">Atractilis ist besonders<strong> verdauungsf\u00f6rdernd und hilft Menschen, die unter h\u00e4ufigen Bl\u00e4hungen, Bauchschmerzen, Durchfall und Erbrechen sowie unter Blutarmut und Ohnmacht leiden.<\/strong> Es wirkt auch harntreibend und f\u00f6rdert die Ausscheidung von \u00fcbersch\u00fcssigem Wasser aus dem K\u00f6rper. Es wird auch angenommen, dass sie Fehlgeburten verhindern kann.<\/span><\/p>\n<p><span style=\"color: #000000\">Atractilis hat einen s\u00fc\u00dfen Geschmack, der gleichzeitig leicht adstringierend und w\u00fcrzig ist.<\/span><\/p>\n<h2><span style=\"color: #000000\"><strong>Was sind die weiteren Vorteile der Einnahme von Atractilis?<\/strong><\/span><\/h2>\n<p><span style=\"color: #000000\">Atractilis ist in der chinesischen Medizin sehr beliebt, da es Kraft und Energie spendet, das Immunsystem st\u00e4rkt und die Darmgesundheit unterst\u00fctzt. Es wird h\u00e4ufig mit anderen Kr\u00e4utern kombiniert, insbesondere mit Ginseng, Astragalus und dem Rhizom des Heilpilzes. Es wird angenommen, dass Atractilis:<\/span><\/p>\n<p><span style=\"color: #000000\">&#8211; bietet einen guten <strong>Schutz f\u00fcr die Leber<\/strong>,<\/span><br \/>\n<span style=\"color: #000000\">&#8211; s<strong>ch\u00fctzt vor Erkrankungen des Geb\u00e4rmutterhalses, der Br\u00fcste und des Magens<\/strong>,<\/span><br \/>\n<span style=\"color: #000000\">&#8211; <strong>verbessert die k\u00f6rperliche Fitness<\/strong>,<\/span><br \/>\n<span style=\"color: #000000\">&#8211; unterst\u00fctzt das <strong>Immunsystem<\/strong>,<\/span><br \/>\n<span style=\"color: #000000\">&#8211; soll den Blutzuckerspiegel senken oder kontrollieren,<\/span><br \/>\n<span style=\"color: #000000\">&#8211; hilft bei <strong>Bl\u00e4hungen, Magenschmerzen<\/strong> und Schwindelgef\u00fchlen,<\/span><br \/>\n<span style=\"color: #000000\">&#8211; erh\u00f6ht das <strong>Energieniveau<\/strong> und verringert die M\u00fcdigkeit.<\/span><\/p>\n<h2><span style=\"color: #000000\">Lagerung und Warnhinweise<\/span><\/h2>\n<p><span style=\"color: #000000\">K\u00fchl und trocken bei einer Temperatur von bis zu 25 \u00b0C lagern. Das Nahrungserg\u00e4nzungsmittel f\u00fcr Kinder unzug\u00e4nglich aufbewahren!<\/span><\/p>\n<p><span style=\"color: #000000\">Denken Sie daran, wie wichtig eine abwechslungsreiche Ern\u00e4hrung und eine gesunde Lebensweise sind; ein Nahrungserg\u00e4nzungsmittel ist daher kein Ersatz f\u00fcr eine ausgewogene und abwechslungsreiche Ern\u00e4hrung. Die empfohlene Tagesmenge oder Dosis sollte nicht \u00fcberschritten werden. Schwangeren und stillenden Frauen wird immer empfohlen, vor der Einnahme einen Arzt zu konsultieren.<\/span><\/p>\n<h2><span style=\"color: #000000\">Verpackung<\/span><\/h2>\n<p><span style=\"color: #000000\">Undurchl\u00e4ssiger Zip-Lock-Beutel, in dem das Produkt seine ganze Frische und sein Aroma bewahrt. Die Verpackung sch\u00fctzt das Produkt vor Licht und Luft, da sie aus mehreren Schutzschichten besteht, um die Eigenschaften des Inhalts zu erhalten.<\/span><\/p>\n<p><span style=\"color: #000000\">Die Verpackung ist sehr praktisch und recycelbar.<\/span><\/p>\n<h2><span style=\"color: #000000\">Herkunft<\/span><\/h2>\n<p><span style=\"color: #000000\">China. Wir haben sehr zuverl\u00e4ssige Lieferanten, die uns f\u00fcr jede Charge eine detaillierte chemische Analyse des Lebensmittels zukommen lassen. In mehr als zehn Jahren gab es weder bei diesem Artikel noch bei anderen Artikeln desselben Lieferanten R\u00fcckrufaktionen oder andere Probleme.<\/span><\/p>\n","protected":false},"excerpt":{"rendered":"<p>Atractilis ist in der chinesischen Medizin sehr beliebt, da es Kraft und Energie spendet, das Immunsystem st\u00e4rkt und die Darmgesundheit f\u00f6rdert. Es wird h\u00e4ufig mit anderen Kr\u00e4utern kombiniert, insbesondere mit Ginseng, Astragalus und dem Rhizom des Heilpilzes. Atractilis wird nachgesagt, dass es:<\/p>\n<p>\ud83d\udc9a bietet einen guten Schutz f\u00fcr die Leber,<br \/>\n\ud83d\udc9a sch\u00fctzt vor Erkrankungen des Geb\u00e4rmutterhalses, der Br\u00fcste und des Magens,<br \/>\n\ud83d\udc9a unterst\u00fctzt das Immunsystem,<br \/>\n\ud83d\udc9a hilft bei Bl\u00e4hungen, Magenschmerzen und Schwindelgef\u00fchlen,<br \/>\n\ud83d\udc9a erh\u00f6ht das Energieniveau und verringert die M\u00fcdigkeit.<\/p>\n","protected":false},"featured_media":6396,"comment_status":"open","ping_status":"closed","template":"","meta":{"_acf_changed":false},"product_brand":[],"product_cat":[231],"product_tag":[],"class_list":{"0":"post-6395","1":"product","2":"type-product","3":"status-publish","4":"has-post-thumbnail","6":"product_cat-superfood","8":"first","9":"instock","10":"sale","11":"taxable","12":"shipping-taxable","13":"purchasable","14":"product-type-simple"},"acf":[],"_links":{"self":[{"href":"https:\/\/fengchashop.com\/at\/wp-json\/wp\/v2\/product\/6395","targetHints":{"allow":["GET"]}}],"collection":[{"href":"https:\/\/fengchashop.com\/at\/wp-json\/wp\/v2\/product"}],"about":[{"href":"https:\/\/fengchashop.com\/at\/wp-json\/wp\/v2\/types\/product"}],"replies":[{"embeddable":true,"href":"https:\/\/fengchashop.com\/at\/wp-json\/wp\/v2\/comments?post=6395"}],"wp:featuredmedia":[{"embeddable":true,"href":"https:\/\/fengchashop.com\/at\/wp-json\/wp\/v2\/media\/6396"}],"wp:attachment":[{"href":"https:\/\/fengchashop.com\/at\/wp-json\/wp\/v2\/media?parent=6395"}],"wp:term":[{"taxonomy":"product_brand","embeddable":true,"href":"https:\/\/fengchashop.com\/at\/wp-json\/wp\/v2\/product_brand?post=6395"},{"taxonomy":"product_cat","embeddable":true,"href":"https:\/\/fengchashop.com\/at\/wp-json\/wp\/v2\/product_cat?post=6395"},{"taxonomy":"product_tag","embeddable":true,"href":"https:\/\/fengchashop.com\/at\/wp-json\/wp\/v2\/product_tag?post=6395"}],"curies":[{"name":"wp","href":"https:\/\/api.w.org\/{rel}","templated":true}]}}