{"id":6386,"date":"2022-03-15T11:18:31","date_gmt":"2022-03-15T10:18:31","guid":{"rendered":"https:\/\/fengchashop.com\/at\/product\/kurkuma-kapseln-bio-240-kapseln\/"},"modified":"2026-04-18T21:56:46","modified_gmt":"2026-04-18T19:56:46","slug":"kurkuma-kapseln-bio","status":"publish","type":"product","link":"https:\/\/fengchashop.com\/at\/product\/kurkuma-kapseln-bio\/","title":{"rendered":"Kurkuma Kapseln BIO 240 Kapseln"},"content":{"rendered":"<h2><span style=\"color: #000000\">Kurkuma Kapseln BIO<\/span><\/h2>\n<p><span style=\"color: #000000\">Kurkuma ist eine Pflanze, die in Europa seit der Antike und in ihrem Heimatland seit mindestens 4000 Jahren bekannt ist. Urspr\u00fcnglich als Heil- und F\u00e4rbepflanze verwendet, hat sie sich in sp\u00e4teren Zeiten als Gew\u00fcrz etabliert. Wie Ingwer ist auch Kurkuma ein Gew\u00fcrz, das aus dem unterirdischen, verdickten St\u00e4ngel einer asiatischen Staude gewonnen wird. Auch wenn manche Menschen es heute als Gew\u00fcrz kennen, steckt viel mehr dahinter. Neben Mineralien, den Vitaminen B6 und B3, Fols\u00e4ure, Kalium, Eisen und Mangan sowie Omega-3-Fetts\u00e4uren enth\u00e4lt Kurkuma auch das <strong>Polyphenol Curcumin,<\/strong> ein sehr <strong>starkes Antioxidans<\/strong> und eine wirksame<strong> entz\u00fcndungshemmende Verbindung.<\/strong> Curcumin wirkt sich nachweislich positiv auf die Leber und die Blutgef\u00e4\u00dfe aus, verringert die Entz\u00fcndung bei Arthritis und reduziert die Risikofaktoren f\u00fcr Diabetes. Es hat auch <strong>positive Auswirkungen auf die Gesundheit des Gehirns<\/strong> und reduziert das Krebsrisiko. Curcumin<strong> beugt<\/strong> erfolgreich<strong> allen chronischen Entz\u00fcndungen<\/strong> in unserem K\u00f6rper<strong> vor<\/strong> &#8211; und alle Krankheiten beginnen tats\u00e4chlich mit einer Entz\u00fcndung. Au\u00dferdem <strong>verhindert<\/strong> es durch seine antibakterielle Wirkung <strong>das Wachstum von schlechten Bakterien<\/strong> in unserem Verdauungstrakt, wie<strong>Heliobacter pylori<\/strong> in unserem Magen und <strong>Candida<\/strong> in unserem Mund und Darm.<\/span><\/p>\n<p><span style=\"color: #000000\">Der Geschmack von Kurkuma ist leicht adstringierend, w\u00fcrzig, aber s\u00fc\u00df und erinnert an Ingwer, Orange und Pfeffer.<\/span><\/p>\n<p><span style=\"color: #000000\">Typischerweise wird Kurkuma nachgesagt, dass es:<\/span><\/p>\n<p><span style=\"color: #000000\">&#8211; entz\u00fcndungshemmend, <strong>antimykotisch<\/strong> und antimikrobiell, wodurch Entz\u00fcndungen reduziert werden;<\/span><br \/>\n<span style=\"color: #000000\">&#8211; reinigt die Leber, da es eine entschlackende Wirkung hat und die <strong>Ansammlung von Fetts\u00e4uren in der Leber verhindert<\/strong>;<\/span><br \/>\n<span style=\"color: #000000\">&#8211; <strong>lindert Menstruations-<\/strong> und Verdauungsbeschwerden;<\/span><br \/>\n<span style=\"color: #000000\">&#8211; Regelm\u00e4\u00dfiger Verzehr beugt der<strong> Entwicklung von Typ-2-Diabetes bei sogenannten Pr\u00e4-Diabetikern vor;<\/strong><\/span><br \/>\n<span style=\"color: #000000\"><strong>&#8211; lindert<\/strong> in Pastenform <strong>Entz\u00fcndungen<\/strong> und Reizungen der Haut;<\/span><br \/>\n<span style=\"color: #000000\">&#8211; f\u00f6rdert die schnellere Fettverdauung, was bei der Gewichtsabnahme helfen kann;<\/span><br \/>\n<span style=\"color: #000000\">&#8211; hilft, die Leistungsf\u00e4higkeit des<strong> Gehirns zu steigern<\/strong> und damit zusammenh\u00e4ngende Krankheiten wie Alzheimer zu verhindern;<\/span><br \/>\n<span style=\"color: #000000\">&#8211; verbessert die Stimmung;<\/span><br \/>\n<span style=\"color: #000000\"><strong>&#8211; lindert Muskel- und Gelenkschmerzen;<\/strong><\/span><br \/>\n<span style=\"color: #000000\">&#8211; es wird auch angenommen, dass es krebshemmend wirkt.<\/span><\/p>\n<p><span style=\"color: #000000\">Die heilende Wirkung von Kurkuma in der traditionellen fern\u00f6stlichen Medizin ist von unsch\u00e4tzbarem Wert. Sie wird unter anderem zur Reinigung des Blutes und des Magen-Darm-Traktes sowie zur Entgiftung von Leber und Galle eingesetzt, da ihr Hauptwirkstoff, das <strong>Curcumin<\/strong>, die Ausscheidung von Galle, Bilirubin und Cholesterin f\u00f6rdert.<\/span><\/p>\n<p><span style=\"color: #000000\">Es wird von vielen zur Bek\u00e4mpfung von Virushepatitis und Krebs, zur Behandlung von Schuppenflechte, Alzheimer und Depressionen sowie in kosmetischen Pr\u00e4paraten verwendet.<\/span><\/p>\n<p><span style=\"color: #000000\">Die wohltuende Wirkung von Kurkuma<strong> wurde auch von Wissenschaftlern nachgewiesen<\/strong>, die sagen, dass sein regelm\u00e4\u00dfiger Verzehr die sch\u00e4dlichen Auswirkungen von Karzinogenen aus der Nahrung auf den K\u00f6rper verhindern kann. Dar\u00fcber hinaus soll Curcumin die Oxidation von Cholesterin verhindern, die durch ihre negative Wirkung das Fortschreiten der lebensbedrohlichen Atherosklerose verursacht.<\/span><\/p>\n<p><span style=\"color: #000000\">Als <strong>starkes Antioxidans<\/strong> sch\u00fctzt Kurkuma den Darm vor freien Radikalen und beseitigt erfolgreich den S\u00e4uregehalt im K\u00f6rper. Ayurvedische \u00c4rzte verwenden es als antiseptisches und antibakterielles Mittel zur Desinfektion von Wunden und Verbrennungen. Einige Frauen glauben, dass es die Verdauung beschleunigt und den Stoffwechsel reguliert und somit \u00fcberfl\u00fcssige Pfunde verschwinden l\u00e4sst.<\/span><\/p>\n<h2><span style=\"color: #000000\">Lagerung und Warnhinweise<\/span><\/h2>\n<p><span style=\"color: #000000\">K\u00fchl und trocken bei einer Temperatur von bis zu 25 \u00b0C aufbewahren. Das Nahrungserg\u00e4nzungsmittel au\u00dferhalb der Reichweite von Kindern aufbewahren!<\/span><\/p>\n<p><span style=\"color: #000000\">Denken Sie daran, wie wichtig eine abwechslungsreiche Ern\u00e4hrung und eine gesunde Lebensweise sind; ein Nahrungserg\u00e4nzungsmittel ist daher kein Ersatz f\u00fcr eine ausgewogene und abwechslungsreiche Ern\u00e4hrung. Die empfohlene Tagesmenge oder Dosis sollte nicht \u00fcberschritten werden. Schwangeren und stillenden Frauen wird immer empfohlen, vor der Einnahme einen Arzt zu konsultieren.<\/span><\/p>\n<h2><span style=\"color: #000000\">Verpackung<\/span><\/h2>\n<p><span style=\"color: #000000\">Das Produkt ist in einem sauberen Glasbeh\u00e4lter mit einer Schicht aus schwarzer, lichtdichter Folie verpackt. Der Deckel sorgt f\u00fcr einen auslaufsicheren Verschluss, so dass \u00e4u\u00dfere Ger\u00fcche den Inhalt der Flasche nicht beeintr\u00e4chtigen k\u00f6nnen. Ansonsten ist das Glas selbst ebenfalls undurchl\u00e4ssig, geruchsneutral und beeintr\u00e4chtigt den Geschmack des Inhalts in keiner Weise. Solche Verpackungen sind au\u00dferdem frei von umweltsch\u00e4dlichen Kunststoffen und somit \u00f6kologischer und nachhaltiger. Es handelt sich also um eine ideale Verpackung aus nat\u00fcrlichen und nachhaltigen Rohstoffen, die f\u00fcr h\u00f6chste Qualit\u00e4t steht.<\/span><\/p>\n<p><span style=\"color: #000000\">Bei gr\u00f6\u00dferen Verpackungen (rinfusa) befindet sich das Produkt in einem luftdichten Zip-Lock-Beutel, in dem es seine ganze Frische und sein Aroma bewahrt. Die Verpackung sch\u00fctzt das Produkt vor Licht und Luft, da sie aus mehreren Schutzschichten besteht, die die Eigenschaften des Inhalts bewahren.<\/span><\/p>\n<p><span style=\"color: #000000\">Beide Verpackungen sch\u00fctzen den Inhalt vor Licht und Luft, sind sehr praktisch und recycelbar.<\/span><\/p>\n<h2><span style=\"color: #000000\">Herkunft<\/span><\/h2>\n<p><span style=\"color: #000000\">Indien<\/span><\/p>\n","protected":false},"excerpt":{"rendered":"<p align=\"JUSTIFY\">Kurkuma ist eine Pflanze, die in Europa seit der Antike und in ihrem Heimatland seit mindestens 4000 Jahren bekannt ist. Neben Mineralien, den Vitaminen B6 und B3, Fols\u00e4ure, Kalium, Eisen und Mangan sowie Omega-3-Fetts\u00e4uren enth\u00e4lt Kurkuma auch das Polyphenol Curcumin, ein sehr starkes Antioxidans und eine wirksame entz\u00fcndungshemmende Verbindung. In der Regel wird Kurkuma Folgendes zugeschrieben:<\/p>\n<p>\ud83d\udc9a es wirkt entz\u00fcndungshemmend, antimykotisch und antimikrobiell und reduziert dadurch Entz\u00fcndungen,<br \/>\n\ud83d\udc9a\u00a0reinigt die Leber, da es eine entschlackende Wirkung hat und die Ansammlung von Fetts\u00e4uren in der Leber verhindert,<br \/>\n\ud83d\udc9a lindert Menstruations- und Verdauungsbeschwerden,<br \/>\n\ud83d\udc9a beugt bei regelm\u00e4\u00dfigem Verzehr der Entwicklung von Diabetes Typ 2 bei sogenannten Pr\u00e4-Diabetikern vor,<br \/>\n\ud83d\udc9a tr\u00e4gt dazu bei, die Leistungsf\u00e4higkeit des Gehirns zu steigern und damit zusammenh\u00e4ngenden Krankheiten wie der Alzheimer-Krankheit vorzubeugen.<\/p>\n<p align=\"JUSTIFY\">\n","protected":false},"featured_media":6387,"comment_status":"open","ping_status":"closed","template":"","meta":{"_acf_changed":false},"product_brand":[],"product_cat":[15,225,224,194,234],"product_tag":[],"class_list":{"0":"post-6386","1":"product","2":"type-product","3":"status-publish","4":"has-post-thumbnail","6":"product_cat-uncategorized","7":"product_cat-alle-produkte","8":"product_cat-angebot","9":"product_cat-ayurveda","10":"product_cat-tee-lebensmittel-gewuerze","12":"first","13":"instock","14":"sale","15":"taxable","16":"shipping-taxable","17":"purchasable","18":"product-type-simple"},"acf":[],"_links":{"self":[{"href":"https:\/\/fengchashop.com\/at\/wp-json\/wp\/v2\/product\/6386","targetHints":{"allow":["GET"]}}],"collection":[{"href":"https:\/\/fengchashop.com\/at\/wp-json\/wp\/v2\/product"}],"about":[{"href":"https:\/\/fengchashop.com\/at\/wp-json\/wp\/v2\/types\/product"}],"replies":[{"embeddable":true,"href":"https:\/\/fengchashop.com\/at\/wp-json\/wp\/v2\/comments?post=6386"}],"wp:featuredmedia":[{"embeddable":true,"href":"https:\/\/fengchashop.com\/at\/wp-json\/wp\/v2\/media\/6387"}],"wp:attachment":[{"href":"https:\/\/fengchashop.com\/at\/wp-json\/wp\/v2\/media?parent=6386"}],"wp:term":[{"taxonomy":"product_brand","embeddable":true,"href":"https:\/\/fengchashop.com\/at\/wp-json\/wp\/v2\/product_brand?post=6386"},{"taxonomy":"product_cat","embeddable":true,"href":"https:\/\/fengchashop.com\/at\/wp-json\/wp\/v2\/product_cat?post=6386"},{"taxonomy":"product_tag","embeddable":true,"href":"https:\/\/fengchashop.com\/at\/wp-json\/wp\/v2\/product_tag?post=6386"}],"curies":[{"name":"wp","href":"https:\/\/api.w.org\/{rel}","templated":true}]}}