{"id":6378,"date":"2025-07-24T19:37:23","date_gmt":"2025-07-24T17:37:23","guid":{"rendered":"https:\/\/fengchashop.com\/at\/product\/lucuma-bio-250-g\/"},"modified":"2025-09-30T12:37:39","modified_gmt":"2025-09-30T10:37:39","slug":"lucuma-bio","status":"publish","type":"product","link":"https:\/\/fengchashop.com\/at\/product\/lucuma-bio\/","title":{"rendered":"Lucuma BIO 250 g"},"content":{"rendered":"<h2><span style=\"color: #000000;\">Lucuma-Pulver BIO<\/span><\/h2>\n<p><span style=\"color: #000000;\">Die s\u00fcdamerikanische Frucht des Lucumabaums ist ein hervorragender S\u00fc\u00dfstoffersatz und eine Fundgrube an<strong> Mineralien, Vitaminen und Antioxidantien.<\/strong> Es ist seit der Zeit der Inkas bekannt, die es in ihrer Ern\u00e4hrung und ihren Ritualen hoch sch\u00e4tzten. Daher wird sie auch oft als Inka-Gold bezeichnet. Die Frucht enth\u00e4lt auch Vitamine und Mineralien und ist reich an Kohlenhydraten und Ballaststoffen. Lucuma ist au\u00dferdem <strong>glutenfrei.<\/strong><\/span><\/p>\n<p><span style=\"color: #000000;\">Lucuma w\u00e4chst in den Anden in H\u00f6henlagen von bis zu 2400 Metern und ist f\u00fcr ihre medizinischen Eigenschaften bekannt. Au\u00dferdem hat sie genau die richtige S\u00fc\u00dfe und einen angenehmen Geschmack nach Karamell und Ahornsirup. Lucuma gilt als:<\/span><\/p>\n<p><span style=\"color: #000000;\">&#8211; reduziert Entz\u00fcndungen im K\u00f6rper,<\/span><br \/>\n<span style=\"color: #000000;\">&#8211; beschleunigt die Wundheilung,<\/span><br \/>\n<span style=\"color: #000000;\">&#8211; hemmt den Alterungsprozess der Haut,<\/span><br \/>\n<span style=\"color: #000000;\">&#8211; st\u00e4rkt die Abwehrkr\u00e4fte des Immunsystems.<\/span><\/p>\n<p><span style=\"color: #000000;\">Lucuma gilt als das<strong> Gold der Inkas und<\/strong> wird seit Jahrhunderten wegen seiner positiven Wirkungen auf den K\u00f6rper verwendet. Bei den Inkas hatte sie einen besonderen Stellenwert und wurde auch in verschiedenen Ritualen verwendet. Sie hat eine gold\u00e4hnliche Farbe, denn das Fruchtfleisch ist gelb-orange. Ihr Geschmack erinnert an Karamell und Ahornsirup, aber auch an K\u00fcrbis und S\u00fc\u00dfkartoffel. Das getrocknete Fruchtfleisch der Lucuma wird gemahlen, um ein Pulver zu erhalten, das zum S\u00fc\u00dfen von Getr\u00e4nken und Speisen und in der Volksmedizin zur Linderung von Gesundheitsproblemen verwendet wird.<\/span><\/p>\n<p><span style=\"color: #000000;\">Lucuma enth\u00e4lt<strong> 14 essentielle Spurenelemente<\/strong> (Kalium, Natrium, Kalzium, Magnesium, Phosphor usw.), die f\u00fcr die Zahn- und Knochengesundheit und die Eiwei\u00dfproduktion unerl\u00e4sslich sind. Einer der wichtigsten Bestandteile von Lucuma ist <strong>Niacin<\/strong>, das eine wichtige Rolle bei der Aufrechterhaltung eines gesunden Cholesterin- und Triglyceridspiegels im Blut spielt. Au\u00dferdem enth\u00e4lt sie<strong> Vitamine (B-Vitamine), Beta-Carotin und Antioxidantien<\/strong>. Da Lucuma keinen Blutzuckeranstieg verursacht, da sie einen sehr niedrigen glyk\u00e4mischen Index (GI=4) hat, ist sie auch f\u00fcr Diabetiker und vor allem f\u00fcr Menschen geeignet, die sich gesund ern\u00e4hren. Neben ihrem angenehm s\u00fc\u00dfen Geschmack ist sie auch eine Fundgrube an essentiellen Stoffen, die den K\u00f6rper gut versorgen.<\/span><\/p>\n<h2><span style=\"color: #000000;\">Lagerung<\/span><\/h2>\n<p><span style=\"color: #000000;\">An einem trockenen, dunklen und k\u00fchlen Ort aufbewahren. Achten Sie darauf, dass der Beutel fest verschlossen ist.<\/span><\/p>\n<h2><span style=\"color: #000000;\">Verpackung<\/span><\/h2>\n<p><span style=\"color: #000000;\">Undurchl\u00e4ssiger Zip-Lock-Beutel, in dem das Produkt seine ganze Frische und sein Aroma bewahrt. Die Verpackung sch\u00fctzt vor Licht und Luft, da sie aus mehreren Schutzschichten besteht, um die Eigenschaften des Inhalts zu erhalten.<\/span><\/p>\n<p><span style=\"color: #000000;\">Die Verpackung ist sehr praktisch und recycelbar.<\/span><\/p>\n<h2><span style=\"color: #000000;\">Herkunft<\/span><\/h2>\n<p><span style=\"color: #000000;\">Peru<\/span><\/p>\n","protected":false},"excerpt":{"rendered":"<p>Lucuma w\u00e4chst hoch in den Anden in H\u00f6henlagen von bis zu 2400 Metern und ist f\u00fcr seine medizinischen Eigenschaften bekannt. Au\u00dferdem hat sie genau die richtige S\u00fc\u00dfe und einen angenehmen Geschmack nach Karamell und Ahornsirup. Lucuma wird als:<\/p>\n<p>\ud83d\udc9a reduziert Entz\u00fcndungen im K\u00f6rper,<br \/>\n\ud83d\udc9a beschleunigt die Wundheilung,<br \/>\n\ud83d\udc9a hemmt den Alterungsprozess der Haut,<br \/>\n\ud83d\udc9a st\u00e4rkt die Abwehrmechanismen des Immunsystems.<\/p>\n","protected":false},"featured_media":6379,"comment_status":"open","ping_status":"closed","template":"","meta":{"_acf_changed":false},"product_brand":[],"product_cat":[15,225,224,234],"product_tag":[],"class_list":{"0":"post-6378","1":"product","2":"type-product","3":"status-publish","4":"has-post-thumbnail","6":"product_cat-uncategorized","7":"product_cat-alle-produkte","8":"product_cat-angebot","9":"product_cat-tee-lebensmittel-gewuerze","11":"first","12":"outofstock","13":"sale","14":"taxable","15":"shipping-taxable","16":"purchasable","17":"product-type-simple"},"acf":[],"_links":{"self":[{"href":"https:\/\/fengchashop.com\/at\/wp-json\/wp\/v2\/product\/6378","targetHints":{"allow":["GET"]}}],"collection":[{"href":"https:\/\/fengchashop.com\/at\/wp-json\/wp\/v2\/product"}],"about":[{"href":"https:\/\/fengchashop.com\/at\/wp-json\/wp\/v2\/types\/product"}],"replies":[{"embeddable":true,"href":"https:\/\/fengchashop.com\/at\/wp-json\/wp\/v2\/comments?post=6378"}],"wp:featuredmedia":[{"embeddable":true,"href":"https:\/\/fengchashop.com\/at\/wp-json\/wp\/v2\/media\/6379"}],"wp:attachment":[{"href":"https:\/\/fengchashop.com\/at\/wp-json\/wp\/v2\/media?parent=6378"}],"wp:term":[{"taxonomy":"product_brand","embeddable":true,"href":"https:\/\/fengchashop.com\/at\/wp-json\/wp\/v2\/product_brand?post=6378"},{"taxonomy":"product_cat","embeddable":true,"href":"https:\/\/fengchashop.com\/at\/wp-json\/wp\/v2\/product_cat?post=6378"},{"taxonomy":"product_tag","embeddable":true,"href":"https:\/\/fengchashop.com\/at\/wp-json\/wp\/v2\/product_tag?post=6378"}],"curies":[{"name":"wp","href":"https:\/\/api.w.org\/{rel}","templated":true}]}}